{"id":58,"date":"2025-10-28T04:39:00","date_gmt":"2025-10-28T04:39:00","guid":{"rendered":"https:\/\/insta-cams.eu\/?page_id=58"},"modified":"2025-12-29T16:38:44","modified_gmt":"2025-12-29T16:38:44","slug":"home1","status":"publish","type":"page","link":"https:\/\/insta-cams.eu\/da\/","title":{"rendered":"home1"},"content":{"rendered":"<section class=\"gb-element-c0819d6c banner\">\n<div class=\"gb-element-0659d418\">\n<div class=\"wp-block-columns is-layout-flex wp-container-core-columns-is-layout-9d6595d7 wp-block-columns-is-layout-flex\">\n<div class=\"wp-block-column is-layout-flow wp-block-column-is-layout-flow\">\n<h2 class=\"gb-text gb-text-155ce4c1\">OFFICIELLE INSTACAMS : TILF\u00c6LDIG DATING CHAT<\/h2>\n\n\n\n<p class=\"has-text-align-center has-base-3-color has-text-color has-link-color wp-elements-c76d1f6cc9fa53b162a03c9e8863f2b2\"><strong>Tilmeld dig nu hos INSTA CAMS, og f\u00e5 50 GRATIS point, n\u00e5r du tilmelder dig.<\/strong><\/p>\n\n\n\n<div class=\"wp-block-columns is-layout-flex wp-container-core-columns-is-layout-9d6595d7 wp-block-columns-is-layout-flex\">\n<div class=\"wp-block-column is-layout-flow wp-block-column-is-layout-flow\" style=\"flex-basis:20px\"><\/div>\n\n\n\n<div class=\"wp-block-column is-layout-flow wp-block-column-is-layout-flow\">\n<a class=\"gb-text gb-text-50c1af7c\" href=\"\/connexion\/\">REGISTRER DIG SOM MAND<\/a>\n<\/div>\n\n\n\n<div class=\"wp-block-column is-layout-flow wp-block-column-is-layout-flow\">\n<a class=\"gb-text gb-text-6d7e1e7e\" href=\"\/connexion\/\">REGISTER WOMAN<\/a>\n<\/div>\n\n\n\n<div class=\"wp-block-column is-layout-flow wp-block-column-is-layout-flow\" style=\"flex-basis:20px\"><\/div>\n<\/div>\n<\/div>\n<\/div>\n<\/div>\n<\/section>\n\n\n\n<div class=\"gb-element-c35e94aa\">\n<h2 class=\"wp-block-heading\">Instacams: Deltag i det globale f\u00e6llesskab med et enkelt klik<\/h2>\n\n\n\n<p>Vous en avez assez des messageries rigides o\u00f9 chaque interaction semble pr\u00e9visible ? <a href=\"https:\/\/instacams.fr\" data-type=\"link\" data-id=\"https:\/\/instacams.fr\" target=\"_blank\" rel=\"noopener\">Instacams<\/a> bouscule les codes avec son chat vid\u00e9o al\u00e9atoire qui vous connecte en un clic \u00e0 des inconnus du globe, sans inscription ni contrainte. Imaginez un espace o\u00f9 la traduction en temps r\u00e9el dissout les barri\u00e8res linguistiques, o\u00f9 un algorithme de jumelage affine vos rencontres selon vos centres d\u2019int\u00e9r\u00eat, ou o\u00f9 un chat de groupe lie jusqu\u2019\u00e0 100 participants pour des \u00e9v\u00e9nements virtuels ou des \u00e9changes collectifs. Plus qu\u2019une plateforme, <strong>en gateway til autentiske udvekslinger<\/strong>Alt sammen i HD-video, tilg\u00e6ngelig p\u00e5 computer, tablet eller smartphone.<\/p>\n\n\n\n<ol class=\"wp-block-list\">\n<li><a href=\"#Instacams-connectez-vous-au-monde-entier-en-un-clic\">Instacams: forbind med hele verden med et enkelt klik<\/a><\/li>\n\n\n\n<li><a href=\"#des-fonctionnalites-con\u00e7ues-pour-des-conversations-sans-frontieres\">Funktioner designet til samtaler uden gr\u00e6nser<\/a><\/li>\n\n\n\n<li><a href=\"#une-experience-utilisateur-fluide-et-de-haute-qualite\">En flydende brugeroplevelse af h\u00f8j kvalitet<\/a><\/li>\n\n\n\n<li><a href=\"#environnement-s\u00fbr-communaut\u00e9-respectueuse\">Et sikkert milj\u00f8 og et respektfuldt f\u00e6llesskab<\/a><\/li>\n\n\n\n<li><a href=\"#comment-demarrer-votre-premiere-conversation-sur-instacams\">Hvordan starter du din f\u00f8rste samtale p\u00e5 InstaCams?<\/a><\/li>\n<\/ol>\n\n\n\n<h2 class=\"wp-block-heading\" id=\"Instacams-connectez-vous-au-monde-entier-en-un-clic\">Instacams: forbind med hele verden med et enkelt klik<\/h2>\n\n\n\n<p>\u00d8nsker du at udforske forskellige kulturer uden at forlade din sk\u00e6rm? InstaCams \u00e5bner d\u00f8rene til en ny verden. <strong>et globalt netv\u00e6rk, hvor hver forbindelse er en opdagelse<\/strong>. Forestil dig at chatte med nogen i Tokyo, mens du sidder hjemme i Paris...<\/p>\n\n\n\n<h3 class=\"wp-block-heading\" id=\"Qu-est-ce-que-la-plateforme-instacams\">Hvad er instacams-platformen?<\/h3>\n\n\n\n<p>InstaCams er en platform for <strong>\u00f8jeblikkelig videodating<\/strong> som forvandler din sk\u00e6rm til et internationalt knudepunkt. Takket v\u00e6re en hurtig matchningsalgoritme kan du komme i kontakt med mennesker fra over 100 forskellige lande. Der er ikke brug for endel\u00f8se formularer, kun \u00e9t klik for at starte eventyret.<\/p>\n\n\n\n<p>Konceptet er baseret p\u00e5 spontanitet: blandt millioner af brugere, <strong>Hver forbindelse er en overraskelse<\/strong>. Uanset om du vil udvide din kulturelle viden eller bare udveksle smil, byder InstaCams-f\u00e6llesskabet dig velkommen i et sikkert og respektfuldt milj\u00f8.<\/p>\n\n\n\n<h3 class=\"wp-block-heading\" id=\"Une-connexion-imm-iate-et-sans-contraintes\">Umiddelbar forbindelse uden begr\u00e6nsninger<\/h3>\n\n\n\n<p>Vil du chatte uden at vente? Ingen registrering, ingen kompliceret konfiguration: Bare start dit webcam og find en at tale med p\u00e5 mindre end 10 sekunder. Denne smidighed <strong>tiltr\u00e6kker millioner af brugere hver m\u00e5ned<\/strong>altid p\u00e5 udkig efter nye forbindelser.<\/p>\n\n\n\n<p>Hvis samtalen ikke passer dig, kan du med et enkelt klik finde et nyt ansigt og en ny historie. Denne frihed til at udveksle kombineret med en intuitiv brugerflade betyder, at <strong>det ideelle v\u00e6rkt\u00f8j til barrierefri m\u00f8der<\/strong>. Pr\u00f8v det, og m\u00e5ske st\u00f8der du ind i en fremtidig ven ... eller endda en arbejdskollega p\u00e5 den anden side af jorden!<\/p>\n\n\n\n<figure class=\"wp-block-table\"><table class=\"has-fixed-layout\"><thead><tr><th>Funktionalitet<\/th><th>Beskrivelse<\/th><\/tr><\/thead><tbody><tr><td>Forbindelse<\/td><td>\u00d8jeblikkelig, ingen registrering kr\u00e6ves for hurtig adgang.<\/td><\/tr><tr><td>Partnerskaber<\/td><td>Roulette\"-algoritme med tilg\u00e6ngeligt k\u00f8nsfilter.<\/td><\/tr><tr><td>Kommunikation<\/td><td>Realtidsovers\u00e6ttelse integreret i tekstchat.<\/td><\/tr><tr><td>Gruppechat<\/td><td>Kapacitet til op til 100 deltagere.<\/td><\/tr><tr><td>Kvalitet<\/td><td>Udsendelse af HD-video og high-fidelity-lyd.<\/td><\/tr><tr><td>Tilg\u00e6ngelighed<\/td><td>Kompatibel med computere, tablets og smartphones uden installation.<\/td><\/tr><\/tbody><\/table><\/figure>\n\n\n\n<h2 class=\"wp-block-heading\" id=\"des-fonctionnalites-con\u00e7ues-pour-des-conversations-sans-frontieres\">Funktioner designet til samtaler uden gr\u00e6nser<\/h2>\n\n\n\n<h3 class=\"wp-block-heading\" id=\"un-algorithme-de-jumelage-pour-des-rencontres-surprenantes\">En matchende algoritme til overraskende m\u00f8der<\/h3>\n\n\n\n<p>InstaCams revolutionerer den menneskelige interaktion med sin \u00f8jeblikkelige matchningsalgoritme. Med bare \u00e9t klik kan applikationen <strong>forbinder automatisk brugere med mennesker over hele verden<\/strong>. Dette \"roulette\"-lignende system introducerer et overraskelseselement ved hver forbindelse, hvilket g\u00f8r hver session unik og sp\u00e6ndende.<\/p>\n\n\n\n<p>Platformen tilbyder en tilf\u00e6ldig videochat med kvinder, en eksklusiv funktion, der giver dig mulighed for at m\u00f8de brugere med forskellige baggrunde. Pr\u00e6ferencer (land, sprog, interesser) p\u00e5virker subtilt matchmaking-processen, samtidig med at det v\u00e6sentlige bevares: <strong>Det menneskelige eventyr om et uventet m\u00f8de<\/strong>.<\/p>\n\n\n\n<h3 class=\"wp-block-heading\" id=\"brisez-la-barriere-de-la-langue-avec-la-traduction-en-temps-reel\">Bryd sprogbarrieren med overs\u00e6ttelse i realtid<\/h3>\n\n\n\n<p>Forestil dig at chatte med en Tokyo-indbygger, mens du taler fransk. Takket v\u00e6re integreret sprogovers\u00e6ttelse, <strong>InstaCams g\u00f8r denne virkelighed tilg\u00e6ngelig for alle<\/strong>. Denne funktion dechifrerer \u00f8jeblikkeligt tekstbeskeder og muligg\u00f8r gnidningsl\u00f8se udvekslinger mellem mennesker, der taler forskellige sprog.<\/p>\n\n\n\n<p>Ved at fjerne sprogbarrierer \u00e5bner platformen d\u00f8ren til <strong>et \u00e6gte globalt f\u00e6llesskab til deling af kultur<\/strong>. Nu kan du chatte med brugere fra Nordamerika, Asien og Afrika og g\u00f8re enhver samtale til en berigende opdagelse.<\/p>\n\n\n\n<h3 class=\"wp-block-heading\" id=\"partagez-des-moments-a-plusieurs-avec-le-chat-de-groupe\">Del \u00f8jeblikke sammen med gruppechat<\/h3>\n\n\n\n<p>InstaCams er mere end blot udveksling ansigt til ansigt. Dens <strong>gruppevideochat for op til 100 deltagere genopfinder<\/strong> social og professionel interaktion. Organiser online spilleaftener, m\u00f8der i lokalsamfundet eller uddannelseswebinarer fra din smartphone eller computer.<\/p>\n\n\n\n<p>Denne fleksibilitet forvandler platformen til et alsidigt rum, hvor ideer kan flyde frit. Lav latenstid og HD-kvalitet garanterer et h\u00f8jt niveau af <strong>Fordybende oplevelse<\/strong>uanset om du er tilskuer eller arrang\u00f8r.<\/p>\n\n\n\n<h2 class=\"wp-block-heading\" id=\"une-experience-utilisateur-fluide-et-de-haute-qualite\">En flydende brugeroplevelse af h\u00f8j kvalitet<\/h2>\n\n\n\n<p>InstaCams garanterer <strong>\u00f8jeblikkelig, gnidningsfri forbindelse<\/strong>Det er muligt takket v\u00e6re avancerede teknologier og en brugerflade, der er designet til at v\u00e6re enkel. Platformen tilpasser sig behovene hos de brugere, der \u00f8nsker klare og naturlige udvekslinger, samtidig med at de tekniske forhindringer minimeres.<\/p>\n\n\n\n<h3 class=\"wp-block-heading\" id=\"une-qualite-video-et-audio-immersive\">Fordybende video- og lydkvalitet<\/h3>\n\n\n\n<p>Samtaler p\u00e5 InstaCams nyder godt af HD-video i op til 1080p med en opdateringshastighed p\u00e5 60 billeder i sekundet. Latenstiden er reduceret, s\u00e5 man undg\u00e5r forsinkelser og g\u00f8r interaktioner naturlige. High-fidelity-lyd kombineret med teknologi til annullering af omgivende st\u00f8j sikrer krystalklar kommunikation. Disse kombinerede teknologier g\u00f8r enhver interaktion til en <strong>en fordybende oplevelse<\/strong>Hvert ord og hver gestus bliver fanget med pr\u00e6cision. Platformen justerer automatisk videokvaliteten i forhold til b\u00e5ndbredden og garanterer j\u00e6vn streaming selv med varierende forbindelser.<\/p>\n\n\n\n<h3 class=\"wp-block-heading\" id=\"une-plateforme-accessible-partout-et-pour-tous\">En platform, der er tilg\u00e6ngelig overalt og for alle<\/h3>\n\n\n\n<p>InstaCams er designet til at blive brugt p\u00e5 enhver enhed: computer, tablet eller smartphone, uden at det er n\u00f8dvendigt at installere nogen form for software. Den klare, intuitive gr\u00e6nseflade betyder, at selv nybegyndere kan komme i gang med det samme. Indstillinger som lyse\/m\u00f8rke temaer og integreret overs\u00e6ttelse g\u00f8r tilpasning og international interaktion let. S\u00e5 alle brugere, uanset hvor de er, og uanset deres enhed, f\u00e5r gavn af en <strong>\u00f8jeblikkelig, ukompliceret adgang, der \u00f8ger det sociale engagement<\/strong> takket v\u00e6re et mangfoldigt samfund.<\/p>\n\n\n\n<ul class=\"wp-block-list\">\n<li>J\u00e6vn videostreaming i <strong>HD-kvalitet giver skarpe billeder<\/strong>.<\/li>\n\n\n\n<li><strong>En krystalklar lyd<\/strong> takket v\u00e6re high-fidelity-lyd og reduktion af omgivende st\u00f8j.<\/li>\n\n\n\n<li>En intuitiv gr\u00e6nseflade designet til <strong>\u00f8jeblikkelig, ubesv\u00e6ret h\u00e5ndtering<\/strong>.<\/li>\n\n\n\n<li>A <strong>direkte adgang fra din webbrowser<\/strong>p\u00e5 enhver enhed.<\/li>\n<\/ul>\n\n\n\n<h2 class=\"wp-block-heading\" id=\"environnement-s\u00fbr-communaut\u00e9-respectueuse\">Et sikkert milj\u00f8 og et respektfuldt f\u00e6llesskab<\/h2>\n\n\n\n<h3 class=\"wp-block-heading\" id=\"protection-vie-privee\">Beskyttelse af dit privatliv er en prioritet<\/h3>\n\n\n\n<p>InstaCams s\u00e6tter den <strong>sikkerhed i centrum af aktiviteterne<\/strong> takket v\u00e6re avancerede krypteringsprotokoller. Disse teknologier sikrer fortroligheden af videoudvekslinger og blokerer enhver uautoriseret adgang. Regelm\u00e6ssige sikkerhedsrevisioner hj\u00e6lper med at opretholde disse h\u00f8je standarder ved proaktivt at identificere og rette op p\u00e5 s\u00e5rbarheder. Brugerne har mulighed for at tilpasse fortrolighedsindstillingerne, s\u00e5som at styre synligheden af deres profil og aktivere to-faktor-autentificering (via SMS eller en dedikeret applikation), hvilket styrker kontobeskyttelsen. Der opfordres til anonymitet med en minimalistisk registreringsproces, der undg\u00e5r indsamling af f\u00f8lsomme oplysninger.<\/p>\n\n\n\n<h3 class=\"wp-block-heading\" id=\"outils-moderation\">Moderationsv\u00e6rkt\u00f8jer til venlige udvekslinger<\/h3>\n\n\n\n<p>At bevare et positivt milj\u00f8, <strong>InstaCams kombinerer automatiseret AI-filtrering og menneskelig indgriben<\/strong>. Kunstig intelligens analyserer videostr\u00f8mme og tekstindhold i realtid og opdager upassende adf\u00e6rd ved hj\u00e6lp af n\u00f8gleord eller rapporteringsskabeloner. Teams af moderatorer reagerer hurtigt p\u00e5 rapporter og sikrer, at komplekse sager f\u00f8lges op af menneskelig indgriben. Brugerne har intuitive v\u00e6rkt\u00f8jer til at blokere eller rapportere u\u00f8nsket kontakt med et enkelt klik p\u00e5 en knap, hvilket giver dem en st\u00f8rre f\u00f8lelse af kontrol. Klare retningslinjer for f\u00e6llesskabet definerer acceptabel adf\u00e6rd og fremmer respekt og h\u00f8flighed i globale interaktioner.<\/p>\n\n\n\n<ul class=\"wp-block-list\">\n<li>Avancerede krypteringsprotokoller til <strong>maksimal fortrolighed af samtaler<\/strong>.<\/li>\n\n\n\n<li>Et hybrid moderationssystem (AI + dedikerede teams), der sikrer <strong>et sikkert sted<\/strong>.<\/li>\n\n\n\n<li><strong>\u00d8jeblikkelig blokering og rapporteringsmuligheder<\/strong> til proaktiv styring af interaktion.<\/li>\n\n\n\n<li><strong>Fleksible indstillinger for privatlivets fred<\/strong>Det giver dig mulighed for at tilpasse synligheden af din profil og dine notifikationer.<\/li>\n<\/ul>\n\n\n\n<h2 class=\"wp-block-heading\" id=\"comment-demarrer-votre-premiere-conversation-sur-instacams\">Hvordan starter du din f\u00f8rste samtale p\u00e5 InstaCams?<\/h2>\n\n\n\n<h3 class=\"wp-block-heading\" id=\"votre-guide-pas-a-pas-pour-une-connexion-reussie\">Din trin-for-trin-guide til en vellykket forbindelse<\/h3>\n\n\n\n<p>InstaCams forbinder dig med brugere over hele verden i l\u00f8bet af f\u00e5 sekunder. Med en enkel gr\u00e6nseflade og en intuitiv proces, <strong>du kan deltage i spontane, autentiske diskussioner<\/strong>hvor hvert klik \u00e5bner en d\u00f8r til en ny historie.<\/p>\n\n\n\n<ol class=\"wp-block-list\">\n<li><strong>G\u00f8r dit udstyr klar<\/strong> Aktiv\u00e9r dit webkamera, og tjek, at din mikrofon fungerer. En god internetforbindelse og den rette belysning sikrer et godt udsyn og et varmt f\u00f8rsteh\u00e5ndsindtryk.<\/li>\n\n\n\n<li><strong>Start forbindelsen<\/strong> G\u00e5 ind p\u00e5 siden, og klik p\u00e5 \"Start Chatting\". P\u00e5 et \u00f8jeblik forbinder den \u00f8jeblikkelige matchningsalgoritme dig med en tilf\u00e6ldig bruger, uden ventetid og uden kompleksitet.<\/li>\n\n\n\n<li><strong>Tilpas oplevelsen (valgfrit)<\/strong> Opret en gratis konto med f\u00e5 klik for at definere dine pr\u00e6ferencer (sprog, interesser). Dette forfiner matchene og \u00f8ger dine chancer for at m\u00f8de profiler, der matcher dine forventninger.<\/li>\n\n\n\n<li><strong>Start en samtale<\/strong> V\u00e6r nysgerrig og respektfuld. Start med et \u00e5bent sp\u00f8rgsm\u00e5l som \"Hvad er din traditionelle yndlingsret?\" for at skabe en naturlig og engagerende udveksling.<\/li>\n<\/ol>\n\n\n\n<p>InstaCams er til stede i over 100 lande og kombinerer hastighed, sikkerhed (end-to-end-kryptering) og tilg\u00e6ngelighed p\u00e5 alle enheder (smartphones, computere, tablets). Denne platform opfordrer til <strong>positive menneskelige forbindelser<\/strong>ideel til at \u00f8ve et sprog, opdage nye kulturer eller bare f\u00e5 en venlig snak. Er du klar til at smile til det ukendte?<\/p>\n\n\n\n<p>InstaCams genopfinder onlineudveksling med en intuitiv og sikker platform til <strong>Tilf\u00e6ldige videom\u00f8der<\/strong>. Adgang uden registrering, overs\u00e6ttelse i realtid og innovative v\u00e6rkt\u00f8jer <strong>krydser kulturelle og sproglige barrierer<\/strong>. Den er ideel til spontane eller strukturerede udvekslinger. <strong>kombinerer enkelhed, kvalitet og sikkerhed<\/strong> for en sammenh\u00e6ngende oplevelse.<\/p>\n\n\n\n<h2 class=\"wp-block-heading\">OFTE STILLEDE SP\u00d8RGSM\u00c5L<\/h2>\n\n\n\n<h3 class=\"wp-block-heading\">Kan jeg bruge Instacams uden at oprette en konto?<\/h3>\n\n\n\n<p>Ja, Instacams tilbyder en <strong>\u00f8jeblikkelig adgang uden behov for registrering<\/strong>. Bare v\u00e6lg din genre og klik p\u00e5 \"Start Chatting\" for at <strong>blive sat i tilf\u00e6ldig kontakt med en bruger fra et hvilket som helst sted i verden<\/strong>. Denne brugervenlighed betyder, at du kan <strong>Start en videosamtale p\u00e5 under 10 sekunder<\/strong>Det er ideelt for dem, der gerne vil undg\u00e5 bureaukratiet. Der er dog stadig mulighed for at registrere sig, s\u00e5 man kan tilpasse sine pr\u00e6ferencer (sprog, interesseomr\u00e5der) og f\u00e5 adgang til avancerede funktioner.<\/p>\n\n\n\n<h3 class=\"wp-block-heading\">Hvordan garanterer Instacams brugernes sikkerhed?<\/h3>\n\n\n\n<p>Instacams s\u00e6tter <strong>sikkerhed og fortrolighed er kernen i vores arbejde<\/strong>. Opkald og beskeder er beskyttet af end-to-end-kryptering, der sikrer, at <strong>Kun deltagere kan f\u00e5 adgang til indholdet<\/strong> udvekslinger. V\u00e6rkt\u00f8jer til <strong>Moderation, der kombinerer AI og menneskelige teams<\/strong> overv\u00e5ge interaktioner i realtid, mens brugerne kan blokere eller rapportere enhver upassende adf\u00e6rd. Avancerede indstillinger (to-faktor-godkendelse, profilsynlighed) forbedrer ogs\u00e5 beskyttelsen af personlige data.<\/p>\n\n\n\n<h3 class=\"wp-block-heading\">Kan Instacams bruges p\u00e5 en telefon eller tablet?<\/h3>\n\n\n\n<p>Helt sikkert! Instacams er designet til brug p\u00e5 <strong>alle medier<\/strong> computere, smartphones og tablets. <strong>Ingen download eller installation n\u00f8dvendig<\/strong>Gr\u00e6nsefladen tilpasser sig automatisk til sk\u00e6rmen med intuitiv navigation og funktioner som f.eks. lyse\/m\u00f8rke temaer for optimal brugervenlighed, uanset om du er hjemme eller p\u00e5 farten. Interfacet tilpasser sig automatisk til sk\u00e6rmen med intuitiv navigation og funktioner som f.eks. lyse\/m\u00f8rke temaer for optimal brugervenlighed, uanset om du er hjemme eller p\u00e5 farten.<\/p>\n\n\n\n<h3 class=\"wp-block-heading\">Kan systemet med tilf\u00e6ldig matchning tilpasses?<\/h3>\n\n\n\n<p>Tilf\u00e6ldig matchning, en signatur for Instacams, er <strong>designet til at overraske, mens den forbliver flydende<\/strong>. En intelligent algoritme forbinder brugere med det samme og giver mulighed for at indstille pr\u00e6ferencer som sprog eller interesser for at forfine resultaterne. Hvis en diskussion ikke falder i din smag, skal du blot klikke p\u00e5 \"N\u00e6ste\". <strong>omdirigerer dig til en ny partner<\/strong>. Denne tilgang blander spontanitet og kontrol og opfordrer til varierede og engagerende udvekslinger.<\/p>\n\n\n\n<h3 class=\"wp-block-heading\">Hvordan fungerer gruppevideoopkald p\u00e5 Instacams?<\/h3>\n\n\n\n<p>Instacams g\u00f8r det muligt <strong>Gruppediskussioner med op til 100 deltagere<\/strong>ideel til arrangementer som webinarer, aftener med venner eller forretningsm\u00f8der. Ledelsesv\u00e6rkt\u00f8jer (tildelte roller, dedikerede rum) hj\u00e6lper med at <strong>strukturering af interaktioner<\/strong>. HD-kvalitet (op til 1080p) og high-fidelity-lyd sikrer <strong>en fordybende oplevelse<\/strong>Webstedet tilbyder ogs\u00e5 en r\u00e6kke andre funktioner, som f.eks. sk\u00e6rmdeling og live-afstemninger, for at forbedre udvekslingen. Automatisk og menneskelig moderation forhindrer misbrug og garanterer <strong>et milj\u00f8 pr\u00e6get af samarbejde og respekt<\/strong>.<\/p>\n\n\n\n<a href=\"https:\/\/insta-cams.de\/\" target=\"_blank\" rel=\"noopener\">Instacams Deutsch<\/a> | \n<a href=\"https:\/\/instacams.at\/\" target=\"_blank\" rel=\"noopener\">Instacams Deutsch (AT)<\/a> | \n<a href=\"https:\/\/insta-cams.uk\/\" target=\"_blank\" rel=\"noopener\">Instacams English<\/a> | \n<a href=\"https:\/\/instacams.es\/\" target=\"_blank\" rel=\"noopener\">Instacams Espa\u00f1ol<\/a> |  \n<a href=\"https:\/\/instacams.it\/\" target=\"_blank\" rel=\"noopener\">Instacams Italiano<\/a> | \n<a href=\"https:\/\/insta-cams.nl\/\" instacams target=\"_blank\" rel=\"noopener\">Nederlands<\/a> | \n<a href=\"https:\/\/instacams.pt\/\" target=\"_blank\" rel=\"noopener\">Instacams Portugu\u00eas<\/a> | \n<a href=\"https:\/\/insta-cams.pl\/\" target=\"_blank\" rel=\"noopener\">Instacams Polski<\/a> | \n<a href=\"https:\/\/insta-cams.cz\/\" target=\"_blank\" rel=\"noopener\">Instacams \u010ce\u0161tina<\/a> | \n<a href=\"https:\/\/insta-cams.dk\/\" target=\"_blank\" rel=\"noopener\">Instacams Dansk<\/a>\n<\/div>\n\n\n\n<p><\/p>","protected":false},"excerpt":{"rendered":"<p>INSTACAMS OFFICIEL : CHAT DE RENCONTRE ALEATOIRE Inscrivez-vous maintenant sur INSTA CAMS et profitez de 50 cr\u00e9dits OFFERTS \u00e0 votre inscription. S&rsquo;INSCRIRE HOMME S&rsquo;INSCRIRE FEMME Instacams : rejoignez la communaut\u00e9 mondiale d&rsquo;un clic Vous en avez assez des messageries rigides o\u00f9 chaque interaction semble pr\u00e9visible ? Instacams bouscule les codes avec son chat vid\u00e9o al\u00e9atoire &#8230; <a title=\"home1\" class=\"read-more\" href=\"https:\/\/insta-cams.eu\/da\/\" aria-label=\"Read more about home1\">L\u00e6s Mere<\/a><\/p>","protected":false},"author":1,"featured_media":0,"parent":0,"menu_order":0,"comment_status":"closed","ping_status":"closed","template":"","meta":{"footnotes":""},"class_list":["post-58","page","type-page","status-publish"],"_links":{"self":[{"href":"https:\/\/insta-cams.eu\/da\/wp-json\/wp\/v2\/pages\/58","targetHints":{"allow":["GET"]}}],"collection":[{"href":"https:\/\/insta-cams.eu\/da\/wp-json\/wp\/v2\/pages"}],"about":[{"href":"https:\/\/insta-cams.eu\/da\/wp-json\/wp\/v2\/types\/page"}],"author":[{"embeddable":true,"href":"https:\/\/insta-cams.eu\/da\/wp-json\/wp\/v2\/users\/1"}],"replies":[{"embeddable":true,"href":"https:\/\/insta-cams.eu\/da\/wp-json\/wp\/v2\/comments?post=58"}],"version-history":[{"count":55,"href":"https:\/\/insta-cams.eu\/da\/wp-json\/wp\/v2\/pages\/58\/revisions"}],"predecessor-version":[{"id":255,"href":"https:\/\/insta-cams.eu\/da\/wp-json\/wp\/v2\/pages\/58\/revisions\/255"}],"wp:attachment":[{"href":"https:\/\/insta-cams.eu\/da\/wp-json\/wp\/v2\/media?parent=58"}],"curies":[{"name":"wp","href":"https:\/\/api.w.org\/{rel}","templated":true}]}}