{"id":58,"date":"2025-10-28T04:39:00","date_gmt":"2025-10-28T04:39:00","guid":{"rendered":"https:\/\/insta-cams.eu\/?page_id=58"},"modified":"2025-12-29T16:38:44","modified_gmt":"2025-12-29T16:38:44","slug":"home1","status":"publish","type":"page","link":"https:\/\/insta-cams.eu\/de\/","title":{"rendered":"home1"},"content":{"rendered":"<section class=\"gb-element-c0819d6c banner\">\n<div class=\"gb-element-0659d418\">\n<div class=\"wp-block-columns is-layout-flex wp-container-core-columns-is-layout-9d6595d7 wp-block-columns-is-layout-flex\">\n<div class=\"wp-block-column is-layout-flow wp-block-column-is-layout-flow\">\n<h2 class=\"gb-text gb-text-155ce4c1\">INSTACAMS OFFIZIELL: ALEATORISCHER DATING-CHAT<\/h2>\n\n\n\n<p class=\"has-text-align-center has-base-3-color has-text-color has-link-color wp-elements-c76d1f6cc9fa53b162a03c9e8863f2b2\"><strong>Melde dich jetzt bei INSTA CAMS an und profitiere von 50 GRATIS Credits bei deiner Anmeldung.<\/strong><\/p>\n\n\n\n<div class=\"wp-block-columns is-layout-flex wp-container-core-columns-is-layout-9d6595d7 wp-block-columns-is-layout-flex\">\n<div class=\"wp-block-column is-layout-flow wp-block-column-is-layout-flow\" style=\"flex-basis:20px\"><\/div>\n\n\n\n<div class=\"wp-block-column is-layout-flow wp-block-column-is-layout-flow\">\n<a class=\"gb-text gb-text-50c1af7c\" href=\"\/connexion\/\">SICH M\u00c4NNLICH ANMELDEN<\/a>\n<\/div>\n\n\n\n<div class=\"wp-block-column is-layout-flow wp-block-column-is-layout-flow\">\n<a class=\"gb-text gb-text-6d7e1e7e\" href=\"\/connexion\/\">SICH ANMELDEN FRAU<\/a>\n<\/div>\n\n\n\n<div class=\"wp-block-column is-layout-flow wp-block-column-is-layout-flow\" style=\"flex-basis:20px\"><\/div>\n<\/div>\n<\/div>\n<\/div>\n<\/div>\n<\/section>\n\n\n\n<div class=\"gb-element-c35e94aa\">\n<h2 class=\"wp-block-heading\">Instacams: Mit einem Klick der weltweiten Community beitreten<\/h2>\n\n\n\n<p>Vous en avez assez des messageries rigides o\u00f9 chaque interaction semble pr\u00e9visible ? <a href=\"https:\/\/instacams.fr\" data-type=\"link\" data-id=\"https:\/\/instacams.fr\" target=\"_blank\" rel=\"noopener\">Instacams<\/a> bouscule les codes avec son chat vid\u00e9o al\u00e9atoire qui vous connecte en un clic \u00e0 des inconnus du globe, sans inscription ni contrainte. Imaginez un espace o\u00f9 la traduction en temps r\u00e9el dissout les barri\u00e8res linguistiques, o\u00f9 un algorithme de jumelage affine vos rencontres selon vos centres d\u2019int\u00e9r\u00eat, ou o\u00f9 un chat de groupe lie jusqu\u2019\u00e0 100 participants pour des \u00e9v\u00e9nements virtuels ou des \u00e9changes collectifs. Plus qu\u2019une plateforme, <strong>eine Br\u00fccke zu einem authentischen Austausch<\/strong>Das alles in HD-Video und auf Computer, Tablet oder Smartphone.<\/p>\n\n\n\n<ol class=\"wp-block-list\">\n<li><a href=\"#Instacams-connectez-vous-au-monde-entier-en-un-clic\">Instacams: Mit einem Klick mit der ganzen Welt verbinden<\/a><\/li>\n\n\n\n<li><a href=\"#des-fonctionnalites-con\u00e7ues-pour-des-conversations-sans-frontieres\">Funktionen, die f\u00fcr Gespr\u00e4che ohne Grenzen entwickelt wurden<\/a><\/li>\n\n\n\n<li><a href=\"#une-experience-utilisateur-fluide-et-de-haute-qualite\">Ein fl\u00fcssiges und hochwertiges Nutzererlebnis<\/a><\/li>\n\n\n\n<li><a href=\"#environnement-s\u00fbr-communaut\u00e9-respectueuse\">Eine sichere Umwelt und eine respektvolle Gemeinschaft<\/a><\/li>\n\n\n\n<li><a href=\"#comment-demarrer-votre-premiere-conversation-sur-instacams\">Wie starten Sie Ihre erste Unterhaltung auf InstaCams?<\/a><\/li>\n<\/ol>\n\n\n\n<h2 class=\"wp-block-heading\" id=\"Instacams-connectez-vous-au-monde-entier-en-un-clic\">Instacams: Mit einem Klick mit der ganzen Welt verbinden<\/h2>\n\n\n\n<p>Sind Sie auf der Suche nach M\u00f6glichkeiten, verschiedene Kulturen zu erkunden, ohne Ihren Bildschirm zu verlassen? InstaCams \u00f6ffnet Ihnen die T\u00fcren zu einem <strong>globales Netzwerk, in dem jede Verbindung eine Entdeckung ist<\/strong>. Stellen Sie sich vor, Sie unterhalten sich mit jemandem in Tokio, w\u00e4hrend Sie gem\u00fctlich zu Hause in Paris sitzen...<\/p>\n\n\n\n<h3 class=\"wp-block-heading\" id=\"Qu-est-ce-que-la-plateforme-instacams\">Was ist die Plattform instacams?<\/h3>\n\n\n\n<p>InstaCams ist eine Plattform f\u00fcr <strong>Instant Video Dating<\/strong> die Ihren Bildschirm in einen internationalen Hub verwandelt. Dank eines schnellen Matching-Algorithmus treten Sie in Kontakt mit Menschen aus \u00fcber 100 verschiedenen L\u00e4ndern. Sie brauchen keine endlosen Formulare, nur ein Klick gen\u00fcgt, um das Abenteuer zu starten.<\/p>\n\n\n\n<p>Das Konzept beruht auf Spontaneit\u00e4t: unter Millionen von Nutzern, <strong>jede Verbindung ist eine \u00dcberraschung<\/strong>. Ob Sie Ihre kulturellen Kenntnisse erweitern oder einfach nur ein L\u00e4cheln austauschen m\u00f6chten, die InstaCams-Community hei\u00dft Sie in einer sicheren und respektvollen Umgebung willkommen.<\/p>\n\n\n\n<h3 class=\"wp-block-heading\" id=\"Une-connexion-imm-iate-et-sans-contraintes\">Eine sofortige Verbindung ohne Einschr\u00e4nkungen<\/h3>\n\n\n\n<p>Lust auf einen Chat ohne Wartezeit? Keine Anmeldung erforderlich, keine komplizierte Konfiguration: Starten Sie Ihre Webcam und finden Sie in weniger als 10 Sekunden einen Gespr\u00e4chspartner. Diese Fl\u00fcssigkeit <strong>zieht jeden Monat Millionen von Nutzern an<\/strong>Sie sind immer auf der Suche nach neuen Verbindungen.<\/p>\n\n\n\n<p>Wenn Ihnen die Konversation nicht zusagt, bef\u00f6rdert Sie ein einfacher Klick zu einem neuen Gesicht, einer neuen Geschichte. Diese Freiheit des Austauschs in Verbindung mit einer intuitiven Benutzeroberfl\u00e4che macht es zu <strong>das ideale Werkzeug f\u00fcr barrierefreie Begegnungen<\/strong>. Probieren Sie es aus, vielleicht begegnen Sie einem zuk\u00fcnftigen Freund ... oder sogar einem Arbeitskollegen am anderen Ende der Welt!<\/p>\n\n\n\n<figure class=\"wp-block-table\"><table class=\"has-fixed-layout\"><thead><tr><th>Funktionalit\u00e4t<\/th><th>Beschreibung<\/th><\/tr><\/thead><tbody><tr><td>Verbindung<\/td><td>Sofort, keine Anmeldung erforderlich f\u00fcr schnellen Zugriff.<\/td><\/tr><tr><td>St\u00e4dtepartnerschaft<\/td><td>Algorithmus vom Typ \"Roulette\" mit Genderfilter verf\u00fcgbar.<\/td><\/tr><tr><td>Kommunikation<\/td><td>In den Textchat integrierte Echtzeit\u00fcbersetzung.<\/td><\/tr><tr><td>Gruppenchat<\/td><td>Kapazit\u00e4t f\u00fcr bis zu 100 Teilnehmer.<\/td><\/tr><tr><td>Qualit\u00e4t<\/td><td>Ausstrahlung in HD-Video und High-Fidelity-Audio.<\/td><\/tr><tr><td>Zug\u00e4nglichkeit<\/td><td>Kompatibel mit Computern, Tablets und Smartphones ohne Installation.<\/td><\/tr><\/tbody><\/table><\/figure>\n\n\n\n<h2 class=\"wp-block-heading\" id=\"des-fonctionnalites-con\u00e7ues-pour-des-conversations-sans-frontieres\">Funktionen, die f\u00fcr Gespr\u00e4che ohne Grenzen entwickelt wurden<\/h2>\n\n\n\n<h3 class=\"wp-block-heading\" id=\"un-algorithme-de-jumelage-pour-des-rencontres-surprenantes\">Ein Matching-Algorithmus f\u00fcr \u00fcberraschende Begegnungen<\/h3>\n\n\n\n<p>InstaCams revolutioniert den menschlichen Austausch mit seinem Instant-Matching-Algorithmus. Mit nur einem Klick kann die Anwendung <strong>verbindet Nutzer automatisch mit Menschen auf der ganzen Welt<\/strong>. Dieses \"Roulette\"-\u00e4hnliche System bringt bei jeder Verbindung ein \u00dcberraschungsmoment mit sich und macht jede Sitzung einzigartig und spannend.<\/p>\n\n\n\n<p>Die Plattform bietet einen zuf\u00e4lligen Videochat mit Frauen, eine exklusive Funktion, die es erm\u00f6glicht, Nutzerinnen aus verschiedenen L\u00e4ndern zu treffen. Die Vorlieben (Land, Sprache, Interessen) beeinflussen das Matching auf subtile Weise, wobei das Wesentliche erhalten bleibt: <strong>das menschliche Abenteuer einer unvorhergesehenen Begegnung<\/strong>.<\/p>\n\n\n\n<h3 class=\"wp-block-heading\" id=\"brisez-la-barriere-de-la-langue-avec-la-traduction-en-temps-reel\">Durchbrechen Sie die Sprachbarriere mit Echtzeit\u00fcbersetzung<\/h3>\n\n\n\n<p>Stellen Sie sich vor, Sie unterhalten sich mit einem Einwohner von Tokio und sprechen dabei Deutsch. Dank der integrierten Sprach\u00fcbersetzung, <strong>InstaCams macht diese Realit\u00e4t f\u00fcr alle zug\u00e4nglich<\/strong>. Diese Funktion entschl\u00fcsselt Textnachrichten sofort und erm\u00f6glicht so einen reibungslosen Austausch zwischen Menschen, die verschiedene Sprachen sprechen.<\/p>\n\n\n\n<p>Indem die Plattform Sprachbarrieren beseitigt, \u00f6ffnet sie die T\u00fcr f\u00fcr <strong>eine echte globale Gemeinschaft des kulturellen Austauschs<\/strong>. Sie k\u00f6nnen sich nun mit Nutzern aus Nordamerika, Asien oder Afrika austauschen und so jede Unterhaltung in eine bereichernde Entdeckung verwandeln.<\/p>\n\n\n\n<h3 class=\"wp-block-heading\" id=\"partagez-des-moments-a-plusieurs-avec-le-chat-de-groupe\">Gemeinsame Momente mit dem Gruppenchat teilen<\/h3>\n\n\n\n<p>InstaCams geht \u00fcber den einfachen Austausch unter vier Augen hinaus. Seine Funktion von <strong>Videochat f\u00fcr Gruppen von bis zu 100 Teilnehmern erfindet neu<\/strong> soziale und berufliche Interaktionen. Organisieren Sie Online-Spieleabende, Gemeinschaftstreffen oder Bildungs-Webinare von Ihrem Smartphone oder Computer aus.<\/p>\n\n\n\n<p>Diese Flexibilit\u00e4t verwandelt die Plattform in einen vielseitigen Raum, in dem Ideen frei flie\u00dfen k\u00f6nnen. Die niedrige Latenz und die HD-Qualit\u00e4t garantieren eine <strong>immersive Erfahrung<\/strong>Sie k\u00f6nnen sich als Zuschauer oder Organisator von Veranstaltungen anmelden.<\/p>\n\n\n\n<h2 class=\"wp-block-heading\" id=\"une-experience-utilisateur-fluide-et-de-haute-qualite\">Ein fl\u00fcssiges und hochwertiges Nutzererlebnis<\/h2>\n\n\n\n<p>InstaCams garantiert eine <strong>sofortige, reibungsfreie Verbindung<\/strong>Die Plattform wird durch fortschrittliche Technologien und eine auf Einfachheit ausgelegte Benutzeroberfl\u00e4che unterst\u00fctzt. Die Plattform passt sich den Bed\u00fcrfnissen der Nutzer an, die einen klaren und nat\u00fcrlichen Austausch w\u00fcnschen und gleichzeitig die technischen H\u00fcrden minimieren m\u00f6chten.<\/p>\n\n\n\n<h3 class=\"wp-block-heading\" id=\"une-qualite-video-et-audio-immersive\">Immersive Video- und Audioqualit\u00e4t<\/h3>\n\n\n\n<p>Konversationen auf InstaCams profitieren von HD-Videos mit bis zu 1080p und einer Bildwiederholrate von 60 Bildern pro Sekunde. Die Latenz wird reduziert, Verz\u00f6gerungen werden vermieden und die Interaktionen wirken nat\u00fcrlich. High-Fidelity-Audio sorgt in Kombination mit einer Technologie zur Unterdr\u00fcckung von Umgebungsger\u00e4uschen f\u00fcr eine kristallklare Kommunikation. Diese kombinierten Technologien verwandeln jede Interaktion in <strong>eine immersive Erfahrung<\/strong>Sie k\u00f6nnen sich auch auf eine Videoplattform begeben, auf der jedes Wort und jede Geste genau erfasst wird. Die Plattform passt die Videoqualit\u00e4t automatisch an die Bandbreite an, sodass auch bei schwankenden Verbindungen ein fl\u00fcssiges Streaming gew\u00e4hrleistet ist.<\/p>\n\n\n\n<h3 class=\"wp-block-heading\" id=\"une-plateforme-accessible-partout-et-pour-tous\">Eine Plattform, die \u00fcberall und f\u00fcr jeden zug\u00e4nglich ist<\/h3>\n\n\n\n<p>InstaCams wurde so konzipiert, dass es auf jedem Ger\u00e4t - Computer, Tablet oder Smartphone - genutzt werden kann, ohne dass eine Softwareinstallation erforderlich ist. Die intuitive und \u00fcbersichtliche Benutzeroberfl\u00e4che erm\u00f6glicht auch Anf\u00e4ngern eine sofortige Einarbeitung. Optionen wie Hell-\/Dunkel-Themen und integrierte \u00dcbersetzungen erleichtern die individuelle Anpassung und internationale Interaktion. So profitiert jeder Nutzer, unabh\u00e4ngig von Ort und Ger\u00e4t, von einem <strong>sofortiger und unkomplizierter Zugang, der das soziale Engagement st\u00e4rkt<\/strong> dank einer vielf\u00e4ltigen Gemeinschaft.<\/p>\n\n\n\n<ul class=\"wp-block-list\">\n<li>Fl\u00fcssiges Videostreaming in <strong>HD-Qualit\u00e4t f\u00fcr scharfe Bilder<\/strong>.<\/li>\n\n\n\n<li><strong>Kristallklarer Klang<\/strong> dank High-Fidelity-Audio und der Unterdr\u00fcckung von Umgebungsger\u00e4uschen.<\/li>\n\n\n\n<li>Eine intuitive Benutzeroberfl\u00e4che, die f\u00fcr eine <strong>sofortige und m\u00fchelose \u00dcbernahme<\/strong>.<\/li>\n\n\n\n<li>Eine <strong>direkter Zugriff \u00fcber Ihren Webbrowser<\/strong>Auf jedem Ger\u00e4t.<\/li>\n<\/ul>\n\n\n\n<h2 class=\"wp-block-heading\" id=\"environnement-s\u00fbr-communaut\u00e9-respectueuse\">Eine sichere Umwelt und eine respektvolle Gemeinschaft<\/h2>\n\n\n\n<h3 class=\"wp-block-heading\" id=\"protection-vie-privee\">Der Schutz Ihrer Privatsph\u00e4re ist eine Priorit\u00e4t<\/h3>\n\n\n\n<p>InstaCams stellt die <strong>Sicherheit im Mittelpunkt seiner Arbeitsweise<\/strong> durch fortschrittliche Verschl\u00fcsselungsprotokolle. Diese Technologien gew\u00e4hrleisten die Vertraulichkeit des Videoaustauschs und blockieren jeden unberechtigten Zugriff. Durch regelm\u00e4\u00dfige Sicherheitspr\u00fcfungen werden diese hohen Standards aufrechterhalten, indem Schwachstellen proaktiv erkannt und behoben werden. Die Nutzer profitieren von anpassbaren Datenschutzoptionen, wie der Verwaltung der Sichtbarkeit ihres Profils und der Aktivierung der Zwei-Faktor-Authentifizierung (per SMS oder dedizierter App), wodurch der Schutz der Konten verst\u00e4rkt wird. Die Anonymit\u00e4t wird durch einen minimalistischen Anmeldeprozess gef\u00f6rdert, der das Sammeln sensibler Informationen verhindert.<\/p>\n\n\n\n<h3 class=\"wp-block-heading\" id=\"outils-moderation\">Moderationstools f\u00fcr einen wohlwollenden Austausch<\/h3>\n\n\n\n<p>Um eine positive Umwelt zu bewahren, <strong>InstaCams kombiniert automatisierte KI-Filterung mit menschlichem Eingreifen<\/strong>. K\u00fcnstliche Intelligenz analysiert Videostreams und Textinhalte in Echtzeit und erkennt unangemessenes Verhalten anhand von Schl\u00fcsselw\u00f6rtern oder Meldevorlagen. Moderatorenteams greifen schnell auf die Meldungen ein und gew\u00e4hrleisten, dass auch komplexe F\u00e4lle von Menschenhand weiterverfolgt werden. Den Nutzern stehen intuitive Tools zur Verf\u00fcgung, mit denen sie einen unerw\u00fcnschten Kontakt mit einem Klick blockieren oder melden k\u00f6nnen, was ihr Gef\u00fchl der Kontrolle st\u00e4rkt. Klare Gemeinschaftsrichtlinien definieren akzeptable Verhaltensweisen und f\u00f6rdern Respekt und H\u00f6flichkeit in globalen Interaktionen.<\/p>\n\n\n\n<ul class=\"wp-block-list\">\n<li>Fortgeschrittene Verschl\u00fcsselungsprotokolle f\u00fcr eine <strong>maximale Vertraulichkeit von Gespr\u00e4chen<\/strong>.<\/li>\n\n\n\n<li>Ein hybrides Moderationssystem (KI + dedizierte Teams), das Folgendes sicherstellt <strong>einen sicheren Bereich<\/strong>.<\/li>\n\n\n\n<li><strong>Optionen zum sofortigen Blockieren und Melden<\/strong> f\u00fcr ein proaktives Interaktionsmanagement.<\/li>\n\n\n\n<li><strong>Flexible Datenschutzeinstellungen<\/strong>Sie k\u00f6nnen die Sichtbarkeit des Profils und die Benachrichtigungen anpassen.<\/li>\n<\/ul>\n\n\n\n<h2 class=\"wp-block-heading\" id=\"comment-demarrer-votre-premiere-conversation-sur-instacams\">Wie starten Sie Ihre erste Unterhaltung auf InstaCams?<\/h2>\n\n\n\n<h3 class=\"wp-block-heading\" id=\"votre-guide-pas-a-pas-pour-une-connexion-reussie\">Ihre Schritt-f\u00fcr-Schritt-Anleitung f\u00fcr eine erfolgreiche Verbindung<\/h3>\n\n\n\n<p>InstaCams verbindet Sie in Sekundenschnelle mit Nutzern auf der ganzen Welt. Mit einer einfachen Benutzeroberfl\u00e4che und einem intuitiven Prozess, <strong>k\u00f6nnen Sie einen spontanen und authentischen Austausch beginnen<\/strong>In diesem Buch \u00f6ffnet sich mit jedem Klick eine T\u00fcr zu einer neuen Geschichte.<\/p>\n\n\n\n<ol class=\"wp-block-list\">\n<li><strong>Bereiten Sie Ihre Ausr\u00fcstung vor<\/strong> : Aktivieren Sie Ihre Webcam und vergewissern Sie sich, dass Ihr Mikrofon funktioniert. Eine reibungslose Internetverbindung und die richtige Beleuchtung sorgen f\u00fcr eine klare Sicht f\u00fcr einen warmen ersten Eindruck.<\/li>\n\n\n\n<li><strong>Starten Sie die Verbindung<\/strong> : Gehen Sie auf die Website und klicken Sie auf \"Start Chatting\". Innerhalb eines Augenblicks verbindet Sie der Instant-Matching-Algorithmus mit einem zuf\u00e4lligen Nutzer, ohne Wartezeit oder Komplexit\u00e4t.<\/li>\n\n\n\n<li><strong>Personalisieren Sie die Erfahrung (optional)<\/strong> : Erstellen Sie mit wenigen Klicks ein kostenloses Konto, um Ihre Pr\u00e4ferenzen (Sprache, Interessen) festzulegen. Dies verfeinert die \u00dcbereinstimmungen und erh\u00f6ht Ihre Chancen, Profile zu treffen, die mit Ihren Erwartungen \u00fcbereinstimmen.<\/li>\n\n\n\n<li><strong>Verwickeln Sie sich in ein Gespr\u00e4ch<\/strong> : Seien Sie neugierig und respektvoll. Beginnen Sie mit einer offenen Frage wie \"Was ist Ihr traditionelles Lieblingsgericht?\", um einen nat\u00fcrlichen und verbindlichen Austausch zu schaffen.<\/li>\n<\/ol>\n\n\n\n<p>InstaCams ist in \u00fcber 100 L\u00e4ndern vertreten und vereint Schnelligkeit, Sicherheit (End-to-End-Verschl\u00fcsselung) und Zug\u00e4nglichkeit auf allen Ger\u00e4ten (Smartphones, Computer, Tablets). Diese Plattform f\u00f6rdert <strong>positive menschliche Verbindungen<\/strong>Sie sind ideal, um eine Sprache zu \u00fcben, Kulturen zu entdecken oder sich einfach wohlwollend auszutauschen. Sind Sie bereit, dem Unbekannten ein L\u00e4cheln zu schenken?<\/p>\n\n\n\n<p>InstaCams erfindet den Online-Austausch neu mit einer intuitiven und sicheren Plattform f\u00fcr <strong>zuf\u00e4llige Videobegegnungen<\/strong>. Zugang ohne Anmeldung, Echtzeit\u00fcbersetzung und innovative Tools <strong>\u00fcberbr\u00fccken kulturelle und sprachliche Barrieren<\/strong>. Ideal f\u00fcr spontanen oder strukturierten Austausch, sie <strong>vereint Einfachheit, Qualit\u00e4t und Sicherheit<\/strong> f\u00fcr ein vernetztes Erlebnis.<\/p>\n\n\n\n<h2 class=\"wp-block-heading\">FAQ<\/h2>\n\n\n\n<h3 class=\"wp-block-heading\">Ist es m\u00f6glich, Instacams zu nutzen, ohne ein Konto einzurichten?<\/h3>\n\n\n\n<p>Ja, Instacams bietet einen <strong>sofortiger Zugang ohne Registrierungspflicht<\/strong>. W\u00e4hlen Sie einfach Ihr Genre aus und klicken Sie auf \"Start Chatting\", um <strong>nach dem Zufallsprinzip mit einem Nutzer aus der ganzen Welt in Verbindung gebracht werden<\/strong>. Diese einfache Handhabung erm\u00f6glicht <strong>eine Videokonversation in weniger als 10 Sekunden starten<\/strong>Diese Option ist ideal f\u00fcr diejenigen, die sich den Verwaltungsaufwand sparen m\u00f6chten. Eine Registrierungsoption bleibt jedoch verf\u00fcgbar, um Ihre Pr\u00e4ferenzen (Sprache, Interessen) anzupassen und auf erweiterte Funktionen zuzugreifen.<\/p>\n\n\n\n<h3 class=\"wp-block-heading\">Wie gew\u00e4hrleistet Instacams die Sicherheit der Nutzer?<\/h3>\n\n\n\n<p>Instacams stellt die <strong>Sicherheit und Vertraulichkeit im Mittelpunkt seiner Arbeitsweise<\/strong>. Anrufe und Nachrichten sind durch eine End-to-End-Verschl\u00fcsselung gesch\u00fctzt, die sicherstellt, dass <strong>nur die Teilnehmer auf den Inhalt zugreifen k\u00f6nnen<\/strong> von Austauschprogrammen. Werkzeuge von <strong>Moderation mit einer Kombination aus KI und menschlichen Teams<\/strong> \u00fcberwachen die Interaktionen in Echtzeit, w\u00e4hrend die Nutzer unangemessenes Verhalten blockieren oder melden k\u00f6nnen. Erweiterte Einstellungen (Zwei-Faktor-Authentifizierung, Sichtbarkeit des Profils) erh\u00f6hen au\u00dferdem den Schutz der pers\u00f6nlichen Daten.<\/p>\n\n\n\n<h3 class=\"wp-block-heading\">Ist Instacams auf Telefonen oder Tablets nutzbar?<\/h3>\n\n\n\n<p>Auf jeden Fall! Instacams ist f\u00fcr den Einsatz auf <strong>alle Medien<\/strong> : Computer, Smartphones und Tablets. <strong>Es ist kein Download oder eine Installation erforderlich<\/strong>, die den direkten Zugriff auf die Plattform \u00fcber einen Webbrowser erm\u00f6glicht. Die Benutzeroberfl\u00e4che passt sich automatisch an den Bildschirm an, mit einer intuitiven Navigation und Funktionen wie helle\/dunkle Themen f\u00fcr optimalen Benutzerkomfort, egal ob Sie zu Hause oder unterwegs sind.<\/p>\n\n\n\n<h3 class=\"wp-block-heading\">Ist das Zufalls-Matching-System anpassbar?<\/h3>\n\n\n\n<p>Das zuf\u00e4llige Matching, ein Markenzeichen von Instacams, ist <strong>entwickelt, um zu \u00fcberraschen und dennoch fl\u00fcssig zu bleiben<\/strong>. Ein intelligenter Algorithmus verbindet die Nutzer sofort, wobei die M\u00f6glichkeit besteht, Pr\u00e4ferenzen wie Sprache oder Interessen festzulegen, um die Ergebnisse zu verfeinern. Wenn Ihnen ein Chat nicht zusagt, gen\u00fcgt ein Klick auf \"Weiter\". <strong>leitet Sie zu einem neuen Partner weiter<\/strong>. Dieser Ansatz vermischt Spontaneit\u00e4t und Kontrolle und f\u00f6rdert einen vielf\u00e4ltigen und verbindlichen Austausch.<\/p>\n\n\n\n<h3 class=\"wp-block-heading\">Wie funktionieren Gruppen-Videoanrufe auf Instacams?<\/h3>\n\n\n\n<p>Instacams erm\u00f6glicht <strong>Gruppendiskussionen mit bis zu 100 Teilnehmern<\/strong>Diese Software ist ideal f\u00fcr Veranstaltungen wie Webinare, Partys mit Freunden oder Gesch\u00e4ftstreffen. Verwaltungstools (zugewiesene Rollen, dedizierte R\u00e4ume) helfen dabei <strong>Interaktionen strukturieren<\/strong>. HD-Qualit\u00e4t (bis zu 1080p) und High-Fidelity-Audio sorgen f\u00fcr <strong>eine immersive Erfahrung<\/strong>Funktionen wie Screen-Sharing und Live-Umfragen bereichern den Austausch. Die automatische und menschliche Moderation beugt Fehlentwicklungen vor und garantiert <strong>ein kollaboratives und respektvolles Umfeld<\/strong>.<\/p>\n\n\n\n<a href=\"https:\/\/insta-cams.de\/\" target=\"_blank\" rel=\"noopener\">Instacams Deutsch<\/a> | \n<a href=\"https:\/\/instacams.at\/\" target=\"_blank\" rel=\"noopener\">Instacams Deutsch (AT)<\/a> | \n<a href=\"https:\/\/insta-cams.uk\/\" target=\"_blank\" rel=\"noopener\">Instacams English<\/a> | \n<a href=\"https:\/\/instacams.es\/\" target=\"_blank\" rel=\"noopener\">Instacams Espa\u00f1ol<\/a> |  \n<a href=\"https:\/\/instacams.it\/\" target=\"_blank\" rel=\"noopener\">Instacams Italiano<\/a> | \n<a href=\"https:\/\/insta-cams.nl\/\" instacams target=\"_blank\" rel=\"noopener\">Nederlands<\/a> | \n<a href=\"https:\/\/instacams.pt\/\" target=\"_blank\" rel=\"noopener\">Instacams Portugu\u00eas<\/a> | \n<a href=\"https:\/\/insta-cams.pl\/\" target=\"_blank\" rel=\"noopener\">Instacams Polski<\/a> | \n<a href=\"https:\/\/insta-cams.cz\/\" target=\"_blank\" rel=\"noopener\">Instacams \u010ce\u0161tina<\/a> | \n<a href=\"https:\/\/insta-cams.dk\/\" target=\"_blank\" rel=\"noopener\">Instacams Dansk<\/a>\n<\/div>\n\n\n\n<p><\/p>","protected":false},"excerpt":{"rendered":"<p>INSTACAMS OFFICIEL : CHAT DE RENCONTRE ALEATOIRE Inscrivez-vous maintenant sur INSTA CAMS et profitez de 50 cr\u00e9dits OFFERTS \u00e0 votre inscription. S&rsquo;INSCRIRE HOMME S&rsquo;INSCRIRE FEMME Instacams : rejoignez la communaut\u00e9 mondiale d&rsquo;un clic Vous en avez assez des messageries rigides o\u00f9 chaque interaction semble pr\u00e9visible ? Instacams bouscule les codes avec son chat vid\u00e9o al\u00e9atoire &#8230; <a title=\"home1\" class=\"read-more\" href=\"https:\/\/insta-cams.eu\/de\/\" aria-label=\"Mehr Informationen \u00fcber home1\">Weiterlesen &#8230;<\/a><\/p>","protected":false},"author":1,"featured_media":0,"parent":0,"menu_order":0,"comment_status":"closed","ping_status":"closed","template":"","meta":{"footnotes":""},"class_list":["post-58","page","type-page","status-publish"],"_links":{"self":[{"href":"https:\/\/insta-cams.eu\/de\/wp-json\/wp\/v2\/pages\/58","targetHints":{"allow":["GET"]}}],"collection":[{"href":"https:\/\/insta-cams.eu\/de\/wp-json\/wp\/v2\/pages"}],"about":[{"href":"https:\/\/insta-cams.eu\/de\/wp-json\/wp\/v2\/types\/page"}],"author":[{"embeddable":true,"href":"https:\/\/insta-cams.eu\/de\/wp-json\/wp\/v2\/users\/1"}],"replies":[{"embeddable":true,"href":"https:\/\/insta-cams.eu\/de\/wp-json\/wp\/v2\/comments?post=58"}],"version-history":[{"count":55,"href":"https:\/\/insta-cams.eu\/de\/wp-json\/wp\/v2\/pages\/58\/revisions"}],"predecessor-version":[{"id":255,"href":"https:\/\/insta-cams.eu\/de\/wp-json\/wp\/v2\/pages\/58\/revisions\/255"}],"wp:attachment":[{"href":"https:\/\/insta-cams.eu\/de\/wp-json\/wp\/v2\/media?parent=58"}],"curies":[{"name":"wp","href":"https:\/\/api.w.org\/{rel}","templated":true}]}}