{"id":58,"date":"2025-10-28T04:39:00","date_gmt":"2025-10-28T04:39:00","guid":{"rendered":"https:\/\/insta-cams.eu\/?page_id=58"},"modified":"2025-12-29T16:38:44","modified_gmt":"2025-12-29T16:38:44","slug":"home1","status":"publish","type":"page","link":"https:\/\/insta-cams.eu\/es\/","title":{"rendered":"home1"},"content":{"rendered":"<section class=\"gb-element-c0819d6c banner\">\n<div class=\"gb-element-0659d418\">\n<div class=\"wp-block-columns is-layout-flex wp-container-core-columns-is-layout-9d6595d7 wp-block-columns-is-layout-flex\">\n<div class=\"wp-block-column is-layout-flow wp-block-column-is-layout-flow\">\n<h2 class=\"gb-text gb-text-155ce4c1\">INSTACAMS OFICIAL : CHAT DE CITAS AL AZAR<\/h2>\n\n\n\n<p class=\"has-text-align-center has-base-3-color has-text-color has-link-color wp-elements-c76d1f6cc9fa53b162a03c9e8863f2b2\"><strong>Inscr\u00edbete ahora en INSTA CAMS y aprov\u00e9chate de 50 cr\u00e9ditos GRATIS al registrarte.<\/strong><\/p>\n\n\n\n<div class=\"wp-block-columns is-layout-flex wp-container-core-columns-is-layout-9d6595d7 wp-block-columns-is-layout-flex\">\n<div class=\"wp-block-column is-layout-flow wp-block-column-is-layout-flow\" style=\"flex-basis:20px\"><\/div>\n\n\n\n<div class=\"wp-block-column is-layout-flow wp-block-column-is-layout-flow\">\n<a class=\"gb-text gb-text-50c1af7c\" href=\"\/connexion\/\">REGISTRARSE COMO HOMBRE<\/a>\n<\/div>\n\n\n\n<div class=\"wp-block-column is-layout-flow wp-block-column-is-layout-flow\">\n<a class=\"gb-text gb-text-6d7e1e7e\" href=\"\/connexion\/\">REGISTRAR MUJER<\/a>\n<\/div>\n\n\n\n<div class=\"wp-block-column is-layout-flow wp-block-column-is-layout-flow\" style=\"flex-basis:20px\"><\/div>\n<\/div>\n<\/div>\n<\/div>\n<\/div>\n<\/section>\n\n\n\n<div class=\"gb-element-c35e94aa\">\n<h2 class=\"wp-block-heading\">Instacams: \u00fanete a la comunidad mundial con un solo clic<\/h2>\n\n\n\n<p>Vous en avez assez des messageries rigides o\u00f9 chaque interaction semble pr\u00e9visible ? <a href=\"https:\/\/instacams.fr\" data-type=\"link\" data-id=\"https:\/\/instacams.fr\" target=\"_blank\" rel=\"noopener\">Instacams<\/a> bouscule les codes avec son chat vid\u00e9o al\u00e9atoire qui vous connecte en un clic \u00e0 des inconnus du globe, sans inscription ni contrainte. Imaginez un espace o\u00f9 la traduction en temps r\u00e9el dissout les barri\u00e8res linguistiques, o\u00f9 un algorithme de jumelage affine vos rencontres selon vos centres d\u2019int\u00e9r\u00eat, ou o\u00f9 un chat de groupe lie jusqu\u2019\u00e0 100 participants pour des \u00e9v\u00e9nements virtuels ou des \u00e9changes collectifs. Plus qu\u2019une plateforme, <strong>una puerta a los intercambios aut\u00e9nticos<\/strong>Todo en v\u00eddeo HD, accesible en ordenador, tableta o smartphone.<\/p>\n\n\n\n<ol class=\"wp-block-list\">\n<li><a href=\"#Instacams-connectez-vous-au-monde-entier-en-un-clic\">Instacams: con\u00e9ctese con el mundo entero en un clic<\/a><\/li>\n\n\n\n<li><a href=\"#des-fonctionnalites-con\u00e7ues-pour-des-conversations-sans-frontieres\">Funciones dise\u00f1adas para conversaciones sin fronteras<\/a><\/li>\n\n\n\n<li><a href=\"#une-experience-utilisateur-fluide-et-de-haute-qualite\">Una experiencia de usuario fluida y de alta calidad<\/a><\/li>\n\n\n\n<li><a href=\"#environnement-s\u00fbr-communaut\u00e9-respectueuse\">Un entorno seguro y una comunidad respetuosa<\/a><\/li>\n\n\n\n<li><a href=\"#comment-demarrer-votre-premiere-conversation-sur-instacams\">\u00bfC\u00f3mo iniciar la primera conversaci\u00f3n en InstaCams?<\/a><\/li>\n<\/ol>\n\n\n\n<h2 class=\"wp-block-heading\" id=\"Instacams-connectez-vous-au-monde-entier-en-un-clic\">Instacams: con\u00e9ctese con el mundo entero en un clic<\/h2>\n\n\n\n<p>\u00bfDesea explorar otras culturas sin salir de su pantalla? InstaCams te abre las puertas a un nuevo mundo. <strong>una red mundial en la que cada conexi\u00f3n es un descubrimiento<\/strong>. Imag\u00ednese chatear con alguien en Tokio mientras usted est\u00e1 c\u00f3modamente sentado en su casa de Par\u00eds...<\/p>\n\n\n\n<h3 class=\"wp-block-heading\" id=\"Qu-est-ce-que-la-plateforme-instacams\">\u00bfQu\u00e9 es la plataforma instacams?<\/h3>\n\n\n\n<p>InstaCams es una plataforma para <strong>citas por v\u00eddeo instant\u00e1neas<\/strong> que convierte tu pantalla en un centro internacional. Gracias a un r\u00e1pido algoritmo de emparejamiento, puedes ponerte en contacto con personas de m\u00e1s de 100 pa\u00edses diferentes. No hay necesidad de formularios interminables, basta un clic para empezar la aventura.<\/p>\n\n\n\n<p>El concepto se basa en la espontaneidad: entre millones de usuarios, <strong>cada conexi\u00f3n es una sorpresa<\/strong>. Tanto si desea ampliar sus conocimientos culturales como si simplemente desea intercambiar sonrisas, la comunidad InstaCams le da la bienvenida en un entorno seguro y respetuoso.<\/p>\n\n\n\n<h3 class=\"wp-block-heading\" id=\"Une-connexion-imm-iate-et-sans-contraintes\">Conexi\u00f3n inmediata sin restricciones<\/h3>\n\n\n\n<p>\u00bfQuieres chatear sin esperar? Sin necesidad de registrarse, sin configuraciones complicadas: basta con poner en marcha tu webcam y encontrar a alguien con quien hablar en menos de 10 segundos. Esta fluidez <strong>atrae a millones de usuarios cada mes<\/strong>siempre en busca de nuevas conexiones.<\/p>\n\n\n\n<p>Si la conversaci\u00f3n no le gusta, un simple clic le lleva a una nueva cara, a una nueva historia. Esta libertad de intercambio, combinada con una interfaz intuitiva, significa que <strong>la herramienta ideal para reuniones sin barreras<\/strong>. Pru\u00e9belo y podr\u00eda encontrarse con un futuro amigo... \u00a1o incluso con un compa\u00f1ero de trabajo al otro lado del mundo!<\/p>\n\n\n\n<figure class=\"wp-block-table\"><table class=\"has-fixed-layout\"><thead><tr><th>Funcionalidad<\/th><th>Descripci\u00f3n<\/th><\/tr><\/thead><tbody><tr><td>Conexi\u00f3n<\/td><td>Al instante, sin necesidad de registro para un acceso r\u00e1pido.<\/td><\/tr><tr><td>Hermanamiento<\/td><td>Algoritmo tipo \"ruleta\" con filtro de g\u00e9nero disponible.<\/td><\/tr><tr><td>Comunicaci\u00f3n<\/td><td>Traducci\u00f3n en tiempo real integrada en el chat de texto.<\/td><\/tr><tr><td>Chat en grupo<\/td><td>Capacidad para un m\u00e1ximo de 100 participantes.<\/td><\/tr><tr><td>Calidad<\/td><td>Difusi\u00f3n de v\u00eddeo HD y audio de alta fidelidad.<\/td><\/tr><tr><td>Accesibilidad<\/td><td>Compatible con ordenadores, tabletas y smartphones sin necesidad de instalaci\u00f3n.<\/td><\/tr><\/tbody><\/table><\/figure>\n\n\n\n<h2 class=\"wp-block-heading\" id=\"des-fonctionnalites-con\u00e7ues-pour-des-conversations-sans-frontieres\">Funciones dise\u00f1adas para conversaciones sin fronteras<\/h2>\n\n\n\n<h3 class=\"wp-block-heading\" id=\"un-algorithme-de-jumelage-pour-des-rencontres-surprenantes\">Un algoritmo de emparejamiento para encuentros sorprendentes<\/h3>\n\n\n\n<p>InstaCams est\u00e1 revolucionando la interacci\u00f3n humana con su algoritmo de emparejamiento instant\u00e1neo. Con un solo clic, la aplicaci\u00f3n <strong>conecta autom\u00e1ticamente a los usuarios con personas de todo el mundo<\/strong>. Este sistema tipo 'ruleta' introduce un elemento sorpresa en cada conexi\u00f3n, haciendo que cada sesi\u00f3n sea \u00fanica y emocionante.<\/p>\n\n\n\n<p>La plataforma ofrece un videochat aleatorio con mujeres, una funci\u00f3n exclusiva que te permite conocer a usuarias de distintos or\u00edgenes. Las preferencias (pa\u00eds, idioma, intereses) influyen sutilmente en el proceso de b\u00fasqueda de pareja, sin dejar de lado lo esencial: <strong>la aventura humana de un encuentro inesperado<\/strong>.<\/p>\n\n\n\n<h3 class=\"wp-block-heading\" id=\"brisez-la-barriere-de-la-langue-avec-la-traduction-en-temps-reel\">Rompa la barrera ling\u00fc\u00edstica con la traducci\u00f3n en tiempo real<\/h3>\n\n\n\n<p>Imagina charlar con un habitante de Tokio mientras hablas franc\u00e9s. Gracias a la traducci\u00f3n de idiomas integrada, <strong>InstaCams pone esta realidad al alcance de todos<\/strong>. Esta funci\u00f3n descifra instant\u00e1neamente los mensajes de texto, lo que permite intercambios fluidos entre personas que hablan idiomas distintos.<\/p>\n\n\n\n<p>Al eliminar las barreras ling\u00fc\u00edsticas, la plataforma abre la puerta a <strong>una verdadera comunidad mundial para compartir la cultura<\/strong>. Ahora puedes chatear con usuarios de Norteam\u00e9rica, Asia y \u00c1frica, convirtiendo cada conversaci\u00f3n en un descubrimiento enriquecedor.<\/p>\n\n\n\n<h3 class=\"wp-block-heading\" id=\"partagez-des-moments-a-plusieurs-avec-le-chat-de-groupe\">Compartir momentos juntos con el chat de grupo<\/h3>\n\n\n\n<p>InstaCams va m\u00e1s all\u00e1 de los simples intercambios cara a cara. Su <strong>chat de v\u00eddeo en grupo para hasta 100 participantes reinventa<\/strong> interacci\u00f3n social y profesional. Organice noches de juegos en l\u00ednea, reuniones comunitarias o seminarios web educativos desde su smartphone u ordenador.<\/p>\n\n\n\n<p>Esta flexibilidad transforma la plataforma en un espacio vers\u00e1til donde las ideas pueden fluir libremente. La baja latencia y la calidad HD garantizan un alto nivel de <strong>experiencia de inmersi\u00f3n<\/strong>Tanto si es espectador como organizador de eventos.<\/p>\n\n\n\n<h2 class=\"wp-block-heading\" id=\"une-experience-utilisateur-fluide-et-de-haute-qualite\">Una experiencia de usuario fluida y de alta calidad<\/h2>\n\n\n\n<p>Garant\u00edas InstaCams <strong>conexi\u00f3n instant\u00e1nea y sin fricciones<\/strong>Esto es posible gracias a tecnolog\u00edas avanzadas y a una interfaz dise\u00f1ada para la simplicidad. La plataforma se adapta a las necesidades de los usuarios que desean intercambios claros y naturales, minimizando al mismo tiempo los obst\u00e1culos t\u00e9cnicos.<\/p>\n\n\n\n<h3 class=\"wp-block-heading\" id=\"une-qualite-video-et-audio-immersive\">Calidad de v\u00eddeo y audio envolvente<\/h3>\n\n\n\n<p>Las conversaciones en InstaCams se benefician de v\u00eddeo HD de hasta 1080p, con una frecuencia de actualizaci\u00f3n de 60 fotogramas por segundo. La latencia se reduce, evitando retrasos y haciendo que las interacciones sean naturales. El audio de alta fidelidad, combinado con la tecnolog\u00eda de cancelaci\u00f3n del ruido ambiental, garantiza una comunicaci\u00f3n n\u00edtida. Estas tecnolog\u00edas combinadas convierten cada interacci\u00f3n en una <strong>una experiencia de inmersi\u00f3n<\/strong>Cada palabra y cada gesto se captan con precisi\u00f3n. La plataforma ajusta autom\u00e1ticamente la calidad del v\u00eddeo en funci\u00f3n del ancho de banda, garantizando una retransmisi\u00f3n fluida incluso con conexiones variables.<\/p>\n\n\n\n<h3 class=\"wp-block-heading\" id=\"une-plateforme-accessible-partout-et-pour-tous\">Una plataforma accesible en todas partes y para todos<\/h3>\n\n\n\n<p>InstaCams est\u00e1 dise\u00f1ado para utilizarse en cualquier dispositivo: ordenador, tableta o smartphone, sin necesidad de instalar ning\u00fan software. La interfaz, clara e intuitiva, permite que incluso los principiantes se familiaricen con ella desde el primer momento. Opciones como los temas claros\/oscuros y la traducci\u00f3n integrada facilitan la personalizaci\u00f3n y la interacci\u00f3n internacional. As\u00ed, todos los usuarios, est\u00e9n donde est\u00e9n y sea cual sea su dispositivo, se benefician de un <strong>acceso instant\u00e1neo y sin complicaciones, que impulsa el compromiso social<\/strong> gracias a una comunidad diversa.<\/p>\n\n\n\n<ul class=\"wp-block-list\">\n<li>Transmisi\u00f3n fluida de v\u00eddeo en <strong>Calidad HD para im\u00e1genes n\u00edtidas<\/strong>.<\/li>\n\n\n\n<li><strong>Un sonido cristalino<\/strong> gracias al audio de alta fidelidad y a la reducci\u00f3n del ruido ambiental.<\/li>\n\n\n\n<li>Una interfaz intuitiva dise\u00f1ada para <strong>manejo inmediato y sin esfuerzo<\/strong>.<\/li>\n\n\n\n<li>A <strong>acceso directo desde su navegador web<\/strong>en cualquier dispositivo.<\/li>\n<\/ul>\n\n\n\n<h2 class=\"wp-block-heading\" id=\"environnement-s\u00fbr-communaut\u00e9-respectueuse\">Un entorno seguro y una comunidad respetuosa<\/h2>\n\n\n\n<h3 class=\"wp-block-heading\" id=\"protection-vie-privee\">Proteger su intimidad es una prioridad<\/h3>\n\n\n\n<p>InstaCams pone el <strong>la seguridad en el centro de sus operaciones<\/strong> gracias a protocolos de encriptaci\u00f3n avanzados. Estas tecnolog\u00edas garantizan la confidencialidad de los intercambios de v\u00eddeo y bloquean cualquier acceso no autorizado. Las auditor\u00edas de seguridad peri\u00f3dicas ayudan a mantener estos altos est\u00e1ndares, identificando y corrigiendo proactivamente las vulnerabilidades. Los usuarios se benefician de opciones de confidencialidad personalizables, como la gesti\u00f3n de la visibilidad de su perfil y la activaci\u00f3n de la autenticaci\u00f3n de dos factores (por SMS o aplicaci\u00f3n dedicada), reforzando as\u00ed la protecci\u00f3n de la cuenta. Se fomenta el anonimato, con un proceso de registro minimalista que evita la recopilaci\u00f3n de informaci\u00f3n sensible.<\/p>\n\n\n\n<h3 class=\"wp-block-heading\" id=\"outils-moderation\">Herramientas de moderaci\u00f3n para intercambios amistosos<\/h3>\n\n\n\n<p>Preservar un entorno positivo, <strong>InstaCams combina el filtrado automatizado por IA y la intervenci\u00f3n humana<\/strong>. La inteligencia artificial analiza las secuencias de v\u00eddeo y el contenido de texto en tiempo real, detectando comportamientos inadecuados mediante palabras clave o plantillas de denuncia. Equipos de moderadores responden r\u00e1pidamente a las denuncias, garantizando el seguimiento de los casos complejos mediante intervenci\u00f3n humana. Los usuarios disponen de herramientas intuitivas para bloquear o denunciar contactos no deseados con s\u00f3lo pulsar un bot\u00f3n, lo que les da una mayor sensaci\u00f3n de control. Unas directrices comunitarias claras definen el comportamiento aceptable, fomentando el respeto y la cortes\u00eda en las interacciones globales.<\/p>\n\n\n\n<ul class=\"wp-block-list\">\n<li>Protocolos avanzados de cifrado para <strong>m\u00e1xima confidencialidad de las conversaciones<\/strong>.<\/li>\n\n\n\n<li>Un sistema de moderaci\u00f3n h\u00edbrido (IA + equipos dedicados) que garantice <strong>un espacio seguro<\/strong>.<\/li>\n\n\n\n<li><strong>Opciones inmediatas de bloqueo y notificaci\u00f3n<\/strong> para una gesti\u00f3n proactiva de las interacciones.<\/li>\n\n\n\n<li><strong>Ajustes de privacidad flexibles<\/strong>Esto te permite adaptar la visibilidad de tu perfil y las notificaciones.<\/li>\n<\/ul>\n\n\n\n<h2 class=\"wp-block-heading\" id=\"comment-demarrer-votre-premiere-conversation-sur-instacams\">\u00bfC\u00f3mo iniciar la primera conversaci\u00f3n en InstaCams?<\/h2>\n\n\n\n<h3 class=\"wp-block-heading\" id=\"votre-guide-pas-a-pas-pour-une-connexion-reussie\">Su gu\u00eda paso a paso para una conexi\u00f3n satisfactoria<\/h3>\n\n\n\n<p>InstaCams te conecta con usuarios de todo el mundo en cuesti\u00f3n de segundos. Con una interfaz sencilla y un proceso intuitivo, <strong>puede participar en debates espont\u00e1neos y aut\u00e9nticos<\/strong>donde cada clic abre una puerta a una nueva historia.<\/p>\n\n\n\n<ol class=\"wp-block-list\">\n<li><strong>Prepare su equipo<\/strong> Activa tu webcam y comprueba que tu micr\u00f3fono funciona. Una conexi\u00f3n a Internet fluida y una iluminaci\u00f3n adecuada garantizan una visibilidad clara para causar una c\u00e1lida primera impresi\u00f3n.<\/li>\n\n\n\n<li><strong>Iniciar la conexi\u00f3n<\/strong> Entra en el sitio y haz clic en \"Empezar a chatear\". En un instante, el algoritmo de emparejamiento instant\u00e1neo te conecta con un usuario al azar, sin esperas ni complejidades.<\/li>\n\n\n\n<li><strong>Personalizar la experiencia (opcional)<\/strong> Cree una cuenta gratuita en unos pocos clics para definir sus preferencias (idioma, intereses). As\u00ed afinar\u00e1s las coincidencias, aumentando tus posibilidades de conocer perfiles que se ajusten a tus expectativas.<\/li>\n\n\n\n<li><strong>Iniciar una conversaci\u00f3n<\/strong> Sea curioso y respetuoso. Empieza con una pregunta abierta como \"\u00bfCu\u00e1l es tu plato tradicional favorito?\" para crear un intercambio natural y atractivo.<\/li>\n<\/ol>\n\n\n\n<p>Presente en m\u00e1s de 100 pa\u00edses, InstaCams combina rapidez, seguridad (cifrado de extremo a extremo) y accesibilidad en todos los dispositivos (smartphones, ordenadores, tabletas). Esta plataforma fomenta <strong>conexiones humanas positivas<\/strong>ideal para practicar un idioma, descubrir nuevas culturas o simplemente charlar amigablemente. \u00bfListo para sonre\u00edr a lo desconocido?<\/p>\n\n\n\n<p>InstaCams reinventa los intercambios en l\u00ednea con una plataforma intuitiva y segura para <strong>encuentros aleatorios en v\u00eddeo<\/strong>. Acceso sin registro, traducci\u00f3n en tiempo real y herramientas innovadoras <strong>superar las barreras culturales y ling\u00fc\u00edsticas<\/strong>. Ideal para intercambios espont\u00e1neos o estructurados, permite <strong>combina sencillez, calidad y seguridad<\/strong> para una experiencia conectada.<\/p>\n\n\n\n<h2 class=\"wp-block-heading\">PREGUNTAS FRECUENTES<\/h2>\n\n\n\n<h3 class=\"wp-block-heading\">\u00bfPuedo utilizar Instacams sin crear una cuenta?<\/h3>\n\n\n\n<p>S\u00ed, Instacams ofrece un <strong>acceso inmediato sin necesidad de registrarse<\/strong>. S\u00f3lo tiene que seleccionar su g\u00e9nero y hacer clic en \"Empezar a chatear\" para <strong>ponerse en contacto aleatoriamente con un usuario de cualquier parte del mundo<\/strong>. Esta facilidad de uso le permite <strong>iniciar una conversaci\u00f3n por v\u00eddeo en menos de 10 segundos<\/strong>Es ideal para quienes quieren evitar los tr\u00e1mites burocr\u00e1ticos. No obstante, sigue existiendo la opci\u00f3n de registrarse para personalizar sus preferencias (idioma, \u00e1reas de inter\u00e9s) y acceder a funciones avanzadas.<\/p>\n\n\n\n<h3 class=\"wp-block-heading\">\u00bfC\u00f3mo garantiza Instacams la seguridad de los usuarios?<\/h3>\n\n\n\n<p>Instacams pone el <strong>seguridad y confidencialidad en el centro de sus operaciones<\/strong>. Las llamadas y los mensajes est\u00e1n protegidos mediante cifrado de extremo a extremo, lo que garantiza que <strong>s\u00f3lo los participantes pueden acceder al contenido<\/strong> intercambios. Herramientas para <strong>moderaci\u00f3n combinando IA y equipos humanos<\/strong> supervisan las interacciones en tiempo real, mientras que los usuarios pueden bloquear o denunciar cualquier comportamiento inadecuado. Los ajustes avanzados (autenticaci\u00f3n de dos factores, visibilidad del perfil) tambi\u00e9n mejoran la protecci\u00f3n de los datos personales.<\/p>\n\n\n\n<h3 class=\"wp-block-heading\">\u00bfSe pueden utilizar las Instacam en un tel\u00e9fono o una tableta?<\/h3>\n\n\n\n<p>Por supuesto. Instacams est\u00e1 dise\u00f1ado para su uso en <strong>todos los medios<\/strong> ordenadores, tel\u00e9fonos inteligentes y tabletas. <strong>No requiere descarga ni instalaci\u00f3n<\/strong>La interfaz se adapta autom\u00e1ticamente a la pantalla, con una navegaci\u00f3n intuitiva y funciones como los temas claros\/oscuros para una facilidad de uso \u00f3ptima, tanto si est\u00e1s en casa como de viaje. La interfaz se adapta autom\u00e1ticamente a la pantalla, con una navegaci\u00f3n intuitiva y funciones como los temas claros\/oscuros para facilitar al m\u00e1ximo su uso, tanto en casa como fuera de ella.<\/p>\n\n\n\n<h3 class=\"wp-block-heading\">\u00bfSe puede personalizar el sistema de emparejamiento aleatorio?<\/h3>\n\n\n\n<p>La coincidencia aleatoria, una firma de Instacams, es <strong>dise\u00f1ado para sorprender sin perder fluidez<\/strong>. Un algoritmo inteligente conecta a los usuarios al instante, con la opci\u00f3n de establecer preferencias como el idioma o los intereses para afinar los resultados. Si un debate no es de su agrado, basta con hacer clic en \"Siguiente\". <strong>le redirige a un nuevo interlocutor<\/strong>. Este enfoque combina espontaneidad y control, fomentando intercambios variados y atractivos.<\/p>\n\n\n\n<h3 class=\"wp-block-heading\">\u00bfC\u00f3mo funcionan las videollamadas en grupo con Instacams?<\/h3>\n\n\n\n<p>Instacams permite <strong>debates en grupo con hasta 100 participantes<\/strong>ideal para eventos como seminarios web, veladas con amigos o reuniones de negocios. Las herramientas de gesti\u00f3n (roles asignados, salas dedicadas) ayudan a <strong>estructuraci\u00f3n de las interacciones<\/strong>. La calidad HD (hasta 1080p) y el audio de alta fidelidad garantizan <strong>una experiencia de inmersi\u00f3n<\/strong>El sitio tambi\u00e9n ofrece otras funciones, como pantalla compartida y encuestas en directo, para mejorar los intercambios. La moderaci\u00f3n autom\u00e1tica y humana evita los abusos, garantizando <strong>un entorno de colaboraci\u00f3n y respeto<\/strong>.<\/p>\n\n\n\n<a href=\"https:\/\/insta-cams.de\/\" target=\"_blank\" rel=\"noopener\">Instacams Deutsch<\/a> | \n<a href=\"https:\/\/instacams.at\/\" target=\"_blank\" rel=\"noopener\">Instacams Deutsch (AT)<\/a> | \n<a href=\"https:\/\/insta-cams.uk\/\" target=\"_blank\" rel=\"noopener\">Instacams English<\/a> | \n<a href=\"https:\/\/instacams.es\/\" target=\"_blank\" rel=\"noopener\">Instacams Espa\u00f1ol<\/a> |  \n<a href=\"https:\/\/instacams.it\/\" target=\"_blank\" rel=\"noopener\">Instacams Italiano<\/a> | \n<a href=\"https:\/\/insta-cams.nl\/\" instacams target=\"_blank\" rel=\"noopener\">Nederlands<\/a> | \n<a href=\"https:\/\/instacams.pt\/\" target=\"_blank\" rel=\"noopener\">Instacams Portugu\u00eas<\/a> | \n<a href=\"https:\/\/insta-cams.pl\/\" target=\"_blank\" rel=\"noopener\">Instacams Polski<\/a> | \n<a href=\"https:\/\/insta-cams.cz\/\" target=\"_blank\" rel=\"noopener\">Instacams \u010ce\u0161tina<\/a> | \n<a href=\"https:\/\/insta-cams.dk\/\" target=\"_blank\" rel=\"noopener\">Instacams Dansk<\/a>\n<\/div>\n\n\n\n<p><\/p>","protected":false},"excerpt":{"rendered":"<p>INSTACAMS OFFICIEL : CHAT DE RENCONTRE ALEATOIRE Inscrivez-vous maintenant sur INSTA CAMS et profitez de 50 cr\u00e9dits OFFERTS \u00e0 votre inscription. S&rsquo;INSCRIRE HOMME S&rsquo;INSCRIRE FEMME Instacams : rejoignez la communaut\u00e9 mondiale d&rsquo;un clic Vous en avez assez des messageries rigides o\u00f9 chaque interaction semble pr\u00e9visible ? Instacams bouscule les codes avec son chat vid\u00e9o al\u00e9atoire &#8230; <a title=\"home1\" class=\"read-more\" href=\"https:\/\/insta-cams.eu\/es\/\" aria-label=\"Leer m\u00e1s sobre home1\">Leer m\u00e1s<\/a><\/p>","protected":false},"author":1,"featured_media":0,"parent":0,"menu_order":0,"comment_status":"closed","ping_status":"closed","template":"","meta":{"footnotes":""},"class_list":["post-58","page","type-page","status-publish"],"_links":{"self":[{"href":"https:\/\/insta-cams.eu\/es\/wp-json\/wp\/v2\/pages\/58","targetHints":{"allow":["GET"]}}],"collection":[{"href":"https:\/\/insta-cams.eu\/es\/wp-json\/wp\/v2\/pages"}],"about":[{"href":"https:\/\/insta-cams.eu\/es\/wp-json\/wp\/v2\/types\/page"}],"author":[{"embeddable":true,"href":"https:\/\/insta-cams.eu\/es\/wp-json\/wp\/v2\/users\/1"}],"replies":[{"embeddable":true,"href":"https:\/\/insta-cams.eu\/es\/wp-json\/wp\/v2\/comments?post=58"}],"version-history":[{"count":55,"href":"https:\/\/insta-cams.eu\/es\/wp-json\/wp\/v2\/pages\/58\/revisions"}],"predecessor-version":[{"id":255,"href":"https:\/\/insta-cams.eu\/es\/wp-json\/wp\/v2\/pages\/58\/revisions\/255"}],"wp:attachment":[{"href":"https:\/\/insta-cams.eu\/es\/wp-json\/wp\/v2\/media?parent=58"}],"curies":[{"name":"wp","href":"https:\/\/api.w.org\/{rel}","templated":true}]}}