{"id":58,"date":"2025-10-28T04:39:00","date_gmt":"2025-10-28T04:39:00","guid":{"rendered":"https:\/\/insta-cams.eu\/?page_id=58"},"modified":"2025-12-29T16:38:44","modified_gmt":"2025-12-29T16:38:44","slug":"home1","status":"publish","type":"page","link":"https:\/\/insta-cams.eu\/et\/","title":{"rendered":"home1"},"content":{"rendered":"<section class=\"gb-element-c0819d6c banner\">\n<div class=\"gb-element-0659d418\">\n<div class=\"wp-block-columns is-layout-flex wp-container-core-columns-is-layout-9d6595d7 wp-block-columns-is-layout-flex\">\n<div class=\"wp-block-column is-layout-flow wp-block-column-is-layout-flow\">\n<h2 class=\"gb-text gb-text-155ce4c1\">AMETLIKUD INSTACAMS : JUHUSLIK TUTVUMINE CHAT<\/h2>\n\n\n\n<p class=\"has-text-align-center has-base-3-color has-text-color has-link-color wp-elements-c76d1f6cc9fa53b162a03c9e8863f2b2\"><strong>Registreeru kohe INSTA CAMSis ja kasuta registreerimisel 50 TASUTA krediiti.<\/strong><\/p>\n\n\n\n<div class=\"wp-block-columns is-layout-flex wp-container-core-columns-is-layout-9d6595d7 wp-block-columns-is-layout-flex\">\n<div class=\"wp-block-column is-layout-flow wp-block-column-is-layout-flow\" style=\"flex-basis:20px\"><\/div>\n\n\n\n<div class=\"wp-block-column is-layout-flow wp-block-column-is-layout-flow\">\n<a class=\"gb-text gb-text-50c1af7c\" href=\"\/connexion\/\">REGISTREERU MEHEKS<\/a>\n<\/div>\n\n\n\n<div class=\"wp-block-column is-layout-flow wp-block-column-is-layout-flow\">\n<a class=\"gb-text gb-text-6d7e1e7e\" href=\"\/connexion\/\">REGISTREERIGE NAINE<\/a>\n<\/div>\n\n\n\n<div class=\"wp-block-column is-layout-flow wp-block-column-is-layout-flow\" style=\"flex-basis:20px\"><\/div>\n<\/div>\n<\/div>\n<\/div>\n<\/div>\n<\/section>\n\n\n\n<div class=\"gb-element-c35e94aa\">\n<h2 class=\"wp-block-heading\">Instacams: liituge \u00fclemaailmse kogukonnaga \u00fche kl\u00f5psuga<\/h2>\n\n\n\n<p>Vous en avez assez des messageries rigides o\u00f9 chaque interaction semble pr\u00e9visible ? <a href=\"https:\/\/instacams.fr\" data-type=\"link\" data-id=\"https:\/\/instacams.fr\" target=\"_blank\" rel=\"noopener\">Instacams<\/a> bouscule les codes avec son chat vid\u00e9o al\u00e9atoire qui vous connecte en un clic \u00e0 des inconnus du globe, sans inscription ni contrainte. Imaginez un espace o\u00f9 la traduction en temps r\u00e9el dissout les barri\u00e8res linguistiques, o\u00f9 un algorithme de jumelage affine vos rencontres selon vos centres d\u2019int\u00e9r\u00eat, ou o\u00f9 un chat de groupe lie jusqu\u2019\u00e0 100 participants pour des \u00e9v\u00e9nements virtuels ou des \u00e9changes collectifs. Plus qu\u2019une plateforme, <strong>v\u00e4rav autentsetele vahetustele<\/strong>K\u00f5ik HD-videona, mis on k\u00e4ttesaadav arvutis, tahvelarvutis v\u00f5i nutitelefonis.<\/p>\n\n\n\n<ol class=\"wp-block-list\">\n<li><a href=\"#Instacams-connectez-vous-au-monde-entier-en-un-clic\">Instacams: \u00fchenda kogu maailmaga \u00fche kl\u00f5psuga<\/a><\/li>\n\n\n\n<li><a href=\"#des-fonctionnalites-con\u00e7ues-pour-des-conversations-sans-frontieres\">Piirideta vestluste jaoks loodud funktsioonid<\/a><\/li>\n\n\n\n<li><a href=\"#une-experience-utilisateur-fluide-et-de-haute-qualite\">Sujuv ja kvaliteetne kasutajakogemus<\/a><\/li>\n\n\n\n<li><a href=\"#environnement-s\u00fbr-communaut\u00e9-respectueuse\">Turvaline keskkond ja lugupidav kogukond<\/a><\/li>\n\n\n\n<li><a href=\"#comment-demarrer-votre-premiere-conversation-sur-instacams\">Kuidas alustada oma esimest vestlust InstaCamsis?<\/a><\/li>\n<\/ol>\n\n\n\n<h2 class=\"wp-block-heading\" id=\"Instacams-connectez-vous-au-monde-entier-en-un-clic\">Instacams: \u00fchenda kogu maailmaga \u00fche kl\u00f5psuga<\/h2>\n\n\n\n<p>Soovid uurida erinevaid kultuure ilma ekraanilt lahkumata? InstaCams avab uksed uude maailma. <strong>\u00fclemaailmne v\u00f5rk, kus iga \u00fchendus on avastus<\/strong>. Kujutage ette, et vestlete kellegagi Tokyos, samal ajal kui istute mugavalt kodus Pariisis...<\/p>\n\n\n\n<h3 class=\"wp-block-heading\" id=\"Qu-est-ce-que-la-plateforme-instacams\">Mis on Instacami platvorm?<\/h3>\n\n\n\n<p>InstaCams on platvorm <strong>instant video dating<\/strong> mis muudab teie ekraani rahvusvaheliseks s\u00f5lmpunktiks. T\u00e4nu kiirele sobitusalgoritmile saate \u00fchendust inimestega rohkem kui 100 erinevast riigist. Ei ole vaja l\u00f5putuid vorme, vaid ainult \u00fcks kl\u00f5ps, et alustada seiklust.<\/p>\n\n\n\n<p>Kontseptsioon p\u00f5hineb spontaansusel: miljonite kasutajate seas, <strong>iga \u00fchendus on \u00fcllatus<\/strong>. Kas soovite laiendada oma kultuurilisi teadmisi v\u00f5i lihtsalt naeratusi vahetada, InstaCams'i kogukond tervitab teid turvalises ja lugupidavas keskkonnas.<\/p>\n\n\n\n<h3 class=\"wp-block-heading\" id=\"Une-connexion-imm-iate-et-sans-contraintes\">Kohene \u00fchendus ilma piiranguteta<\/h3>\n\n\n\n<p>Tahad vestelda ilma ootamata? Ei ole vaja registreeruda, ei ole vaja keerulisi seadistusi: lihtsalt k\u00e4ivitage veebikaamera ja leidke keegi, kellega r\u00e4\u00e4kida, v\u00e4hem kui 10 sekundiga. Selline sujuvus <strong>meelitab igal kuul miljoneid kasutajaid<\/strong>alati uusi \u00fchendusi otsides.<\/p>\n\n\n\n<p>Kui vestlus ei sobi teile, siis lihtne kl\u00f5ps viib teid uue n\u00e4o, uue loo juurde. Selline vahetus\u00f5igus koos intuitiivse kasutajaliidesega t\u00e4hendab, et <strong>ideaalne vahend barj\u00e4\u00e4rivabade koosolekute korraldamiseks<\/strong>. Proovige seda, ja te v\u00f5ite kohtuda tulevase s\u00f5braga... v\u00f5i isegi t\u00f6\u00f6kaaslasega teisel pool maailma!<\/p>\n\n\n\n<figure class=\"wp-block-table\"><table class=\"has-fixed-layout\"><thead><tr><th>Funktsionaalsus<\/th><th>Kirjeldus<\/th><\/tr><\/thead><tbody><tr><td>\u00dchendus<\/td><td>Kiireks juurdep\u00e4\u00e4suks ei ole vaja registreerimist.<\/td><\/tr><tr><td>Twinning<\/td><td>Roulette'i t\u00fc\u00fcpi algoritm koos soolise filtriga.<\/td><\/tr><tr><td>Kommunikatsioon<\/td><td>Reaalajas t\u00f5lge, mis on integreeritud tekstivestlusse.<\/td><\/tr><tr><td>Grupivestlus<\/td><td>Mahutab kuni 100 osalejat.<\/td><\/tr><tr><td>Kvaliteet<\/td><td>HD-video- ja k\u00f5rglahutusega heli\u00fclekanded.<\/td><\/tr><tr><td>Juurdep\u00e4\u00e4setavus<\/td><td>\u00dchildub arvutite, tahvelarvutite ja nutitelefonidega ilma paigalduseta.<\/td><\/tr><\/tbody><\/table><\/figure>\n\n\n\n<h2 class=\"wp-block-heading\" id=\"des-fonctionnalites-con\u00e7ues-pour-des-conversations-sans-frontieres\">Piirideta vestluste jaoks loodud funktsioonid<\/h2>\n\n\n\n<h3 class=\"wp-block-heading\" id=\"un-algorithme-de-jumelage-pour-des-rencontres-surprenantes\">\u00dcllatavate kohtumiste sobitusalgoritm<\/h3>\n\n\n\n<p>InstaCams on oma kohese sobitamise algoritmiga muutmas inimeste suhtlemist. Ainult \u00fche kl\u00f5psuga on rakendus <strong>\u00fchendab kasutajaid automaatselt inimestega \u00fcle kogu maailma<\/strong>. See \"ruleti\" t\u00fc\u00fcpi s\u00fcsteem toob iga \u00fchenduse puhul kaasa \u00fcllatuselemendi, mis muudab iga seansi ainulaadseks ja p\u00f5nevaks.<\/p>\n\n\n\n<p>Platvorm pakub juhuslikku videovestlust naistega, mis on eksklusiivne funktsioon, mis v\u00f5imaldab teil kohtuda erineva taustaga kasutajatega. Eelistused (riik, keel, huvid) m\u00f5jutavad peensusteni sobitamise protsessi, s\u00e4ilitades samal ajal p\u00f5hilise: <strong>ootamatu kohtumise inimlik seiklus<\/strong>.<\/p>\n\n\n\n<h3 class=\"wp-block-heading\" id=\"brisez-la-barriere-de-la-langue-avec-la-traduction-en-temps-reel\">Murda keelebarj\u00e4\u00e4r reaalajas t\u00f5lkega<\/h3>\n\n\n\n<p>Kujutage ette, et vestlete Tokio elanikuga prantsuse keelt r\u00e4\u00e4kides. T\u00e4nu integreeritud keelet\u00f5lkele, <strong>InstaCams teeb selle reaalsuse k\u00f5igile k\u00e4ttesaadavaks<\/strong>. See funktsioon de\u0161ifreerib tekstis\u00f5numeid koheselt, v\u00f5imaldades sujuvat suhtlust eri keelt k\u00f5nelevate inimeste vahel.<\/p>\n\n\n\n<p>Keelebarj\u00e4\u00e4ri k\u00f5rvaldades avab platvorm ukse <strong>t\u00f5eliselt globaalne kogukond kultuuri jagamiseks<\/strong>. N\u00fc\u00fcd saate vestelda kasutajatega P\u00f5hja-Ameerikast, Aasiast ja Aafrikast, muutes iga vestluse rikastavaks avastuseks.<\/p>\n\n\n\n<h3 class=\"wp-block-heading\" id=\"partagez-des-moments-a-plusieurs-avec-le-chat-de-groupe\">Jagage hetki koos grupivestlusega<\/h3>\n\n\n\n<p>InstaCams l\u00e4heb kaugemale lihtsast n\u00e4ost n\u00e4kku suhtlemisest. Selle <strong>kuni 100 osalejale m\u00f5eldud grupivideovestlus leiutab uuesti \u00fcles<\/strong> sotsiaalne ja professionaalne suhtlemine. Korraldage nutitelefonist v\u00f5i arvutist veebip\u00f5hiseid m\u00e4ngu\u00f5htuid, kogukonna kohtumisi v\u00f5i hariduslikke veebiseminare.<\/p>\n\n\n\n<p>Selline paindlikkus muudab platvormi mitmek\u00fclgseks ruumiks, kus ideed saavad vabalt voolata. Madal latentsus ja HD-kvaliteet tagavad k\u00f5rgetasemelise <strong>kaasahaarav kogemus<\/strong>Kas olete pealtvaataja v\u00f5i \u00fcrituse korraldaja.<\/p>\n\n\n\n<h2 class=\"wp-block-heading\" id=\"une-experience-utilisateur-fluide-et-de-haute-qualite\">Sujuv ja kvaliteetne kasutajakogemus<\/h2>\n\n\n\n<p>InstaCams tagab <strong>kohene, h\u00f5\u00f5rdumisvaba \u00fchendus<\/strong>See on v\u00f5imalik t\u00e4nu t\u00e4iustatud tehnoloogiatele ja lihtsale kasutajaliidesele. Platvorm kohandub kasutajate vajadustele, kes soovivad selget ja loomulikku teabevahetust, v\u00e4hendades samal ajal tehnilisi takistusi.<\/p>\n\n\n\n<h3 class=\"wp-block-heading\" id=\"une-qualite-video-et-audio-immersive\">Kaasahaarav video- ja helikvaliteet<\/h3>\n\n\n\n<p>InstaCams'i vestlused saavad kasu HD-videost kuni 1080p, mille v\u00e4rskendussagedus on 60 kaadrit sekundis. Viivitus on v\u00e4hendatud, v\u00e4ltides viivitust ja muutes suhtluse loomulikuks. K\u00f5rgetasemeline heli koos \u00fcmbritseva m\u00fcra summutamise tehnoloogiaga tagab kristallselge suhtluse. Need kombineeritud tehnoloogiad muudavad iga suhtluse <strong>kaasahaarav kogemus<\/strong>Iga s\u00f5na ja \u017eest on tabatud t\u00e4pselt. Platvorm kohandab videokvaliteeti automaatselt vastavalt ribalaiusele, tagades sujuva voogedastuse isegi muutuva \u00fchenduse korral.<\/p>\n\n\n\n<h3 class=\"wp-block-heading\" id=\"une-plateforme-accessible-partout-et-pour-tous\">K\u00f5ikjal ja k\u00f5igile k\u00e4ttesaadav platvorm<\/h3>\n\n\n\n<p>InstaCams on m\u00f5eldud kasutamiseks mis tahes seadmes: arvutis, tahvelarvutis v\u00f5i nutitelefonis, ilma et oleks vaja paigaldada mingit tarkvara. Selge ja intuitiivne kasutajaliides t\u00e4hendab, et isegi algajad saavad sellega kohe hakkama. Valikud, nagu heledad\/tumedad teemad ja integreeritud t\u00f5lge, muudavad kohandamise ja rahvusvahelise suhtluse lihtsaks. Seega saab iga kasutaja, olenemata sellest, kus ta on ja millise seadmega ta t\u00f6\u00f6tab, kasu <strong>kohene ja lihtne juurdep\u00e4\u00e4s, mis suurendab sotsiaalset kaasatust<\/strong> t\u00e4nu mitmekesisele kogukonnale.<\/p>\n\n\n\n<ul class=\"wp-block-list\">\n<li>Sujuv video voogedastus <strong>HD-kvaliteet teravate piltide saamiseks<\/strong>.<\/li>\n\n\n\n<li><strong>Kristallselge heli<\/strong> t\u00e4nu k\u00f5rgekvaliteedilisele helile ja keskkonnam\u00fcra v\u00e4hendamisele.<\/li>\n\n\n\n<li>Intuitiivne kasutajaliides, mis on m\u00f5eldud <strong>kohene, vaevata k\u00e4sitsemine<\/strong>.<\/li>\n\n\n\n<li>A <strong>otsene juurdep\u00e4\u00e4s veebibrauserist<\/strong>mis tahes seadmes.<\/li>\n<\/ul>\n\n\n\n<h2 class=\"wp-block-heading\" id=\"environnement-s\u00fbr-communaut\u00e9-respectueuse\">Turvaline keskkond ja lugupidav kogukond<\/h2>\n\n\n\n<h3 class=\"wp-block-heading\" id=\"protection-vie-privee\">Teie eraelu puutumatuse kaitsmine on esmat\u00e4htis<\/h3>\n\n\n\n<p>InstaCams paneb <strong>ohutus on oma tegevuse keskmes<\/strong> t\u00e4nu t\u00e4iustatud kr\u00fcpteerimisprotokollidele. Need tehnoloogiad tagavad videovahetuse konfidentsiaalsuse ja blokeerivad igasuguse volitamata juurdep\u00e4\u00e4su. Regulaarsed turvaauditid aitavad neid k\u00f5rgeid standardeid s\u00e4ilitada, tuvastades ja parandades ennetavalt haavatavusi. Kasutajad saavad kasutada kohandatavaid konfidentsiaalsusvalikuid, n\u00e4iteks oma profiili n\u00e4htavuse haldamine ja kahefaktorilise autentimise aktiveerimine (SMSi v\u00f5i spetsiaalse rakenduse abil), mis tugevdab kontode kaitset. Anon\u00fc\u00fcmsust soodustatakse minimalistliku registreerimisprotsessi abil, millega v\u00e4lditakse tundliku teabe kogumist.<\/p>\n\n\n\n<h3 class=\"wp-block-heading\" id=\"outils-moderation\">Modereerimisvahendid s\u00f5braliku teabevahetuse jaoks<\/h3>\n\n\n\n<p>Positiivse keskkonna s\u00e4ilitamine, <strong>InstaCams \u00fchendab automatiseeritud tehisintellekti filtreerimise ja inimese sekkumise<\/strong>. Tehisintellekt anal\u00fc\u00fcsib videovooge ja tekstisisu reaalajas, tuvastades sobimatu k\u00e4itumise m\u00e4rks\u00f5nade v\u00f5i aruandlusmallide abil. Moderaatorite meeskonnad reageerivad aruannetele kiiresti, tagades, et keerulistele juhtumitele j\u00e4rgneb inimsekkumine. Kasutajatel on intuitiivsed vahendid, millega nad saavad soovimatust kontaktist nupuvajutusega blokeerida v\u00f5i sellest teatada, andes neile suurema kontrolli. Selged kogukonna suunised m\u00e4\u00e4ratlevad vastuv\u00f5etava k\u00e4itumise, edendades lugupidamist ja viisakust globaalses suhtluses.<\/p>\n\n\n\n<ul class=\"wp-block-list\">\n<li>T\u00e4iustatud kr\u00fcpteerimisprotokollid <strong>vestluste maksimaalne konfidentsiaalsus<\/strong>.<\/li>\n\n\n\n<li>H\u00fcbriidne modereerimiss\u00fcsteem (tehisintellekt + spetsiaalsed meeskonnad), mis tagab, et <strong>turvaline ruum<\/strong>.<\/li>\n\n\n\n<li><strong>Kohene blokeerimine ja aruandlusv\u00f5imalused<\/strong> proaktiivseks suhtluse haldamiseks.<\/li>\n\n\n\n<li><strong>Paindlikud privaatsusseaded<\/strong>See v\u00f5imaldab teil kohandada oma profiili ja teavituste n\u00e4htavust.<\/li>\n<\/ul>\n\n\n\n<h2 class=\"wp-block-heading\" id=\"comment-demarrer-votre-premiere-conversation-sur-instacams\">Kuidas alustada oma esimest vestlust InstaCamsis?<\/h2>\n\n\n\n<h3 class=\"wp-block-heading\" id=\"votre-guide-pas-a-pas-pour-une-connexion-reussie\">Teie samm-sammuline juhend eduka \u00fchenduse loomiseks<\/h3>\n\n\n\n<p>InstaCams \u00fchendab sind sekunditega kogu maailma kasutajatega. Lihtsa kasutajaliidese ja intuitiivse protsessiga, <strong>saate osaleda spontaansetes, autentsetes aruteludes<\/strong>kus iga kl\u00f5ps avab ukse uude loosse.<\/p>\n\n\n\n<ol class=\"wp-block-list\">\n<li><strong>Valmistage oma seadmed ette<\/strong> Aktiveerige veebikaamera ja kontrollige, et mikrofon t\u00f6\u00f6tab. Sujuv interneti\u00fchendus ja \u00f5ige valgustus tagavad selge n\u00e4htavuse, et j\u00e4tta soe esmamulje.<\/li>\n\n\n\n<li><strong>\u00dchenduse k\u00e4ivitamine<\/strong> Mine saidile ja kl\u00f5psa \"Start Chatting\". Hetkel \u00fchendab kohene sobitusalgoritm teid juhusliku kasutajaga, ilma ootamise ja keerukuseta.<\/li>\n\n\n\n<li><strong>Kogemuse kohandamine (valikuline)<\/strong> Looge tasuta konto vaid paari klikiga, et m\u00e4\u00e4rata oma eelistused (keel, huvid). See t\u00e4psustab vasteid, suurendades teie v\u00f5imalusi kohtuda teie ootustele vastavate profiilidega.<\/li>\n\n\n\n<li><strong>Alusta vestlust<\/strong> Olge uudishimulik ja lugupidav. Alustage avatud k\u00fcsimusega, n\u00e4iteks \"Mis on teie traditsiooniline lemmikroog?\", et tekiks loomulik ja kaasahaarav m\u00f5ttevahetus.<\/li>\n<\/ol>\n\n\n\n<p>Enam kui 100 riigis tegutsev InstaCams \u00fchendab endas kiiruse, turvalisuse (otsast l\u00f5puni kr\u00fcpteerimine) ja ligip\u00e4\u00e4setavuse k\u00f5igis seadmetes (nutitelefonid, arvutid, tahvelarvutid). See platvorm julgustab <strong>positiivsed inimlikud sidemed<\/strong>ideaalne keelepraktika, uute kultuuride avastamine v\u00f5i lihtsalt s\u00f5bralik vestlus. Kas olete valmis naeratama tundmatule?<\/p>\n\n\n\n<p>InstaCams leiutab uuesti online-vahetuse intuitiivse ja turvalise platvormiga, mille abil saab <strong>juhuslikud videokohtumised<\/strong>. Registreerimisvaba juurdep\u00e4\u00e4s, reaalajas t\u00f5lkimine ja uuenduslikud t\u00f6\u00f6riistad <strong>kultuuriliste ja keeleliste barj\u00e4\u00e4ride \u00fcletamine<\/strong>. Ideaalne spontaanseks v\u00f5i struktureeritud vahetuseks, see on <strong>\u00fchendab endas lihtsuse, kvaliteedi ja ohutuse<\/strong> \u00fchendatud kogemuse saamiseks.<\/p>\n\n\n\n<h2 class=\"wp-block-heading\">KKK<\/h2>\n\n\n\n<h3 class=\"wp-block-heading\">Kas ma saan Instacam'i kasutada ilma kontot loomata?<\/h3>\n\n\n\n<p>Jah, Instacams pakub <strong>kohene juurdep\u00e4\u00e4s ilma registreerimise vajaduseta<\/strong>. Lihtsalt valige oma \u017eanr ja kl\u00f5psake \"Start Chatting\", et <strong>panna juhuslik kontakt kasutaja \u00fcksk\u00f5ik millisest maailma paigast.<\/strong>. See kasutusmugavus t\u00e4hendab, et saate <strong>alustada videovestlust v\u00e4hem kui 10 sekundiga<\/strong>See on ideaalne neile, kes soovivad v\u00e4ltida b\u00fcrokraatiat. Registreerimisv\u00f5imalus on siiski saadaval, et kohandada oma eelistusi (keel, huvipakkuvad valdkonnad) ja p\u00e4\u00e4seda juurde t\u00e4iustatud funktsioonidele.<\/p>\n\n\n\n<h3 class=\"wp-block-heading\">Kuidas tagab Instacams kasutajate ohutuse?<\/h3>\n\n\n\n<p>Instacams paneb <strong>turvalisus ja konfidentsiaalsus oma tegevuse keskmes<\/strong>. K\u00f5ned ja s\u00f5numid on kaitstud otsast-otsani kr\u00fcpteerimisega, mis tagab, et <strong>ainult osalejatel on juurdep\u00e4\u00e4s sisule<\/strong> vahetused. T\u00f6\u00f6riistad <strong>modereerimine, mis \u00fchendab tehisintellekti ja inimmeeskonnad<\/strong> j\u00e4lgida suhtlemist reaalajas, samas kui kasutajad saavad blokeerida v\u00f5i teatada sobimatust k\u00e4itumisest. T\u00e4iustatud seaded (kahefaktoriline autentimine, profiili n\u00e4htavus) suurendavad ka isikuandmete kaitset.<\/p>\n\n\n\n<h3 class=\"wp-block-heading\">Kas Instacam'i saab kasutada telefonis v\u00f5i tahvelarvutis?<\/h3>\n\n\n\n<p>Absoluutselt! Instacams on m\u00f5eldud kasutamiseks <strong>k\u00f5ik meediakanalid<\/strong> arvutid, nutitelefonid ja tahvelarvutid. <strong>Allalaadimist v\u00f5i paigaldamist ei ole vaja<\/strong>Kasutajaliides kohandub automaatselt ekraanile, intuitiivne navigeerimine ja sellised funktsioonid nagu heledad\/tumedad teemad tagavad optimaalse kasutusmugavuse nii kodus kui ka liikvel olles. Kasutajaliides kohandub automaatselt ekraanile, intuitiivne navigeerimine ja sellised funktsioonid nagu heledad\/tumedad teemad tagavad optimaalse kasutusmugavuse, olenemata sellest, kas olete kodus v\u00f5i liikvel.<\/p>\n\n\n\n<h3 class=\"wp-block-heading\">Kas juhusliku sobitamise s\u00fcsteemi saab kohandada?<\/h3>\n\n\n\n<p>Juhuslik sobitamine, Instacami allkiri, on <strong>kavandatud \u00fcllatama, j\u00e4\u00e4des samas voolavaks<\/strong>. Intelligentne algoritm \u00fchendab kasutajad koheselt, kusjuures tulemuste t\u00e4psustamiseks on v\u00f5imalik m\u00e4\u00e4rata eelistusi, n\u00e4iteks keel v\u00f5i huvid. Kui arutelu ei meeldi teile, kl\u00f5psake lihtsalt nuppu \"Edasi\". <strong>suunab teid uue partneri juurde<\/strong>. Selline l\u00e4henemine \u00fchendab spontaansuse ja kontrolli, soodustades mitmekesist ja huvitavat suhtlemist.<\/p>\n\n\n\n<h3 class=\"wp-block-heading\">Kuidas toimivad grupivideok\u00f5ned Instacamiga?<\/h3>\n\n\n\n<p>Instacams v\u00f5imaldab <strong>kuni 100 osalejaga r\u00fchmaarutelud<\/strong>ideaalsed \u00fcritused, n\u00e4iteks veebiseminarid, \u00f5htu\u00f5htud s\u00f5pradega v\u00f5i \u00e4rikohtumised. Juhtimisvahendid (m\u00e4\u00e4ratud rollid, spetsiaalsed ruumid) aitavad <strong>interaktsioonide struktureerimine<\/strong>. HD-kvaliteet (kuni 1080p) ja kvaliteetne heli tagavad <strong>kaasahaarav kogemus<\/strong>Sait pakub ka mitmeid muid funktsioone, nagu n\u00e4iteks ekraani jagamine ja live-k\u00fcsitlused, et t\u00f5hustada teabevahetust. Automaatne ja inimlik modereerimine takistab kuritarvitusi, tagades, et <strong>koost\u00f6\u00f6valmis ja lugupidav keskkond<\/strong>.<\/p>\n\n\n\n<a href=\"https:\/\/insta-cams.de\/\" target=\"_blank\" rel=\"noopener\">Instacams Deutsch<\/a> | \n<a href=\"https:\/\/instacams.at\/\" target=\"_blank\" rel=\"noopener\">Instacams Deutsch (AT)<\/a> | \n<a href=\"https:\/\/insta-cams.uk\/\" target=\"_blank\" rel=\"noopener\">Instacams English<\/a> | \n<a href=\"https:\/\/instacams.es\/\" target=\"_blank\" rel=\"noopener\">Instacams Espa\u00f1ol<\/a> |  \n<a href=\"https:\/\/instacams.it\/\" target=\"_blank\" rel=\"noopener\">Instacams Italiano<\/a> | \n<a href=\"https:\/\/insta-cams.nl\/\" instacams target=\"_blank\" rel=\"noopener\">Nederlands<\/a> | \n<a href=\"https:\/\/instacams.pt\/\" target=\"_blank\" rel=\"noopener\">Instacams Portugu\u00eas<\/a> | \n<a href=\"https:\/\/insta-cams.pl\/\" target=\"_blank\" rel=\"noopener\">Instacams Polski<\/a> | \n<a href=\"https:\/\/insta-cams.cz\/\" target=\"_blank\" rel=\"noopener\">Instacams \u010ce\u0161tina<\/a> | \n<a href=\"https:\/\/insta-cams.dk\/\" target=\"_blank\" rel=\"noopener\">Instacams Dansk<\/a>\n<\/div>\n\n\n\n<p><\/p>","protected":false},"excerpt":{"rendered":"<p>INSTACAMS OFFICIEL : CHAT DE RENCONTRE ALEATOIRE Inscrivez-vous maintenant sur INSTA CAMS et profitez de 50 cr\u00e9dits OFFERTS \u00e0 votre inscription. S&rsquo;INSCRIRE HOMME S&rsquo;INSCRIRE FEMME Instacams : rejoignez la communaut\u00e9 mondiale d&rsquo;un clic Vous en avez assez des messageries rigides o\u00f9 chaque interaction semble pr\u00e9visible ? Instacams bouscule les codes avec son chat vid\u00e9o al\u00e9atoire &#8230; <a title=\"home1\" class=\"read-more\" href=\"https:\/\/insta-cams.eu\/et\/\" aria-label=\"Read more about home1\">Read more<\/a><\/p>","protected":false},"author":1,"featured_media":0,"parent":0,"menu_order":0,"comment_status":"closed","ping_status":"closed","template":"","meta":{"footnotes":""},"class_list":["post-58","page","type-page","status-publish"],"_links":{"self":[{"href":"https:\/\/insta-cams.eu\/et\/wp-json\/wp\/v2\/pages\/58","targetHints":{"allow":["GET"]}}],"collection":[{"href":"https:\/\/insta-cams.eu\/et\/wp-json\/wp\/v2\/pages"}],"about":[{"href":"https:\/\/insta-cams.eu\/et\/wp-json\/wp\/v2\/types\/page"}],"author":[{"embeddable":true,"href":"https:\/\/insta-cams.eu\/et\/wp-json\/wp\/v2\/users\/1"}],"replies":[{"embeddable":true,"href":"https:\/\/insta-cams.eu\/et\/wp-json\/wp\/v2\/comments?post=58"}],"version-history":[{"count":55,"href":"https:\/\/insta-cams.eu\/et\/wp-json\/wp\/v2\/pages\/58\/revisions"}],"predecessor-version":[{"id":255,"href":"https:\/\/insta-cams.eu\/et\/wp-json\/wp\/v2\/pages\/58\/revisions\/255"}],"wp:attachment":[{"href":"https:\/\/insta-cams.eu\/et\/wp-json\/wp\/v2\/media?parent=58"}],"curies":[{"name":"wp","href":"https:\/\/api.w.org\/{rel}","templated":true}]}}