{"id":58,"date":"2025-10-28T04:39:00","date_gmt":"2025-10-28T04:39:00","guid":{"rendered":"https:\/\/insta-cams.eu\/?page_id=58"},"modified":"2025-12-29T16:38:44","modified_gmt":"2025-12-29T16:38:44","slug":"home1","status":"publish","type":"page","link":"https:\/\/insta-cams.eu\/fi\/","title":{"rendered":"home1"},"content":{"rendered":"<section class=\"gb-element-c0819d6c banner\">\n<div class=\"gb-element-0659d418\">\n<div class=\"wp-block-columns is-layout-flex wp-container-core-columns-is-layout-9d6595d7 wp-block-columns-is-layout-flex\">\n<div class=\"wp-block-column is-layout-flow wp-block-column-is-layout-flow\">\n<h2 class=\"gb-text gb-text-155ce4c1\">VIRALLISET INSTAKAMERAT : SATUNNAINEN DATING CHAT<\/h2>\n\n\n\n<p class=\"has-text-align-center has-base-3-color has-text-color has-link-color wp-elements-c76d1f6cc9fa53b162a03c9e8863f2b2\"><strong>Rekister\u00f6idy nyt INSTA CAMSilla ja hy\u00f6dynn\u00e4 50 ILMAISTA opintopistett\u00e4, kun rekister\u00f6idyt.<\/strong><\/p>\n\n\n\n<div class=\"wp-block-columns is-layout-flex wp-container-core-columns-is-layout-9d6595d7 wp-block-columns-is-layout-flex\">\n<div class=\"wp-block-column is-layout-flow wp-block-column-is-layout-flow\" style=\"flex-basis:20px\"><\/div>\n\n\n\n<div class=\"wp-block-column is-layout-flow wp-block-column-is-layout-flow\">\n<a class=\"gb-text gb-text-50c1af7c\" href=\"\/connexion\/\">REKISTER\u00d6ITY\u00c4 MIEHEKSI<\/a>\n<\/div>\n\n\n\n<div class=\"wp-block-column is-layout-flow wp-block-column-is-layout-flow\">\n<a class=\"gb-text gb-text-6d7e1e7e\" href=\"\/connexion\/\">REKISTER\u00d6I NAINEN<\/a>\n<\/div>\n\n\n\n<div class=\"wp-block-column is-layout-flow wp-block-column-is-layout-flow\" style=\"flex-basis:20px\"><\/div>\n<\/div>\n<\/div>\n<\/div>\n<\/div>\n<\/section>\n\n\n\n<div class=\"gb-element-c35e94aa\">\n<h2 class=\"wp-block-heading\">Instakamerat: liity maailmanlaajuiseen yhteis\u00f6\u00f6n yhdell\u00e4 napsautuksella<\/h2>\n\n\n\n<p>Vous en avez assez des messageries rigides o\u00f9 chaque interaction semble pr\u00e9visible ? <a href=\"https:\/\/instacams.fr\" data-type=\"link\" data-id=\"https:\/\/instacams.fr\" target=\"_blank\" rel=\"noopener\">Instacams<\/a> bouscule les codes avec son chat vid\u00e9o al\u00e9atoire qui vous connecte en un clic \u00e0 des inconnus du globe, sans inscription ni contrainte. Imaginez un espace o\u00f9 la traduction en temps r\u00e9el dissout les barri\u00e8res linguistiques, o\u00f9 un algorithme de jumelage affine vos rencontres selon vos centres d\u2019int\u00e9r\u00eat, ou o\u00f9 un chat de groupe lie jusqu\u2019\u00e0 100 participants pour des \u00e9v\u00e9nements virtuels ou des \u00e9changes collectifs. Plus qu\u2019une plateforme, <strong>portti aitoon vaihtoon<\/strong>Kaikki HD-videona, jota voi katsella tietokoneella, tabletilla tai \u00e4lypuhelimella.<\/p>\n\n\n\n<ol class=\"wp-block-list\">\n<li><a href=\"#Instacams-connectez-vous-au-monde-entier-en-un-clic\">Instakamerat: yhteys koko maailmaan yhdell\u00e4 napsautuksella<\/a><\/li>\n\n\n\n<li><a href=\"#des-fonctionnalites-con\u00e7ues-pour-des-conversations-sans-frontieres\">Rajattomiin keskusteluihin suunnitellut ominaisuudet<\/a><\/li>\n\n\n\n<li><a href=\"#une-experience-utilisateur-fluide-et-de-haute-qualite\">Sujuva, laadukas k\u00e4ytt\u00f6kokemus<\/a><\/li>\n\n\n\n<li><a href=\"#environnement-s\u00fbr-communaut\u00e9-respectueuse\">Turvallinen ymp\u00e4rist\u00f6 ja kunnioittava yhteis\u00f6<\/a><\/li>\n\n\n\n<li><a href=\"#comment-demarrer-votre-premiere-conversation-sur-instacams\">Miten aloitat ensimm\u00e4isen keskustelun InstaCamsissa?<\/a><\/li>\n<\/ol>\n\n\n\n<h2 class=\"wp-block-heading\" id=\"Instacams-connectez-vous-au-monde-entier-en-un-clic\">Instakamerat: yhteys koko maailmaan yhdell\u00e4 napsautuksella<\/h2>\n\n\n\n<p>Haluatko tutustua eri kulttuureihin poistumatta ruudulta? InstaCams avaa ovet uuteen maailmaan. <strong>maailmanlaajuinen verkko, jossa jokainen yhteys on l\u00f6yt\u00f6.<\/strong>. Kuvittele, ett\u00e4 juttelet jonkun kanssa Tokiossa, kun istut mukavasti kotona Pariisissa...<\/p>\n\n\n\n<h3 class=\"wp-block-heading\" id=\"Qu-est-ce-que-la-plateforme-instacams\">Mik\u00e4 on Instacams-alusta?<\/h3>\n\n\n\n<p>InstaCams on alusta <strong>instant video dating<\/strong> joka tekee n\u00e4yt\u00f6st\u00e4si kansainv\u00e4lisen keskuksen. Nopean hakualgoritmin ansiosta voit ottaa yhteytt\u00e4 ihmisiin yli 100 eri maasta. Loputtomia lomakkeita ei tarvita, vain yksi klikkaus ja seikkailu alkaa.<\/p>\n\n\n\n<p>Konsepti perustuu spontaaniuteen: miljoonien k\u00e4ytt\u00e4jien keskuudessa, <strong>jokainen yhteys on yll\u00e4tys<\/strong>. Halusitpa sitten laajentaa kulttuuritiet\u00e4myst\u00e4si tai vain vaihtaa hymyj\u00e4, InstaCams-yhteis\u00f6 toivottaa sinut tervetulleeksi turvalliseen ja kunnioittavaan ymp\u00e4rist\u00f6\u00f6n.<\/p>\n\n\n\n<h3 class=\"wp-block-heading\" id=\"Une-connexion-imm-iate-et-sans-contraintes\">V\u00e4lit\u00f6n yhteys ilman rajoituksia<\/h3>\n\n\n\n<p>Haluatko keskustella odottamatta? Sinun ei tarvitse rekister\u00f6ity\u00e4 eik\u00e4 tehd\u00e4 monimutkaisia asetuksia: k\u00e4ynnist\u00e4 vain webbikamerasi ja l\u00f6yd\u00e4 joku, jonka kanssa voit keskustella alle 10 sekunnissa. T\u00e4m\u00e4 sujuvuus <strong>houkuttelee miljoonia k\u00e4ytt\u00e4ji\u00e4 joka kuukausi<\/strong>aina etsim\u00e4ss\u00e4 uusia yhteyksi\u00e4.<\/p>\n\n\n\n<p>Jos keskustelu ei sovi sinulle, klikkaamalla p\u00e4\u00e4set uusiin kasvoihin, uuteen tarinaan. T\u00e4m\u00e4 vaihtamisen vapaus yhdistettyn\u00e4 intuitiiviseen k\u00e4ytt\u00f6liittym\u00e4\u00e4n tarkoittaa, ett\u00e4 <strong>ihanteellinen v\u00e4line esteett\u00f6miin kokouksiin<\/strong>. Kokeile sit\u00e4, ja saatat t\u00f6rm\u00e4t\u00e4 tulevaan yst\u00e4v\u00e4\u00e4n... tai jopa ty\u00f6kaveriin toisella puolella maailmaa!<\/p>\n\n\n\n<figure class=\"wp-block-table\"><table class=\"has-fixed-layout\"><thead><tr><th>Toiminnallisuus<\/th><th>Kuvaus<\/th><\/tr><\/thead><tbody><tr><td>Yhteys<\/td><td>V\u00e4lit\u00f6n, ei rekister\u00f6inti\u00e4 nopeaa p\u00e4\u00e4sy\u00e4 varten.<\/td><\/tr><tr><td>Twinning<\/td><td>Ruletti\" -tyyppinen algoritmi, jossa on k\u00e4ytett\u00e4viss\u00e4 sukupuolisuodatin.<\/td><\/tr><tr><td>Viestint\u00e4<\/td><td>Tekstikeskusteluun integroitu reaaliaikainen k\u00e4\u00e4nn\u00f6s.<\/td><\/tr><tr><td>Ryhm\u00e4keskustelu<\/td><td>Kapasiteetti enint\u00e4\u00e4n 100 osallistujalle.<\/td><\/tr><tr><td>Laatu<\/td><td>HD-video- ja \u00e4\u00e4nil\u00e4hetykset.<\/td><\/tr><tr><td>Saavutettavuus<\/td><td>Yhteensopiva tietokoneiden, tablettien ja \u00e4lypuhelimien kanssa ilman asennusta.<\/td><\/tr><\/tbody><\/table><\/figure>\n\n\n\n<h2 class=\"wp-block-heading\" id=\"des-fonctionnalites-con\u00e7ues-pour-des-conversations-sans-frontieres\">Rajattomiin keskusteluihin suunnitellut ominaisuudet<\/h2>\n\n\n\n<h3 class=\"wp-block-heading\" id=\"un-algorithme-de-jumelage-pour-des-rencontres-surprenantes\">Yll\u00e4tt\u00e4vien kohtaamisten sovitusalgoritmi<\/h3>\n\n\n\n<p>InstaCams mullistaa ihmisten v\u00e4lisen vuorovaikutuksen v\u00e4litt\u00f6m\u00e4n matching-algoritminsa avulla. Vain yhdell\u00e4 napsautuksella sovellus <strong>yhdist\u00e4\u00e4 k\u00e4ytt\u00e4j\u00e4t automaattisesti ihmisiin kaikkialla maailmassa.<\/strong>. T\u00e4m\u00e4 rulettityyppinen j\u00e4rjestelm\u00e4 tuo yll\u00e4tyksellisyytt\u00e4 jokaiseen yhteyteen, mik\u00e4 tekee jokaisesta istunnosta ainutlaatuisen ja j\u00e4nnitt\u00e4v\u00e4n.<\/p>\n\n\n\n<p>Alusta tarjoaa satunnaista videokeskustelua naisten kanssa, yksinoikeusominaisuus, jonka avulla voit tavata k\u00e4ytt\u00e4ji\u00e4 eri taustoista. Esiintymiset (maa, kieli, kiinnostuksen kohteet) vaikuttavat hienovaraisesti matchmaking-prosessiin s\u00e4ilytt\u00e4en kuitenkin olennaisen: <strong>odottamattoman kohtaamisen inhimillinen seikkailu<\/strong>.<\/p>\n\n\n\n<h3 class=\"wp-block-heading\" id=\"brisez-la-barriere-de-la-langue-avec-la-traduction-en-temps-reel\">Katkaise kielimuuri reaaliaikaisen k\u00e4\u00e4nn\u00f6ksen avulla<\/h3>\n\n\n\n<p>Kuvittele, ett\u00e4 juttelet tokiolaisen kanssa ranskaa puhuen. Integroidun kielik\u00e4\u00e4nn\u00f6ksen ansiosta, <strong>InstaCams tuo t\u00e4m\u00e4n todellisuuden kaikkien ulottuville.<\/strong>. T\u00e4m\u00e4 ominaisuus tulkitsee tekstiviestit v\u00e4litt\u00f6m\u00e4sti, mik\u00e4 mahdollistaa sujuvan viestinvaihdon eri kieli\u00e4 puhuvien ihmisten v\u00e4lill\u00e4.<\/p>\n\n\n\n<p>Poistamalla kielimuurit foorumi avaa oven <strong>aidosti maailmanlaajuinen yhteis\u00f6 kulttuurin jakamista varten<\/strong>. Nyt voit keskustella k\u00e4ytt\u00e4jien kanssa Pohjois-Amerikasta, Aasiasta ja Afrikasta, mik\u00e4 tekee jokaisesta keskustelusta rikastuttavan l\u00f6yd\u00f6n.<\/p>\n\n\n\n<h3 class=\"wp-block-heading\" id=\"partagez-des-moments-a-plusieurs-avec-le-chat-de-groupe\">Jaa hetki\u00e4 yhdess\u00e4 ryhm\u00e4keskustelun avulla<\/h3>\n\n\n\n<p>InstaCams menee pidemm\u00e4lle kuin pelkk\u00e4 kasvokkain tapahtuva keskustelu. Sen <strong>jopa 100 osallistujalle tarkoitettu ryhm\u00e4videokeskustelu keksii uudelleen<\/strong> sosiaalinen ja ammatillinen vuorovaikutus. J\u00e4rjest\u00e4 verkkopeli-iltoja, yhteis\u00f6kokouksia tai koulutuksellisia webinaareja \u00e4lypuhelimesta tai tietokoneesta k\u00e4sin.<\/p>\n\n\n\n<p>T\u00e4m\u00e4 joustavuus tekee alustasta monipuolisen tilan, jossa ideat voivat virrata vapaasti. Matala viive ja HD-laatu takaavat korkean tason <strong>immersiivinen kokemus<\/strong>Olitpa sitten katsoja tai tapahtuman j\u00e4rjest\u00e4j\u00e4.<\/p>\n\n\n\n<h2 class=\"wp-block-heading\" id=\"une-experience-utilisateur-fluide-et-de-haute-qualite\">Sujuva, laadukas k\u00e4ytt\u00f6kokemus<\/h2>\n\n\n\n<p>InstaCams takaa <strong>v\u00e4lit\u00f6n, kitkaton yhteys<\/strong>T\u00e4m\u00e4 on mahdollista kehittyneiden tekniikoiden ja helppok\u00e4ytt\u00f6isen k\u00e4ytt\u00f6liittym\u00e4n ansiosta. Alusta mukautuu niiden k\u00e4ytt\u00e4jien tarpeisiin, jotka haluavat selke\u00e4\u00e4 ja luonnollista vuorovaikutusta ja minimoivat samalla tekniset esteet.<\/p>\n\n\n\n<h3 class=\"wp-block-heading\" id=\"une-qualite-video-et-audio-immersive\">Immersiivinen videon ja \u00e4\u00e4nen laatu<\/h3>\n\n\n\n<p>InstaCams-kameroiden keskusteluissa on HD-videota jopa 1080p:n tarkkuudella ja 60 kuvan sekuntinopeudella. Viive on v\u00e4hentynyt, mik\u00e4 est\u00e4\u00e4 viiveen ja tekee vuorovaikutuksesta luonnollista. Korkealaatuinen \u00e4\u00e4ni yhdistettyn\u00e4 ymp\u00e4rist\u00f6n melunvaimennustekniikkaan takaa kristallinkirkkaan viestinn\u00e4n. N\u00e4m\u00e4 yhdistetyt teknologiat tekev\u00e4t jokaisesta vuorovaikutuksesta <strong>el\u00e4myksellinen kokemus<\/strong>Jokainen sana ja ele on kuvattu tarkasti. Alusta s\u00e4\u00e4t\u00e4\u00e4 videon laadun automaattisesti kaistanleveyden mukaan ja takaa sujuvan suoratoiston my\u00f6s vaihtelevilla yhteyksill\u00e4.<\/p>\n\n\n\n<h3 class=\"wp-block-heading\" id=\"une-plateforme-accessible-partout-et-pour-tous\">Alusta, joka on kaikkien saatavilla kaikkialla ja kaikille<\/h3>\n\n\n\n<p>InstaCams on suunniteltu k\u00e4ytett\u00e4v\u00e4ksi mill\u00e4 tahansa laitteella: tietokoneella, tabletilla tai \u00e4lypuhelimella, eik\u00e4 siihen tarvitse asentaa mit\u00e4\u00e4n ohjelmistoja. Selke\u00e4 ja intuitiivinen k\u00e4ytt\u00f6liittym\u00e4 tarkoittaa, ett\u00e4 jopa aloittelijat voivat k\u00e4ytt\u00e4\u00e4 sit\u00e4 heti. Vaihtoehdot, kuten vaaleat ja tummat teemat ja integroitu k\u00e4\u00e4nn\u00f6s, tekev\u00e4t mukauttamisesta ja kansainv\u00e4lisest\u00e4 vuorovaikutuksesta helppoa. N\u00e4in jokainen k\u00e4ytt\u00e4j\u00e4 voi hy\u00f6ty\u00e4 laitteesta riippumatta siit\u00e4, miss\u00e4 h\u00e4n on ja mill\u00e4 laitteella h\u00e4n on. <strong>v\u00e4lit\u00f6n ja mutkaton p\u00e4\u00e4sy, mik\u00e4 lis\u00e4\u00e4 sosiaalista sitoutumista.<\/strong> kiitos monimuotoisen yhteis\u00f6n.<\/p>\n\n\n\n<ul class=\"wp-block-list\">\n<li>Sujuva videon suoratoisto <strong>HD-laatu ter\u00e4vi\u00e4 kuvia varten<\/strong>.<\/li>\n\n\n\n<li><strong>Kristallinkirkas \u00e4\u00e4ni<\/strong> \u00e4\u00e4nentoiston ja ymp\u00e4rist\u00f6n melunvaimennuksen ansiosta.<\/li>\n\n\n\n<li>Intuitiivinen k\u00e4ytt\u00f6liittym\u00e4, joka on suunniteltu <strong>v\u00e4lit\u00f6n, vaivaton k\u00e4sittely<\/strong>.<\/li>\n\n\n\n<li>A <strong>suora p\u00e4\u00e4sy verkkoselaimesta<\/strong>mill\u00e4 tahansa laitteella.<\/li>\n<\/ul>\n\n\n\n<h2 class=\"wp-block-heading\" id=\"environnement-s\u00fbr-communaut\u00e9-respectueuse\">Turvallinen ymp\u00e4rist\u00f6 ja kunnioittava yhteis\u00f6<\/h2>\n\n\n\n<h3 class=\"wp-block-heading\" id=\"protection-vie-privee\">Yksityisyytesi suojaaminen on etusijalla<\/h3>\n\n\n\n<p>InstaCams asettaa <strong>turvallisuus on toiminnan ytimess\u00e4<\/strong> kehittyneiden salausprotokollien ansiosta. N\u00e4m\u00e4 tekniikat varmistavat videovaihdon luottamuksellisuuden ja est\u00e4v\u00e4t luvattoman p\u00e4\u00e4syn. S\u00e4\u00e4nn\u00f6lliset tietoturvatarkastukset auttavat yll\u00e4pit\u00e4m\u00e4\u00e4n n\u00e4it\u00e4 korkeita standardeja, sill\u00e4 ne tunnistavat ja korjaavat haavoittuvuudet ennakoivasti. K\u00e4ytt\u00e4j\u00e4t hy\u00f6tyv\u00e4t muokattavista luottamuksellisuusvaihtoehdoista, kuten profiilinsa n\u00e4kyvyyden hallinnasta ja kaksitekij\u00e4todennuksen aktivoinnista (tekstiviestill\u00e4 tai erillisell\u00e4 sovelluksella), mik\u00e4 vahvistaa tilin suojausta. Anonymiteetti\u00e4 edistet\u00e4\u00e4n minimaalisella rekister\u00f6intiprosessilla, jossa v\u00e4ltet\u00e4\u00e4n arkaluonteisten tietojen ker\u00e4\u00e4minen.<\/p>\n\n\n\n<h3 class=\"wp-block-heading\" id=\"outils-moderation\">Moderoinnin v\u00e4lineet yst\u00e4v\u00e4llist\u00e4 vaihtoa varten<\/h3>\n\n\n\n<p>My\u00f6nteisen ymp\u00e4rist\u00f6n s\u00e4ilytt\u00e4minen, <strong>InstaCams yhdist\u00e4\u00e4 automaattisen teko\u00e4lyn suodatuksen ja ihmisen toiminnan<\/strong>. Teko\u00e4ly analysoi videovirtoja ja tekstisis\u00e4lt\u00f6\u00e4 reaaliajassa ja havaitsee sopimatonta k\u00e4yt\u00f6st\u00e4 avainsanojen tai raportointimallien avulla. Moderaattoriryhm\u00e4t reagoivat nopeasti raportteihin ja varmistavat, ett\u00e4 monimutkaisia tapauksia seurataan inhimillisin toimenpitein. K\u00e4ytt\u00e4jill\u00e4 on intuitiiviset ty\u00f6kalut, joilla he voivat est\u00e4\u00e4 tai ilmoittaa ei-toivotusta yhteydenpidosta napin painalluksella, mik\u00e4 antaa heille paremman hallinnan tunteen. Yhteis\u00f6n selke\u00e4t ohjeet m\u00e4\u00e4rittelev\u00e4t hyv\u00e4ksytt\u00e4v\u00e4n k\u00e4ytt\u00e4ytymisen ja edist\u00e4v\u00e4t kunnioitusta ja kohteliaisuutta maailmanlaajuisessa vuorovaikutuksessa.<\/p>\n\n\n\n<ul class=\"wp-block-list\">\n<li>Kehittyneet salausprotokollat <strong>keskustelujen mahdollisimman suuri luottamuksellisuus<\/strong>.<\/li>\n\n\n\n<li>Hybridimoderoinnin j\u00e4rjestelm\u00e4 (teko\u00e4ly + omat tiimit), jolla varmistetaan, ett\u00e4 <strong>turvallinen tila<\/strong>.<\/li>\n\n\n\n<li><strong>V\u00e4litt\u00f6m\u00e4t esto- ja raportointivaihtoehdot<\/strong> ennakoivaan vuorovaikutuksen hallintaan.<\/li>\n\n\n\n<li><strong>Joustavat yksityisyysasetukset<\/strong>N\u00e4in voit mukauttaa profiilisi ja ilmoitusten n\u00e4kyvyytt\u00e4.<\/li>\n<\/ul>\n\n\n\n<h2 class=\"wp-block-heading\" id=\"comment-demarrer-votre-premiere-conversation-sur-instacams\">Miten aloitat ensimm\u00e4isen keskustelun InstaCamsissa?<\/h2>\n\n\n\n<h3 class=\"wp-block-heading\" id=\"votre-guide-pas-a-pas-pour-une-connexion-reussie\">Vaiheittainen opas onnistuneeseen yhteyteen<\/h3>\n\n\n\n<p>InstaCams yhdist\u00e4\u00e4 sinut k\u00e4ytt\u00e4jiin ymp\u00e4ri maailmaa muutamassa sekunnissa. Yksinkertaisella k\u00e4ytt\u00f6liittym\u00e4ll\u00e4 ja intuitiivisella prosessilla, <strong>voit k\u00e4yd\u00e4 spontaaneja, aitoja keskusteluja<\/strong>jossa jokainen klikkaus avaa oven uuteen tarinaan.<\/p>\n\n\n\n<ol class=\"wp-block-list\">\n<li><strong>Valmistele laitteesi<\/strong> Aktivoi webkamera ja tarkista, ett\u00e4 mikrofoni toimii. Sujuva internetyhteys ja oikea valaistus takaavat selke\u00e4n n\u00e4kyvyyden ja l\u00e4mpim\u00e4n ensivaikutelman.<\/li>\n\n\n\n<li><strong>Aloita yhteys<\/strong> Mene sivustolle ja napsauta \"Aloita keskustelu\". Instant matching -algoritmi yhdist\u00e4\u00e4 sinut hetkess\u00e4 satunnaiseen k\u00e4ytt\u00e4j\u00e4\u00e4n ilman odottelua ja monimutkaisuutta.<\/li>\n\n\n\n<li><strong>Kokemuksen mukauttaminen (valinnainen)<\/strong> Luo ilmainen tili vain muutamalla klikkauksella ja m\u00e4\u00e4rit\u00e4 mieltymyksesi (kieli, kiinnostuksen kohteet). T\u00e4m\u00e4 tarkentaa vastauksia ja lis\u00e4\u00e4 mahdollisuuksiasi tavata odotuksiasi vastaavia profiileja.<\/li>\n\n\n\n<li><strong>Aloita keskustelu<\/strong> Ole utelias ja kunnioittava. Aloita avoimella kysymyksell\u00e4, kuten \"Mik\u00e4 on perinteinen suosikkiruokasi?\", jotta keskustelu olisi luontevaa ja mukaansatempaavaa.<\/li>\n<\/ol>\n\n\n\n<p>Yli 100 maassa toimiva InstaCams yhdist\u00e4\u00e4 nopeuden, turvallisuuden (p\u00e4\u00e4st\u00e4 p\u00e4\u00e4h\u00e4n -salaus) ja saavutettavuuden kaikilla laitteilla (\u00e4lypuhelimet, tietokoneet, tabletit). T\u00e4m\u00e4 alusta kannustaa <strong>my\u00f6nteiset ihmissuhteet<\/strong>ihanteellinen kielten harjoitteluun, uusiin kulttuureihin tutustumiseen tai vain yst\u00e4v\u00e4lliseen keskusteluun. Oletko valmis hymyilem\u00e4\u00e4n tuntemattomalle?<\/p>\n\n\n\n<p>InstaCams keksii uudelleen online-vaihdot intuitiivisella ja turvallisella alustalla, jonka avulla <strong>satunnaisia videokohtaamisia<\/strong>. Rekister\u00f6im\u00e4t\u00f6n p\u00e4\u00e4sy, reaaliaikainen k\u00e4\u00e4nn\u00f6s ja innovatiiviset ty\u00f6kalut. <strong>kulttuuristen ja kielellisten esteiden ylitt\u00e4minen<\/strong>. Ihanteellinen spontaaniin tai strukturoituun vaihtoon, se on tarkoitettu <strong>yhdist\u00e4\u00e4 yksinkertaisuuden, laadun ja turvallisuuden<\/strong> yhdistetty\u00e4 kokemusta varten.<\/p>\n\n\n\n<h2 class=\"wp-block-heading\">FAQ<\/h2>\n\n\n\n<h3 class=\"wp-block-heading\">Voinko k\u00e4ytt\u00e4\u00e4 Instacam-kameroita luomatta tili\u00e4?<\/h3>\n\n\n\n<p>Kyll\u00e4, Instacams tarjoaa <strong>v\u00e4lit\u00f6n p\u00e4\u00e4sy ilman rekister\u00f6itymist\u00e4<\/strong>. Valitse vain genre ja klikkaa \"Aloita juttelu\". <strong>olla satunnaisesti yhteydess\u00e4 k\u00e4ytt\u00e4j\u00e4\u00e4n mist\u00e4 tahansa p\u00e4in maailmaa tahansa.<\/strong>. T\u00e4m\u00e4 helppok\u00e4ytt\u00f6isyys tarkoittaa, ett\u00e4 voit <strong>aloittaa videokeskustelun alle 10 sekunnissa<\/strong>Se on ihanteellinen niille, jotka haluavat v\u00e4ltt\u00e4\u00e4 byrokratiaa. Rekister\u00f6itymisvaihtoehto on kuitenkin edelleen k\u00e4ytett\u00e4viss\u00e4, jotta voit muokata asetuksiasi (kieli, kiinnostuksen kohteet) ja k\u00e4ytt\u00e4\u00e4 lis\u00e4ominaisuuksia.<\/p>\n\n\n\n<h3 class=\"wp-block-heading\">Miten Instacams takaa k\u00e4ytt\u00e4jien turvallisuuden?<\/h3>\n\n\n\n<p>Instacams asettaa <strong>turvallisuus ja luottamuksellisuus toimintansa ytimess\u00e4<\/strong>. Puhelut ja viestit on suojattu p\u00e4\u00e4st\u00e4 p\u00e4\u00e4h\u00e4n -salauksella, joka varmistaa, ett\u00e4 <strong>vain osallistujat voivat k\u00e4ytt\u00e4\u00e4 sis\u00e4lt\u00f6\u00e4<\/strong> vaihdot. Ty\u00f6kalut <strong>teko\u00e4ly\u00e4 ja ihmisryhmi\u00e4 yhdist\u00e4v\u00e4 moderointi<\/strong> seurata vuorovaikutusta reaaliajassa, ja k\u00e4ytt\u00e4j\u00e4t voivat est\u00e4\u00e4 tai ilmoittaa ep\u00e4sopivasta k\u00e4yt\u00f6ksest\u00e4. Lis\u00e4asetukset (kaksitekij\u00e4todennus, profiilin n\u00e4kyvyys) parantavat my\u00f6s henkil\u00f6tietojen suojausta.<\/p>\n\n\n\n<h3 class=\"wp-block-heading\">Voiko Instacam-kameroita k\u00e4ytt\u00e4\u00e4 puhelimella tai tabletilla?<\/h3>\n\n\n\n<p>Ehdottomasti! Instacams on suunniteltu k\u00e4ytett\u00e4v\u00e4ksi <strong>kaikki tiedotusv\u00e4lineet<\/strong> tietokoneet, \u00e4lypuhelimet ja tabletit. <strong>Latausta tai asennusta ei tarvita<\/strong>K\u00e4ytt\u00f6liittym\u00e4 mukautuu automaattisesti n\u00e4yt\u00f6n mukaan, ja intuitiivinen navigointi ja ominaisuudet, kuten vaaleat ja tummat teemat, takaavat optimaalisen helppok\u00e4ytt\u00f6isyyden, olitpa sitten kotona tai liikkeell\u00e4. K\u00e4ytt\u00f6liittym\u00e4 mukautuu automaattisesti n\u00e4yt\u00f6n mukaan, ja intuitiivinen navigointi ja ominaisuudet, kuten vaaleat ja tummat teemat, helpottavat k\u00e4ytt\u00f6\u00e4 optimaalisesti, olitpa sitten kotona tai liikkeell\u00e4.<\/p>\n\n\n\n<h3 class=\"wp-block-heading\">Voidaanko satunnaista yhteensovitusj\u00e4rjestelm\u00e4\u00e4 mukauttaa?<\/h3>\n\n\n\n<p>Satunnainen t\u00e4sm\u00e4ytys, joka on Instacamsin tunnusmerkki, on <strong>suunniteltu yll\u00e4tt\u00e4m\u00e4\u00e4n ja pysym\u00e4\u00e4n samalla sujuvana<\/strong>. \u00c4lyk\u00e4s algoritmi yhdist\u00e4\u00e4 k\u00e4ytt\u00e4j\u00e4t v\u00e4litt\u00f6m\u00e4sti, ja k\u00e4ytt\u00e4j\u00e4t voivat asettaa mieltymyksi\u00e4, kuten kielen tai kiinnostuksen kohteiden mukaan, tulosten tarkentamiseksi. Jos keskustelu ei ole mieleisesi, napsauta vain \"Seuraava\". <strong>ohjaa sinut uudelle kumppanille<\/strong>. T\u00e4m\u00e4 l\u00e4hestymistapa yhdist\u00e4\u00e4 spontaaniuden ja kontrollin, mik\u00e4 rohkaisee monipuoliseen ja kiinnostavaan keskusteluun.<\/p>\n\n\n\n<h3 class=\"wp-block-heading\">Miten ryhm\u00e4videopuhelut toimivat Instacamilla?<\/h3>\n\n\n\n<p>Instakamerat mahdollistavat <strong>ryhm\u00e4keskustelut, joissa on enint\u00e4\u00e4n 100 osallistujaa<\/strong>ihanteellinen esimerkiksi webinaareihin, illanviettoon yst\u00e4vien kanssa tai liiketapaamisiin. Hallintaty\u00f6kalut (m\u00e4\u00e4ritetyt roolit, omat huoneet) auttavat tekem\u00e4\u00e4n seuraavaa <strong>vuorovaikutuksen j\u00e4sent\u00e4minen<\/strong>. HD-laatu (jopa 1080p) ja \u00e4\u00e4nentoisto takaavat, ett\u00e4 <strong>el\u00e4myksellinen kokemus<\/strong>Sivusto tarjoaa my\u00f6s monia muita ominaisuuksia, kuten n\u00e4yt\u00f6n jakamisen ja live-kyselyt, jotka tehostavat vaihtoa. Automaattinen ja inhimillinen moderointi est\u00e4\u00e4 v\u00e4\u00e4rink\u00e4yt\u00f6kset ja takaa, ett\u00e4 <strong>yhteisty\u00f6h\u00f6n perustuva ja kunnioittava ymp\u00e4rist\u00f6<\/strong>.<\/p>\n\n\n\n<a href=\"https:\/\/insta-cams.de\/\" target=\"_blank\" rel=\"noopener\">Instacams Deutsch<\/a> | \n<a href=\"https:\/\/instacams.at\/\" target=\"_blank\" rel=\"noopener\">Instacams Deutsch (AT)<\/a> | \n<a href=\"https:\/\/insta-cams.uk\/\" target=\"_blank\" rel=\"noopener\">Instacams English<\/a> | \n<a href=\"https:\/\/instacams.es\/\" target=\"_blank\" rel=\"noopener\">Instacams Espa\u00f1ol<\/a> |  \n<a href=\"https:\/\/instacams.it\/\" target=\"_blank\" rel=\"noopener\">Instacams Italiano<\/a> | \n<a href=\"https:\/\/insta-cams.nl\/\" instacams target=\"_blank\" rel=\"noopener\">Nederlands<\/a> | \n<a href=\"https:\/\/instacams.pt\/\" target=\"_blank\" rel=\"noopener\">Instacams Portugu\u00eas<\/a> | \n<a href=\"https:\/\/insta-cams.pl\/\" target=\"_blank\" rel=\"noopener\">Instacams Polski<\/a> | \n<a href=\"https:\/\/insta-cams.cz\/\" target=\"_blank\" rel=\"noopener\">Instacams \u010ce\u0161tina<\/a> | \n<a href=\"https:\/\/insta-cams.dk\/\" target=\"_blank\" rel=\"noopener\">Instacams Dansk<\/a>\n<\/div>\n\n\n\n<p><\/p>","protected":false},"excerpt":{"rendered":"<p>INSTACAMS OFFICIEL : CHAT DE RENCONTRE ALEATOIRE Inscrivez-vous maintenant sur INSTA CAMS et profitez de 50 cr\u00e9dits OFFERTS \u00e0 votre inscription. S&rsquo;INSCRIRE HOMME S&rsquo;INSCRIRE FEMME Instacams : rejoignez la communaut\u00e9 mondiale d&rsquo;un clic Vous en avez assez des messageries rigides o\u00f9 chaque interaction semble pr\u00e9visible ? Instacams bouscule les codes avec son chat vid\u00e9o al\u00e9atoire &#8230; <a title=\"home1\" class=\"read-more\" href=\"https:\/\/insta-cams.eu\/fi\/\" aria-label=\"Lue lis\u00e4\u00e4 aiheesta home1\">Lue lis\u00e4\u00e4<\/a><\/p>","protected":false},"author":1,"featured_media":0,"parent":0,"menu_order":0,"comment_status":"closed","ping_status":"closed","template":"","meta":{"footnotes":""},"class_list":["post-58","page","type-page","status-publish"],"_links":{"self":[{"href":"https:\/\/insta-cams.eu\/fi\/wp-json\/wp\/v2\/pages\/58","targetHints":{"allow":["GET"]}}],"collection":[{"href":"https:\/\/insta-cams.eu\/fi\/wp-json\/wp\/v2\/pages"}],"about":[{"href":"https:\/\/insta-cams.eu\/fi\/wp-json\/wp\/v2\/types\/page"}],"author":[{"embeddable":true,"href":"https:\/\/insta-cams.eu\/fi\/wp-json\/wp\/v2\/users\/1"}],"replies":[{"embeddable":true,"href":"https:\/\/insta-cams.eu\/fi\/wp-json\/wp\/v2\/comments?post=58"}],"version-history":[{"count":55,"href":"https:\/\/insta-cams.eu\/fi\/wp-json\/wp\/v2\/pages\/58\/revisions"}],"predecessor-version":[{"id":255,"href":"https:\/\/insta-cams.eu\/fi\/wp-json\/wp\/v2\/pages\/58\/revisions\/255"}],"wp:attachment":[{"href":"https:\/\/insta-cams.eu\/fi\/wp-json\/wp\/v2\/media?parent=58"}],"curies":[{"name":"wp","href":"https:\/\/api.w.org\/{rel}","templated":true}]}}