{"id":58,"date":"2025-10-28T04:39:00","date_gmt":"2025-10-28T04:39:00","guid":{"rendered":"https:\/\/insta-cams.eu\/?page_id=58"},"modified":"2025-12-29T16:38:44","modified_gmt":"2025-12-29T16:38:44","slug":"home1","status":"publish","type":"page","link":"https:\/\/insta-cams.eu\/it\/","title":{"rendered":"home1"},"content":{"rendered":"<section class=\"gb-element-c0819d6c banner\">\n<div class=\"gb-element-0659d418\">\n<div class=\"wp-block-columns is-layout-flex wp-container-core-columns-is-layout-9d6595d7 wp-block-columns-is-layout-flex\">\n<div class=\"wp-block-column is-layout-flow wp-block-column-is-layout-flow\">\n<h2 class=\"gb-text gb-text-155ce4c1\">INSTACAMS UFFICIALE : CHAT DI INCONTRI CASUALI<\/h2>\n\n\n\n<p class=\"has-text-align-center has-base-3-color has-text-color has-link-color wp-elements-c76d1f6cc9fa53b162a03c9e8863f2b2\"><strong>Registratevi ora con INSTA CAMS e approfittate di 50 crediti GRATUITI al momento della registrazione.<\/strong><\/p>\n\n\n\n<div class=\"wp-block-columns is-layout-flex wp-container-core-columns-is-layout-9d6595d7 wp-block-columns-is-layout-flex\">\n<div class=\"wp-block-column is-layout-flow wp-block-column-is-layout-flow\" style=\"flex-basis:20px\"><\/div>\n\n\n\n<div class=\"wp-block-column is-layout-flow wp-block-column-is-layout-flow\">\n<a class=\"gb-text gb-text-50c1af7c\" href=\"\/connexion\/\">REGISTRARSI COME UOMO<\/a>\n<\/div>\n\n\n\n<div class=\"wp-block-column is-layout-flow wp-block-column-is-layout-flow\">\n<a class=\"gb-text gb-text-6d7e1e7e\" href=\"\/connexion\/\">REGISTRAZIONE DONNA<\/a>\n<\/div>\n\n\n\n<div class=\"wp-block-column is-layout-flow wp-block-column-is-layout-flow\" style=\"flex-basis:20px\"><\/div>\n<\/div>\n<\/div>\n<\/div>\n<\/div>\n<\/section>\n\n\n\n<div class=\"gb-element-c35e94aa\">\n<h2 class=\"wp-block-heading\">Instacams: unirsi alla comunit\u00e0 globale con un clic<\/h2>\n\n\n\n<p>Vous en avez assez des messageries rigides o\u00f9 chaque interaction semble pr\u00e9visible ? <a href=\"https:\/\/instacams.fr\" data-type=\"link\" data-id=\"https:\/\/instacams.fr\" target=\"_blank\" rel=\"noopener\">Instacams<\/a> bouscule les codes avec son chat vid\u00e9o al\u00e9atoire qui vous connecte en un clic \u00e0 des inconnus du globe, sans inscription ni contrainte. Imaginez un espace o\u00f9 la traduction en temps r\u00e9el dissout les barri\u00e8res linguistiques, o\u00f9 un algorithme de jumelage affine vos rencontres selon vos centres d\u2019int\u00e9r\u00eat, ou o\u00f9 un chat de groupe lie jusqu\u2019\u00e0 100 participants pour des \u00e9v\u00e9nements virtuels ou des \u00e9changes collectifs. Plus qu\u2019une plateforme, <strong>una porta d'accesso a scambi autentici<\/strong>Tutto in video HD, accessibile su computer, tablet o smartphone.<\/p>\n\n\n\n<ol class=\"wp-block-list\">\n<li><a href=\"#Instacams-connectez-vous-au-monde-entier-en-un-clic\">Instacams: connettersi con tutto il mondo in un click<\/a><\/li>\n\n\n\n<li><a href=\"#des-fonctionnalites-con\u00e7ues-pour-des-conversations-sans-frontieres\">Caratteristiche progettate per conversazioni senza confini<\/a><\/li>\n\n\n\n<li><a href=\"#une-experience-utilisateur-fluide-et-de-haute-qualite\">Un'esperienza utente fluida e di alta qualit\u00e0<\/a><\/li>\n\n\n\n<li><a href=\"#environnement-s\u00fbr-communaut\u00e9-respectueuse\">Un ambiente sicuro e una comunit\u00e0 rispettosa<\/a><\/li>\n\n\n\n<li><a href=\"#comment-demarrer-votre-premiere-conversation-sur-instacams\">Come si inizia la prima conversazione su InstaCams?<\/a><\/li>\n<\/ol>\n\n\n\n<h2 class=\"wp-block-heading\" id=\"Instacams-connectez-vous-au-monde-entier-en-un-clic\">Instacams: connettersi con tutto il mondo in un click<\/h2>\n\n\n\n<p>Volete esplorare culture diverse senza lasciare il vostro schermo? InstaCams vi apre le porte di un nuovo mondo. <strong>una rete globale in cui ogni connessione \u00e8 una scoperta<\/strong>. Immaginate di chiacchierare con qualcuno a Tokyo mentre siete comodamente seduti a casa vostra a Parigi...<\/p>\n\n\n\n<h3 class=\"wp-block-heading\" id=\"Qu-est-ce-que-la-plateforme-instacams\">Qual \u00e8 la piattaforma instacams?<\/h3>\n\n\n\n<p>InstaCams \u00e8 una piattaforma per <strong>video incontri istantanei<\/strong> che trasforma il vostro schermo in un hub internazionale. Grazie a un veloce algoritmo di matching, \u00e8 possibile entrare in contatto con persone di oltre 100 Paesi diversi. Non c'\u00e8 bisogno di moduli infiniti, basta un clic per iniziare l'avventura.<\/p>\n\n\n\n<p>Il concetto si basa sulla spontaneit\u00e0: tra milioni di utenti, <strong>ogni connessione \u00e8 una sorpresa<\/strong>. Che vogliate ampliare le vostre conoscenze culturali o semplicemente scambiare sorrisi, la comunit\u00e0 InstaCams vi accoglie in un ambiente sicuro e rispettoso.<\/p>\n\n\n\n<h3 class=\"wp-block-heading\" id=\"Une-connexion-imm-iate-et-sans-contraintes\">Connessione immediata senza vincoli<\/h3>\n\n\n\n<p>Volete chattare senza aspettare? Non c'\u00e8 bisogno di registrarsi, n\u00e9 di configurazioni complicate: basta lanciare la webcam e trovare qualcuno con cui parlare in meno di 10 secondi. Questa fluidit\u00e0 <strong>attira milioni di utenti ogni mese<\/strong>sempre alla ricerca di nuove connessioni.<\/p>\n\n\n\n<p>Se la conversazione non \u00e8 di vostro gradimento, basta un semplice clic per raggiungere un nuovo volto, una nuova storia. Questa libert\u00e0 di scambio, unita a un'interfaccia intuitiva, significa che <strong>lo strumento ideale per riunioni senza barriere<\/strong>. Provate e potreste incontrare un futuro amico... o addirittura un collega di lavoro dall'altra parte del mondo!<\/p>\n\n\n\n<figure class=\"wp-block-table\"><table class=\"has-fixed-layout\"><thead><tr><th>Funzionalit\u00e0<\/th><th>Descrizione<\/th><\/tr><\/thead><tbody><tr><td>Connessione<\/td><td>Accesso immediato e senza registrazione.<\/td><\/tr><tr><td>Gemellaggio<\/td><td>Algoritmo di tipo \"roulette\" con filtro di genere disponibile.<\/td><\/tr><tr><td>Comunicazione<\/td><td>Traduzione in tempo reale integrata nella chat di testo.<\/td><\/tr><tr><td>Chat di gruppo<\/td><td>Capacit\u00e0 fino a 100 partecipanti.<\/td><\/tr><tr><td>Qualit\u00e0<\/td><td>Trasmissione di video HD e audio ad alta fedelt\u00e0.<\/td><\/tr><tr><td>Accessibilit\u00e0<\/td><td>Compatibile con computer, tablet e smartphone senza installazione.<\/td><\/tr><\/tbody><\/table><\/figure>\n\n\n\n<h2 class=\"wp-block-heading\" id=\"des-fonctionnalites-con\u00e7ues-pour-des-conversations-sans-frontieres\">Caratteristiche progettate per conversazioni senza confini<\/h2>\n\n\n\n<h3 class=\"wp-block-heading\" id=\"un-algorithme-de-jumelage-pour-des-rencontres-surprenantes\">Un algoritmo di corrispondenza per incontri sorprendenti<\/h3>\n\n\n\n<p>InstaCams sta rivoluzionando l'interazione umana con il suo algoritmo di matching istantaneo. Con un solo clic, l'applicazione <strong>connette automaticamente gli utenti a persone di tutto il mondo<\/strong>. Questo sistema di tipo 'roulette' introduce un elemento di sorpresa a ogni connessione, rendendo ogni sessione unica ed emozionante.<\/p>\n\n\n\n<p>La piattaforma offre una video chat casuale con donne, una funzione esclusiva che consente di incontrare utenti di diversa provenienza. Le preferenze (paese, lingua, interessi) influenzano sottilmente il processo di matchmaking, pur mantenendo l'essenziale: <strong>l'avventura umana di un incontro inaspettato<\/strong>.<\/p>\n\n\n\n<h3 class=\"wp-block-heading\" id=\"brisez-la-barriere-de-la-langue-avec-la-traduction-en-temps-reel\">Rompere la barriera linguistica con la traduzione in tempo reale<\/h3>\n\n\n\n<p>Immaginate di chiacchierare con un abitante di Tokyo parlando in francese. Grazie alla traduzione linguistica integrata, <strong>InstaCams rende questa realt\u00e0 accessibile a tutti<\/strong>. Questa funzione decifra istantaneamente i messaggi di testo, consentendo scambi fluidi tra persone che parlano lingue diverse.<\/p>\n\n\n\n<p>Eliminando le barriere linguistiche, la piattaforma apre le porte a <strong>una comunit\u00e0 veramente globale per la condivisione della cultura<\/strong>. Ora \u00e8 possibile chattare con utenti provenienti da Nord America, Asia e Africa, trasformando ogni conversazione in una scoperta arricchente.<\/p>\n\n\n\n<h3 class=\"wp-block-heading\" id=\"partagez-des-moments-a-plusieurs-avec-le-chat-de-groupe\">Condividere momenti insieme con la chat di gruppo<\/h3>\n\n\n\n<p>InstaCams va oltre i semplici scambi faccia a faccia. Il suo <strong>La chat video di gruppo per un massimo di 100 partecipanti reinventa<\/strong> interazione sociale e professionale. Organizzate serate di gioco online, incontri comunitari o webinar formativi dal vostro smartphone o computer.<\/p>\n\n\n\n<p>Questa flessibilit\u00e0 trasforma la piattaforma in uno spazio versatile dove le idee possono fluire liberamente. La bassa latenza e la qualit\u00e0 HD garantiscono un elevato livello di qualit\u00e0. <strong>esperienza immersiva<\/strong>sia che siate spettatori o organizzatori di eventi.<\/p>\n\n\n\n<h2 class=\"wp-block-heading\" id=\"une-experience-utilisateur-fluide-et-de-haute-qualite\">Un'esperienza utente fluida e di alta qualit\u00e0<\/h2>\n\n\n\n<p>Garanzie InstaCams <strong>connessione istantanea e senza attrito<\/strong>Ci\u00f2 \u00e8 reso possibile da tecnologie avanzate e da un'interfaccia progettata per la semplicit\u00e0. La piattaforma si adatta alle esigenze degli utenti che desiderano scambi chiari e naturali, riducendo al minimo gli ostacoli tecnici.<\/p>\n\n\n\n<h3 class=\"wp-block-heading\" id=\"une-qualite-video-et-audio-immersive\">Qualit\u00e0 video e audio coinvolgente<\/h3>\n\n\n\n<p>Le conversazioni sulle InstaCam beneficiano di video HD fino a 1080p, con una frequenza di aggiornamento di 60 fotogrammi al secondo. La latenza \u00e8 ridotta, evitando ritardi e rendendo le interazioni naturali. L'audio ad alta fedelt\u00e0, combinato con la tecnologia di cancellazione del rumore ambientale, garantisce una comunicazione cristallina. Queste tecnologie combinate trasformano ogni interazione in una <strong>un'esperienza coinvolgente<\/strong>Ogni parola e gesto viene catturato con precisione. La piattaforma regola automaticamente la qualit\u00e0 video in base alla larghezza di banda, garantendo uno streaming fluido anche con connessioni variabili.<\/p>\n\n\n\n<h3 class=\"wp-block-heading\" id=\"une-plateforme-accessible-partout-et-pour-tous\">Una piattaforma accessibile ovunque e per tutti<\/h3>\n\n\n\n<p>InstaCams \u00e8 stato progettato per essere utilizzato su qualsiasi dispositivo: computer, tablet o smartphone, senza la necessit\u00e0 di installare alcun software. Grazie all'interfaccia chiara e intuitiva, anche i meno esperti possono imparare subito a usarla. Opzioni come i temi chiari\/scuri e la traduzione integrata facilitano la personalizzazione e l'interazione internazionale. In questo modo ogni utente, ovunque si trovi e qualunque sia il suo dispositivo, potr\u00e0 beneficiare di una <strong>accesso istantaneo e senza complicazioni, per aumentare il coinvolgimento sociale<\/strong> grazie a una comunit\u00e0 diversificata.<\/p>\n\n\n\n<ul class=\"wp-block-list\">\n<li>Streaming video fluido in <strong>Qualit\u00e0 HD per immagini nitide<\/strong>.<\/li>\n\n\n\n<li><strong>Un suono cristallino<\/strong> grazie all'audio ad alta fedelt\u00e0 e alla riduzione del rumore ambientale.<\/li>\n\n\n\n<li>Un'interfaccia intuitiva progettata per <strong>gestione immediata e senza sforzo<\/strong>.<\/li>\n\n\n\n<li>A <strong>accesso diretto dal browser web<\/strong>su qualsiasi dispositivo.<\/li>\n<\/ul>\n\n\n\n<h2 class=\"wp-block-heading\" id=\"environnement-s\u00fbr-communaut\u00e9-respectueuse\">Un ambiente sicuro e una comunit\u00e0 rispettosa<\/h2>\n\n\n\n<h3 class=\"wp-block-heading\" id=\"protection-vie-privee\">La protezione della privacy \u00e8 una priorit\u00e0<\/h3>\n\n\n\n<p>InstaCams mette il <strong>la sicurezza al centro delle sue operazioni<\/strong> grazie a protocolli di crittografia avanzati. Queste tecnologie garantiscono la riservatezza degli scambi video e bloccano qualsiasi accesso non autorizzato. I regolari controlli di sicurezza contribuiscono a mantenere questi standard elevati, identificando e correggendo in modo proattivo le vulnerabilit\u00e0. Gli utenti beneficiano di opzioni di riservatezza personalizzabili, come la gestione della visibilit\u00e0 del proprio profilo e l'attivazione dell'autenticazione a due fattori (tramite SMS o applicazione dedicata), rafforzando cos\u00ec la protezione dell'account. L'anonimato \u00e8 incoraggiato, con un processo di registrazione minimalista che evita la raccolta di informazioni sensibili.<\/p>\n\n\n\n<h3 class=\"wp-block-heading\" id=\"outils-moderation\">Strumenti di moderazione per scambi amichevoli<\/h3>\n\n\n\n<p>Per preservare un ambiente positivo, <strong>InstaCams combina il filtraggio automatico dell'intelligenza artificiale con l'intervento umano<\/strong>. L'intelligenza artificiale analizza i flussi video e i contenuti testuali in tempo reale, rilevando i comportamenti inappropriati tramite parole chiave o modelli di segnalazione. Team di moderatori rispondono rapidamente alle segnalazioni, assicurando che i casi complessi siano seguiti da un intervento umano. Gli utenti hanno a disposizione strumenti intuitivi per bloccare o segnalare contatti indesiderati con un semplice clic, dando loro un maggiore senso di controllo. Le chiare linee guida della community definiscono il comportamento accettabile, promuovendo il rispetto e la cortesia nelle interazioni globali.<\/p>\n\n\n\n<ul class=\"wp-block-list\">\n<li>Protocolli di crittografia avanzati per <strong>massima riservatezza delle conversazioni<\/strong>.<\/li>\n\n\n\n<li>Un sistema di moderazione ibrido (IA + team dedicati) che assicura <strong>uno spazio sicuro<\/strong>.<\/li>\n\n\n\n<li><strong>Opzioni di blocco e segnalazione immediata<\/strong> per la gestione proattiva delle interazioni.<\/li>\n\n\n\n<li><strong>Impostazioni flessibili per la privacy<\/strong>Ci\u00f2 consente di adattare la visibilit\u00e0 del profilo e delle notifiche.<\/li>\n<\/ul>\n\n\n\n<h2 class=\"wp-block-heading\" id=\"comment-demarrer-votre-premiere-conversation-sur-instacams\">Come si inizia la prima conversazione su InstaCams?<\/h2>\n\n\n\n<h3 class=\"wp-block-heading\" id=\"votre-guide-pas-a-pas-pour-une-connexion-reussie\">La vostra guida passo dopo passo per una connessione di successo<\/h3>\n\n\n\n<p>InstaCams vi mette in contatto con utenti di tutto il mondo in pochi secondi. Con un'interfaccia semplice e un processo intuitivo, <strong>si pu\u00f2 partecipare a discussioni spontanee e autentiche<\/strong>dove ogni clic apre la porta a una nuova storia.<\/p>\n\n\n\n<ol class=\"wp-block-list\">\n<li><strong>Preparare l'attrezzatura<\/strong> Attivate la webcam e controllate che il microfono funzioni. Una connessione Internet fluida e la giusta illuminazione garantiscono una chiara visibilit\u00e0 per una prima impressione positiva.<\/li>\n\n\n\n<li><strong>Avviare la connessione<\/strong> Andate sul sito e cliccate su \"Inizia a chattare\". In un attimo, l'algoritmo di abbinamento istantaneo vi mette in contatto con un utente casuale, senza attese e senza complessit\u00e0.<\/li>\n\n\n\n<li><strong>Personalizzare l'esperienza (opzionale)<\/strong> Create un account gratuito in pochi clic per definire le vostre preferenze (lingua, interessi). Questo affina le corrispondenze, aumentando le possibilit\u00e0 di incontrare profili che corrispondono alle vostre aspettative.<\/li>\n\n\n\n<li><strong>Iniziare una conversazione<\/strong> Siate curiosi e rispettosi. Iniziate con una domanda aperta come \"Qual \u00e8 il vostro piatto tradizionale preferito?\" per creare uno scambio naturale e coinvolgente.<\/li>\n<\/ol>\n\n\n\n<p>Presente in oltre 100 paesi, InstaCams combina velocit\u00e0, sicurezza (crittografia end-to-end) e accessibilit\u00e0 su tutti i dispositivi (smartphone, computer, tablet). Questa piattaforma incoraggia <strong>connessioni umane positive<\/strong>ideale per praticare una lingua, scoprire nuove culture o semplicemente fare una chiacchierata amichevole. Siete pronti a sorridere all'ignoto?<\/p>\n\n\n\n<p>InstaCams reinventa gli scambi online con una piattaforma intuitiva e sicura per <strong>incontri video casuali<\/strong>. Accesso senza registrazione, traduzione in tempo reale e strumenti innovativi <strong>barriere culturali e linguistiche<\/strong>. Ideale per scambi spontanei o strutturati, \u00e8 <strong>unisce semplicit\u00e0, qualit\u00e0 e sicurezza<\/strong> per un'esperienza connessa.<\/p>\n\n\n\n<h2 class=\"wp-block-heading\">FAQ<\/h2>\n\n\n\n<h3 class=\"wp-block-heading\">Posso utilizzare Instacams senza creare un account?<\/h3>\n\n\n\n<p>S\u00ec, Instacams offre un <strong>accesso immediato senza necessit\u00e0 di registrazione<\/strong>. \u00c8 sufficiente selezionare il proprio genere e cliccare su \"Start Chatting\" per <strong>essere messi in contatto casuale con un utente da qualsiasi parte del mondo<\/strong>. Questa facilit\u00e0 d'uso consente di <strong>avviare una conversazione video in meno di 10 secondi<\/strong>\u00c8 l'ideale per chi vuole evitare la burocrazia. \u00c8 comunque disponibile un'opzione di registrazione per personalizzare le proprie preferenze (lingua, aree di interesse) e accedere alle funzioni avanzate.<\/p>\n\n\n\n<h3 class=\"wp-block-heading\">In che modo Instacams garantisce la sicurezza degli utenti?<\/h3>\n\n\n\n<p>Instacams mette il <strong>sicurezza e riservatezza al centro delle sue operazioni<\/strong>. Le chiamate e i messaggi sono protetti da una crittografia end-to-end, che garantisce che <strong>solo i partecipanti possono accedere ai contenuti<\/strong> scambi. Strumenti per <strong>moderazione che combina IA e team umani<\/strong> monitorare le interazioni in tempo reale, mentre gli utenti possono bloccare o segnalare qualsiasi comportamento inappropriato. Anche le impostazioni avanzate (autenticazione a due fattori, visibilit\u00e0 del profilo) migliorano la protezione dei dati personali.<\/p>\n\n\n\n<h3 class=\"wp-block-heading\">Le Instacam possono essere utilizzate su un telefono o un tablet?<\/h3>\n\n\n\n<p>Assolutamente! Instacams \u00e8 stato progettato per essere utilizzato su <strong>tutti i media<\/strong> computer, smartphone e tablet. <strong>Non \u00e8 richiesto alcun download o installazione<\/strong>L'interfaccia si adatta automaticamente allo schermo, con una navigazione intuitiva e funzioni come i temi chiari\/scuri per una facilit\u00e0 d'uso ottimale, sia a casa che in viaggio. L'interfaccia si adatta automaticamente allo schermo, con una navigazione intuitiva e funzioni come i temi chiari\/scuri per una facilit\u00e0 d'uso ottimale, sia a casa che in viaggio.<\/p>\n\n\n\n<h3 class=\"wp-block-heading\">Il sistema di abbinamento casuale pu\u00f2 essere personalizzato?<\/h3>\n\n\n\n<p>L'abbinamento casuale, una firma di Instacams, \u00e8 <strong>progettato per sorprendere rimanendo fluido<\/strong>. Un algoritmo intelligente collega istantaneamente gli utenti, con la possibilit\u00e0 di impostare preferenze come la lingua o gli interessi per affinare i risultati. Se una discussione non \u00e8 di vostro gradimento, \u00e8 sufficiente cliccare su \"Avanti\". <strong>vi reindirizza a un nuovo partner<\/strong>. Questo approccio unisce spontaneit\u00e0 e controllo, favorendo scambi variegati e coinvolgenti.<\/p>\n\n\n\n<h3 class=\"wp-block-heading\">Come funzionano le videochiamate di gruppo su Instacam?<\/h3>\n\n\n\n<p>Instacams consente <strong>discussioni di gruppo con un massimo di 100 partecipanti<\/strong>ideale per eventi come webinar, serate tra amici o riunioni di lavoro. Gli strumenti di gestione (ruoli assegnati, sale dedicate) consentono di <strong>strutturare le interazioni<\/strong>. La qualit\u00e0 HD (fino a 1080p) e l'audio ad alta fedelt\u00e0 assicurano <strong>un'esperienza coinvolgente<\/strong>Il sito offre anche una serie di altre funzioni, come la condivisione dello schermo e i sondaggi in diretta, per migliorare gli scambi. La moderazione automatica e umana impedisce gli abusi, garantendo <strong>un ambiente collaborativo e rispettoso<\/strong>.<\/p>\n\n\n\n<a href=\"https:\/\/insta-cams.de\/\" target=\"_blank\" rel=\"noopener\">Instacams Deutsch<\/a> | \n<a href=\"https:\/\/instacams.at\/\" target=\"_blank\" rel=\"noopener\">Instacams Deutsch (AT)<\/a> | \n<a href=\"https:\/\/insta-cams.uk\/\" target=\"_blank\" rel=\"noopener\">Instacams English<\/a> | \n<a href=\"https:\/\/instacams.es\/\" target=\"_blank\" rel=\"noopener\">Instacams Espa\u00f1ol<\/a> |  \n<a href=\"https:\/\/instacams.it\/\" target=\"_blank\" rel=\"noopener\">Instacams Italiano<\/a> | \n<a href=\"https:\/\/insta-cams.nl\/\" instacams target=\"_blank\" rel=\"noopener\">Nederlands<\/a> | \n<a href=\"https:\/\/instacams.pt\/\" target=\"_blank\" rel=\"noopener\">Instacams Portugu\u00eas<\/a> | \n<a href=\"https:\/\/insta-cams.pl\/\" target=\"_blank\" rel=\"noopener\">Instacams Polski<\/a> | \n<a href=\"https:\/\/insta-cams.cz\/\" target=\"_blank\" rel=\"noopener\">Instacams \u010ce\u0161tina<\/a> | \n<a href=\"https:\/\/insta-cams.dk\/\" target=\"_blank\" rel=\"noopener\">Instacams Dansk<\/a>\n<\/div>\n\n\n\n<p><\/p>","protected":false},"excerpt":{"rendered":"<p>INSTACAMS OFFICIEL : CHAT DE RENCONTRE ALEATOIRE Inscrivez-vous maintenant sur INSTA CAMS et profitez de 50 cr\u00e9dits OFFERTS \u00e0 votre inscription. S&rsquo;INSCRIRE HOMME S&rsquo;INSCRIRE FEMME Instacams : rejoignez la communaut\u00e9 mondiale d&rsquo;un clic Vous en avez assez des messageries rigides o\u00f9 chaque interaction semble pr\u00e9visible ? Instacams bouscule les codes avec son chat vid\u00e9o al\u00e9atoire &#8230; <a title=\"home1\" class=\"read-more\" href=\"https:\/\/insta-cams.eu\/it\/\" aria-label=\"Per saperne di pi\u00f9 su home1\">Leggi tutto<\/a><\/p>","protected":false},"author":1,"featured_media":0,"parent":0,"menu_order":0,"comment_status":"closed","ping_status":"closed","template":"","meta":{"footnotes":""},"class_list":["post-58","page","type-page","status-publish"],"_links":{"self":[{"href":"https:\/\/insta-cams.eu\/it\/wp-json\/wp\/v2\/pages\/58","targetHints":{"allow":["GET"]}}],"collection":[{"href":"https:\/\/insta-cams.eu\/it\/wp-json\/wp\/v2\/pages"}],"about":[{"href":"https:\/\/insta-cams.eu\/it\/wp-json\/wp\/v2\/types\/page"}],"author":[{"embeddable":true,"href":"https:\/\/insta-cams.eu\/it\/wp-json\/wp\/v2\/users\/1"}],"replies":[{"embeddable":true,"href":"https:\/\/insta-cams.eu\/it\/wp-json\/wp\/v2\/comments?post=58"}],"version-history":[{"count":55,"href":"https:\/\/insta-cams.eu\/it\/wp-json\/wp\/v2\/pages\/58\/revisions"}],"predecessor-version":[{"id":255,"href":"https:\/\/insta-cams.eu\/it\/wp-json\/wp\/v2\/pages\/58\/revisions\/255"}],"wp:attachment":[{"href":"https:\/\/insta-cams.eu\/it\/wp-json\/wp\/v2\/media?parent=58"}],"curies":[{"name":"wp","href":"https:\/\/api.w.org\/{rel}","templated":true}]}}