{"id":58,"date":"2025-10-28T04:39:00","date_gmt":"2025-10-28T04:39:00","guid":{"rendered":"https:\/\/insta-cams.eu\/?page_id=58"},"modified":"2025-12-29T16:38:44","modified_gmt":"2025-12-29T16:38:44","slug":"home1","status":"publish","type":"page","link":"https:\/\/insta-cams.eu\/lv\/","title":{"rendered":"home1"},"content":{"rendered":"<section class=\"gb-element-c0819d6c banner\">\n<div class=\"gb-element-0659d418\">\n<div class=\"wp-block-columns is-layout-flex wp-container-core-columns-is-layout-9d6595d7 wp-block-columns-is-layout-flex\">\n<div class=\"wp-block-column is-layout-flow wp-block-column-is-layout-flow\">\n<h2 class=\"gb-text gb-text-155ce4c1\">OFICI\u0100L\u0100S INSTACAMS : NEJAU\u0160S IEPAZ\u012a\u0160AN\u0100S T\u0112RZ\u0112\u0160ANA<\/h2>\n\n\n\n<p class=\"has-text-align-center has-base-3-color has-text-color has-link-color wp-elements-c76d1f6cc9fa53b162a03c9e8863f2b2\"><strong>Re\u0123istr\u0113jieties tagad ar INSTA CAMS un izmantojiet 50 BEZMAKSAS kred\u012btus, kad re\u0123istr\u0113jaties.<\/strong><\/p>\n\n\n\n<div class=\"wp-block-columns is-layout-flex wp-container-core-columns-is-layout-9d6595d7 wp-block-columns-is-layout-flex\">\n<div class=\"wp-block-column is-layout-flow wp-block-column-is-layout-flow\" style=\"flex-basis:20px\"><\/div>\n\n\n\n<div class=\"wp-block-column is-layout-flow wp-block-column-is-layout-flow\">\n<a class=\"gb-text gb-text-50c1af7c\" href=\"\/connexion\/\">RE\u0122ISTR\u0112TIES K\u0100 V\u012aRIETIS<\/a>\n<\/div>\n\n\n\n<div class=\"wp-block-column is-layout-flow wp-block-column-is-layout-flow\">\n<a class=\"gb-text gb-text-6d7e1e7e\" href=\"\/connexion\/\">RE\u0122ISTR\u0112T SIEVIETI<\/a>\n<\/div>\n\n\n\n<div class=\"wp-block-column is-layout-flow wp-block-column-is-layout-flow\" style=\"flex-basis:20px\"><\/div>\n<\/div>\n<\/div>\n<\/div>\n<\/div>\n<\/section>\n\n\n\n<div class=\"gb-element-c35e94aa\">\n<h2 class=\"wp-block-heading\">Instacams: pievienojieties glob\u0101lajai kopienai ar vienu klik\u0161\u0137i<\/h2>\n\n\n\n<p>Vous en avez assez des messageries rigides o\u00f9 chaque interaction semble pr\u00e9visible ? <a href=\"https:\/\/instacams.fr\" data-type=\"link\" data-id=\"https:\/\/instacams.fr\" target=\"_blank\" rel=\"noopener\">Instacams<\/a> bouscule les codes avec son chat vid\u00e9o al\u00e9atoire qui vous connecte en un clic \u00e0 des inconnus du globe, sans inscription ni contrainte. Imaginez un espace o\u00f9 la traduction en temps r\u00e9el dissout les barri\u00e8res linguistiques, o\u00f9 un algorithme de jumelage affine vos rencontres selon vos centres d\u2019int\u00e9r\u00eat, ou o\u00f9 un chat de groupe lie jusqu\u2019\u00e0 100 participants pour des \u00e9v\u00e9nements virtuels ou des \u00e9changes collectifs. Plus qu\u2019une plateforme, <strong>v\u0101rti uz autentisku apmai\u0146u<\/strong>Viss HD video, kas pieejams dator\u0101, plan\u0161etdator\u0101 vai viedt\u0101lrun\u012b.<\/p>\n\n\n\n<ol class=\"wp-block-list\">\n<li><a href=\"#Instacams-connectez-vous-au-monde-entier-en-un-clic\">Instacams: savienojums ar visu pasauli ar vienu klik\u0161\u0137i<\/a><\/li>\n\n\n\n<li><a href=\"#des-fonctionnalites-con\u00e7ues-pour-des-conversations-sans-frontieres\">Funkcijas, kas paredz\u0113tas sarun\u0101m bez robe\u017e\u0101m<\/a><\/li>\n\n\n\n<li><a href=\"#une-experience-utilisateur-fluide-et-de-haute-qualite\">P\u016bsto\u0161a, augstas kvalit\u0101tes lietot\u0101ja pieredze<\/a><\/li>\n\n\n\n<li><a href=\"#environnement-s\u00fbr-communaut\u00e9-respectueuse\">Dro\u0161a vide un cie\u0146pilna kopiena<\/a><\/li>\n\n\n\n<li><a href=\"#comment-demarrer-votre-premiere-conversation-sur-instacams\">K\u0101 s\u0101kt pirmo sarunu InstaCams?<\/a><\/li>\n<\/ol>\n\n\n\n<h2 class=\"wp-block-heading\" id=\"Instacams-connectez-vous-au-monde-entier-en-un-clic\">Instacams: savienojums ar visu pasauli ar vienu klik\u0161\u0137i<\/h2>\n\n\n\n<p>V\u0113laties iepaz\u012bt da\u017e\u0101das kult\u016bras, neatk\u0101pjoties no ekr\u0101na? InstaCams paver durvis uz jaunu pasauli. <strong>glob\u0101ls t\u012bkls, kur\u0101 katrs savienojums ir atkl\u0101jums.<\/strong>. Iedom\u0101jieties, ka sarun\u0101jaties ar k\u0101du Tokij\u0101, kam\u0113r j\u016bs \u0113rti s\u0113\u017eat m\u0101j\u0101s Par\u012bz\u0113...<\/p>\n\n\n\n<h3 class=\"wp-block-heading\" id=\"Qu-est-ce-que-la-plateforme-instacams\">Kas ir instacams platforma?<\/h3>\n\n\n\n<p>InstaCams ir platforma <strong>t\u016bl\u012bt\u0113ja video iepaz\u012b\u0161an\u0101s<\/strong> kas p\u0101rv\u0113r\u0161 j\u016bsu ekr\u0101nu par starptautisku centru. Pateicoties \u0101tram atbilst\u012bbas algoritmam, varat sazin\u0101ties ar cilv\u0113kiem no vair\u0101k nek\u0101 100 da\u017e\u0101d\u0101m valst\u012bm. Nav nepiecie\u0161amas bezgal\u012bgas veidlapas, tikai viens klik\u0161\u0137is, lai s\u0101ktu piedz\u012bvojumu.<\/p>\n\n\n\n<p>Koncepcijas pamat\u0101 ir spontanit\u0101te: starp miljoniem lietot\u0101ju, <strong>katrs savienojums ir p\u0101rsteigums<\/strong>. Neatkar\u012bgi no t\u0101, vai v\u0113laties papla\u0161in\u0101t savas zin\u0101\u0161anas par kult\u016bru vai vienk\u0101r\u0161i apmain\u012bties ar smaidiem, InstaCams kopiena j\u016bs gaida dro\u0161\u0101 un cie\u0146piln\u0101 vid\u0113.<\/p>\n\n\n\n<h3 class=\"wp-block-heading\" id=\"Une-connexion-imm-iate-et-sans-contraintes\">T\u016bl\u012bt\u0113js savienojums bez ierobe\u017eojumiem<\/h3>\n\n\n\n<p>V\u0113laties t\u0113rz\u0113t bez gaid\u012b\u0161anas? Nav j\u0101re\u0123istr\u0113jas, nav j\u0101veic sare\u017e\u0123\u012bta konfigur\u0101cija: vienk\u0101r\u0161i palaidiet savu t\u012bmek\u013ca kameru un atrodiet k\u0101du, ar ko sarun\u0101ties, maz\u0101k nek\u0101 10 sekun\u017eu laik\u0101. \u0160\u012b pl\u016bden\u012bba <strong>katru m\u0113nesi piesaista miljoniem lietot\u0101ju.<\/strong>vienm\u0113r mekl\u0113 jaunus savienojumus.<\/p>\n\n\n\n<p>Ja saruna jums nav saisto\u0161a, ar vienk\u0101r\u0161u klik\u0161\u0137i varat nok\u013c\u016bt pie jaunas sejas, jauna st\u0101sta. \u0160\u012b apmai\u0146as br\u012bv\u012bba apvienojum\u0101 ar intuit\u012bvu saskarni noz\u012bm\u0113, ka. <strong>ide\u0101ls r\u012bks san\u0101ksm\u0113m bez \u0161\u0137\u0113r\u0161\u013ciem<\/strong>. Izm\u0113\u0123iniet, un, iesp\u0113jams, sastapsiet n\u0101kamo draugu... vai pat darba kol\u0113\u0123i otr\u0101 pasaules mal\u0101!<\/p>\n\n\n\n<figure class=\"wp-block-table\"><table class=\"has-fixed-layout\"><thead><tr><th>Funkcionalit\u0101te<\/th><th>Apraksts<\/th><\/tr><\/thead><tbody><tr><td>Savienojums<\/td><td>T\u016bl\u012bt\u0113ja, \u0101trai piek\u013cuvei nav nepiecie\u0161ama re\u0123istr\u0101cija.<\/td><\/tr><tr><td>Twinning<\/td><td>Roulette\" tipa algoritms ar dzimumu filtru.<\/td><\/tr><tr><td>Sazi\u0146a<\/td><td>Teksta t\u0113rz\u0113\u0161an\u0101 integr\u0113ta re\u0101llaika tulko\u0161ana.<\/td><\/tr><tr><td>Grupas t\u0113rz\u0113\u0161ana<\/td><td>Iesp\u0113ja uz\u0146emt l\u012bdz 100 dal\u012bbniekiem.<\/td><\/tr><tr><td>Kvalit\u0101te<\/td><td>HD video un augstas precizit\u0101tes audio apraide.<\/td><\/tr><tr><td>Pieejam\u012bba<\/td><td>Sader\u012bgs ar datoriem, plan\u0161etdatoriem un viedt\u0101lru\u0146iem bez instal\u0113\u0161anas.<\/td><\/tr><\/tbody><\/table><\/figure>\n\n\n\n<h2 class=\"wp-block-heading\" id=\"des-fonctionnalites-con\u00e7ues-pour-des-conversations-sans-frontieres\">Funkcijas, kas paredz\u0113tas sarun\u0101m bez robe\u017e\u0101m<\/h2>\n\n\n\n<h3 class=\"wp-block-heading\" id=\"un-algorithme-de-jumelage-pour-des-rencontres-surprenantes\">P\u0101rsteidzo\u0161u satik\u0161anos saska\u0146o\u0161anas algoritms<\/h3>\n\n\n\n<p>InstaCams ar savu t\u016bl\u012bt\u0113jas sader\u012bbas algoritmu revolucioniz\u0113 cilv\u0113ku mijiedarb\u012bbu. Tikai ar vienu klik\u0161\u0137i lietojumprogramma <strong>autom\u0101tiski savieno lietot\u0101jus ar cilv\u0113kiem vis\u0101 pasaul\u0113.<\/strong>. \u0160\u012b \"ruletes\" tipa sist\u0113ma nodro\u0161ina p\u0101rsteiguma elementu katr\u0101 savienojum\u0101, padarot katru sesiju unik\u0101lu un aizraujo\u0161u.<\/p>\n\n\n\n<p>Platforma pied\u0101v\u0101 nejau\u0161u video t\u0113rz\u0113\u0161anu ar sieviet\u0113m - ekskluz\u012bvu funkciju, kas \u013cauj iepaz\u012bties ar lietot\u0101jiem no da\u017e\u0101d\u0101m vid\u0113m. Preferences (valsts, valoda, intereses) smalki ietekm\u0113 saderin\u0101\u0161an\u0101s procesu, vienlaikus saglab\u0101jot b\u016btisk\u0101ko: <strong>negaid\u012btas tik\u0161an\u0101s cilv\u0113ciskais piedz\u012bvojums<\/strong>.<\/p>\n\n\n\n<h3 class=\"wp-block-heading\" id=\"brisez-la-barriere-de-la-langue-avec-la-traduction-en-temps-reel\">P\u0101rvariet valodas barjeru ar re\u0101llaika tulkojumu<\/h3>\n\n\n\n<p>Iedom\u0101jieties, ka sarun\u0101jaties ar Tokijas iedz\u012bvot\u0101ju fran\u010du valod\u0101. Pateicoties integr\u0113tajam valodu tulkojumam, <strong>InstaCams padara \u0161o realit\u0101ti pieejamu ikvienam<\/strong>. \u0160\u012b funkcija uzreiz at\u0161ifr\u0113 \u012bszi\u0146as, nodro\u0161inot netrauc\u0113tu sazi\u0146u starp cilv\u0113kiem, kas run\u0101 da\u017e\u0101d\u0101s valod\u0101s.<\/p>\n\n\n\n<p>Nov\u0113r\u0161ot valodas barjeras, platforma paver iesp\u0113jas. <strong>patiesi glob\u0101la kopiena kult\u016bras apmai\u0146ai<\/strong>. Tagad varat t\u0113rz\u0113t ar lietot\u0101jiem no Zieme\u013camerikas, \u0100zijas un \u0100frikas, padarot katru sarunu par bag\u0101tino\u0161u atkl\u0101jumu.<\/p>\n\n\n\n<h3 class=\"wp-block-heading\" id=\"partagez-des-moments-a-plusieurs-avec-le-chat-de-groupe\">Kop\u012bgojiet mirk\u013cus kop\u0101, izmantojot grupas t\u0113rz\u0113\u0161anu<\/h3>\n\n\n\n<p>InstaCams sniedzas t\u0101l\u0101k par vienk\u0101r\u0161u apmai\u0146u aci pret aci. T\u0101s <strong>grupas video t\u0113rz\u0113\u0161ana l\u012bdz pat 100 dal\u012bbniekiem no jauna atkl\u0101j<\/strong> soci\u0101l\u0101 un profesion\u0101l\u0101 mijiedarb\u012bba. Organiz\u0113jiet tie\u0161saistes sp\u0113\u013cu vakarus, kopienas san\u0101ksmes vai izgl\u012btojo\u0161us t\u012bmek\u013ca semin\u0101rus, izmantojot viedt\u0101lruni vai datoru.<\/p>\n\n\n\n<p>\u0160\u012b elast\u012bba p\u0101rv\u0113r\u0161 platformu par daudzpus\u012bgu telpu, kur\u0101 idejas var br\u012bvi pl\u016bst. Zema latence un HD kvalit\u0101te garant\u0113 augsta l\u012bme\u0146a <strong>aizraujo\u0161a pieredze<\/strong>Neatkar\u012bgi no t\u0101, vai esat skat\u012bt\u0101js vai pas\u0101kuma organizators.<\/p>\n\n\n\n<h2 class=\"wp-block-heading\" id=\"une-experience-utilisateur-fluide-et-de-haute-qualite\">P\u016bsto\u0161a, augstas kvalit\u0101tes lietot\u0101ja pieredze<\/h2>\n\n\n\n<p>InstaCams garantijas <strong>t\u016bl\u012bt\u0113js, netrauc\u0113ts savienojums<\/strong>Tas ir iesp\u0113jams, pateicoties progres\u012bv\u0101m tehnolo\u0123ij\u0101m un vienk\u0101r\u0161ai saskarnei. Platforma piel\u0101gojas to lietot\u0101ju vajadz\u012bb\u0101m, kuri v\u0113las skaidru un dabisku apmai\u0146u, vienlaikus samazinot tehniskos \u0161\u0137\u0113r\u0161\u013cus.<\/p>\n\n\n\n<h3 class=\"wp-block-heading\" id=\"une-qualite-video-et-audio-immersive\">Aizraujo\u0161a video un audio kvalit\u0101te<\/h3>\n\n\n\n<p>Sarun\u0101m ar InstaCams var izmantot HD video ar iz\u0161\u0137irtsp\u0113ju l\u012bdz 1080p un 60 kadru sekund\u0113 atjaunin\u0101\u0161anas \u0101trumu. Aizkav\u0113\u0161an\u0101s ir samazin\u0101ta, nov\u0113r\u0161ot kav\u0113\u0161anos un padarot mijiedarb\u012bbu dabisku. Augstas precizit\u0101tes ska\u0146a apvienojum\u0101 ar apk\u0101rt\u0113j\u0101 trok\u0161\u0146a sl\u0101p\u0113\u0161anas tehnolo\u0123iju nodro\u0161ina krist\u0101lskaidru sazi\u0146u. \u0160o tehnolo\u0123iju apvienojums katru mijiedarb\u012bbu p\u0101rv\u0113r\u0161 <strong>aizraujo\u0161a pieredze<\/strong>Katrs v\u0101rds un \u017eests ir prec\u012bzi iem\u016b\u017ein\u0101ts. Platforma autom\u0101tiski piel\u0101go video kvalit\u0101ti atkar\u012bb\u0101 no joslas platuma, garant\u0113jot vienm\u0113r\u012bgu straum\u0113\u0161anu pat ar main\u012bgiem savienojumiem.<\/p>\n\n\n\n<h3 class=\"wp-block-heading\" id=\"une-plateforme-accessible-partout-et-pour-tous\">Visur un ikvienam pieejama platforma<\/h3>\n\n\n\n<p>InstaCams ir izstr\u0101d\u0101ta t\u0101, lai to var\u0113tu izmantot jebkur\u0101 ier\u012bc\u0113: dator\u0101, plan\u0161etdator\u0101 vai viedt\u0101lrun\u012b, bez nepiecie\u0161am\u012bbas instal\u0113t jebk\u0101du programmat\u016bru. Skaidr\u0101, intuit\u012bv\u0101 saskarne noz\u012bm\u0113, ka pat ies\u0101c\u0113ji var ar to uzreiz s\u0101kt str\u0101d\u0101t. Piel\u0101go\u0161anu un starptautisko mijiedarb\u012bbu atvieglo t\u0101das opcijas k\u0101 gaismas\/tumsas t\u0113mas un integr\u0113ta tulko\u0161ana. T\u0101d\u0113j\u0101di ikviens lietot\u0101js, lai kur vi\u0146\u0161 atrastos un lai k\u0101da b\u016btu vi\u0146a ier\u012bce, var izmantot priek\u0161roc\u012bbas, ko sniedz <strong>t\u016bl\u012bt\u0113ja, vienk\u0101r\u0161a piek\u013cuve, kas veicina soci\u0101lo iesaist\u012b\u0161anos.<\/strong> pateicoties daudzveid\u012bgai kopienai.<\/p>\n\n\n\n<ul class=\"wp-block-list\">\n<li>Vienm\u0113r\u012bga video straum\u0113\u0161ana <strong>HD kvalit\u0101te asiem att\u0113liem<\/strong>.<\/li>\n\n\n\n<li><strong>Krist\u0101ldzidra ska\u0146a<\/strong> pateicoties augstas precizit\u0101tes ska\u0146ai un apk\u0101rt\u0113j\u0101 trok\u0161\u0146a samazin\u0101\u0161anai.<\/li>\n\n\n\n<li>Intuit\u012bva saskarne, kas paredz\u0113ta <strong>t\u016bl\u012bt\u0113ja, viegla lieto\u0161ana<\/strong>.<\/li>\n\n\n\n<li>A <strong>tie\u0161a piek\u013cuve no t\u012bmek\u013ca p\u0101rl\u016bkprogrammas<\/strong>jebkur\u0101 ier\u012bc\u0113.<\/li>\n<\/ul>\n\n\n\n<h2 class=\"wp-block-heading\" id=\"environnement-s\u00fbr-communaut\u00e9-respectueuse\">Dro\u0161a vide un cie\u0146pilna kopiena<\/h2>\n\n\n\n<h3 class=\"wp-block-heading\" id=\"protection-vie-privee\">J\u016bsu priv\u0101tuma aizsardz\u012bba ir priorit\u0101te<\/h3>\n\n\n\n<p>InstaCams ievieto <strong>dro\u0161\u012bba ir t\u0101s darb\u012bbas pamat\u0101.<\/strong> pateicoties uzlabotiem \u0161ifr\u0113\u0161anas protokoliem. \u0160\u012bs tehnolo\u0123ijas nodro\u0161ina video apmai\u0146as konfidencialit\u0101ti un blo\u0137\u0113 jebk\u0101du nesankcion\u0113tu piek\u013cuvi. Regul\u0101ri dro\u0161\u012bbas auditi pal\u012bdz uztur\u0113t \u0161os augstos standartus, proakt\u012bvi identific\u0113jot un nov\u0113r\u0161ot ievainojam\u012bbas. Lietot\u0101ji var izmantot piel\u0101gojamas konfidencialit\u0101tes iesp\u0113jas, piem\u0113ram, p\u0101rvald\u012bt sava profila redzam\u012bbu un aktiviz\u0113t divu faktoru autentifik\u0101ciju (ar SMS vai \u012bpa\u0161u lietojumprogrammu), t\u0101d\u0113j\u0101di pastiprinot konta aizsardz\u012bbu. Tiek veicin\u0101ta anonimit\u0101te, izmantojot minim\u0101lu re\u0123istr\u0101cijas procesu, kas \u013cauj izvair\u012bties no sensit\u012bvas inform\u0101cijas v\u0101k\u0161anas.<\/p>\n\n\n\n<h3 class=\"wp-block-heading\" id=\"outils-moderation\">Moder\u0113\u0161anas r\u012bki draudz\u012bgai apmai\u0146ai<\/h3>\n\n\n\n<p>Saglab\u0101t pozit\u012bvu vidi, <strong>InstaCams apvieno automatiz\u0113tu m\u0101ksl\u012bg\u0101 intelekta filtr\u0113\u0161anu un cilv\u0113ka iejauk\u0161anos<\/strong>. M\u0101ksl\u012bgais intelekts re\u0101llaik\u0101 analiz\u0113 video pl\u016bsmas un teksta saturu, atkl\u0101jot neatbilsto\u0161u uzved\u012bbu, izmantojot atsl\u0113gv\u0101rdus vai zi\u0146ojumu veidnes. Moderatoru komandas \u0101tri rea\u0123\u0113 uz zi\u0146ojumiem, nodro\u0161inot, ka sare\u017e\u0123\u012btiem gad\u012bjumiem tiek sekots l\u012bdzi ar cilv\u0113ka iejauk\u0161anos. Lietot\u0101jiem ir pieejami intuit\u012bvi r\u012bki, lai blo\u0137\u0113tu vai zi\u0146otu par nev\u0113lamu kontaktu ar vienu pogas klik\u0161\u0137i, t\u0101d\u0113j\u0101di nodro\u0161inot liel\u0101ku kontroles saj\u016btu. Skaidras kopienas vadl\u012bnijas nosaka pie\u0146emamu uzved\u012bbu, veicinot cie\u0146u un piekl\u0101j\u012bbu glob\u0101laj\u0101 mijiedarb\u012bb\u0101.<\/p>\n\n\n\n<ul class=\"wp-block-list\">\n<li>Uzlabotie \u0161ifr\u0113\u0161anas protokoli <strong>sarunu maksim\u0101la konfidencialit\u0101te<\/strong>.<\/li>\n\n\n\n<li>hibr\u012bda moder\u0113\u0161anas sist\u0113ma (m\u0101ksl\u012bgais intelekts + \u012bpa\u0161as komandas), kas nodro\u0161ina <strong>dro\u0161a telpa.<\/strong>.<\/li>\n\n\n\n<li><strong>T\u016bl\u012bt\u0113ja blo\u0137\u0113\u0161ana un zi\u0146o\u0161anas iesp\u0113jas<\/strong> proakt\u012bvai mijiedarb\u012bbas p\u0101rvald\u012bbai.<\/li>\n\n\n\n<li><strong>Elast\u012bgi konfidencialit\u0101tes iestat\u012bjumi<\/strong>Tas \u013cauj piel\u0101got profila un pazi\u0146ojumu redzam\u012bbu.<\/li>\n<\/ul>\n\n\n\n<h2 class=\"wp-block-heading\" id=\"comment-demarrer-votre-premiere-conversation-sur-instacams\">K\u0101 s\u0101kt pirmo sarunu InstaCams?<\/h2>\n\n\n\n<h3 class=\"wp-block-heading\" id=\"votre-guide-pas-a-pas-pour-une-connexion-reussie\">Soli pa solim veiksm\u012bga savienojuma izveides ce\u013cvedis<\/h3>\n\n\n\n<p>InstaCams savieno j\u016bs ar lietot\u0101jiem vis\u0101 pasaul\u0113 da\u017eu sekun\u017eu laik\u0101. Ar vienk\u0101r\u0161u saskarni un intuit\u012bvu procesu, <strong>varat iesaist\u012bties spont\u0101n\u0101s, autentisk\u0101s diskusij\u0101s.<\/strong>kur katrs klik\u0161\u0137is atver durvis uz jaunu st\u0101stu.<\/p>\n\n\n\n<ol class=\"wp-block-list\">\n<li><strong>Sagatavojiet savu apr\u012bkojumu<\/strong> Aktiviz\u0113jiet t\u012bmek\u013ca kameru un p\u0101rbaudiet, vai darbojas mikrofons. Nevainojams interneta savienojums un pareizs apgaismojums nodro\u0161ina skaidru redzam\u012bbu, lai rad\u012btu siltu pirmo iespaidu.<\/li>\n\n\n\n<li><strong>Savienojuma s\u0101k\u0161ana<\/strong> Dodieties uz vietni un noklik\u0161\u0137iniet uz \"S\u0101kt t\u0113rz\u0113\u0161anu\". T\u016bda\u013cpaties\u0101 sakrit\u012bbas algoritms acumirkl\u012b savieno j\u016bs ar nejau\u0161u lietot\u0101ju, bez gaid\u012b\u0161anas un sare\u017e\u0123\u012bjumiem.<\/li>\n\n\n\n<li><strong>Piel\u0101gojiet pieredzi (p\u0113c izv\u0113les)<\/strong> Tikai ar da\u017eiem klik\u0161\u0137iem izveidojiet bezmaksas kontu, lai noteiktu savas preferences (valodu, intereses). Tas preciz\u0113 atbilst\u012bbu, palielinot j\u016bsu izredzes satikt profilus, kas atbilst j\u016bsu v\u0113lm\u0113m.<\/li>\n\n\n\n<li><strong>S\u0101kt sarunu<\/strong> Esiet zin\u0101tk\u0101ri un cie\u0146as pilni. S\u0101ciet ar atkl\u0101tu jaut\u0101jumu, piem\u0113ram, \"K\u0101ds ir j\u016bsu m\u012b\u013c\u0101kais tradicion\u0101lais \u0113diens?\", lai veidotu dabisku un saisto\u0161u sarunu.<\/li>\n<\/ol>\n\n\n\n<p>InstaCams, kas darbojas vair\u0101k nek\u0101 100 valst\u012bs, apvieno \u0101trumu, dro\u0161\u012bbu (end-to-end \u0161ifr\u0113\u0161ana) un pieejam\u012bbu vis\u0101s ier\u012bc\u0113s (viedt\u0101lru\u0146os, datoros, plan\u0161etdatoros). \u0160\u012b platforma veicina <strong>pozit\u012bvas cilv\u0113cisk\u0101s saiknes.<\/strong>ide\u0101li piem\u0113rots valodas apguvei, jaunu kult\u016bru iepaz\u012b\u0161anai vai vienk\u0101r\u0161i draudz\u012bgai sarunai. Vai esat gatavs smaid\u012bt nezin\u0101majam?<\/p>\n\n\n\n<p>InstaCams no jauna atkl\u0101j tie\u0161saistes apmai\u0146u ar intuit\u012bvu un dro\u0161u platformu, lai <strong>nejau\u0161as video tik\u0161an\u0101s<\/strong>. Piek\u013cuve bez re\u0123istr\u0101cijas, tulko\u0161ana re\u0101laj\u0101 laik\u0101 un inovat\u012bvi r\u012bki <strong>kult\u016bras un valodas barjeru p\u0101rvar\u0113\u0161ana.<\/strong>. Ide\u0101li piem\u0113rots spont\u0101nai vai struktur\u0113tai apmai\u0146ai. <strong>apvieno vienk\u0101r\u0161\u012bbu, kvalit\u0101ti un dro\u0161\u012bbu<\/strong> lai g\u016btu savienotu pieredzi.<\/p>\n\n\n\n<h2 class=\"wp-block-heading\">BIE\u017d\u0100K UZDOTIE JAUT\u0100JUMI<\/h2>\n\n\n\n<h3 class=\"wp-block-heading\">Vai es varu izmantot Instacams bez konta izveides?<\/h3>\n\n\n\n<p>J\u0101, Instacams pied\u0101v\u0101 <strong>t\u016bl\u012bt\u0113ja piek\u013cuve bez nepiecie\u0161am\u012bbas re\u0123istr\u0113ties<\/strong>. Vienk\u0101r\u0161i izv\u0113lieties savu \u017eanru un noklik\u0161\u0137iniet uz \"S\u0101kt t\u0113rz\u0113\u0161anu\", lai <strong>sazin\u0101ties ar lietot\u0101ju no jebkuras vietas pasaul\u0113.<\/strong>. \u0160\u012b vienk\u0101r\u0161\u0101 lieto\u0161ana noz\u012bm\u0113, ka varat <strong>s\u0101kt video sarunu maz\u0101k nek\u0101 10 sekun\u017eu laik\u0101<\/strong>Tas ir ide\u0101li piem\u0113rots tiem, kas v\u0113las izvair\u012bties no birokr\u0101tijas. Tom\u0113r joproj\u0101m ir pieejama re\u0123istr\u0101cijas iesp\u0113ja, lai personaliz\u0113tu savas preferences (valoda, intere\u0161u jomas) un piek\u013c\u016btu uzlabotaj\u0101m funkcij\u0101m.<\/p>\n\n\n\n<h3 class=\"wp-block-heading\">K\u0101 Instacams garant\u0113 lietot\u0101ja dro\u0161\u012bbu?<\/h3>\n\n\n\n<p>Instacams ievieto <strong>t\u0101s darb\u012bbas pamat\u0101 ir dro\u0161\u012bba un konfidencialit\u0101te.<\/strong>. Zvani un zi\u0146ojumi tiek aizsarg\u0101ti ar end-to-end \u0161ifr\u0113\u0161anu, nodro\u0161inot, ka. <strong>tikai dal\u012bbnieki var piek\u013c\u016bt saturam.<\/strong> apmai\u0146a. Instrumenti <strong>moder\u0113\u0161ana, apvienojot m\u0101ksl\u012bg\u0101 intelekta un cilv\u0113ku komandas.<\/strong> p\u0101rraudz\u012bt mijiedarb\u012bbu re\u0101llaik\u0101, savuk\u0101rt lietot\u0101ji var blo\u0137\u0113t vai zi\u0146ot par nepiem\u0113rotu uzved\u012bbu. Personas datu aizsardz\u012bbu uzlabo ar\u012b papildu iestat\u012bjumi (divfaktoru autentifik\u0101cija, profila redzam\u012bba).<\/p>\n\n\n\n<h3 class=\"wp-block-heading\">Vai Instacams var izmantot t\u0101lrun\u012b vai plan\u0161etdator\u0101?<\/h3>\n\n\n\n<p>Piln\u012bgi noteikti! Instacams ir paredz\u0113ts lieto\u0161anai uz <strong>visi pla\u0161sazi\u0146as l\u012bdzek\u013ci<\/strong> datoriem, viedt\u0101lru\u0146iem un plan\u0161etdatoriem. <strong>Lejupiel\u0101de vai instal\u0113\u0161ana nav nepiecie\u0161ama<\/strong>Saskarne autom\u0101tiski piel\u0101gojas ekr\u0101nam, nodro\u0161inot intuit\u012bvu navig\u0101ciju un t\u0101das funkcijas k\u0101 gaismas\/tumsas t\u0113mas, lai nodro\u0161in\u0101tu optim\u0101lu lieto\u0161anas \u0113rtumu gan m\u0101j\u0101s, gan ce\u013c\u0101. Interfeiss autom\u0101tiski piel\u0101gojas ekr\u0101nam, un intuit\u012bv\u0101 navig\u0101cija un t\u0101das funkcijas k\u0101 gaismas\/tumsas t\u0113mas nodro\u0161ina optim\u0101lu lieto\u0161anas \u0113rtumu gan m\u0101j\u0101s, gan kust\u012bb\u0101.<\/p>\n\n\n\n<h3 class=\"wp-block-heading\">Vai izlases atbilst\u012bbas sist\u0113mu var piel\u0101got?<\/h3>\n\n\n\n<p>Instacams rakstur\u012bg\u0101 nejau\u0161\u0101 saska\u0146o\u0161ana ir <strong>izstr\u0101d\u0101ts t\u0101, lai p\u0101rsteigtu, vienlaikus saglab\u0101jot pl\u016bdumu.<\/strong>. Inteli\u0123ents algoritms uzreiz savieno lietot\u0101jus, un, lai preciz\u0113tu rezult\u0101tus, var iestat\u012bt preferences, piem\u0113ram, valodu vai intereses. Ja k\u0101da diskusija jums nepat\u012bk, vienk\u0101r\u0161i noklik\u0161\u0137iniet uz \"N\u0101kamais\". <strong>p\u0101radres\u0113 j\u016bs uz jaunu partneri.<\/strong>. \u0160\u012b pieeja apvieno spontanit\u0101ti un kontroli, veicinot daudzveid\u012bgu un saisto\u0161u apmai\u0146u.<\/p>\n\n\n\n<h3 class=\"wp-block-heading\">K\u0101 darbojas grupas videozvani ar Instacams?<\/h3>\n\n\n\n<p>Instacams \u013cauj <strong>grupu diskusijas ar l\u012bdz 100 dal\u012bbniekiem.<\/strong>ide\u0101li piem\u0113rots t\u0101diem pas\u0101kumiem k\u0101 t\u012bmek\u013ca semin\u0101ri, vakari ar draugiem vai biznesa tik\u0161an\u0101s. P\u0101rvald\u012bbas r\u012bki (pie\u0161\u0137irtas lomas, atv\u0113l\u0113tas telpas) pal\u012bdz <strong>mijiedarb\u012bbas struktur\u0113\u0161ana<\/strong>. HD kvalit\u0101te (l\u012bdz 1080p) un augstas precizit\u0101tes audio nodro\u0161ina <strong>aizraujo\u0161a pieredze<\/strong>Vietne pied\u0101v\u0101 ar\u012b virkni citu funkciju, piem\u0113ram, ekr\u0101na koplieto\u0161anu un aptaujas tie\u0161raid\u0113, lai uzlabotu inform\u0101cijas apmai\u0146u. Autom\u0101tiska un cilv\u0113ku veikta moder\u0113\u0161ana nov\u0113r\u0161 \u013caunpr\u0101t\u012bgu izmanto\u0161anu, garant\u0113jot. <strong>sadarb\u012bbas un cie\u0146pilna vide.<\/strong>.<\/p>\n\n\n\n<a href=\"https:\/\/insta-cams.de\/\" target=\"_blank\" rel=\"noopener\">Instacams Deutsch<\/a> | \n<a href=\"https:\/\/instacams.at\/\" target=\"_blank\" rel=\"noopener\">Instacams Deutsch (AT)<\/a> | \n<a href=\"https:\/\/insta-cams.uk\/\" target=\"_blank\" rel=\"noopener\">Instacams English<\/a> | \n<a href=\"https:\/\/instacams.es\/\" target=\"_blank\" rel=\"noopener\">Instacams Espa\u00f1ol<\/a> |  \n<a href=\"https:\/\/instacams.it\/\" target=\"_blank\" rel=\"noopener\">Instacams Italiano<\/a> | \n<a href=\"https:\/\/insta-cams.nl\/\" instacams target=\"_blank\" rel=\"noopener\">Nederlands<\/a> | \n<a href=\"https:\/\/instacams.pt\/\" target=\"_blank\" rel=\"noopener\">Instacams Portugu\u00eas<\/a> | \n<a href=\"https:\/\/insta-cams.pl\/\" target=\"_blank\" rel=\"noopener\">Instacams Polski<\/a> | \n<a href=\"https:\/\/insta-cams.cz\/\" target=\"_blank\" rel=\"noopener\">Instacams \u010ce\u0161tina<\/a> | \n<a href=\"https:\/\/insta-cams.dk\/\" target=\"_blank\" rel=\"noopener\">Instacams Dansk<\/a>\n<\/div>\n\n\n\n<p><\/p>","protected":false},"excerpt":{"rendered":"<p>INSTACAMS OFFICIEL : CHAT DE RENCONTRE ALEATOIRE Inscrivez-vous maintenant sur INSTA CAMS et profitez de 50 cr\u00e9dits OFFERTS \u00e0 votre inscription. S&rsquo;INSCRIRE HOMME S&rsquo;INSCRIRE FEMME Instacams : rejoignez la communaut\u00e9 mondiale d&rsquo;un clic Vous en avez assez des messageries rigides o\u00f9 chaque interaction semble pr\u00e9visible ? Instacams bouscule les codes avec son chat vid\u00e9o al\u00e9atoire &#8230; <a title=\"home1\" class=\"read-more\" href=\"https:\/\/insta-cams.eu\/lv\/\" aria-label=\"Read more about home1\">Read more<\/a><\/p>","protected":false},"author":1,"featured_media":0,"parent":0,"menu_order":0,"comment_status":"closed","ping_status":"closed","template":"","meta":{"footnotes":""},"class_list":["post-58","page","type-page","status-publish"],"_links":{"self":[{"href":"https:\/\/insta-cams.eu\/lv\/wp-json\/wp\/v2\/pages\/58","targetHints":{"allow":["GET"]}}],"collection":[{"href":"https:\/\/insta-cams.eu\/lv\/wp-json\/wp\/v2\/pages"}],"about":[{"href":"https:\/\/insta-cams.eu\/lv\/wp-json\/wp\/v2\/types\/page"}],"author":[{"embeddable":true,"href":"https:\/\/insta-cams.eu\/lv\/wp-json\/wp\/v2\/users\/1"}],"replies":[{"embeddable":true,"href":"https:\/\/insta-cams.eu\/lv\/wp-json\/wp\/v2\/comments?post=58"}],"version-history":[{"count":55,"href":"https:\/\/insta-cams.eu\/lv\/wp-json\/wp\/v2\/pages\/58\/revisions"}],"predecessor-version":[{"id":255,"href":"https:\/\/insta-cams.eu\/lv\/wp-json\/wp\/v2\/pages\/58\/revisions\/255"}],"wp:attachment":[{"href":"https:\/\/insta-cams.eu\/lv\/wp-json\/wp\/v2\/media?parent=58"}],"curies":[{"name":"wp","href":"https:\/\/api.w.org\/{rel}","templated":true}]}}