{"id":58,"date":"2025-10-28T04:39:00","date_gmt":"2025-10-28T04:39:00","guid":{"rendered":"https:\/\/insta-cams.eu\/?page_id=58"},"modified":"2025-12-29T16:38:44","modified_gmt":"2025-12-29T16:38:44","slug":"home1","status":"publish","type":"page","link":"https:\/\/insta-cams.eu\/nb\/","title":{"rendered":"home1"},"content":{"rendered":"<section class=\"gb-element-c0819d6c banner\">\n<div class=\"gb-element-0659d418\">\n<div class=\"wp-block-columns is-layout-flex wp-container-core-columns-is-layout-9d6595d7 wp-block-columns-is-layout-flex\">\n<div class=\"wp-block-column is-layout-flow wp-block-column-is-layout-flow\">\n<h2 class=\"gb-text gb-text-155ce4c1\">OFFISIELLE INSTACAMS : TILFELDIG DATING CHAT<\/h2>\n\n\n\n<p class=\"has-text-align-center has-base-3-color has-text-color has-link-color wp-elements-c76d1f6cc9fa53b162a03c9e8863f2b2\"><strong>Registrer deg n\u00e5 med INSTA CAMS og dra nytte av 50 GRATIS studiepoeng n\u00e5r du registrerer deg.<\/strong><\/p>\n\n\n\n<div class=\"wp-block-columns is-layout-flex wp-container-core-columns-is-layout-9d6595d7 wp-block-columns-is-layout-flex\">\n<div class=\"wp-block-column is-layout-flow wp-block-column-is-layout-flow\" style=\"flex-basis:20px\"><\/div>\n\n\n\n<div class=\"wp-block-column is-layout-flow wp-block-column-is-layout-flow\">\n<a class=\"gb-text gb-text-50c1af7c\" href=\"\/connexion\/\">REGISTRERE DEG SOM MANN<\/a>\n<\/div>\n\n\n\n<div class=\"wp-block-column is-layout-flow wp-block-column-is-layout-flow\">\n<a class=\"gb-text gb-text-6d7e1e7e\" href=\"\/connexion\/\">REGISTER KVINNE<\/a>\n<\/div>\n\n\n\n<div class=\"wp-block-column is-layout-flow wp-block-column-is-layout-flow\" style=\"flex-basis:20px\"><\/div>\n<\/div>\n<\/div>\n<\/div>\n<\/div>\n<\/section>\n\n\n\n<div class=\"gb-element-c35e94aa\">\n<h2 class=\"wp-block-heading\">Instacams: bli med i det globale samfunnet med ett klikk<\/h2>\n\n\n\n<p>Vous en avez assez des messageries rigides o\u00f9 chaque interaction semble pr\u00e9visible ? <a href=\"https:\/\/instacams.fr\" data-type=\"link\" data-id=\"https:\/\/instacams.fr\" target=\"_blank\" rel=\"noopener\">Instacams<\/a> bouscule les codes avec son chat vid\u00e9o al\u00e9atoire qui vous connecte en un clic \u00e0 des inconnus du globe, sans inscription ni contrainte. Imaginez un espace o\u00f9 la traduction en temps r\u00e9el dissout les barri\u00e8res linguistiques, o\u00f9 un algorithme de jumelage affine vos rencontres selon vos centres d\u2019int\u00e9r\u00eat, ou o\u00f9 un chat de groupe lie jusqu\u2019\u00e0 100 participants pour des \u00e9v\u00e9nements virtuels ou des \u00e9changes collectifs. Plus qu\u2019une plateforme, <strong>en inngangsport til autentiske utvekslinger<\/strong>Alt i HD-video, tilgjengelig p\u00e5 datamaskin, nettbrett eller smarttelefon.<\/p>\n\n\n\n<ol class=\"wp-block-list\">\n<li><a href=\"#Instacams-connectez-vous-au-monde-entier-en-un-clic\">Instacams: f\u00e5 kontakt med hele verden med ett klikk<\/a><\/li>\n\n\n\n<li><a href=\"#des-fonctionnalites-con\u00e7ues-pour-des-conversations-sans-frontieres\">Funksjoner utviklet for samtaler uten grenser<\/a><\/li>\n\n\n\n<li><a href=\"#une-experience-utilisateur-fluide-et-de-haute-qualite\">En flytende brukeropplevelse av h\u00f8y kvalitet<\/a><\/li>\n\n\n\n<li><a href=\"#environnement-s\u00fbr-communaut\u00e9-respectueuse\">Et trygt milj\u00f8 og et respektfullt fellesskap<\/a><\/li>\n\n\n\n<li><a href=\"#comment-demarrer-votre-premiere-conversation-sur-instacams\">Hvordan starter du din f\u00f8rste samtale p\u00e5 InstaCams?<\/a><\/li>\n<\/ol>\n\n\n\n<h2 class=\"wp-block-heading\" id=\"Instacams-connectez-vous-au-monde-entier-en-un-clic\">Instacams: f\u00e5 kontakt med hele verden med ett klikk<\/h2>\n\n\n\n<p>\u00d8nsker du \u00e5 utforske andre kulturer uten \u00e5 forlate skjermen? InstaCams \u00e5pner d\u00f8rene til en ny verden. <strong>et globalt nettverk der hver forbindelse er en oppdagelse<\/strong>. Tenk deg at du kan chatte med noen i Tokyo mens du sitter hjemme i Paris...<\/p>\n\n\n\n<h3 class=\"wp-block-heading\" id=\"Qu-est-ce-que-la-plateforme-instacams\">Hva er instacams-plattformen?<\/h3>\n\n\n\n<p>InstaCams er en plattform for <strong>umiddelbar video dating<\/strong> som gj\u00f8r skjermen din til et internasjonalt knutepunkt. Takket v\u00e6re en rask matchingsalgoritme kan du komme i kontakt med mennesker fra over 100 forskjellige land. Du trenger ikke \u00e5 fylle ut endel\u00f8se skjemaer, bare ett klikk og eventyret kan begynne.<\/p>\n\n\n\n<p>Konseptet er basert p\u00e5 spontanitet: blant millioner av brukere, <strong>hver forbindelse er en overraskelse<\/strong>. Enten du \u00f8nsker \u00e5 utvide din kulturelle kunnskap eller bare utveksle smil, \u00f8nsker InstaCams-fellesskapet deg velkommen i et trygt og respektfullt milj\u00f8.<\/p>\n\n\n\n<h3 class=\"wp-block-heading\" id=\"Une-connexion-imm-iate-et-sans-contraintes\">Umiddelbar tilkobling uten begrensninger<\/h3>\n\n\n\n<p>Vil du chatte uten \u00e5 vente? Du trenger ikke \u00e5 registrere deg, ingen komplisert konfigurasjon: Bare start webkameraet ditt og finn noen \u00e5 snakke med p\u00e5 mindre enn 10 sekunder. Denne smidigheten <strong>tiltrekker seg millioner av brukere hver m\u00e5ned<\/strong>alltid p\u00e5 utkikk etter nye forbindelser.<\/p>\n\n\n\n<p>Hvis samtalen ikke passer deg, kan du med et enkelt klikk finne et nytt ansikt, en ny historie. Denne friheten til \u00e5 utveksle, kombinert med et intuitivt grensesnitt, betyr at <strong>det ideelle verkt\u00f8yet for barrierefrie m\u00f8ter<\/strong>. Pr\u00f8v det, og du kan st\u00f8te p\u00e5 en fremtidig venn ... eller til og med en arbeidskollega p\u00e5 den andre siden av kloden!<\/p>\n\n\n\n<figure class=\"wp-block-table\"><table class=\"has-fixed-layout\"><thead><tr><th>Funksjonalitet<\/th><th>Beskrivelse<\/th><\/tr><\/thead><tbody><tr><td>Tilkobling<\/td><td>\u00d8yeblikkelig, ingen registrering kreves for rask tilgang.<\/td><\/tr><tr><td>Partnerskap<\/td><td>Algoritme av typen \"Roulette\" med kj\u00f8nnsfilter tilgjengelig.<\/td><\/tr><tr><td>Kommunikasjon<\/td><td>Sanntidsoversettelse integrert i tekstchatten.<\/td><\/tr><tr><td>Gruppechat<\/td><td>Kapasitet for opptil 100 deltakere.<\/td><\/tr><tr><td>Kvalitet<\/td><td>HD-video og lyd i h\u00f8y kvalitet.<\/td><\/tr><tr><td>Tilgjengelighet<\/td><td>Kompatibel med datamaskiner, nettbrett og smarttelefoner uten installasjon.<\/td><\/tr><\/tbody><\/table><\/figure>\n\n\n\n<h2 class=\"wp-block-heading\" id=\"des-fonctionnalites-con\u00e7ues-pour-des-conversations-sans-frontieres\">Funksjoner utviklet for samtaler uten grenser<\/h2>\n\n\n\n<h3 class=\"wp-block-heading\" id=\"un-algorithme-de-jumelage-pour-des-rencontres-surprenantes\">En matchmaking-algoritme for overraskende m\u00f8ter<\/h3>\n\n\n\n<p>InstaCams revolusjonerer menneskelig interaksjon med sin algoritme for \u00f8yeblikkelig matching. Med bare ett klikk kan applikasjonen <strong>kobler automatisk brukere til mennesker over hele verden<\/strong>. Dette \"rulett\"-systemet introduserer et overraskelsesmoment ved hver eneste forbindelse, noe som gj\u00f8r hver \u00f8kt unik og spennende.<\/p>\n\n\n\n<p>Plattformen tilbyr en tilfeldig videochat med kvinner, en eksklusiv funksjon som lar deg m\u00f8te brukere med ulik bakgrunn. Preferanser (land, spr\u00e5k, interesser) p\u00e5virker subtilt matchmaking-prosessen, samtidig som det essensielle beholdes: <strong>det menneskelige eventyret i et uventet m\u00f8te<\/strong>.<\/p>\n\n\n\n<h3 class=\"wp-block-heading\" id=\"brisez-la-barriere-de-la-langue-avec-la-traduction-en-temps-reel\">Bryt spr\u00e5kbarrieren med oversettelse i sanntid<\/h3>\n\n\n\n<p>Tenk deg \u00e5 snakke med en innbygger i Tokyo mens du snakker fransk. Takket v\u00e6re integrert spr\u00e5koversettelse, <strong>InstaCams gj\u00f8r denne virkeligheten tilgjengelig for alle<\/strong>. Denne funksjonen dechiffrerer tekstmeldinger umiddelbart, noe som gj\u00f8r det mulig \u00e5 utveksle meldinger mellom personer som snakker forskjellige spr\u00e5k.<\/p>\n\n\n\n<p>Ved \u00e5 fjerne spr\u00e5kbarrierer \u00e5pner plattformen d\u00f8ren til <strong>et virkelig globalt fellesskap for deling av kultur<\/strong>. N\u00e5 kan du chatte med brukere fra Nord-Amerika, Asia og Afrika, slik at hver samtale blir til en berikende oppdagelse.<\/p>\n\n\n\n<h3 class=\"wp-block-heading\" id=\"partagez-des-moments-a-plusieurs-avec-le-chat-de-groupe\">Del \u00f8yeblikk sammen med gruppechat<\/h3>\n\n\n\n<p>InstaCams g\u00e5r lenger enn bare utveksling ansikt til ansikt. Dens <strong>gruppevideochat for opptil 100 deltakere gjenoppfinner<\/strong> sosial og profesjonell samhandling. Organiser spillkvelder p\u00e5 nettet, m\u00f8ter i lokalsamfunnet eller pedagogiske webinarer fra smarttelefonen eller datamaskinen din.<\/p>\n\n\n\n<p>Denne fleksibiliteten gj\u00f8r plattformen til et allsidig rom der ideene kan flyte fritt. Lav latenstid og HD-kvalitet garanterer et h\u00f8yt niv\u00e5 av <strong>oppslukende opplevelse<\/strong>enten du er tilskuer eller arrang\u00f8r.<\/p>\n\n\n\n<h2 class=\"wp-block-heading\" id=\"une-experience-utilisateur-fluide-et-de-haute-qualite\">En flytende brukeropplevelse av h\u00f8y kvalitet<\/h2>\n\n\n\n<p>InstaCams garanterer <strong>umiddelbar, friksjonsfri tilkobling<\/strong>Dette er mulig takket v\u00e6re avansert teknologi og et grensesnitt som er designet for enkelhet. Plattformen tilpasser seg behovene til brukere som \u00f8nsker en tydelig og naturlig utveksling, samtidig som de tekniske hindringene minimeres.<\/p>\n\n\n\n<h3 class=\"wp-block-heading\" id=\"une-qualite-video-et-audio-immersive\">Oppslukende video- og lydkvalitet<\/h3>\n\n\n\n<p>Samtaler p\u00e5 InstaCams drar nytte av HD-video i opptil 1080p, med en oppdateringsfrekvens p\u00e5 60 bilder per sekund. Latenstiden er redusert, slik at du unng\u00e5r forsinkelser og f\u00e5r en naturlig interaksjon. Lyd med h\u00f8y kvalitet, kombinert med teknologi for st\u00f8yreduksjon, s\u00f8rger for krystallklar kommunikasjon. Disse kombinerte teknologiene gj\u00f8r enhver interaksjon til en <strong>en oppslukende opplevelse<\/strong>Hvert ord og hver gest blir fanget opp med presisjon. Plattformen justerer automatisk videokvaliteten i henhold til b\u00e5ndbredden, noe som garanterer jevn str\u00f8mming selv med varierende tilkoblinger.<\/p>\n\n\n\n<h3 class=\"wp-block-heading\" id=\"une-plateforme-accessible-partout-et-pour-tous\">En plattform som er tilgjengelig overalt og for alle<\/h3>\n\n\n\n<p>InstaCams er designet for \u00e5 kunne brukes p\u00e5 alle enheter: datamaskin, nettbrett eller smarttelefon, uten at det er n\u00f8dvendig \u00e5 installere programvare. Det oversiktlige og intuitive grensesnittet gj\u00f8r at selv nybegynnere kan ta det i bruk med en gang. Alternativer som lyse\/m\u00f8rke temaer og integrert oversettelse gj\u00f8r det enkelt \u00e5 tilpasse og samhandle internasjonalt. Alle brukere, uansett hvor de befinner seg og uansett hvilken enhet de bruker, kan dra nytte av en <strong>umiddelbar, ukomplisert tilgang, noe som \u00f8ker det sosiale engasjementet<\/strong> takket v\u00e6re et mangfoldig samfunn.<\/p>\n\n\n\n<ul class=\"wp-block-list\">\n<li>Jevn videostr\u00f8mming i <strong>HD-kvalitet for skarpe bilder<\/strong>.<\/li>\n\n\n\n<li><strong>En krystallklar lyd<\/strong> takket v\u00e6re lyd med h\u00f8y kvalitet og reduksjon av st\u00f8y fra omgivelsene.<\/li>\n\n\n\n<li>Et intuitivt grensesnitt designet for <strong>umiddelbar, uanstrengt h\u00e5ndtering<\/strong>.<\/li>\n\n\n\n<li>A <strong>direkte tilgang fra nettleseren din<\/strong>p\u00e5 hvilken som helst enhet.<\/li>\n<\/ul>\n\n\n\n<h2 class=\"wp-block-heading\" id=\"environnement-s\u00fbr-communaut\u00e9-respectueuse\">Et trygt milj\u00f8 og et respektfullt fellesskap<\/h2>\n\n\n\n<h3 class=\"wp-block-heading\" id=\"protection-vie-privee\">Beskyttelse av personvernet ditt er en prioritet<\/h3>\n\n\n\n<p>InstaCams setter <strong>sikkerhet i sentrum for virksomheten<\/strong> takket v\u00e6re avanserte krypteringsprotokoller. Disse teknologiene sikrer konfidensialiteten i videoutvekslingen og blokkerer enhver uautorisert tilgang. Regelmessige sikkerhetsrevisjoner bidrar til \u00e5 opprettholde disse h\u00f8ye standardene ved at s\u00e5rbarheter identifiseres og korrigeres proaktivt. Brukerne kan tilpasse konfidensialitetsalternativene, for eksempel ved \u00e5 administrere synligheten til profilen sin og aktivere tofaktorautentisering (via SMS eller en dedikert applikasjon), noe som styrker kontobeskyttelsen. Anonymitet oppmuntres, med en minimalistisk registreringsprosess som unng\u00e5r innsamling av sensitiv informasjon.<\/p>\n\n\n\n<h3 class=\"wp-block-heading\" id=\"outils-moderation\">Modereringsverkt\u00f8y for vennlige meningsutvekslinger<\/h3>\n\n\n\n<p>For \u00e5 bevare et positivt milj\u00f8, <strong>InstaCams kombinerer automatisert AI-filtrering og menneskelig inngripen<\/strong>. Kunstig intelligens analyserer videostr\u00f8mmer og tekstinnhold i sanntid, og oppdager upassende oppf\u00f8rsel ved hjelp av n\u00f8kkelord eller rapporteringsmaler. Team av moderatorer reagerer raskt p\u00e5 rapporter og s\u00f8rger for at komplekse saker f\u00f8lges opp av mennesker. Brukerne har intuitive verkt\u00f8y for \u00e5 blokkere eller rapportere u\u00f8nsket kontakt ved \u00e5 klikke p\u00e5 en knapp, noe som gir dem en st\u00f8rre f\u00f8lelse av kontroll. Klare retningslinjer definerer hva som er akseptabel oppf\u00f8rsel, og fremmer respekt og h\u00f8flighet i globale interaksjoner.<\/p>\n\n\n\n<ul class=\"wp-block-list\">\n<li>Avanserte krypteringsprotokoller for <strong>maksimal konfidensialitet i samtalene<\/strong>.<\/li>\n\n\n\n<li>Et hybrid moderasjonssystem (AI + dedikerte team) som sikrer <strong>et sikkert sted<\/strong>.<\/li>\n\n\n\n<li><strong>Muligheter for umiddelbar blokkering og rapportering<\/strong> for proaktiv interaksjonsstyring.<\/li>\n\n\n\n<li><strong>Fleksible personverninnstillinger<\/strong>Dette gj\u00f8r at du kan tilpasse synligheten til profilen din og varslene dine.<\/li>\n<\/ul>\n\n\n\n<h2 class=\"wp-block-heading\" id=\"comment-demarrer-votre-premiere-conversation-sur-instacams\">Hvordan starter du din f\u00f8rste samtale p\u00e5 InstaCams?<\/h2>\n\n\n\n<h3 class=\"wp-block-heading\" id=\"votre-guide-pas-a-pas-pour-une-connexion-reussie\">Din steg-for-steg-guide til en vellykket tilkobling<\/h3>\n\n\n\n<p>InstaCams kobler deg til brukere over hele verden i l\u00f8pet av sekunder. Med et enkelt grensesnitt og en intuitiv prosess, <strong>du kan delta i spontane, autentiske diskusjoner<\/strong>der hvert klikk \u00e5pner en d\u00f8r til en ny historie.<\/p>\n\n\n\n<ol class=\"wp-block-list\">\n<li><strong>Klargj\u00f8r utstyret ditt<\/strong> Aktiver webkameraet og sjekk at mikrofonen fungerer. En god internettforbindelse og riktig belysning s\u00f8rger for god synlighet og et godt f\u00f8rsteinntrykk.<\/li>\n\n\n\n<li><strong>Start tilkoblingen<\/strong> G\u00e5 til nettstedet og klikk p\u00e5 \"Start chatting\". P\u00e5 et \u00f8yeblikk kobler den \u00f8yeblikkelige matchingsalgoritmen deg til en tilfeldig bruker, uten venting og uten kompleksitet.<\/li>\n\n\n\n<li><strong>Tilpass opplevelsen (valgfritt)<\/strong> Opprett en gratis konto med bare noen f\u00e5 klikk for \u00e5 definere preferansene dine (spr\u00e5k, interesser). Dette forbedrer treffene, og \u00f8ker sjansene dine for \u00e5 m\u00f8te profiler som samsvarer med forventningene dine.<\/li>\n\n\n\n<li><strong>Start en samtale<\/strong> V\u00e6r nysgjerrig og respektfull. Begynn med et \u00e5pent sp\u00f8rsm\u00e5l som \"Hva er din tradisjonelle favorittrett?\" for \u00e5 skape en naturlig og engasjerende dialog.<\/li>\n<\/ol>\n\n\n\n<p>InstaCams er til stede i over 100 land og kombinerer hastighet, sikkerhet (ende-til-ende-kryptering) og tilgjengelighet p\u00e5 alle enheter (smarttelefoner, datamaskiner, nettbrett). Denne plattformen oppmuntrer <strong>positive menneskelige forbindelser<\/strong>ideelt for \u00e5 praktisere et spr\u00e5k, oppdage nye kulturer eller bare sl\u00e5 av en vennlig prat. Er du klar til \u00e5 smile til det ukjente?<\/p>\n\n\n\n<p>InstaCams gjenoppfinner nettutveksling med en intuitiv og sikker plattform for <strong>tilfeldige videom\u00f8ter<\/strong>. Ingen registrering, oversettelse i sanntid og innovative verkt\u00f8y <strong>krysser kulturelle og spr\u00e5klige barrierer<\/strong>. Den er ideell for spontane eller strukturerte utvekslinger. <strong>kombinerer enkelhet, kvalitet og sikkerhet<\/strong> for en tilkoblet opplevelse.<\/p>\n\n\n\n<h2 class=\"wp-block-heading\">VANLIGE SP\u00d8RSM\u00c5L<\/h2>\n\n\n\n<h3 class=\"wp-block-heading\">Kan jeg bruke Instacams uten \u00e5 opprette en konto?<\/h3>\n\n\n\n<p>Ja, Instacams tilbyr en <strong>umiddelbar tilgang uten behov for registrering<\/strong>. Bare velg sjanger og klikk p\u00e5 \"Start chatting\" for \u00e5 <strong>bli satt i tilfeldig kontakt med en bruker fra hvor som helst i verden<\/strong>. Denne brukervennligheten betyr at du kan <strong>start en videosamtale p\u00e5 under 10 sekunder<\/strong>Det er ideelt for dem som \u00f8nsker \u00e5 unng\u00e5 byr\u00e5kratiet. Det er imidlertid fortsatt mulig \u00e5 registrere seg for \u00e5 tilpasse preferansene dine (spr\u00e5k, interesseomr\u00e5der) og f\u00e5 tilgang til avanserte funksjoner.<\/p>\n\n\n\n<h3 class=\"wp-block-heading\">Hvordan garanterer Instacams brukernes sikkerhet?<\/h3>\n\n\n\n<p>Instacams setter <strong>sikkerhet og konfidensialitet i sentrum for virksomheten<\/strong>. Samtaler og meldinger er beskyttet av ende-til-ende-kryptering, noe som sikrer at <strong>bare deltakerne har tilgang til innholdet<\/strong> utveksling. Verkt\u00f8y for <strong>moderering som kombinerer AI og menneskelige team<\/strong> overv\u00e5ke interaksjoner i sanntid, mens brukerne kan blokkere eller rapportere upassende oppf\u00f8rsel. Avanserte innstillinger (tofaktorautentisering, profilsynlighet) gir ogs\u00e5 bedre beskyttelse av personopplysninger.<\/p>\n\n\n\n<h3 class=\"wp-block-heading\">Kan Instacams brukes p\u00e5 en telefon eller et nettbrett?<\/h3>\n\n\n\n<p>Absolutt! Instacams er utviklet for bruk p\u00e5 <strong>alle medier<\/strong> datamaskiner, smarttelefoner og nettbrett. <strong>Ingen nedlasting eller installasjon kreves<\/strong>Grensesnittet tilpasser seg automatisk til skjermen, med intuitiv navigering og funksjoner som lyse\/m\u00f8rke temaer for optimal brukervennlighet, uansett om du er hjemme eller p\u00e5 farten. Grensesnittet tilpasser seg automatisk til skjermen, med intuitiv navigering og funksjoner som lyse\/m\u00f8rke temaer for optimal brukervennlighet, uansett om du er hjemme eller p\u00e5 farten.<\/p>\n\n\n\n<h3 class=\"wp-block-heading\">Kan systemet for tilfeldig matching tilpasses?<\/h3>\n\n\n\n<p>Tilfeldig matching, en Instacams-signatur, er <strong>designet for \u00e5 overraske samtidig som den forblir flytende<\/strong>. En intelligent algoritme kobler brukere sammen umiddelbart, med mulighet til \u00e5 angi preferanser som spr\u00e5k eller interesser for \u00e5 avgrense resultatene. Hvis en diskusjon ikke passer deg, klikker du bare p\u00e5 \"Neste\". <strong>omdirigerer deg til en ny partner<\/strong>. Denne tiln\u00e6rmingen blander spontanitet og kontroll, noe som oppmuntrer til varierte og engasjerende meningsutvekslinger.<\/p>\n\n\n\n<h3 class=\"wp-block-heading\">Hvordan fungerer gruppevideosamtaler p\u00e5 Instacams?<\/h3>\n\n\n\n<p>Instacams gj\u00f8r det mulig <strong>gruppediskusjoner med opptil 100 deltakere<\/strong>ideell for arrangementer som webinarer, utekvelder med venner eller forretningsm\u00f8ter. Administrasjonsverkt\u00f8y (tildelte roller, dedikerte rom) bidrar til \u00e5 <strong>strukturering av interaksjoner<\/strong>. HD-kvalitet (opptil 1080p) og lyd med h\u00f8y kvalitet sikrer <strong>en oppslukende opplevelse<\/strong>Nettstedet tilbyr ogs\u00e5 en rekke andre funksjoner, som skjermdeling og direkteavstemninger, for \u00e5 forbedre utvekslingen. Automatisk og menneskelig moderering forhindrer misbruk og garanterer <strong>et milj\u00f8 preget av samarbeid og respekt<\/strong>.<\/p>\n\n\n\n<a href=\"https:\/\/insta-cams.de\/\" target=\"_blank\" rel=\"noopener\">Instacams Deutsch<\/a> | \n<a href=\"https:\/\/instacams.at\/\" target=\"_blank\" rel=\"noopener\">Instacams Deutsch (AT)<\/a> | \n<a href=\"https:\/\/insta-cams.uk\/\" target=\"_blank\" rel=\"noopener\">Instacams English<\/a> | \n<a href=\"https:\/\/instacams.es\/\" target=\"_blank\" rel=\"noopener\">Instacams Espa\u00f1ol<\/a> |  \n<a href=\"https:\/\/instacams.it\/\" target=\"_blank\" rel=\"noopener\">Instacams Italiano<\/a> | \n<a href=\"https:\/\/insta-cams.nl\/\" instacams target=\"_blank\" rel=\"noopener\">Nederlands<\/a> | \n<a href=\"https:\/\/instacams.pt\/\" target=\"_blank\" rel=\"noopener\">Instacams Portugu\u00eas<\/a> | \n<a href=\"https:\/\/insta-cams.pl\/\" target=\"_blank\" rel=\"noopener\">Instacams Polski<\/a> | \n<a href=\"https:\/\/insta-cams.cz\/\" target=\"_blank\" rel=\"noopener\">Instacams \u010ce\u0161tina<\/a> | \n<a href=\"https:\/\/insta-cams.dk\/\" target=\"_blank\" rel=\"noopener\">Instacams Dansk<\/a>\n<\/div>\n\n\n\n<p><\/p>","protected":false},"excerpt":{"rendered":"<p>INSTACAMS OFFICIEL : CHAT DE RENCONTRE ALEATOIRE Inscrivez-vous maintenant sur INSTA CAMS et profitez de 50 cr\u00e9dits OFFERTS \u00e0 votre inscription. S&rsquo;INSCRIRE HOMME S&rsquo;INSCRIRE FEMME Instacams : rejoignez la communaut\u00e9 mondiale d&rsquo;un clic Vous en avez assez des messageries rigides o\u00f9 chaque interaction semble pr\u00e9visible ? Instacams bouscule les codes avec son chat vid\u00e9o al\u00e9atoire &#8230; <a title=\"home1\" class=\"read-more\" href=\"https:\/\/insta-cams.eu\/nb\/\" aria-label=\"Read more about home1\">Les mer<\/a><\/p>","protected":false},"author":1,"featured_media":0,"parent":0,"menu_order":0,"comment_status":"closed","ping_status":"closed","template":"","meta":{"footnotes":""},"class_list":["post-58","page","type-page","status-publish"],"_links":{"self":[{"href":"https:\/\/insta-cams.eu\/nb\/wp-json\/wp\/v2\/pages\/58","targetHints":{"allow":["GET"]}}],"collection":[{"href":"https:\/\/insta-cams.eu\/nb\/wp-json\/wp\/v2\/pages"}],"about":[{"href":"https:\/\/insta-cams.eu\/nb\/wp-json\/wp\/v2\/types\/page"}],"author":[{"embeddable":true,"href":"https:\/\/insta-cams.eu\/nb\/wp-json\/wp\/v2\/users\/1"}],"replies":[{"embeddable":true,"href":"https:\/\/insta-cams.eu\/nb\/wp-json\/wp\/v2\/comments?post=58"}],"version-history":[{"count":55,"href":"https:\/\/insta-cams.eu\/nb\/wp-json\/wp\/v2\/pages\/58\/revisions"}],"predecessor-version":[{"id":255,"href":"https:\/\/insta-cams.eu\/nb\/wp-json\/wp\/v2\/pages\/58\/revisions\/255"}],"wp:attachment":[{"href":"https:\/\/insta-cams.eu\/nb\/wp-json\/wp\/v2\/media?parent=58"}],"curies":[{"name":"wp","href":"https:\/\/api.w.org\/{rel}","templated":true}]}}