{"id":58,"date":"2025-10-28T04:39:00","date_gmt":"2025-10-28T04:39:00","guid":{"rendered":"https:\/\/insta-cams.eu\/?page_id=58"},"modified":"2025-12-29T16:38:44","modified_gmt":"2025-12-29T16:38:44","slug":"home1","status":"publish","type":"page","link":"https:\/\/insta-cams.eu\/nl\/","title":{"rendered":"home1"},"content":{"rendered":"<section class=\"gb-element-c0819d6c banner\">\n<div class=\"gb-element-0659d418\">\n<div class=\"wp-block-columns is-layout-flex wp-container-core-columns-is-layout-9d6595d7 wp-block-columns-is-layout-flex\">\n<div class=\"wp-block-column is-layout-flow wp-block-column-is-layout-flow\">\n<h2 class=\"gb-text gb-text-155ce4c1\">OFFICI\u00cbLE INSTACAMS : WILLEKEURIGE DATING CHAT<\/h2>\n\n\n\n<p class=\"has-text-align-center has-base-3-color has-text-color has-link-color wp-elements-c76d1f6cc9fa53b162a03c9e8863f2b2\"><strong>Registreer nu bij INSTA CAMS en profiteer van 50 GRATIS credits bij registratie.<\/strong><\/p>\n\n\n\n<div class=\"wp-block-columns is-layout-flex wp-container-core-columns-is-layout-9d6595d7 wp-block-columns-is-layout-flex\">\n<div class=\"wp-block-column is-layout-flow wp-block-column-is-layout-flow\" style=\"flex-basis:20px\"><\/div>\n\n\n\n<div class=\"wp-block-column is-layout-flow wp-block-column-is-layout-flow\">\n<a class=\"gb-text gb-text-50c1af7c\" href=\"\/connexion\/\">REGISTREREN ALS MAN<\/a>\n<\/div>\n\n\n\n<div class=\"wp-block-column is-layout-flow wp-block-column-is-layout-flow\">\n<a class=\"gb-text gb-text-6d7e1e7e\" href=\"\/connexion\/\">REGISTER VROUW<\/a>\n<\/div>\n\n\n\n<div class=\"wp-block-column is-layout-flow wp-block-column-is-layout-flow\" style=\"flex-basis:20px\"><\/div>\n<\/div>\n<\/div>\n<\/div>\n<\/div>\n<\/section>\n\n\n\n<div class=\"gb-element-c35e94aa\">\n<h2 class=\"wp-block-heading\">Instacams: word lid van de wereldwijde gemeenschap met \u00e9\u00e9n klik<\/h2>\n\n\n\n<p>Vous en avez assez des messageries rigides o\u00f9 chaque interaction semble pr\u00e9visible ? <a href=\"https:\/\/instacams.fr\" data-type=\"link\" data-id=\"https:\/\/instacams.fr\" target=\"_blank\" rel=\"noopener\">Instacams<\/a> bouscule les codes avec son chat vid\u00e9o al\u00e9atoire qui vous connecte en un clic \u00e0 des inconnus du globe, sans inscription ni contrainte. Imaginez un espace o\u00f9 la traduction en temps r\u00e9el dissout les barri\u00e8res linguistiques, o\u00f9 un algorithme de jumelage affine vos rencontres selon vos centres d\u2019int\u00e9r\u00eat, ou o\u00f9 un chat de groupe lie jusqu\u2019\u00e0 100 participants pour des \u00e9v\u00e9nements virtuels ou des \u00e9changes collectifs. Plus qu\u2019une plateforme, <strong>een poort naar authentieke uitwisselingen<\/strong>Alles in HD-video, toegankelijk op computer, tablet of smartphone.<\/p>\n\n\n\n<ol class=\"wp-block-list\">\n<li><a href=\"#Instacams-connectez-vous-au-monde-entier-en-un-clic\">Instacams: maak met \u00e9\u00e9n klik contact met de hele wereld<\/a><\/li>\n\n\n\n<li><a href=\"#des-fonctionnalites-con\u00e7ues-pour-des-conversations-sans-frontieres\">Functies ontworpen voor gesprekken zonder grenzen<\/a><\/li>\n\n\n\n<li><a href=\"#une-experience-utilisateur-fluide-et-de-haute-qualite\">Een vloeiende gebruikerservaring van hoge kwaliteit<\/a><\/li>\n\n\n\n<li><a href=\"#environnement-s\u00fbr-communaut\u00e9-respectueuse\">Een veilige omgeving en een respectvolle gemeenschap<\/a><\/li>\n\n\n\n<li><a href=\"#comment-demarrer-votre-premiere-conversation-sur-instacams\">Hoe begin je je eerste gesprek op InstaCams?<\/a><\/li>\n<\/ol>\n\n\n\n<h2 class=\"wp-block-heading\" id=\"Instacams-connectez-vous-au-monde-entier-en-un-clic\">Instacams: maak met \u00e9\u00e9n klik contact met de hele wereld<\/h2>\n\n\n\n<p>Wil je andere culturen ontdekken zonder je scherm te verlaten? InstaCams opent de deuren naar een nieuwe wereld. <strong>een wereldwijd netwerk waar elke verbinding een ontdekking is<\/strong>. Stel je voor dat je met iemand chat in Tokio terwijl je lekker thuis zit in Parijs...<\/p>\n\n\n\n<h3 class=\"wp-block-heading\" id=\"Qu-est-ce-que-la-plateforme-instacams\">Wat is het instacams-platform?<\/h3>\n\n\n\n<p>InstaCams is een platform voor <strong>instant video dating<\/strong> die van je scherm een internationale hub maakt. Dankzij een snel matching-algoritme kun je in contact komen met mensen uit meer dan 100 verschillende landen. Er zijn geen eindeloze formulieren nodig, slechts \u00e9\u00e9n klik om het avontuur te beginnen.<\/p>\n\n\n\n<p>Het concept is gebaseerd op spontaniteit: onder miljoenen gebruikers, <strong>elke verbinding is een verrassing<\/strong>. Of je nu je culturele kennis wilt uitbreiden of gewoon een glimlach wilt uitwisselen, de InstaCams-gemeenschap verwelkomt je in een veilige en respectvolle omgeving.<\/p>\n\n\n\n<h3 class=\"wp-block-heading\" id=\"Une-connexion-imm-iate-et-sans-contraintes\">Onmiddellijke verbinding zonder beperkingen<\/h3>\n\n\n\n<p>Wil je chatten zonder te wachten? Geen registratie nodig, geen ingewikkelde configuratie: start gewoon je webcam en vind iemand om mee te praten in minder dan 10 seconden. Deze vloeibaarheid <strong>trekt elke maand miljoenen gebruikers aan<\/strong>altijd op zoek naar nieuwe connecties.<\/p>\n\n\n\n<p>Als het gesprek je niet bevalt, kun je met een simpele klik naar een nieuw gezicht, een nieuw verhaal gaan. Deze vrijheid van uitwisseling, gecombineerd met een intu\u00eftieve interface, betekent dat <strong>het ideale hulpmiddel voor barri\u00e8revrije vergaderingen<\/strong>. Probeer het eens en misschien kom je wel een toekomstige vriend tegen... of zelfs een collega aan de andere kant van de wereld!<\/p>\n\n\n\n<figure class=\"wp-block-table\"><table class=\"has-fixed-layout\"><thead><tr><th>Functionaliteit<\/th><th>Beschrijving<\/th><\/tr><\/thead><tbody><tr><td>Aansluiting<\/td><td>Direct, geen registratie nodig voor snelle toegang.<\/td><\/tr><tr><td>Jumelage<\/td><td>Roulette\" type algoritme met gender filter beschikbaar.<\/td><\/tr><tr><td>Communicatie<\/td><td>Real-time vertaling ge\u00efntegreerd in tekstchat.<\/td><\/tr><tr><td>Groep chat<\/td><td>Capaciteit voor maximaal 100 deelnemers.<\/td><\/tr><tr><td>Kwaliteit<\/td><td>HD-video en high-fidelity audio-uitzendingen.<\/td><\/tr><tr><td>Toegankelijkheid<\/td><td>Compatibel met computers, tablets en smartphones zonder installatie.<\/td><\/tr><\/tbody><\/table><\/figure>\n\n\n\n<h2 class=\"wp-block-heading\" id=\"des-fonctionnalites-con\u00e7ues-pour-des-conversations-sans-frontieres\">Functies ontworpen voor gesprekken zonder grenzen<\/h2>\n\n\n\n<h3 class=\"wp-block-heading\" id=\"un-algorithme-de-jumelage-pour-des-rencontres-surprenantes\">Een passend algoritme voor verrassende ontmoetingen<\/h3>\n\n\n\n<p>InstaCams brengt een revolutie teweeg in menselijke interactie met zijn instant matching-algoritme. Met slechts \u00e9\u00e9n klik kan de applicatie <strong>verbindt gebruikers automatisch met mensen over de hele wereld<\/strong>. Dit 'roulette'-achtige systeem introduceert een verrassingselement bij elke verbinding, waardoor elke sessie uniek en spannend wordt.<\/p>\n\n\n\n<p>Het platform biedt een willekeurige videochat met vrouwen, een exclusieve functie waarmee je gebruikers met verschillende achtergronden kunt ontmoeten. Voorkeuren (land, taal, interesses) be\u00efnvloeden subtiel het matchmakingproces, terwijl de essentie behouden blijft: <strong>het menselijke avontuur van een onverwachte ontmoeting<\/strong>.<\/p>\n\n\n\n<h3 class=\"wp-block-heading\" id=\"brisez-la-barriere-de-la-langue-avec-la-traduction-en-temps-reel\">Doorbreek de taalbarri\u00e8re met realtime vertaling<\/h3>\n\n\n\n<p>Stel je voor dat je met een inwoner van Tokio praat terwijl je Frans spreekt. Dankzij de ge\u00efntegreerde taalvertaling, <strong>InstaCams maakt deze realiteit toegankelijk voor iedereen<\/strong>. Deze functie ontcijfert sms'jes direct, waardoor de uitwisseling tussen mensen die verschillende talen spreken soepel verloopt.<\/p>\n\n\n\n<p>Door taalbarri\u00e8res te slechten, opent het platform de deur naar <strong>een wereldwijde gemeenschap voor het delen van cultuur<\/strong>. Nu kun je chatten met gebruikers uit Noord-Amerika, Azi\u00eb en Afrika, waardoor elk gesprek een verrijkende ontdekking wordt.<\/p>\n\n\n\n<h3 class=\"wp-block-heading\" id=\"partagez-des-moments-a-plusieurs-avec-le-chat-de-groupe\">Deel momenten samen met groepschat<\/h3>\n\n\n\n<p>InstaCams gaat verder dan eenvoudige face-to-face uitwisselingen. De <strong>groepsvideochat voor maximaal 100 deelnemers vindt opnieuw uit<\/strong> sociale en professionele interactie. Organiseer online spelletjesavonden, gemeenschapsbijeenkomsten of educatieve webinars vanaf je smartphone of computer.<\/p>\n\n\n\n<p>Deze flexibiliteit verandert het platform in een veelzijdige ruimte waar idee\u00ebn vrij kunnen stromen. Lage latency en HD-kwaliteit garanderen een hoog niveau van <strong>meeslepende ervaring<\/strong>Of je nu toeschouwer of organisator bent.<\/p>\n\n\n\n<h2 class=\"wp-block-heading\" id=\"une-experience-utilisateur-fluide-et-de-haute-qualite\">Een vloeiende gebruikerservaring van hoge kwaliteit<\/h2>\n\n\n\n<p>InstaCams garanties <strong>onmiddellijke, wrijvingsloze verbinding<\/strong>Dit wordt mogelijk gemaakt door geavanceerde technologie\u00ebn en een interface die is ontworpen met het oog op eenvoud. Het platform past zich aan aan de behoeften van gebruikers die duidelijke, natuurlijke uitwisselingen willen, terwijl technische obstakels tot een minimum worden beperkt.<\/p>\n\n\n\n<h3 class=\"wp-block-heading\" id=\"une-qualite-video-et-audio-immersive\">Meeslepende video- en audiokwaliteit<\/h3>\n\n\n\n<p>Gesprekken op InstaCams profiteren van HD-video tot 1080p, met een vernieuwingsfrequentie van 60 frames per seconde. De latentie wordt verminderd, waardoor vertragingen worden voorkomen en interacties natuurlijk worden. High-fidelity audio, gecombineerd met ruisonderdrukkingstechnologie, zorgt voor kristalheldere communicatie. Deze gecombineerde technologie\u00ebn maken van elke interactie een <strong>een meeslepende ervaring<\/strong>Elk woord en gebaar wordt nauwkeurig vastgelegd. Het platform past de videokwaliteit automatisch aan de bandbreedte aan, zodat je zelfs bij wisselende verbindingen verzekerd bent van vloeiende streaming.<\/p>\n\n\n\n<h3 class=\"wp-block-heading\" id=\"une-plateforme-accessible-partout-et-pour-tous\">Een platform dat overal en voor iedereen toegankelijk is<\/h3>\n\n\n\n<p>InstaCams is ontworpen voor gebruik op elk apparaat: computer, tablet of smartphone, zonder dat je software hoeft te installeren. Dankzij de duidelijke, intu\u00eftieve interface kunnen zelfs beginners er meteen mee aan de slag. Opties zoals lichte\/donkere thema's en ge\u00efntegreerde vertaling maken aanpassing en internationale interactie eenvoudig. Dus elke gebruiker, ongeacht locatie of apparaat, profiteert van een <strong>onmiddellijke, ongecompliceerde toegang, waardoor sociale betrokkenheid wordt gestimuleerd<\/strong> dankzij een diverse gemeenschap.<\/p>\n\n\n\n<ul class=\"wp-block-list\">\n<li>Vloeiende videostreaming in <strong>HD-kwaliteit voor scherpe beelden<\/strong>.<\/li>\n\n\n\n<li><strong>Een kristalhelder geluid<\/strong> dankzij hifi-audio en ruisonderdrukking.<\/li>\n\n\n\n<li>Een intu\u00eftieve interface ontworpen voor <strong>onmiddellijke, moeiteloze bediening<\/strong>.<\/li>\n\n\n\n<li>A <strong>directe toegang vanuit uw webbrowser<\/strong>op elk apparaat.<\/li>\n<\/ul>\n\n\n\n<h2 class=\"wp-block-heading\" id=\"environnement-s\u00fbr-communaut\u00e9-respectueuse\">Een veilige omgeving en een respectvolle gemeenschap<\/h2>\n\n\n\n<h3 class=\"wp-block-heading\" id=\"protection-vie-privee\">Bescherming van uw privacy is een prioriteit<\/h3>\n\n\n\n<p>InstaCams zet de <strong>veiligheid in het hart van de activiteiten<\/strong> dankzij geavanceerde encryptieprotocollen. Deze technologie\u00ebn garanderen de vertrouwelijkheid van video-uitwisselingen en blokkeren elke ongeautoriseerde toegang. Regelmatige beveiligingsaudits helpen deze hoge standaarden te handhaven door kwetsbaarheden proactief te identificeren en te corrigeren. Gebruikers profiteren van aanpasbare vertrouwelijkheidsopties, zoals het beheren van de zichtbaarheid van hun profiel en het activeren van twee-factor authenticatie (per sms of speciale applicatie), waardoor de accountbescherming wordt versterkt. Anonimiteit wordt aangemoedigd, met een minimalistisch registratieproces dat het verzamelen van gevoelige informatie vermijdt.<\/p>\n\n\n\n<h3 class=\"wp-block-heading\" id=\"outils-moderation\">Moderatiehulpmiddelen voor vriendschappelijke uitwisselingen<\/h3>\n\n\n\n<p>Een positieve omgeving behouden, <strong>InstaCams combineert geautomatiseerde AI-filtering en menselijke tussenkomst<\/strong>. Kunstmatige intelligentie analyseert videostreams en tekstcontent in realtime en detecteert ongepast gedrag met behulp van trefwoorden of rapportagesjablonen. Teams van moderatoren reageren snel op meldingen en zorgen ervoor dat complexe gevallen worden opgevolgd door menselijke tussenkomst. Gebruikers hebben intu\u00eftieve tools om ongewenst contact te blokkeren of te rapporteren met \u00e9\u00e9n klik op de knop, waardoor ze een groter gevoel van controle krijgen. Duidelijke communityrichtlijnen defini\u00ebren acceptabel gedrag en bevorderen respect en beleefdheid in wereldwijde interacties.<\/p>\n\n\n\n<ul class=\"wp-block-list\">\n<li>Geavanceerde coderingsprotocollen voor <strong>maximale vertrouwelijkheid van gesprekken<\/strong>.<\/li>\n\n\n\n<li>Een hybride moderatiesysteem (AI + speciale teams) dat zorgt voor <strong>een veilige ruimte<\/strong>.<\/li>\n\n\n\n<li><strong>Onmiddellijke blokkering en rapportage<\/strong> voor proactief interactiebeheer.<\/li>\n\n\n\n<li><strong>Flexibele privacy-instellingen<\/strong>Hiermee kun je de zichtbaarheid van je profiel en meldingen aanpassen.<\/li>\n<\/ul>\n\n\n\n<h2 class=\"wp-block-heading\" id=\"comment-demarrer-votre-premiere-conversation-sur-instacams\">Hoe begin je je eerste gesprek op InstaCams?<\/h2>\n\n\n\n<h3 class=\"wp-block-heading\" id=\"votre-guide-pas-a-pas-pour-une-connexion-reussie\">Uw stapsgewijze handleiding voor een succesvolle verbinding<\/h3>\n\n\n\n<p>InstaCams verbindt je in enkele seconden met gebruikers over de hele wereld. Met een eenvoudige interface en een intu\u00eftief proces, <strong>je kunt spontane, authentieke discussies voeren<\/strong>waar elke klik een deur opent naar een nieuw verhaal.<\/p>\n\n\n\n<ol class=\"wp-block-list\">\n<li><strong>Bereid je apparatuur voor<\/strong> Activeer je webcam en controleer of je microfoon werkt. Een vlotte internetverbinding en de juiste verlichting zorgen voor duidelijk zicht voor een warme eerste indruk.<\/li>\n\n\n\n<li><strong>De verbinding starten<\/strong> Ga naar de site en klik op \"Start Chatting\". In een oogwenk verbindt het instant matching-algoritme je met een willekeurige gebruiker, zonder wachten en zonder complexiteit.<\/li>\n\n\n\n<li><strong>De ervaring aanpassen (optioneel)<\/strong> Maak in een paar klikken een gratis account aan en bepaal je voorkeuren (taal, interesses). Dit verfijnt de matches, waardoor je meer kans hebt om profielen te ontmoeten die aan je verwachtingen voldoen.<\/li>\n\n\n\n<li><strong>Een gesprek beginnen<\/strong> Wees nieuwsgierig en respectvol. Begin met een open vraag zoals \"Wat is je favoriete traditionele gerecht?\" om een natuurlijke en boeiende uitwisseling te cre\u00ebren.<\/li>\n<\/ol>\n\n\n\n<p>InstaCams is aanwezig in meer dan 100 landen en combineert snelheid, veiligheid (end-to-end encryptie) en toegankelijkheid op alle apparaten (smartphones, computers, tablets). Dit platform stimuleert <strong>positieve menselijke contacten<\/strong>ideaal om een taal te oefenen, nieuwe culturen te ontdekken of gewoon een gezellig praatje te maken. Klaar om te glimlachen naar het onbekende?<\/p>\n\n\n\n<p>InstaCams vindt online uitwisselingen opnieuw uit met een intu\u00eftief en veilig platform voor <strong>willekeurige video-ontmoetingen<\/strong>. Toegang zonder registratie, real-time vertaling en innovatieve tools <strong>culturele en taalbarri\u00e8res overschrijden<\/strong>. Ideaal voor spontane of gestructureerde uitwisselingen. <strong>combineert eenvoud, kwaliteit en veiligheid<\/strong> voor een verbonden ervaring.<\/p>\n\n\n\n<h2 class=\"wp-block-heading\">FAQ<\/h2>\n\n\n\n<h3 class=\"wp-block-heading\">Kan ik Instacams gebruiken zonder een account aan te maken?<\/h3>\n\n\n\n<p>Ja, Instacams biedt een <strong>onmiddellijke toegang zonder registratie<\/strong>. Selecteer gewoon je genre en klik op \"Begin met chatten\" om <strong>in willekeurig contact worden gebracht met een gebruiker waar ook ter wereld<\/strong>. Dit gebruiksgemak betekent dat je <strong>start een videogesprek in minder dan 10 seconden<\/strong>Ideaal voor wie de administratieve rompslomp wil vermijden. Er is echter nog steeds een registratieoptie beschikbaar om je voorkeuren te personaliseren (taal, interessegebieden) en toegang te krijgen tot geavanceerde functies.<\/p>\n\n\n\n<h3 class=\"wp-block-heading\">Hoe garandeert Instacams de veiligheid van de gebruiker?<\/h3>\n\n\n\n<p>Instacams zet de <strong>veiligheid en vertrouwelijkheid in het hart van haar activiteiten<\/strong>. Oproepen en berichten worden beschermd door end-to-end encryptie, waardoor wordt gegarandeerd dat <strong>alleen deelnemers hebben toegang tot de inhoud<\/strong> uitwisselingen. Hulpmiddelen voor <strong>moderatie waarbij AI en menselijke teams worden gecombineerd<\/strong> interacties in realtime monitoren, terwijl gebruikers ongepast gedrag kunnen blokkeren of rapporteren. Geavanceerde instellingen (twee-factor authenticatie, profielzichtbaarheid) verbeteren ook de bescherming van persoonlijke gegevens.<\/p>\n\n\n\n<h3 class=\"wp-block-heading\">Kunnen Instacams worden gebruikt op een telefoon of tablet?<\/h3>\n\n\n\n<p>Absoluut! Instacams is ontworpen voor gebruik op <strong>alle media<\/strong> computers, smartphones en tablets. <strong>Geen download of installatie vereist<\/strong>De interface past zich automatisch aan het scherm aan, met intu\u00eftieve navigatie en functies zoals lichte\/donkere thema's voor optimaal gebruiksgemak, of je nu thuis bent of onderweg. De interface past zich automatisch aan het scherm aan, met intu\u00eftieve navigatie en functies zoals lichte\/donkere thema's voor optimaal gebruiksgemak, of je nu thuis bent of onderweg.<\/p>\n\n\n\n<h3 class=\"wp-block-heading\">Kan het willekeurige matchingsysteem worden aangepast?<\/h3>\n\n\n\n<p>Willekeurig matchen, een kenmerk van Instacams, is <strong>ontworpen om te verrassen en toch vloeiend te blijven<\/strong>. Een intelligent algoritme verbindt gebruikers onmiddellijk, met de optie om voorkeuren in te stellen zoals taal of interesses om de resultaten te verfijnen. Als een discussie niet naar wens is, klik je gewoon op \"Volgende\". <strong>verwijst je door naar een nieuwe partner<\/strong>. Deze aanpak combineert spontaniteit en controle en stimuleert gevarieerde en boeiende uitwisselingen.<\/p>\n\n\n\n<h3 class=\"wp-block-heading\">Hoe werken groepsvideogesprekken op Instacams?<\/h3>\n\n\n\n<p>Instacams maakt het mogelijk <strong>groepsdiscussies met maximaal 100 deelnemers<\/strong>ideaal voor evenementen zoals webinars, avondjes uit met vrienden of zakelijke bijeenkomsten. Beheertools (toegewezen rollen, speciale ruimtes) helpen om <strong>interacties structureren<\/strong>. HD-kwaliteit (tot 1080p) en high-fidelity audio zorgen voor <strong>een meeslepende ervaring<\/strong>De site biedt ook een reeks andere functies, zoals scherm delen en live polls, om uitwisselingen te verbeteren. Automatische en menselijke moderatie voorkomt misbruik en garandeert <strong>een collaboratieve en respectvolle omgeving<\/strong>.<\/p>\n\n\n\n<a href=\"https:\/\/insta-cams.de\/\" target=\"_blank\" rel=\"noopener\">Instacams Deutsch<\/a> | \n<a href=\"https:\/\/instacams.at\/\" target=\"_blank\" rel=\"noopener\">Instacams Deutsch (AT)<\/a> | \n<a href=\"https:\/\/insta-cams.uk\/\" target=\"_blank\" rel=\"noopener\">Instacams English<\/a> | \n<a href=\"https:\/\/instacams.es\/\" target=\"_blank\" rel=\"noopener\">Instacams Espa\u00f1ol<\/a> |  \n<a href=\"https:\/\/instacams.it\/\" target=\"_blank\" rel=\"noopener\">Instacams Italiano<\/a> | \n<a href=\"https:\/\/insta-cams.nl\/\" instacams target=\"_blank\" rel=\"noopener\">Nederlands<\/a> | \n<a href=\"https:\/\/instacams.pt\/\" target=\"_blank\" rel=\"noopener\">Instacams Portugu\u00eas<\/a> | \n<a href=\"https:\/\/insta-cams.pl\/\" target=\"_blank\" rel=\"noopener\">Instacams Polski<\/a> | \n<a href=\"https:\/\/insta-cams.cz\/\" target=\"_blank\" rel=\"noopener\">Instacams \u010ce\u0161tina<\/a> | \n<a href=\"https:\/\/insta-cams.dk\/\" target=\"_blank\" rel=\"noopener\">Instacams Dansk<\/a>\n<\/div>\n\n\n\n<p><\/p>","protected":false},"excerpt":{"rendered":"<p>INSTACAMS OFFICIEL : CHAT DE RENCONTRE ALEATOIRE Inscrivez-vous maintenant sur INSTA CAMS et profitez de 50 cr\u00e9dits OFFERTS \u00e0 votre inscription. S&rsquo;INSCRIRE HOMME S&rsquo;INSCRIRE FEMME Instacams : rejoignez la communaut\u00e9 mondiale d&rsquo;un clic Vous en avez assez des messageries rigides o\u00f9 chaque interaction semble pr\u00e9visible ? Instacams bouscule les codes avec son chat vid\u00e9o al\u00e9atoire &#8230; <a title=\"home1\" class=\"read-more\" href=\"https:\/\/insta-cams.eu\/nl\/\" aria-label=\"Lees meer over home1\">Lees meer<\/a><\/p>","protected":false},"author":1,"featured_media":0,"parent":0,"menu_order":0,"comment_status":"closed","ping_status":"closed","template":"","meta":{"footnotes":""},"class_list":["post-58","page","type-page","status-publish"],"_links":{"self":[{"href":"https:\/\/insta-cams.eu\/nl\/wp-json\/wp\/v2\/pages\/58","targetHints":{"allow":["GET"]}}],"collection":[{"href":"https:\/\/insta-cams.eu\/nl\/wp-json\/wp\/v2\/pages"}],"about":[{"href":"https:\/\/insta-cams.eu\/nl\/wp-json\/wp\/v2\/types\/page"}],"author":[{"embeddable":true,"href":"https:\/\/insta-cams.eu\/nl\/wp-json\/wp\/v2\/users\/1"}],"replies":[{"embeddable":true,"href":"https:\/\/insta-cams.eu\/nl\/wp-json\/wp\/v2\/comments?post=58"}],"version-history":[{"count":55,"href":"https:\/\/insta-cams.eu\/nl\/wp-json\/wp\/v2\/pages\/58\/revisions"}],"predecessor-version":[{"id":255,"href":"https:\/\/insta-cams.eu\/nl\/wp-json\/wp\/v2\/pages\/58\/revisions\/255"}],"wp:attachment":[{"href":"https:\/\/insta-cams.eu\/nl\/wp-json\/wp\/v2\/media?parent=58"}],"curies":[{"name":"wp","href":"https:\/\/api.w.org\/{rel}","templated":true}]}}