{"id":58,"date":"2025-10-28T04:39:00","date_gmt":"2025-10-28T04:39:00","guid":{"rendered":"https:\/\/insta-cams.eu\/?page_id=58"},"modified":"2025-12-29T16:38:44","modified_gmt":"2025-12-29T16:38:44","slug":"home1","status":"publish","type":"page","link":"https:\/\/insta-cams.eu\/pl\/","title":{"rendered":"home1"},"content":{"rendered":"<section class=\"gb-element-c0819d6c banner\">\n<div class=\"gb-element-0659d418\">\n<div class=\"wp-block-columns is-layout-flex wp-container-core-columns-is-layout-9d6595d7 wp-block-columns-is-layout-flex\">\n<div class=\"wp-block-column is-layout-flow wp-block-column-is-layout-flow\">\n<h2 class=\"gb-text gb-text-155ce4c1\">OFICJALNE INSTACAMY : LOSOWY CZAT RANDKOWY<\/h2>\n\n\n\n<p class=\"has-text-align-center has-base-3-color has-text-color has-link-color wp-elements-c76d1f6cc9fa53b162a03c9e8863f2b2\"><strong>Zarejestruj si\u0119 teraz w INSTA CAMS i skorzystaj z 50 DARMOWYCH kredyt\u00f3w podczas rejestracji.<\/strong><\/p>\n\n\n\n<div class=\"wp-block-columns is-layout-flex wp-container-core-columns-is-layout-9d6595d7 wp-block-columns-is-layout-flex\">\n<div class=\"wp-block-column is-layout-flow wp-block-column-is-layout-flow\" style=\"flex-basis:20px\"><\/div>\n\n\n\n<div class=\"wp-block-column is-layout-flow wp-block-column-is-layout-flow\">\n<a class=\"gb-text gb-text-50c1af7c\" href=\"\/connexion\/\">ZAREJESTROWA\u0106 SI\u0118 JAKO M\u0118\u017bCZYZNA<\/a>\n<\/div>\n\n\n\n<div class=\"wp-block-column is-layout-flow wp-block-column-is-layout-flow\">\n<a class=\"gb-text gb-text-6d7e1e7e\" href=\"\/connexion\/\">ZAREJESTRUJ KOBIET\u0118<\/a>\n<\/div>\n\n\n\n<div class=\"wp-block-column is-layout-flow wp-block-column-is-layout-flow\" style=\"flex-basis:20px\"><\/div>\n<\/div>\n<\/div>\n<\/div>\n<\/div>\n<\/section>\n\n\n\n<div class=\"gb-element-c35e94aa\">\n<h2 class=\"wp-block-heading\">Instacams: do\u0142\u0105cz do globalnej spo\u0142eczno\u015bci jednym klikni\u0119ciem<\/h2>\n\n\n\n<p>Vous en avez assez des messageries rigides o\u00f9 chaque interaction semble pr\u00e9visible ? <a href=\"https:\/\/instacams.fr\" data-type=\"link\" data-id=\"https:\/\/instacams.fr\" target=\"_blank\" rel=\"noopener\">Instacams<\/a> bouscule les codes avec son chat vid\u00e9o al\u00e9atoire qui vous connecte en un clic \u00e0 des inconnus du globe, sans inscription ni contrainte. Imaginez un espace o\u00f9 la traduction en temps r\u00e9el dissout les barri\u00e8res linguistiques, o\u00f9 un algorithme de jumelage affine vos rencontres selon vos centres d\u2019int\u00e9r\u00eat, ou o\u00f9 un chat de groupe lie jusqu\u2019\u00e0 100 participants pour des \u00e9v\u00e9nements virtuels ou des \u00e9changes collectifs. Plus qu\u2019une plateforme, <strong>brama do autentycznej wymiany<\/strong>Wszystko w jako\u015bci HD, dost\u0119pne na komputerze, tablecie lub smartfonie.<\/p>\n\n\n\n<ol class=\"wp-block-list\">\n<li><a href=\"#Instacams-connectez-vous-au-monde-entier-en-un-clic\">Instacams: \u0142\u0105cz si\u0119 z ca\u0142ym \u015bwiatem jednym klikni\u0119ciem<\/a><\/li>\n\n\n\n<li><a href=\"#des-fonctionnalites-con\u00e7ues-pour-des-conversations-sans-frontieres\">Funkcje zaprojektowane do rozm\u00f3w bez granic<\/a><\/li>\n\n\n\n<li><a href=\"#une-experience-utilisateur-fluide-et-de-haute-qualite\">P\u0142ynne, wysokiej jako\u015bci do\u015bwiadczenie u\u017cytkownika<\/a><\/li>\n\n\n\n<li><a href=\"#environnement-s\u00fbr-communaut\u00e9-respectueuse\">Bezpieczne \u015brodowisko i spo\u0142eczno\u015b\u0107 pe\u0142na szacunku<\/a><\/li>\n\n\n\n<li><a href=\"#comment-demarrer-votre-premiere-conversation-sur-instacams\">Jak rozpocz\u0105\u0107 pierwsz\u0105 rozmow\u0119 na InstaCams?<\/a><\/li>\n<\/ol>\n\n\n\n<h2 class=\"wp-block-heading\" id=\"Instacams-connectez-vous-au-monde-entier-en-un-clic\">Instacams: \u0142\u0105cz si\u0119 z ca\u0142ym \u015bwiatem jednym klikni\u0119ciem<\/h2>\n\n\n\n<p>Chcesz pozna\u0107 r\u00f3\u017cne kultury bez odchodzenia od ekranu? InstaCams otwiera drzwi do nowego \u015bwiata. <strong>globalna sie\u0107, w kt\u00f3rej ka\u017cde po\u0142\u0105czenie jest odkryciem<\/strong>. Wyobra\u017a sobie, \u017ce rozmawiasz z kim\u015b w Tokio, siedz\u0105c wygodnie w domu w Pary\u017cu...<\/p>\n\n\n\n<h3 class=\"wp-block-heading\" id=\"Qu-est-ce-que-la-plateforme-instacams\">Czym jest platforma instacams?<\/h3>\n\n\n\n<p>InstaCams to platforma dla <strong>Natychmiastowe randki wideo<\/strong> kt\u00f3ra zamienia ekran w mi\u0119dzynarodowy hub. Dzi\u0119ki szybkiemu algorytmowi dopasowywania, mo\u017cesz nawi\u0105za\u0107 kontakt z osobami z ponad 100 r\u00f3\u017cnych kraj\u00f3w. Nie ma potrzeby wype\u0142niania nieko\u0144cz\u0105cych si\u0119 formularzy, wystarczy jedno klikni\u0119cie, aby rozpocz\u0105\u0107 przygod\u0119.<\/p>\n\n\n\n<p>Koncepcja opiera si\u0119 na spontaniczno\u015bci: w\u015br\u00f3d milion\u00f3w u\u017cytkownik\u00f3w, <strong>ka\u017cde po\u0142\u0105czenie jest niespodziank\u0105<\/strong>. Niezale\u017cnie od tego, czy chcesz poszerzy\u0107 swoj\u0105 wiedz\u0119 kulturow\u0105, czy po prostu wymieni\u0107 si\u0119 u\u015bmiechami, spo\u0142eczno\u015b\u0107 InstaCams wita Ci\u0119 w bezpiecznym i pe\u0142nym szacunku \u015brodowisku.<\/p>\n\n\n\n<h3 class=\"wp-block-heading\" id=\"Une-connexion-imm-iate-et-sans-contraintes\">Natychmiastowe po\u0142\u0105czenie bez ogranicze\u0144<\/h3>\n\n\n\n<p>Chcesz rozmawia\u0107 bez czekania? Bez konieczno\u015bci rejestracji, bez skomplikowanej konfiguracji: po prostu uruchom kamer\u0119 internetow\u0105 i znajd\u017a kogo\u015b do rozmowy w mniej ni\u017c 10 sekund. Ta p\u0142ynno\u015b\u0107 <strong>przyci\u0105ga miliony u\u017cytkownik\u00f3w ka\u017cdego miesi\u0105ca<\/strong>zawsze szuka nowych po\u0142\u0105cze\u0144.<\/p>\n\n\n\n<p>Je\u015bli rozmowa ci nie odpowiada, proste klikni\u0119cie przeniesie ci\u0119 do nowej twarzy, nowej historii. Ta swoboda wymiany w po\u0142\u0105czeniu z intuicyjnym interfejsem oznacza, \u017ce <strong>idealne narz\u0119dzie do spotka\u0144 bez barier<\/strong>. Spr\u00f3buj, a mo\u017cesz wpa\u015b\u0107 na przysz\u0142ego przyjaciela... a nawet koleg\u0119 z pracy na drugim ko\u0144cu \u015bwiata!<\/p>\n\n\n\n<figure class=\"wp-block-table\"><table class=\"has-fixed-layout\"><thead><tr><th>Funkcjonalno\u015b\u0107<\/th><th>Opis<\/th><\/tr><\/thead><tbody><tr><td>Po\u0142\u0105czenie<\/td><td>Natychmiastowy dost\u0119p bez konieczno\u015bci rejestracji.<\/td><\/tr><tr><td>Bli\u017aniaki<\/td><td>Algorytm typu \"ruletka\" z dost\u0119pnym filtrem p\u0142ci.<\/td><\/tr><tr><td>Komunikacja<\/td><td>T\u0142umaczenie w czasie rzeczywistym zintegrowane z czatem tekstowym.<\/td><\/tr><tr><td>Czat grupowy<\/td><td>Pojemno\u015b\u0107 do 100 uczestnik\u00f3w.<\/td><\/tr><tr><td>Jako\u015b\u0107<\/td><td>Transmisja wideo HD i d\u017awi\u0119ku wysokiej jako\u015bci.<\/td><\/tr><tr><td>Dost\u0119pno\u015b\u0107<\/td><td>Kompatybilny z komputerami, tabletami i smartfonami bez konieczno\u015bci instalacji.<\/td><\/tr><\/tbody><\/table><\/figure>\n\n\n\n<h2 class=\"wp-block-heading\" id=\"des-fonctionnalites-con\u00e7ues-pour-des-conversations-sans-frontieres\">Funkcje zaprojektowane do rozm\u00f3w bez granic<\/h2>\n\n\n\n<h3 class=\"wp-block-heading\" id=\"un-algorithme-de-jumelage-pour-des-rencontres-surprenantes\">Algorytm dopasowania dla zaskakuj\u0105cych spotka\u0144<\/h3>\n\n\n\n<p>InstaCams rewolucjonizuje interakcje mi\u0119dzyludzkie dzi\u0119ki algorytmowi natychmiastowego dopasowywania. Wystarczy jedno klikni\u0119cie, aby aplikacja <strong>automatycznie \u0142\u0105czy u\u017cytkownik\u00f3w z lud\u017ami na ca\u0142ym \u015bwiecie<\/strong>. Ten system typu \"ruletka\" wprowadza element zaskoczenia przy ka\u017cdym po\u0142\u0105czeniu, dzi\u0119ki czemu ka\u017cda sesja jest wyj\u0105tkowa i ekscytuj\u0105ca.<\/p>\n\n\n\n<p>Platforma oferuje losowy czat wideo z kobietami, ekskluzywn\u0105 funkcj\u0119, kt\u00f3ra pozwala pozna\u0107 u\u017cytkownik\u00f3w z r\u00f3\u017cnych \u015brodowisk. Preferencje (kraj, j\u0119zyk, zainteresowania) subtelnie wp\u0142ywaj\u0105 na proces dopasowywania, zachowuj\u0105c przy tym najwa\u017cniejsze elementy: <strong>ludzka przygoda nieoczekiwanego spotkania<\/strong>.<\/p>\n\n\n\n<h3 class=\"wp-block-heading\" id=\"brisez-la-barriere-de-la-langue-avec-la-traduction-en-temps-reel\">Prze\u0142am barier\u0119 j\u0119zykow\u0105 dzi\u0119ki t\u0142umaczeniu w czasie rzeczywistym<\/h3>\n\n\n\n<p>Wyobra\u017a sobie rozmow\u0119 z mieszka\u0144cem Tokio m\u00f3wi\u0105cym po francusku. Dzi\u0119ki zintegrowanemu t\u0142umaczeniu j\u0119zykowemu, <strong>InstaCams sprawia, \u017ce ta rzeczywisto\u015b\u0107 jest dost\u0119pna dla ka\u017cdego<\/strong>. Funkcja ta natychmiast odszyfrowuje wiadomo\u015bci tekstowe, umo\u017cliwiaj\u0105c p\u0142ynn\u0105 wymian\u0119 mi\u0119dzy osobami m\u00f3wi\u0105cymi r\u00f3\u017cnymi j\u0119zykami.<\/p>\n\n\n\n<p>Usuwaj\u0105c bariery j\u0119zykowe, platforma otwiera drzwi do <strong>prawdziwie globalna spo\u0142eczno\u015b\u0107 dziel\u0105ca si\u0119 kultur\u0105<\/strong>. Teraz mo\u017cesz czatowa\u0107 z u\u017cytkownikami z Ameryki P\u00f3\u0142nocnej, Azji i Afryki, zmieniaj\u0105c ka\u017cd\u0105 rozmow\u0119 w wzbogacaj\u0105ce odkrycie.<\/p>\n\n\n\n<h3 class=\"wp-block-heading\" id=\"partagez-des-moments-a-plusieurs-avec-le-chat-de-groupe\">Dzielenie si\u0119 chwilami dzi\u0119ki czatowi grupowemu<\/h3>\n\n\n\n<p>InstaCams wykracza poza zwyk\u0142\u0105 wymian\u0119 twarz\u0105 w twarz. Jego <strong>Grupowy czat wideo dla maksymalnie 100 uczestnik\u00f3w na nowo odkrywa<\/strong> interakcje spo\u0142eczne i zawodowe. Organizuj wieczory gier online, spotkania spo\u0142eczno\u015bci lub webinaria edukacyjne za pomoc\u0105 smartfona lub komputera.<\/p>\n\n\n\n<p>Ta elastyczno\u015b\u0107 przekszta\u0142ca platform\u0119 we wszechstronn\u0105 przestrze\u0144, w kt\u00f3rej pomys\u0142y mog\u0105 swobodnie przep\u0142ywa\u0107. Niskie op\u00f3\u017anienia i jako\u015b\u0107 HD gwarantuj\u0105 wysoki poziom <strong>wci\u0105gaj\u0105ce do\u015bwiadczenie<\/strong>Niezale\u017cnie od tego, czy jeste\u015b widzem, czy organizatorem wydarzenia.<\/p>\n\n\n\n<h2 class=\"wp-block-heading\" id=\"une-experience-utilisateur-fluide-et-de-haute-qualite\">P\u0142ynne, wysokiej jako\u015bci do\u015bwiadczenie u\u017cytkownika<\/h2>\n\n\n\n<p>Gwarancje InstaCams <strong>Natychmiastowe po\u0142\u0105czenie bez tarcia<\/strong>Jest to mo\u017cliwe dzi\u0119ki zaawansowanym technologiom i interfejsowi zaprojektowanemu z my\u015bl\u0105 o prostocie. Platforma dostosowuje si\u0119 do potrzeb u\u017cytkownik\u00f3w, kt\u00f3rzy chc\u0105 przejrzystej, naturalnej wymiany, jednocze\u015bnie minimalizuj\u0105c przeszkody techniczne.<\/p>\n\n\n\n<h3 class=\"wp-block-heading\" id=\"une-qualite-video-et-audio-immersive\">Wci\u0105gaj\u0105ca jako\u015b\u0107 obrazu i d\u017awi\u0119ku<\/h3>\n\n\n\n<p>Rozmowy prowadzone przez InstaCams korzystaj\u0105 z wideo HD w rozdzielczo\u015bci do 1080p, z cz\u0119stotliwo\u015bci\u0105 od\u015bwie\u017cania 60 klatek na sekund\u0119. Op\u00f3\u017anienia s\u0105 zredukowane, co pozwala unikn\u0105\u0107 op\u00f3\u017anie\u0144 i sprawia, \u017ce interakcje s\u0105 naturalne. Wysokiej jako\u015bci d\u017awi\u0119k w po\u0142\u0105czeniu z technologi\u0105 redukcji szum\u00f3w otoczenia zapewnia krystalicznie czyst\u0105 komunikacj\u0119. Te po\u0142\u0105czone technologie sprawiaj\u0105, \u017ce ka\u017cda interakcja staje si\u0119 <strong>wci\u0105gaj\u0105ce do\u015bwiadczenie<\/strong>Ka\u017cde s\u0142owo i gest s\u0105 precyzyjnie rejestrowane. Platforma automatycznie dostosowuje jako\u015b\u0107 wideo do przepustowo\u015bci \u0142\u0105cza, gwarantuj\u0105c p\u0142ynny streaming nawet przy zmiennych po\u0142\u0105czeniach.<\/p>\n\n\n\n<h3 class=\"wp-block-heading\" id=\"une-plateforme-accessible-partout-et-pour-tous\">Platforma dost\u0119pna wsz\u0119dzie i dla ka\u017cdego<\/h3>\n\n\n\n<p>InstaCams zosta\u0142 zaprojektowany do u\u017cytku na dowolnym urz\u0105dzeniu: komputerze, tablecie lub smartfonie, bez konieczno\u015bci instalowania jakiegokolwiek oprogramowania. Przejrzysty, intuicyjny interfejs oznacza, \u017ce nawet nowicjusze mog\u0105 od razu sobie z nim poradzi\u0107. Opcje takie jak jasne\/ciemne motywy i zintegrowane t\u0142umaczenie u\u0142atwiaj\u0105 personalizacj\u0119 i mi\u0119dzynarodow\u0105 interakcj\u0119. Tak wi\u0119c ka\u017cdy u\u017cytkownik, gdziekolwiek si\u0119 znajduje i niezale\u017cnie od urz\u0105dzenia, korzysta z <strong>Natychmiastowy, nieskomplikowany dost\u0119p, zwi\u0119kszaj\u0105cy zaanga\u017cowanie spo\u0142eczne<\/strong> dzi\u0119ki zr\u00f3\u017cnicowanej spo\u0142eczno\u015bci.<\/p>\n\n\n\n<ul class=\"wp-block-list\">\n<li>P\u0142ynne strumieniowanie wideo w <strong>Jako\u015b\u0107 HD zapewniaj\u0105ca ostry obraz<\/strong>.<\/li>\n\n\n\n<li><strong>Krystalicznie czysty d\u017awi\u0119k<\/strong> dzi\u0119ki wysokiej jako\u015bci d\u017awi\u0119ku i redukcji szum\u00f3w otoczenia.<\/li>\n\n\n\n<li>Intuicyjny interfejs zaprojektowany dla <strong>Natychmiastowa, bezwysi\u0142kowa obs\u0142uga<\/strong>.<\/li>\n\n\n\n<li>A <strong>bezpo\u015bredni dost\u0119p z przegl\u0105darki internetowej<\/strong>na dowolnym urz\u0105dzeniu.<\/li>\n<\/ul>\n\n\n\n<h2 class=\"wp-block-heading\" id=\"environnement-s\u00fbr-communaut\u00e9-respectueuse\">Bezpieczne \u015brodowisko i spo\u0142eczno\u015b\u0107 pe\u0142na szacunku<\/h2>\n\n\n\n<h3 class=\"wp-block-heading\" id=\"protection-vie-privee\">Ochrona prywatno\u015bci jest priorytetem<\/h3>\n\n\n\n<p>InstaCams stawia na <strong>bezpiecze\u0144stwo w centrum dzia\u0142alno\u015bci<\/strong> dzi\u0119ki zaawansowanym protoko\u0142om szyfrowania. Technologie te zapewniaj\u0105 poufno\u015b\u0107 wymiany wideo i blokuj\u0105 nieautoryzowany dost\u0119p. Regularne audyty bezpiecze\u0144stwa pomagaj\u0105 utrzyma\u0107 te wysokie standardy, proaktywnie identyfikuj\u0105c i koryguj\u0105c luki w zabezpieczeniach. U\u017cytkownicy korzystaj\u0105 z konfigurowalnych opcji poufno\u015bci, takich jak zarz\u0105dzanie widoczno\u015bci\u0105 swojego profilu i aktywacja uwierzytelniania dwusk\u0142adnikowego (przez SMS lub dedykowan\u0105 aplikacj\u0119), wzmacniaj\u0105c w ten spos\u00f3b ochron\u0119 konta. Zach\u0119ca si\u0119 do anonimowo\u015bci dzi\u0119ki minimalistycznemu procesowi rejestracji, kt\u00f3ry pozwala unikn\u0105\u0107 gromadzenia wra\u017cliwych informacji.<\/p>\n\n\n\n<h3 class=\"wp-block-heading\" id=\"outils-moderation\">Narz\u0119dzia moderacyjne do przyjaznej wymiany zda\u0144<\/h3>\n\n\n\n<p>Zachowanie pozytywnego \u015brodowiska, <strong>InstaCams \u0142\u0105czy zautomatyzowane filtrowanie AI i ludzk\u0105 interwencj\u0119<\/strong>. Sztuczna inteligencja analizuje strumienie wideo i tre\u015bci tekstowe w czasie rzeczywistym, wykrywaj\u0105c niew\u0142a\u015bciwe zachowania za pomoc\u0105 s\u0142\u00f3w kluczowych lub szablon\u00f3w raport\u00f3w. Zespo\u0142y moderator\u00f3w szybko reaguj\u0105 na zg\u0142oszenia, zapewniaj\u0105c, \u017ce z\u0142o\u017cone przypadki s\u0105 monitorowane przez cz\u0142owieka. U\u017cytkownicy maj\u0105 do dyspozycji intuicyjne narz\u0119dzia do blokowania lub zg\u0142aszania niepo\u017c\u0105danych kontakt\u00f3w za pomoc\u0105 jednego klikni\u0119cia, co daje im wi\u0119ksze poczucie kontroli. Jasne wytyczne dla spo\u0142eczno\u015bci definiuj\u0105 akceptowalne zachowania, promuj\u0105c szacunek i uprzejmo\u015b\u0107 w globalnych interakcjach.<\/p>\n\n\n\n<ul class=\"wp-block-list\">\n<li>Zaawansowane protoko\u0142y szyfrowania dla <strong>maksymalna poufno\u015b\u0107 rozm\u00f3w<\/strong>.<\/li>\n\n\n\n<li>Hybrydowy system moderacji (AI + dedykowane zespo\u0142y) zapewniaj\u0105cy <strong>bezpieczna przestrze\u0144<\/strong>.<\/li>\n\n\n\n<li><strong>Opcje natychmiastowego blokowania i raportowania<\/strong> do proaktywnego zarz\u0105dzania interakcjami.<\/li>\n\n\n\n<li><strong>Elastyczne ustawienia prywatno\u015bci<\/strong>Pozwala to dostosowa\u0107 widoczno\u015b\u0107 profilu i powiadomie\u0144.<\/li>\n<\/ul>\n\n\n\n<h2 class=\"wp-block-heading\" id=\"comment-demarrer-votre-premiere-conversation-sur-instacams\">Jak rozpocz\u0105\u0107 pierwsz\u0105 rozmow\u0119 na InstaCams?<\/h2>\n\n\n\n<h3 class=\"wp-block-heading\" id=\"votre-guide-pas-a-pas-pour-une-connexion-reussie\">Przewodnik krok po kroku prowadz\u0105cy do udanego po\u0142\u0105czenia<\/h3>\n\n\n\n<p>InstaCams \u0142\u0105czy Ci\u0119 z u\u017cytkownikami na ca\u0142ym \u015bwiecie w ci\u0105gu kilku sekund. Z prostym interfejsem i intuicyjnym procesem, <strong>mo\u017cesz anga\u017cowa\u0107 si\u0119 w spontaniczne, autentyczne dyskusje<\/strong>gdzie ka\u017cde klikni\u0119cie otwiera drzwi do nowej historii.<\/p>\n\n\n\n<ol class=\"wp-block-list\">\n<li><strong>Przygotowanie sprz\u0119tu<\/strong> W\u0142\u0105cz kamer\u0119 internetow\u0105 i sprawd\u017a, czy mikrofon dzia\u0142a. P\u0142ynne po\u0142\u0105czenie internetowe i odpowiednie o\u015bwietlenie zapewni\u0105 dobr\u0105 widoczno\u015b\u0107 i dobre pierwsze wra\u017cenie.<\/li>\n\n\n\n<li><strong>Rozpocz\u0119cie po\u0142\u0105czenia<\/strong> Wejd\u017a na stron\u0119 i kliknij \"Rozpocznij czat\". W jednej chwili algorytm natychmiastowego dopasowania po\u0142\u0105czy Ci\u0119 z losowym u\u017cytkownikiem, bez czekania i bez komplikacji.<\/li>\n\n\n\n<li><strong>Personalizacja do\u015bwiadczenia (opcjonalnie)<\/strong> Wystarczy kilka klikni\u0119\u0107, aby utworzy\u0107 bezp\u0142atne konto i okre\u015bli\u0107 swoje preferencje (j\u0119zyk, zainteresowania). Dzi\u0119ki temu dopasowania b\u0119d\u0105 bardziej precyzyjne, co zwi\u0119kszy szanse na spotkanie profili spe\u0142niaj\u0105cych Twoje oczekiwania.<\/li>\n\n\n\n<li><strong>Rozpocznij rozmow\u0119<\/strong> B\u0105d\u017a ciekawy i pe\u0142en szacunku. Zacznij od otwartego pytania, takiego jak \"Jakie jest Twoje ulubione tradycyjne danie?\", aby stworzy\u0107 naturaln\u0105 i anga\u017cuj\u0105c\u0105 wymian\u0119 zda\u0144.<\/li>\n<\/ol>\n\n\n\n<p>Obecny w ponad 100 krajach, InstaCams \u0142\u0105czy w sobie szybko\u015b\u0107, bezpiecze\u0144stwo (szyfrowanie end-to-end) i dost\u0119pno\u015b\u0107 na wszystkich urz\u0105dzeniach (smartfony, komputery, tablety). Platforma ta zach\u0119ca do <strong>pozytywne relacje mi\u0119dzyludzkie<\/strong>Idealny do \u0107wiczenia j\u0119zyka, odkrywania nowych kultur lub po prostu przyjaznej rozmowy. Gotowy, by u\u015bmiechn\u0105\u0107 si\u0119 do nieznanego?<\/p>\n\n\n\n<p>InstaCams na nowo odkrywa wymian\u0119 online dzi\u0119ki intuicyjnej i bezpiecznej platformie dla <strong>Przypadkowe spotkania wideo<\/strong>. Dost\u0119p bez rejestracji, t\u0142umaczenie w czasie rzeczywistym i innowacyjne narz\u0119dzia <strong>Przekraczanie barier kulturowych i j\u0119zykowych<\/strong>. Idealny do spontanicznej lub ustrukturyzowanej wymiany. <strong>\u0142\u0105czy w sobie prostot\u0119, jako\u015b\u0107 i bezpiecze\u0144stwo<\/strong> dla po\u0142\u0105czonego do\u015bwiadczenia.<\/p>\n\n\n\n<h2 class=\"wp-block-heading\">FAQ<\/h2>\n\n\n\n<h3 class=\"wp-block-heading\">Czy mog\u0119 korzysta\u0107 z Instacams bez tworzenia konta?<\/h3>\n\n\n\n<p>Tak, Instacams oferuje <strong>natychmiastowy dost\u0119p bez konieczno\u015bci rejestracji<\/strong>. Wystarczy wybra\u0107 gatunek i klikn\u0105\u0107 \"Rozpocznij czat\", aby <strong>losowy kontakt z u\u017cytkownikiem z dowolnego miejsca na \u015bwiecie<\/strong>. Ta \u0142atwo\u015b\u0107 u\u017cytkowania oznacza, \u017ce mo\u017cesz <strong>rozpocz\u0119cie rozmowy wideo w mniej ni\u017c 10 sekund<\/strong>Jest to idealne rozwi\u0105zanie dla tych, kt\u00f3rzy chc\u0105 unikn\u0105\u0107 biurokracji. Opcja rejestracji jest jednak nadal dost\u0119pna, aby spersonalizowa\u0107 swoje preferencje (j\u0119zyk, obszary zainteresowa\u0144) i uzyska\u0107 dost\u0119p do zaawansowanych funkcji.<\/p>\n\n\n\n<h3 class=\"wp-block-heading\">W jaki spos\u00f3b Instacams gwarantuje bezpiecze\u0144stwo u\u017cytkownik\u00f3w?<\/h3>\n\n\n\n<p>Instacams stawia na <strong>bezpiecze\u0144stwo i poufno\u015b\u0107 w centrum jej dzia\u0142alno\u015bci<\/strong>. Po\u0142\u0105czenia i wiadomo\u015bci s\u0105 chronione przez szyfrowanie typu end-to-end, zapewniaj\u0105c, \u017ce <strong>tylko uczestnicy mog\u0105 uzyska\u0107 dost\u0119p do tre\u015bci<\/strong> wymiany. Narz\u0119dzia do <strong>moderacja \u0142\u0105cz\u0105ca sztuczn\u0105 inteligencj\u0119 i zespo\u0142y ludzkie<\/strong> monitorowa\u0107 interakcje w czasie rzeczywistym, podczas gdy u\u017cytkownicy mog\u0105 blokowa\u0107 lub zg\u0142asza\u0107 wszelkie nieodpowiednie zachowania. Zaawansowane ustawienia (uwierzytelnianie dwusk\u0142adnikowe, widoczno\u015b\u0107 profilu) r\u00f3wnie\u017c zwi\u0119kszaj\u0105 ochron\u0119 danych osobowych.<\/p>\n\n\n\n<h3 class=\"wp-block-heading\">Czy kamery Instacam mo\u017cna u\u017cywa\u0107 na telefonie lub tablecie?<\/h3>\n\n\n\n<p>Absolutnie! Instacams jest przeznaczony do u\u017cytku na <strong>wszystkie media<\/strong> komputery, smartfony i tablety. <strong>Nie wymaga pobierania ani instalacji<\/strong>Interfejs automatycznie dostosowuje si\u0119 do ekranu, z intuicyjn\u0105 nawigacj\u0105 i funkcjami, takimi jak jasne \/ ciemne motywy, dla optymalnej \u0142atwo\u015bci u\u017cytkowania, niezale\u017cnie od tego, czy jeste\u015b w domu, czy w podr\u00f3\u017cy. Interfejs automatycznie dostosowuje si\u0119 do ekranu, z intuicyjn\u0105 nawigacj\u0105 i funkcjami, takimi jak jasne \/ ciemne motywy, dla optymalnej \u0142atwo\u015bci u\u017cytkowania, niezale\u017cnie od tego, czy jeste\u015b w domu, czy w podr\u00f3\u017cy.<\/p>\n\n\n\n<h3 class=\"wp-block-heading\">Czy system losowego dopasowywania mo\u017cna dostosowa\u0107?<\/h3>\n\n\n\n<p>Losowe dopasowanie, sygnatura Instacams, to <strong>Zaprojektowany, aby zaskakiwa\u0107, pozostaj\u0105c p\u0142ynnym<\/strong>. Inteligentny algorytm natychmiast \u0142\u0105czy u\u017cytkownik\u00f3w, z mo\u017cliwo\u015bci\u0105 ustawienia preferencji, takich jak j\u0119zyk lub zainteresowania, w celu zaw\u0119\u017cenia wynik\u00f3w. Je\u015bli dana dyskusja Ci nie odpowiada, po prostu kliknij \"Dalej\". <strong>przekierowuje u\u017cytkownika do nowego partnera<\/strong>. Podej\u015bcie to \u0142\u0105czy spontaniczno\u015b\u0107 i kontrol\u0119, zach\u0119caj\u0105c do zr\u00f3\u017cnicowanej i anga\u017cuj\u0105cej wymiany zda\u0144.<\/p>\n\n\n\n<h3 class=\"wp-block-heading\">Jak dzia\u0142aj\u0105 grupowe rozmowy wideo na Instacam?<\/h3>\n\n\n\n<p>Instacams umo\u017cliwia <strong>dyskusje grupowe z udzia\u0142em do 100 uczestnik\u00f3w<\/strong>Idealny do wydarze\u0144 takich jak webinaria, wieczory z przyjaci\u00f3\u0142mi lub spotkania biznesowe. Narz\u0119dzia do zarz\u0105dzania (przypisane role, dedykowane pokoje) pomagaj\u0105 w <strong>strukturyzowanie interakcji<\/strong>. Jako\u015b\u0107 HD (do 1080p) i wysokiej jako\u015bci d\u017awi\u0119k zapewniaj\u0105 <strong>wci\u0105gaj\u0105ce do\u015bwiadczenie<\/strong>Witryna oferuje r\u00f3wnie\u017c szereg innych funkcji, takich jak udost\u0119pnianie ekranu i ankiety na \u017cywo, w celu usprawnienia wymiany. Automatyczna i ludzka moderacja zapobiega nadu\u017cyciom, gwarantuj\u0105c <strong>\u015brodowisko oparte na wsp\u00f3\u0142pracy i szacunku<\/strong>.<\/p>\n\n\n\n<a href=\"https:\/\/insta-cams.de\/\" target=\"_blank\" rel=\"noopener\">Instacams Deutsch<\/a> | \n<a href=\"https:\/\/instacams.at\/\" target=\"_blank\" rel=\"noopener\">Instacams Deutsch (AT)<\/a> | \n<a href=\"https:\/\/insta-cams.uk\/\" target=\"_blank\" rel=\"noopener\">Instacams English<\/a> | \n<a href=\"https:\/\/instacams.es\/\" target=\"_blank\" rel=\"noopener\">Instacams Espa\u00f1ol<\/a> |  \n<a href=\"https:\/\/instacams.it\/\" target=\"_blank\" rel=\"noopener\">Instacams Italiano<\/a> | \n<a href=\"https:\/\/insta-cams.nl\/\" instacams target=\"_blank\" rel=\"noopener\">Nederlands<\/a> | \n<a href=\"https:\/\/instacams.pt\/\" target=\"_blank\" rel=\"noopener\">Instacams Portugu\u00eas<\/a> | \n<a href=\"https:\/\/insta-cams.pl\/\" target=\"_blank\" rel=\"noopener\">Instacams Polski<\/a> | \n<a href=\"https:\/\/insta-cams.cz\/\" target=\"_blank\" rel=\"noopener\">Instacams \u010ce\u0161tina<\/a> | \n<a href=\"https:\/\/insta-cams.dk\/\" target=\"_blank\" rel=\"noopener\">Instacams Dansk<\/a>\n<\/div>\n\n\n\n<p><\/p>","protected":false},"excerpt":{"rendered":"<p>INSTACAMS OFFICIEL : CHAT DE RENCONTRE ALEATOIRE Inscrivez-vous maintenant sur INSTA CAMS et profitez de 50 cr\u00e9dits OFFERTS \u00e0 votre inscription. S&rsquo;INSCRIRE HOMME S&rsquo;INSCRIRE FEMME Instacams : rejoignez la communaut\u00e9 mondiale d&rsquo;un clic Vous en avez assez des messageries rigides o\u00f9 chaque interaction semble pr\u00e9visible ? Instacams bouscule les codes avec son chat vid\u00e9o al\u00e9atoire &#8230; <a title=\"home1\" class=\"read-more\" href=\"https:\/\/insta-cams.eu\/pl\/\" aria-label=\"Dowiedz si\u0119 wi\u0119cej o home1\">Czytaj dalej<\/a><\/p>","protected":false},"author":1,"featured_media":0,"parent":0,"menu_order":0,"comment_status":"closed","ping_status":"closed","template":"","meta":{"footnotes":""},"class_list":["post-58","page","type-page","status-publish"],"_links":{"self":[{"href":"https:\/\/insta-cams.eu\/pl\/wp-json\/wp\/v2\/pages\/58","targetHints":{"allow":["GET"]}}],"collection":[{"href":"https:\/\/insta-cams.eu\/pl\/wp-json\/wp\/v2\/pages"}],"about":[{"href":"https:\/\/insta-cams.eu\/pl\/wp-json\/wp\/v2\/types\/page"}],"author":[{"embeddable":true,"href":"https:\/\/insta-cams.eu\/pl\/wp-json\/wp\/v2\/users\/1"}],"replies":[{"embeddable":true,"href":"https:\/\/insta-cams.eu\/pl\/wp-json\/wp\/v2\/comments?post=58"}],"version-history":[{"count":55,"href":"https:\/\/insta-cams.eu\/pl\/wp-json\/wp\/v2\/pages\/58\/revisions"}],"predecessor-version":[{"id":255,"href":"https:\/\/insta-cams.eu\/pl\/wp-json\/wp\/v2\/pages\/58\/revisions\/255"}],"wp:attachment":[{"href":"https:\/\/insta-cams.eu\/pl\/wp-json\/wp\/v2\/media?parent=58"}],"curies":[{"name":"wp","href":"https:\/\/api.w.org\/{rel}","templated":true}]}}