{"id":58,"date":"2025-10-28T04:39:00","date_gmt":"2025-10-28T04:39:00","guid":{"rendered":"https:\/\/insta-cams.eu\/?page_id=58"},"modified":"2025-12-29T16:38:44","modified_gmt":"2025-12-29T16:38:44","slug":"home1","status":"publish","type":"page","link":"https:\/\/insta-cams.eu\/pt\/","title":{"rendered":"home1"},"content":{"rendered":"<section class=\"gb-element-c0819d6c banner\">\n<div class=\"gb-element-0659d418\">\n<div class=\"wp-block-columns is-layout-flex wp-container-core-columns-is-layout-9d6595d7 wp-block-columns-is-layout-flex\">\n<div class=\"wp-block-column is-layout-flow wp-block-column-is-layout-flow\">\n<h2 class=\"gb-text gb-text-155ce4c1\">INSTACAMS OFICIAIS : CHAT DE ENCONTROS ALEAT\u00d3RIOS<\/h2>\n\n\n\n<p class=\"has-text-align-center has-base-3-color has-text-color has-link-color wp-elements-c76d1f6cc9fa53b162a03c9e8863f2b2\"><strong>Registe-se agora no INSTA CAMS e beneficie de 50 cr\u00e9ditos GRATUITOS ao registar-se.<\/strong><\/p>\n\n\n\n<div class=\"wp-block-columns is-layout-flex wp-container-core-columns-is-layout-9d6595d7 wp-block-columns-is-layout-flex\">\n<div class=\"wp-block-column is-layout-flow wp-block-column-is-layout-flow\" style=\"flex-basis:20px\"><\/div>\n\n\n\n<div class=\"wp-block-column is-layout-flow wp-block-column-is-layout-flow\">\n<a class=\"gb-text gb-text-50c1af7c\" href=\"\/connexion\/\">REGISTAR-SE COMO HOMEM<\/a>\n<\/div>\n\n\n\n<div class=\"wp-block-column is-layout-flow wp-block-column-is-layout-flow\">\n<a class=\"gb-text gb-text-6d7e1e7e\" href=\"\/connexion\/\">REGISTAR UMA MULHER<\/a>\n<\/div>\n\n\n\n<div class=\"wp-block-column is-layout-flow wp-block-column-is-layout-flow\" style=\"flex-basis:20px\"><\/div>\n<\/div>\n<\/div>\n<\/div>\n<\/div>\n<\/section>\n\n\n\n<div class=\"gb-element-c35e94aa\">\n<h2 class=\"wp-block-heading\">Instacams: junte-se \u00e0 comunidade global com um clique<\/h2>\n\n\n\n<p>Vous en avez assez des messageries rigides o\u00f9 chaque interaction semble pr\u00e9visible ? <a href=\"https:\/\/instacams.fr\" data-type=\"link\" data-id=\"https:\/\/instacams.fr\" target=\"_blank\" rel=\"noopener\">Instacams<\/a> bouscule les codes avec son chat vid\u00e9o al\u00e9atoire qui vous connecte en un clic \u00e0 des inconnus du globe, sans inscription ni contrainte. Imaginez un espace o\u00f9 la traduction en temps r\u00e9el dissout les barri\u00e8res linguistiques, o\u00f9 un algorithme de jumelage affine vos rencontres selon vos centres d\u2019int\u00e9r\u00eat, ou o\u00f9 un chat de groupe lie jusqu\u2019\u00e0 100 participants pour des \u00e9v\u00e9nements virtuels ou des \u00e9changes collectifs. Plus qu\u2019une plateforme, <strong>uma porta de entrada para interc\u00e2mbios aut\u00eanticos<\/strong>Tudo em v\u00eddeo HD, acess\u00edvel no computador, tablet ou smartphone.<\/p>\n\n\n\n<ol class=\"wp-block-list\">\n<li><a href=\"#Instacams-connectez-vous-au-monde-entier-en-un-clic\">Instacams: ligue-se ao mundo inteiro com um s\u00f3 clique<\/a><\/li>\n\n\n\n<li><a href=\"#des-fonctionnalites-con\u00e7ues-pour-des-conversations-sans-frontieres\">Carater\u00edsticas concebidas para conversas sem fronteiras<\/a><\/li>\n\n\n\n<li><a href=\"#une-experience-utilisateur-fluide-et-de-haute-qualite\">Uma experi\u00eancia de utilizador fluida e de alta qualidade<\/a><\/li>\n\n\n\n<li><a href=\"#environnement-s\u00fbr-communaut\u00e9-respectueuse\">Um ambiente seguro e uma comunidade respeitadora<\/a><\/li>\n\n\n\n<li><a href=\"#comment-demarrer-votre-premiere-conversation-sur-instacams\">Como iniciar a sua primeira conversa no InstaCams?<\/a><\/li>\n<\/ol>\n\n\n\n<h2 class=\"wp-block-heading\" id=\"Instacams-connectez-vous-au-monde-entier-en-un-clic\">Instacams: ligue-se ao mundo inteiro com um s\u00f3 clique<\/h2>\n\n\n\n<p>Quer explorar culturas diferentes sem sair do seu ecr\u00e3? As InstaCams abrem as portas a um novo mundo. <strong>uma rede global onde cada liga\u00e7\u00e3o \u00e9 uma descoberta<\/strong>. Imagine conversar com algu\u00e9m em T\u00f3quio enquanto est\u00e1 confortavelmente sentado em casa, em Paris...<\/p>\n\n\n\n<h3 class=\"wp-block-heading\" id=\"Qu-est-ce-que-la-plateforme-instacams\">O que \u00e9 a plataforma instacams?<\/h3>\n\n\n\n<p>InstaCams \u00e9 uma plataforma para <strong>encontros instant\u00e2neos por v\u00eddeo<\/strong> que transforma o seu ecr\u00e3 num centro internacional. Gra\u00e7as a um algoritmo de correspond\u00eancia r\u00e1pido, pode entrar em contacto com pessoas de mais de 100 pa\u00edses diferentes. N\u00e3o h\u00e1 necessidade de formul\u00e1rios intermin\u00e1veis, basta um clique para come\u00e7ar a aventura.<\/p>\n\n\n\n<p>O conceito baseia-se na espontaneidade: entre milh\u00f5es de utilizadores, <strong>cada liga\u00e7\u00e3o \u00e9 uma surpresa<\/strong>. Quer pretenda expandir os seus conhecimentos culturais ou simplesmente trocar sorrisos, a comunidade InstaCams d\u00e1-lhe as boas-vindas num ambiente seguro e respeitoso.<\/p>\n\n\n\n<h3 class=\"wp-block-heading\" id=\"Une-connexion-imm-iate-et-sans-contraintes\">Liga\u00e7\u00e3o imediata e sem constrangimentos<\/h3>\n\n\n\n<p>Quer conversar sem esperar? N\u00e3o precisa de se registar, nem de configura\u00e7\u00f5es complicadas: basta lan\u00e7ar a sua webcam e encontrar algu\u00e9m com quem falar em menos de 10 segundos. Esta fluidez <strong>atrai milh\u00f5es de utilizadores todos os meses<\/strong>sempre \u00e0 procura de novos contactos.<\/p>\n\n\n\n<p>Se a conversa n\u00e3o for do seu agrado, um simples clique leva-o a um novo rosto, a uma nova hist\u00f3ria. Esta liberdade de troca, combinada com uma interface intuitiva, significa que <strong>a ferramenta ideal para reuni\u00f5es sem barreiras<\/strong>. Experimente e poder\u00e1 encontrar um futuro amigo... ou mesmo um colega de trabalho do outro lado do mundo!<\/p>\n\n\n\n<figure class=\"wp-block-table\"><table class=\"has-fixed-layout\"><thead><tr><th>Funcionalidade<\/th><th>Descri\u00e7\u00e3o<\/th><\/tr><\/thead><tbody><tr><td>Liga\u00e7\u00e3o<\/td><td>Instant\u00e2neo, sem necessidade de registo para um acesso r\u00e1pido.<\/td><\/tr><tr><td>Gemina\u00e7\u00e3o<\/td><td>Algoritmo do tipo \"roleta\" com filtro de g\u00e9nero dispon\u00edvel.<\/td><\/tr><tr><td>Comunica\u00e7\u00e3o<\/td><td>Tradu\u00e7\u00e3o em tempo real integrada no chat de texto.<\/td><\/tr><tr><td>Conversa de grupo<\/td><td>Capacidade para um m\u00e1ximo de 100 participantes.<\/td><\/tr><tr><td>Qualidade<\/td><td>Transmiss\u00e3o de v\u00eddeo HD e \u00e1udio de alta fidelidade.<\/td><\/tr><tr><td>Acessibilidade<\/td><td>Compat\u00edvel com computadores, tablets e smartphones sem instala\u00e7\u00e3o.<\/td><\/tr><\/tbody><\/table><\/figure>\n\n\n\n<h2 class=\"wp-block-heading\" id=\"des-fonctionnalites-con\u00e7ues-pour-des-conversations-sans-frontieres\">Carater\u00edsticas concebidas para conversas sem fronteiras<\/h2>\n\n\n\n<h3 class=\"wp-block-heading\" id=\"un-algorithme-de-jumelage-pour-des-rencontres-surprenantes\">Um algoritmo de correspond\u00eancia para encontros surpreendentes<\/h3>\n\n\n\n<p>A InstaCams est\u00e1 a revolucionar a intera\u00e7\u00e3o humana com o seu algoritmo de correspond\u00eancia instant\u00e2nea. Com apenas um clique, a aplica\u00e7\u00e3o <strong>liga automaticamente os utilizadores a pessoas de todo o mundo<\/strong>. Este sistema tipo \"roleta\" introduz um elemento de surpresa em cada liga\u00e7\u00e3o, tornando cada sess\u00e3o \u00fanica e excitante.<\/p>\n\n\n\n<p>A plataforma oferece um chat de v\u00eddeo aleat\u00f3rio com mulheres, uma funcionalidade exclusiva que lhe permite conhecer utilizadores de diferentes origens. As prefer\u00eancias (pa\u00eds, l\u00edngua, interesses) influenciam subtilmente o processo de matchmaking, mantendo o essencial: <strong>a aventura humana de um encontro inesperado<\/strong>.<\/p>\n\n\n\n<h3 class=\"wp-block-heading\" id=\"brisez-la-barriere-de-la-langue-avec-la-traduction-en-temps-reel\">Quebre a barreira lingu\u00edstica com a tradu\u00e7\u00e3o em tempo real<\/h3>\n\n\n\n<p>Imagine conversar com um residente de T\u00f3quio enquanto fala franc\u00eas. Gra\u00e7as \u00e0 tradu\u00e7\u00e3o lingu\u00edstica integrada, <strong>As InstaCams tornam esta realidade acess\u00edvel a todos<\/strong>. Esta funcionalidade decifra instantaneamente as mensagens de texto, permitindo trocas de mensagens sem problemas entre pessoas que falam l\u00ednguas diferentes.<\/p>\n\n\n\n<p>Ao eliminar as barreiras lingu\u00edsticas, a plataforma abre a porta a <strong>uma comunidade verdadeiramente global para partilhar cultura<\/strong>. Agora pode conversar com utilizadores da Am\u00e9rica do Norte, \u00c1sia e \u00c1frica, transformando cada conversa numa descoberta enriquecedora.<\/p>\n\n\n\n<h3 class=\"wp-block-heading\" id=\"partagez-des-moments-a-plusieurs-avec-le-chat-de-groupe\">Partilhe momentos em conjunto com a conversa de grupo<\/h3>\n\n\n\n<p>InstaCams vai para al\u00e9m das simples trocas de mensagens cara a cara. As suas <strong>a conversa\u00e7\u00e3o de v\u00eddeo em grupo para um m\u00e1ximo de 100 participantes reinventa<\/strong> intera\u00e7\u00e3o social e profissional. Organize noites de jogos em linha, reuni\u00f5es comunit\u00e1rias ou webinars educativos a partir do seu smartphone ou computador.<\/p>\n\n\n\n<p>Esta flexibilidade transforma a plataforma num espa\u00e7o vers\u00e1til onde as ideias podem fluir livremente. A baixa lat\u00eancia e a qualidade HD garantem um elevado n\u00edvel de <strong>experi\u00eancia imersiva<\/strong>quer se trate de um espetador ou de um organizador de eventos.<\/p>\n\n\n\n<h2 class=\"wp-block-heading\" id=\"une-experience-utilisateur-fluide-et-de-haute-qualite\">Uma experi\u00eancia de utilizador fluida e de alta qualidade<\/h2>\n\n\n\n<p>Garantias InstaCams <strong>liga\u00e7\u00e3o instant\u00e2nea e sem fric\u00e7\u00e3o<\/strong>Isto \u00e9 poss\u00edvel gra\u00e7as a tecnologias avan\u00e7adas e a uma interface concebida para ser simples. A plataforma adapta-se \u00e0s necessidades dos utilizadores que pretendem trocas claras e naturais, minimizando os obst\u00e1culos t\u00e9cnicos.<\/p>\n\n\n\n<h3 class=\"wp-block-heading\" id=\"une-qualite-video-et-audio-immersive\">Qualidade de v\u00eddeo e \u00e1udio envolvente<\/h3>\n\n\n\n<p>As conversas nas InstaCams beneficiam de v\u00eddeo HD at\u00e9 1080p, com uma taxa de atualiza\u00e7\u00e3o de 60 fotogramas por segundo. A lat\u00eancia \u00e9 reduzida, evitando atrasos e tornando as intera\u00e7\u00f5es naturais. O \u00e1udio de alta fidelidade, combinado com a tecnologia de cancelamento de ru\u00eddo ambiente, garante uma comunica\u00e7\u00e3o cristalina. Estas tecnologias combinadas transformam cada intera\u00e7\u00e3o num <strong>uma experi\u00eancia imersiva<\/strong>Todas as palavras e gestos s\u00e3o captados com precis\u00e3o. A plataforma ajusta automaticamente a qualidade do v\u00eddeo de acordo com a largura de banda, garantindo uma transmiss\u00e3o sem problemas, mesmo com liga\u00e7\u00f5es vari\u00e1veis.<\/p>\n\n\n\n<h3 class=\"wp-block-heading\" id=\"une-plateforme-accessible-partout-et-pour-tous\">Uma plataforma acess\u00edvel em todo o lado e para todos<\/h3>\n\n\n\n<p>InstaCams foi concebido para ser utilizado em qualquer dispositivo: computador, tablet ou smartphone, sem necessidade de instalar qualquer software. A interface clara e intuitiva significa que mesmo os principiantes podem familiarizar-se com ela de imediato. Op\u00e7\u00f5es como os temas claros\/escuros e a tradu\u00e7\u00e3o integrada facilitam a personaliza\u00e7\u00e3o e a intera\u00e7\u00e3o internacional. Assim, todos os utilizadores, independentemente da localiza\u00e7\u00e3o ou do dispositivo, beneficiam de uma <strong>acesso instant\u00e2neo e descomplicado, aumentando o envolvimento social<\/strong> gra\u00e7as a uma comunidade diversificada.<\/p>\n\n\n\n<ul class=\"wp-block-list\">\n<li>Transmiss\u00e3o de v\u00eddeo suave em <strong>Qualidade HD para imagens n\u00edtidas<\/strong>.<\/li>\n\n\n\n<li><strong>Um som cristalino<\/strong> gra\u00e7as ao \u00e1udio de alta fidelidade e \u00e0 redu\u00e7\u00e3o do ru\u00eddo ambiente.<\/li>\n\n\n\n<li>Uma interface intuitiva concebida para <strong>manuseamento imediato e sem esfor\u00e7o<\/strong>.<\/li>\n\n\n\n<li>A <strong>acesso direto a partir do seu navegador web<\/strong>em qualquer dispositivo.<\/li>\n<\/ul>\n\n\n\n<h2 class=\"wp-block-heading\" id=\"environnement-s\u00fbr-communaut\u00e9-respectueuse\">Um ambiente seguro e uma comunidade respeitadora<\/h2>\n\n\n\n<h3 class=\"wp-block-heading\" id=\"protection-vie-privee\">A prote\u00e7\u00e3o da sua privacidade \u00e9 uma prioridade<\/h3>\n\n\n\n<p>InstaCams coloca o <strong>a seguran\u00e7a no centro das suas actividades<\/strong> gra\u00e7as a protocolos de encripta\u00e7\u00e3o avan\u00e7ados. Estas tecnologias garantem a confidencialidade das trocas de v\u00eddeo e bloqueiam qualquer acesso n\u00e3o autorizado. As auditorias de seguran\u00e7a regulares ajudam a manter estes elevados padr\u00f5es, identificando e corrigindo proactivamente as vulnerabilidades. Os utilizadores beneficiam de op\u00e7\u00f5es de confidencialidade personaliz\u00e1veis, como a gest\u00e3o da visibilidade do seu perfil e a ativa\u00e7\u00e3o da autentica\u00e7\u00e3o de dois factores (por SMS ou aplica\u00e7\u00e3o dedicada), refor\u00e7ando assim a prote\u00e7\u00e3o da conta. O anonimato \u00e9 encorajado, com um processo de registo minimalista que evita a recolha de informa\u00e7\u00f5es sens\u00edveis.<\/p>\n\n\n\n<h3 class=\"wp-block-heading\" id=\"outils-moderation\">Ferramentas de modera\u00e7\u00e3o para interc\u00e2mbios amig\u00e1veis<\/h3>\n\n\n\n<p>Preservar um ambiente positivo, <strong>InstaCams combina filtragem automatizada de IA e interven\u00e7\u00e3o humana<\/strong>. A intelig\u00eancia artificial analisa os fluxos de v\u00eddeo e o conte\u00fado de texto em tempo real, detectando comportamentos inadequados atrav\u00e9s de palavras-chave ou modelos de relat\u00f3rio. As equipas de moderadores respondem rapidamente \u00e0s den\u00fancias, garantindo que os casos complexos s\u00e3o acompanhados por interven\u00e7\u00e3o humana. Os utilizadores disp\u00f5em de ferramentas intuitivas para bloquear ou denunciar contactos indesejados com um simples clique, o que lhes d\u00e1 uma maior sensa\u00e7\u00e3o de controlo. As diretrizes claras da comunidade definem o comportamento aceit\u00e1vel, promovendo o respeito e a cortesia nas intera\u00e7\u00f5es globais.<\/p>\n\n\n\n<ul class=\"wp-block-list\">\n<li>Protocolos de encripta\u00e7\u00e3o avan\u00e7ados para <strong>m\u00e1xima confidencialidade das conversa\u00e7\u00f5es<\/strong>.<\/li>\n\n\n\n<li>Um sistema de modera\u00e7\u00e3o h\u00edbrido (IA + equipas dedicadas) que garante <strong>um espa\u00e7o seguro<\/strong>.<\/li>\n\n\n\n<li><strong>Bloqueio imediato e op\u00e7\u00f5es de comunica\u00e7\u00e3o<\/strong> para uma gest\u00e3o proactiva das intera\u00e7\u00f5es.<\/li>\n\n\n\n<li><strong>Defini\u00e7\u00f5es de privacidade flex\u00edveis<\/strong>Isto permite-lhe adaptar a visibilidade do seu perfil e das suas notifica\u00e7\u00f5es.<\/li>\n<\/ul>\n\n\n\n<h2 class=\"wp-block-heading\" id=\"comment-demarrer-votre-premiere-conversation-sur-instacams\">Como iniciar a sua primeira conversa no InstaCams?<\/h2>\n\n\n\n<h3 class=\"wp-block-heading\" id=\"votre-guide-pas-a-pas-pour-une-connexion-reussie\">O seu guia passo a passo para uma liga\u00e7\u00e3o bem sucedida<\/h3>\n\n\n\n<p>O InstaCams liga-o a utilizadores de todo o mundo numa quest\u00e3o de segundos. Com uma interface simples e um processo intuitivo, <strong>pode participar em debates espont\u00e2neos e aut\u00eanticos<\/strong>onde cada clique abre uma porta para uma nova hist\u00f3ria.<\/p>\n\n\n\n<ol class=\"wp-block-list\">\n<li><strong>Preparar o seu equipamento<\/strong> Active a c\u00e2mara Web e verifique se o microfone est\u00e1 a funcionar. Uma liga\u00e7\u00e3o \u00e0 Internet sem problemas e a ilumina\u00e7\u00e3o correta garantem uma visibilidade clara para uma primeira impress\u00e3o calorosa.<\/li>\n\n\n\n<li><strong>Iniciar a liga\u00e7\u00e3o<\/strong> Aceda ao s\u00edtio e clique em \"Start Chatting\". Num instante, o algoritmo de correspond\u00eancia instant\u00e2nea liga-o a um utilizador aleat\u00f3rio, sem espera e sem complexidade.<\/li>\n\n\n\n<li><strong>Personalizar a experi\u00eancia (opcional)<\/strong> Crie uma conta gratuita em apenas alguns cliques para definir as suas prefer\u00eancias (l\u00edngua, interesses). Isto refina as correspond\u00eancias, aumentando as suas hip\u00f3teses de encontrar perfis que correspondam \u00e0s suas expectativas.<\/li>\n\n\n\n<li><strong>Iniciar uma conversa<\/strong> Seja curioso e respeitoso. Comece com uma pergunta aberta como \"Qual \u00e9 o seu prato tradicional preferido?\" para criar uma troca de ideias natural e cativante.<\/li>\n<\/ol>\n\n\n\n<p>Presente em mais de 100 pa\u00edses, InstaCams combina rapidez, seguran\u00e7a (encripta\u00e7\u00e3o de ponta a ponta) e acessibilidade em todos os dispositivos (smartphones, computadores, tablets). Esta plataforma incentiva <strong>liga\u00e7\u00f5es humanas positivas<\/strong>ideal para praticar uma l\u00edngua, descobrir novas culturas ou simplesmente ter uma conversa amig\u00e1vel. Pronto para sorrir perante o desconhecido?<\/p>\n\n\n\n<p>InstaCams reinventa os interc\u00e2mbios online com uma plataforma intuitiva e segura para <strong>encontros aleat\u00f3rios em v\u00eddeo<\/strong>. Acesso sem registo, tradu\u00e7\u00e3o em tempo real e ferramentas inovadoras <strong>ultrapassar barreiras culturais e lingu\u00edsticas<\/strong>. Ideal para interc\u00e2mbios espont\u00e2neos ou estruturados, \u00e9 <strong>combina simplicidade, qualidade e seguran\u00e7a<\/strong> para uma experi\u00eancia interligada.<\/p>\n\n\n\n<h2 class=\"wp-block-heading\">FAQ<\/h2>\n\n\n\n<h3 class=\"wp-block-heading\">Posso utilizar Instacams sem criar uma conta?<\/h3>\n\n\n\n<p>Sim, a Instacams oferece um <strong>acesso imediato, sem necessidade de registo<\/strong>. Basta selecionar o seu g\u00e9nero e clicar em \"Start Chatting\" para <strong>ser colocado em contacto aleat\u00f3rio com um utilizador de qualquer parte do mundo<\/strong>. Esta facilidade de utiliza\u00e7\u00e3o significa que pode <strong>iniciar uma conversa por v\u00eddeo em menos de 10 segundos<\/strong>\u00c9 ideal para quem quer evitar a burocracia. No entanto, continua a existir uma op\u00e7\u00e3o de registo para personalizar as suas prefer\u00eancias (l\u00edngua, \u00e1reas de interesse) e aceder a funcionalidades avan\u00e7adas.<\/p>\n\n\n\n<h3 class=\"wp-block-heading\">Como \u00e9 que a Instacams garante a seguran\u00e7a do utilizador?<\/h3>\n\n\n\n<p>A Instacams coloca o <strong>seguran\u00e7a e confidencialidade no centro das suas actividades<\/strong>. As chamadas e mensagens s\u00e3o protegidas por encripta\u00e7\u00e3o de ponta a ponta, garantindo que <strong>apenas os participantes podem aceder ao conte\u00fado<\/strong> trocas. Ferramentas para <strong>modera\u00e7\u00e3o combinando equipas humanas e de IA<\/strong> monitorizam as intera\u00e7\u00f5es em tempo real, enquanto os utilizadores podem bloquear ou comunicar qualquer comportamento inadequado. As defini\u00e7\u00f5es avan\u00e7adas (autentica\u00e7\u00e3o de dois factores, visibilidade do perfil) tamb\u00e9m melhoram a prote\u00e7\u00e3o dos dados pessoais.<\/p>\n\n\n\n<h3 class=\"wp-block-heading\">As Instacams podem ser utilizadas num telem\u00f3vel ou tablet?<\/h3>\n\n\n\n<p>Sem d\u00favida! A Instacams foi concebida para ser utilizada em <strong>todos os meios de comunica\u00e7\u00e3o<\/strong> computadores, smartphones e tablets. <strong>N\u00e3o \u00e9 necess\u00e1rio descarregar ou instalar<\/strong>A interface adapta-se automaticamente ao ecr\u00e3, com navega\u00e7\u00e3o intuitiva e funcionalidades como temas claros\/escuros para uma maior facilidade de utiliza\u00e7\u00e3o, quer esteja em casa ou em movimento. A interface adapta-se automaticamente ao ecr\u00e3, com navega\u00e7\u00e3o intuitiva e funcionalidades como temas claros\/escuros para uma maior facilidade de utiliza\u00e7\u00e3o, quer esteja em casa ou em movimento.<\/p>\n\n\n\n<h3 class=\"wp-block-heading\">O sistema de correspond\u00eancia aleat\u00f3ria pode ser personalizado?<\/h3>\n\n\n\n<p>A correspond\u00eancia aleat\u00f3ria, uma assinatura das Instacams, \u00e9 <strong>concebido para surpreender sem deixar de ser fluido<\/strong>. Um algoritmo inteligente liga os utilizadores instantaneamente, com a op\u00e7\u00e3o de definir prefer\u00eancias como a l\u00edngua ou os interesses para refinar os resultados. Se uma discuss\u00e3o n\u00e3o for do seu agrado, basta clicar em \"Seguinte\". <strong>redirecciona-o para um novo parceiro<\/strong>. Esta abordagem combina espontaneidade e controlo, encorajando trocas variadas e interessantes.<\/p>\n\n\n\n<h3 class=\"wp-block-heading\">Como \u00e9 que as videochamadas de grupo funcionam nas Instacams?<\/h3>\n\n\n\n<p>As Instacams permitem <strong>debates em grupo com um m\u00e1ximo de 100 participantes<\/strong>ideal para eventos como webinars, sa\u00eddas \u00e0 noite com amigos ou reuni\u00f5es de neg\u00f3cios. As ferramentas de gest\u00e3o (fun\u00e7\u00f5es atribu\u00eddas, salas dedicadas) ajudam a <strong>estrutura\u00e7\u00e3o das intera\u00e7\u00f5es<\/strong>. A qualidade HD (at\u00e9 1080p) e o \u00e1udio de alta fidelidade garantem <strong>uma experi\u00eancia imersiva<\/strong>O s\u00edtio oferece tamb\u00e9m uma s\u00e9rie de outras funcionalidades, como a partilha de ecr\u00e3 e as sondagens em direto, para melhorar os interc\u00e2mbios. A modera\u00e7\u00e3o autom\u00e1tica e humana evita abusos, garantindo <strong>um ambiente de colabora\u00e7\u00e3o e respeito<\/strong>.<\/p>\n\n\n\n<a href=\"https:\/\/insta-cams.de\/\" target=\"_blank\" rel=\"noopener\">Instacams Deutsch<\/a> | \n<a href=\"https:\/\/instacams.at\/\" target=\"_blank\" rel=\"noopener\">Instacams Deutsch (AT)<\/a> | \n<a href=\"https:\/\/insta-cams.uk\/\" target=\"_blank\" rel=\"noopener\">Instacams English<\/a> | \n<a href=\"https:\/\/instacams.es\/\" target=\"_blank\" rel=\"noopener\">Instacams Espa\u00f1ol<\/a> |  \n<a href=\"https:\/\/instacams.it\/\" target=\"_blank\" rel=\"noopener\">Instacams Italiano<\/a> | \n<a href=\"https:\/\/insta-cams.nl\/\" instacams target=\"_blank\" rel=\"noopener\">Nederlands<\/a> | \n<a href=\"https:\/\/instacams.pt\/\" target=\"_blank\" rel=\"noopener\">Instacams Portugu\u00eas<\/a> | \n<a href=\"https:\/\/insta-cams.pl\/\" target=\"_blank\" rel=\"noopener\">Instacams Polski<\/a> | \n<a href=\"https:\/\/insta-cams.cz\/\" target=\"_blank\" rel=\"noopener\">Instacams \u010ce\u0161tina<\/a> | \n<a href=\"https:\/\/insta-cams.dk\/\" target=\"_blank\" rel=\"noopener\">Instacams Dansk<\/a>\n<\/div>\n\n\n\n<p><\/p>","protected":false},"excerpt":{"rendered":"<p>INSTACAMS OFFICIEL : CHAT DE RENCONTRE ALEATOIRE Inscrivez-vous maintenant sur INSTA CAMS et profitez de 50 cr\u00e9dits OFFERTS \u00e0 votre inscription. S&rsquo;INSCRIRE HOMME S&rsquo;INSCRIRE FEMME Instacams : rejoignez la communaut\u00e9 mondiale d&rsquo;un clic Vous en avez assez des messageries rigides o\u00f9 chaque interaction semble pr\u00e9visible ? Instacams bouscule les codes avec son chat vid\u00e9o al\u00e9atoire &#8230; <a title=\"home1\" class=\"read-more\" href=\"https:\/\/insta-cams.eu\/pt\/\" aria-label=\"Leia mais sobre home1\">Ler mais<\/a><\/p>","protected":false},"author":1,"featured_media":0,"parent":0,"menu_order":0,"comment_status":"closed","ping_status":"closed","template":"","meta":{"footnotes":""},"class_list":["post-58","page","type-page","status-publish"],"_links":{"self":[{"href":"https:\/\/insta-cams.eu\/pt\/wp-json\/wp\/v2\/pages\/58","targetHints":{"allow":["GET"]}}],"collection":[{"href":"https:\/\/insta-cams.eu\/pt\/wp-json\/wp\/v2\/pages"}],"about":[{"href":"https:\/\/insta-cams.eu\/pt\/wp-json\/wp\/v2\/types\/page"}],"author":[{"embeddable":true,"href":"https:\/\/insta-cams.eu\/pt\/wp-json\/wp\/v2\/users\/1"}],"replies":[{"embeddable":true,"href":"https:\/\/insta-cams.eu\/pt\/wp-json\/wp\/v2\/comments?post=58"}],"version-history":[{"count":55,"href":"https:\/\/insta-cams.eu\/pt\/wp-json\/wp\/v2\/pages\/58\/revisions"}],"predecessor-version":[{"id":255,"href":"https:\/\/insta-cams.eu\/pt\/wp-json\/wp\/v2\/pages\/58\/revisions\/255"}],"wp:attachment":[{"href":"https:\/\/insta-cams.eu\/pt\/wp-json\/wp\/v2\/media?parent=58"}],"curies":[{"name":"wp","href":"https:\/\/api.w.org\/{rel}","templated":true}]}}