{"id":58,"date":"2025-10-28T04:39:00","date_gmt":"2025-10-28T04:39:00","guid":{"rendered":"https:\/\/insta-cams.eu\/?page_id=58"},"modified":"2025-12-29T16:38:44","modified_gmt":"2025-12-29T16:38:44","slug":"home1","status":"publish","type":"page","link":"https:\/\/insta-cams.eu\/pt_br\/","title":{"rendered":"home1"},"content":{"rendered":"<section class=\"gb-element-c0819d6c banner\">\n<div class=\"gb-element-0659d418\">\n<div class=\"wp-block-columns is-layout-flex wp-container-core-columns-is-layout-9d6595d7 wp-block-columns-is-layout-flex\">\n<div class=\"wp-block-column is-layout-flow wp-block-column-is-layout-flow\">\n<h2 class=\"gb-text gb-text-155ce4c1\">INSTACAMS OFICIAIS: BATE-PAPO ALEAT\u00d3RIO PARA ENCONTROS<\/h2>\n\n\n\n<p class=\"has-text-align-center has-base-3-color has-text-color has-link-color wp-elements-c76d1f6cc9fa53b162a03c9e8863f2b2\"><strong>Registre-se agora no INSTA CAMS e aproveite 50 cr\u00e9ditos GRATUITOS ao se registrar.<\/strong><\/p>\n\n\n\n<div class=\"wp-block-columns is-layout-flex wp-container-core-columns-is-layout-9d6595d7 wp-block-columns-is-layout-flex\">\n<div class=\"wp-block-column is-layout-flow wp-block-column-is-layout-flow\" style=\"flex-basis:20px\"><\/div>\n\n\n\n<div class=\"wp-block-column is-layout-flow wp-block-column-is-layout-flow\">\n<a class=\"gb-text gb-text-50c1af7c\" href=\"\/connexion\/\">REGISTRAR-SE COMO HOMEM<\/a>\n<\/div>\n\n\n\n<div class=\"wp-block-column is-layout-flow wp-block-column-is-layout-flow\">\n<a class=\"gb-text gb-text-6d7e1e7e\" href=\"\/connexion\/\">REGISTRAR MULHER<\/a>\n<\/div>\n\n\n\n<div class=\"wp-block-column is-layout-flow wp-block-column-is-layout-flow\" style=\"flex-basis:20px\"><\/div>\n<\/div>\n<\/div>\n<\/div>\n<\/div>\n<\/section>\n\n\n\n<div class=\"gb-element-c35e94aa\">\n<h2 class=\"wp-block-heading\">Instacams: junte-se \u00e0 comunidade global com um clique<\/h2>\n\n\n\n<p>Vous en avez assez des messageries rigides o\u00f9 chaque interaction semble pr\u00e9visible ? <a href=\"https:\/\/instacams.fr\" data-type=\"link\" data-id=\"https:\/\/instacams.fr\" target=\"_blank\" rel=\"noopener\">Instacams<\/a> bouscule les codes avec son chat vid\u00e9o al\u00e9atoire qui vous connecte en un clic \u00e0 des inconnus du globe, sans inscription ni contrainte. Imaginez un espace o\u00f9 la traduction en temps r\u00e9el dissout les barri\u00e8res linguistiques, o\u00f9 un algorithme de jumelage affine vos rencontres selon vos centres d\u2019int\u00e9r\u00eat, ou o\u00f9 un chat de groupe lie jusqu\u2019\u00e0 100 participants pour des \u00e9v\u00e9nements virtuels ou des \u00e9changes collectifs. Plus qu\u2019une plateforme, <strong>uma porta de entrada para interc\u00e2mbios aut\u00eanticos<\/strong>Tudo em v\u00eddeo HD, acess\u00edvel no computador, tablet ou smartphone.<\/p>\n\n\n\n<ol class=\"wp-block-list\">\n<li><a href=\"#Instacams-connectez-vous-au-monde-entier-en-un-clic\">Instacams: conecte-se com o mundo inteiro em um clique<\/a><\/li>\n\n\n\n<li><a href=\"#des-fonctionnalites-con\u00e7ues-pour-des-conversations-sans-frontieres\">Recursos projetados para conversas sem bordas<\/a><\/li>\n\n\n\n<li><a href=\"#une-experience-utilisateur-fluide-et-de-haute-qualite\">Uma experi\u00eancia de usu\u00e1rio fluida e de alta qualidade<\/a><\/li>\n\n\n\n<li><a href=\"#environnement-s\u00fbr-communaut\u00e9-respectueuse\">Um ambiente seguro e uma comunidade respeitosa<\/a><\/li>\n\n\n\n<li><a href=\"#comment-demarrer-votre-premiere-conversation-sur-instacams\">Como iniciar sua primeira conversa no InstaCams?<\/a><\/li>\n<\/ol>\n\n\n\n<h2 class=\"wp-block-heading\" id=\"Instacams-connectez-vous-au-monde-entier-en-un-clic\">Instacams: conecte-se com o mundo inteiro em um clique<\/h2>\n\n\n\n<p>Quer explorar culturas diferentes sem sair da sua tela? As InstaCams abrem as portas para um novo mundo. <strong>uma rede global em que cada conex\u00e3o \u00e9 uma descoberta<\/strong>. Imagine conversar com algu\u00e9m em T\u00f3quio enquanto voc\u00ea est\u00e1 sentado confortavelmente em casa, em Paris...<\/p>\n\n\n\n<h3 class=\"wp-block-heading\" id=\"Qu-est-ce-que-la-plateforme-instacams\">O que \u00e9 a plataforma instacams?<\/h3>\n\n\n\n<p>O InstaCams \u00e9 uma plataforma para <strong>namoro instant\u00e2neo por v\u00eddeo<\/strong> que transforma sua tela em um centro internacional. Gra\u00e7as a um algoritmo de correspond\u00eancia r\u00e1pida, voc\u00ea pode entrar em contato com pessoas de mais de 100 pa\u00edses diferentes. N\u00e3o h\u00e1 necessidade de formul\u00e1rios intermin\u00e1veis, basta um clique para come\u00e7ar a aventura.<\/p>\n\n\n\n<p>O conceito \u00e9 baseado na espontaneidade: entre milh\u00f5es de usu\u00e1rios, <strong>cada conex\u00e3o \u00e9 uma surpresa<\/strong>. Se voc\u00ea deseja expandir seu conhecimento cultural ou simplesmente trocar sorrisos, a comunidade InstaCams lhe d\u00e1 as boas-vindas em um ambiente seguro e respeitoso.<\/p>\n\n\n\n<h3 class=\"wp-block-heading\" id=\"Une-connexion-imm-iate-et-sans-contraintes\">Conex\u00e3o imediata, sem restri\u00e7\u00f5es<\/h3>\n\n\n\n<p>Quer bater papo sem esperar? N\u00e3o h\u00e1 necessidade de registro, nem de configura\u00e7\u00e3o complicada: basta iniciar sua webcam e encontrar algu\u00e9m para conversar em menos de 10 segundos. Essa fluidez <strong>atrai milh\u00f5es de usu\u00e1rios todos os meses<\/strong>sempre em busca de novas conex\u00f5es.<\/p>\n\n\n\n<p>Se a conversa n\u00e3o lhe agradar, um simples clique o levar\u00e1 a um novo rosto, uma nova hist\u00f3ria. Essa liberdade de troca, combinada com uma interface intuitiva, significa que <strong>a ferramenta ideal para reuni\u00f5es sem barreiras<\/strong>. Experimente, e voc\u00ea poder\u00e1 encontrar um futuro amigo... ou at\u00e9 mesmo um colega de trabalho do outro lado do mundo!<\/p>\n\n\n\n<figure class=\"wp-block-table\"><table class=\"has-fixed-layout\"><thead><tr><th>Funcionalidade<\/th><th>Descri\u00e7\u00e3o<\/th><\/tr><\/thead><tbody><tr><td>Conex\u00e3o<\/td><td>Instant\u00e2neo, sem necessidade de registro para acesso r\u00e1pido.<\/td><\/tr><tr><td>Gemina\u00e7\u00e3o<\/td><td>Algoritmo do tipo \"roleta\" com filtro de g\u00eanero dispon\u00edvel.<\/td><\/tr><tr><td>Comunica\u00e7\u00e3o<\/td><td>Tradu\u00e7\u00e3o em tempo real integrada ao bate-papo por texto.<\/td><\/tr><tr><td>Bate-papo em grupo<\/td><td>Capacidade para at\u00e9 100 participantes.<\/td><\/tr><tr><td>Qualidade<\/td><td>Transmiss\u00e3o de v\u00eddeo HD e \u00e1udio de alta fidelidade.<\/td><\/tr><tr><td>Acessibilidade<\/td><td>Compat\u00edvel com computadores, tablets e smartphones sem instala\u00e7\u00e3o.<\/td><\/tr><\/tbody><\/table><\/figure>\n\n\n\n<h2 class=\"wp-block-heading\" id=\"des-fonctionnalites-con\u00e7ues-pour-des-conversations-sans-frontieres\">Recursos projetados para conversas sem bordas<\/h2>\n\n\n\n<h3 class=\"wp-block-heading\" id=\"un-algorithme-de-jumelage-pour-des-rencontres-surprenantes\">Um algoritmo de combina\u00e7\u00e3o para encontros surpreendentes<\/h3>\n\n\n\n<p>O InstaCams est\u00e1 revolucionando a intera\u00e7\u00e3o humana com seu algoritmo de correspond\u00eancia instant\u00e2nea. Com apenas um clique, o aplicativo <strong>conecta automaticamente os usu\u00e1rios a pessoas de todo o mundo<\/strong>. Esse sistema do tipo \"roleta\" introduz um elemento de surpresa em cada conex\u00e3o, tornando cada sess\u00e3o \u00fanica e emocionante.<\/p>\n\n\n\n<p>A plataforma oferece um bate-papo por v\u00eddeo aleat\u00f3rio com mulheres, um recurso exclusivo que permite conhecer usu\u00e1rios de diferentes origens. As prefer\u00eancias (pa\u00eds, idioma, interesses) influenciam sutilmente o processo de combina\u00e7\u00e3o, mantendo o essencial: <strong>a aventura humana de um encontro inesperado<\/strong>.<\/p>\n\n\n\n<h3 class=\"wp-block-heading\" id=\"brisez-la-barriere-de-la-langue-avec-la-traduction-en-temps-reel\">Rompa a barreira do idioma com a tradu\u00e7\u00e3o em tempo real<\/h3>\n\n\n\n<p>Imagine conversar com um morador de T\u00f3quio falando franc\u00eas. Gra\u00e7as \u00e0 tradu\u00e7\u00e3o de idiomas integrada, <strong>As InstaCams tornam essa realidade acess\u00edvel a todos<\/strong>. Esse recurso decifra instantaneamente as mensagens de texto, permitindo trocas tranquilas entre pessoas que falam idiomas diferentes.<\/p>\n\n\n\n<p>Ao eliminar as barreiras lingu\u00edsticas, a plataforma abre as portas para <strong>uma comunidade verdadeiramente global para compartilhar cultura<\/strong>. Agora voc\u00ea pode conversar com usu\u00e1rios da Am\u00e9rica do Norte, \u00c1sia e \u00c1frica, transformando cada conversa em uma descoberta enriquecedora.<\/p>\n\n\n\n<h3 class=\"wp-block-heading\" id=\"partagez-des-moments-a-plusieurs-avec-le-chat-de-groupe\">Compartilhe momentos juntos com o bate-papo em grupo<\/h3>\n\n\n\n<p>O InstaCams vai al\u00e9m de simples trocas de mensagens face a face. Suas <strong>O bate-papo por v\u00eddeo em grupo para at\u00e9 100 participantes reinventa<\/strong> intera\u00e7\u00e3o social e profissional. Organize noites de jogos on-line, reuni\u00f5es comunit\u00e1rias ou webinars educacionais em seu smartphone ou computador.<\/p>\n\n\n\n<p>Essa flexibilidade transforma a plataforma em um espa\u00e7o vers\u00e1til onde as ideias podem fluir livremente. A baixa lat\u00eancia e a qualidade HD garantem um alto n\u00edvel de <strong>experi\u00eancia imersiva<\/strong>seja voc\u00ea um espectador ou um organizador de eventos.<\/p>\n\n\n\n<h2 class=\"wp-block-heading\" id=\"une-experience-utilisateur-fluide-et-de-haute-qualite\">Uma experi\u00eancia de usu\u00e1rio fluida e de alta qualidade<\/h2>\n\n\n\n<p>Garantias do InstaCams <strong>conex\u00e3o instant\u00e2nea e sem atrito<\/strong>Isso \u00e9 poss\u00edvel gra\u00e7as a tecnologias avan\u00e7adas e a uma interface projetada para ser simples. A plataforma se adapta \u00e0s necessidades dos usu\u00e1rios que desejam trocas claras e naturais, minimizando os obst\u00e1culos t\u00e9cnicos.<\/p>\n\n\n\n<h3 class=\"wp-block-heading\" id=\"une-qualite-video-et-audio-immersive\">Qualidade imersiva de v\u00eddeo e \u00e1udio<\/h3>\n\n\n\n<p>As conversas nas InstaCams se beneficiam de v\u00eddeo HD de at\u00e9 1080p, com uma taxa de atualiza\u00e7\u00e3o de 60 quadros por segundo. A lat\u00eancia \u00e9 reduzida, evitando atrasos e tornando as intera\u00e7\u00f5es naturais. O \u00e1udio de alta fidelidade, combinado com a tecnologia de cancelamento de ru\u00eddo ambiente, garante uma comunica\u00e7\u00e3o cristalina. Essas tecnologias combinadas transformam cada intera\u00e7\u00e3o em uma experi\u00eancia \u00fanica. <strong>uma experi\u00eancia imersiva<\/strong>Cada palavra e gesto \u00e9 capturado com precis\u00e3o. A plataforma ajusta automaticamente a qualidade do v\u00eddeo de acordo com a largura de banda, garantindo uma transmiss\u00e3o suave mesmo com conex\u00f5es vari\u00e1veis.<\/p>\n\n\n\n<h3 class=\"wp-block-heading\" id=\"une-plateforme-accessible-partout-et-pour-tous\">Uma plataforma acess\u00edvel em todos os lugares e para todos<\/h3>\n\n\n\n<p>O InstaCams foi projetado para ser usado em qualquer dispositivo: computador, tablet ou smartphone, sem a necessidade de instalar nenhum software. A interface clara e intuitiva significa que at\u00e9 mesmo os novatos podem se familiarizar com ela imediatamente. Op\u00e7\u00f5es como temas claros\/escuros e tradu\u00e7\u00e3o integrada facilitam a personaliza\u00e7\u00e3o e a intera\u00e7\u00e3o internacional. Assim, cada usu\u00e1rio, onde quer que esteja e qualquer que seja o seu dispositivo, se beneficia de um <strong>acesso instant\u00e2neo e descomplicado, aumentando o envolvimento social<\/strong> gra\u00e7as a uma comunidade diversificada.<\/p>\n\n\n\n<ul class=\"wp-block-list\">\n<li>Transmiss\u00e3o suave de v\u00eddeo em <strong>Qualidade HD para imagens n\u00edtidas<\/strong>.<\/li>\n\n\n\n<li><strong>Um som cristalino<\/strong> gra\u00e7as ao \u00e1udio de alta fidelidade e \u00e0 redu\u00e7\u00e3o de ru\u00eddo ambiente.<\/li>\n\n\n\n<li>Uma interface intuitiva projetada para <strong>manuseio imediato e sem esfor\u00e7o<\/strong>.<\/li>\n\n\n\n<li>A <strong>acesso direto a partir de seu navegador da Web<\/strong>em qualquer dispositivo.<\/li>\n<\/ul>\n\n\n\n<h2 class=\"wp-block-heading\" id=\"environnement-s\u00fbr-communaut\u00e9-respectueuse\">Um ambiente seguro e uma comunidade respeitosa<\/h2>\n\n\n\n<h3 class=\"wp-block-heading\" id=\"protection-vie-privee\">A prote\u00e7\u00e3o de sua privacidade \u00e9 uma prioridade<\/h3>\n\n\n\n<p>InstaCams coloca o <strong>seguran\u00e7a no centro de suas opera\u00e7\u00f5es<\/strong> gra\u00e7as a protocolos de criptografia avan\u00e7ados. Essas tecnologias garantem a confidencialidade das trocas de v\u00eddeo e bloqueiam qualquer acesso n\u00e3o autorizado. As auditorias de seguran\u00e7a regulares ajudam a manter esses altos padr\u00f5es, identificando e corrigindo proativamente as vulnerabilidades. Os usu\u00e1rios se beneficiam de op\u00e7\u00f5es de confidencialidade personaliz\u00e1veis, como o gerenciamento da visibilidade de seu perfil e a ativa\u00e7\u00e3o da autentica\u00e7\u00e3o de dois fatores (por SMS ou aplicativo dedicado), refor\u00e7ando assim a prote\u00e7\u00e3o da conta. O anonimato \u00e9 incentivado, com um processo de registro minimalista que evita a coleta de informa\u00e7\u00f5es confidenciais.<\/p>\n\n\n\n<h3 class=\"wp-block-heading\" id=\"outils-moderation\">Ferramentas de modera\u00e7\u00e3o para interc\u00e2mbios amig\u00e1veis<\/h3>\n\n\n\n<p>Para preservar um ambiente positivo, <strong>O InstaCams combina filtragem automatizada de IA e interven\u00e7\u00e3o humana<\/strong>. A intelig\u00eancia artificial analisa fluxos de v\u00eddeo e conte\u00fado de texto em tempo real, detectando comportamentos inadequados por meio de palavras-chave ou modelos de relat\u00f3rio. As equipes de moderadores respondem rapidamente \u00e0s den\u00fancias, garantindo que casos complexos sejam acompanhados por interven\u00e7\u00e3o humana. Os usu\u00e1rios t\u00eam ferramentas intuitivas para bloquear ou denunciar contatos indesejados com o clique de um bot\u00e3o, o que lhes d\u00e1 uma sensa\u00e7\u00e3o maior de controle. Diretrizes claras da comunidade definem o comportamento aceit\u00e1vel, promovendo o respeito e a cortesia nas intera\u00e7\u00f5es globais.<\/p>\n\n\n\n<ul class=\"wp-block-list\">\n<li>Protocolos de criptografia avan\u00e7ados para <strong>m\u00e1xima confidencialidade das conversas<\/strong>.<\/li>\n\n\n\n<li>Um sistema de modera\u00e7\u00e3o h\u00edbrido (IA + equipes dedicadas) que garante <strong>um espa\u00e7o seguro<\/strong>.<\/li>\n\n\n\n<li><strong>Op\u00e7\u00f5es de bloqueio e relat\u00f3rio imediatos<\/strong> para o gerenciamento proativo de intera\u00e7\u00f5es.<\/li>\n\n\n\n<li><strong>Configura\u00e7\u00f5es de privacidade flex\u00edveis<\/strong>Isso permite que voc\u00ea adapte a visibilidade do seu perfil e das notifica\u00e7\u00f5es.<\/li>\n<\/ul>\n\n\n\n<h2 class=\"wp-block-heading\" id=\"comment-demarrer-votre-premiere-conversation-sur-instacams\">Como iniciar sua primeira conversa no InstaCams?<\/h2>\n\n\n\n<h3 class=\"wp-block-heading\" id=\"votre-guide-pas-a-pas-pour-une-connexion-reussie\">Seu guia passo a passo para uma conex\u00e3o bem-sucedida<\/h3>\n\n\n\n<p>O InstaCams conecta voc\u00ea a usu\u00e1rios de todo o mundo em quest\u00e3o de segundos. Com uma interface simples e um processo intuitivo, <strong>voc\u00ea pode participar de discuss\u00f5es espont\u00e2neas e aut\u00eanticas<\/strong>onde cada clique abre uma porta para uma nova hist\u00f3ria.<\/p>\n\n\n\n<ol class=\"wp-block-list\">\n<li><strong>Prepare seu equipamento<\/strong> Ative a webcam e verifique se o microfone est\u00e1 funcionando. Uma conex\u00e3o de Internet sem problemas e a ilumina\u00e7\u00e3o correta garantem uma visibilidade clara para uma primeira impress\u00e3o calorosa.<\/li>\n\n\n\n<li><strong>Iniciar a conex\u00e3o<\/strong> Acesse o site e clique em \"Start Chatting\" (Iniciar bate-papo). Em um instante, o algoritmo de correspond\u00eancia instant\u00e2nea o conecta a um usu\u00e1rio aleat\u00f3rio, sem espera e sem complexidade.<\/li>\n\n\n\n<li><strong>Personalize a experi\u00eancia (opcional)<\/strong> Crie uma conta gratuita com apenas alguns cliques para definir suas prefer\u00eancias (idioma, interesses). Isso refina as correspond\u00eancias, aumentando suas chances de encontrar perfis que correspondam \u00e0s suas expectativas.<\/li>\n\n\n\n<li><strong>Iniciar uma conversa<\/strong> Seja curioso e respeitoso. Comece com uma pergunta aberta como \"Qual \u00e9 o seu prato tradicional favorito?\" para criar uma troca natural e envolvente.<\/li>\n<\/ol>\n\n\n\n<p>Presente em mais de 100 pa\u00edses, a InstaCams combina velocidade, seguran\u00e7a (criptografia de ponta a ponta) e acessibilidade em todos os dispositivos (smartphones, computadores, tablets). Essa plataforma incentiva <strong>conex\u00f5es humanas positivas<\/strong>ideal para praticar um idioma, descobrir novas culturas ou simplesmente bater um papo amig\u00e1vel. Pronto para sorrir para o desconhecido?<\/p>\n\n\n\n<p>O InstaCams reinventa as trocas on-line com uma plataforma intuitiva e segura para <strong>encontros aleat\u00f3rios em v\u00eddeo<\/strong>. Acesso sem registro, tradu\u00e7\u00e3o em tempo real e ferramentas inovadoras <strong>barreiras culturais e lingu\u00edsticas<\/strong>. Ideal para trocas espont\u00e2neas ou estruturadas, ele <strong>combina simplicidade, qualidade e seguran\u00e7a<\/strong> para uma experi\u00eancia conectada.<\/p>\n\n\n\n<h2 class=\"wp-block-heading\">PERGUNTAS FREQUENTES<\/h2>\n\n\n\n<h3 class=\"wp-block-heading\">Posso usar a Instacams sem criar uma conta?<\/h3>\n\n\n\n<p>Sim, a Instacams oferece um <strong>acesso imediato, sem necessidade de registro<\/strong>. Basta selecionar seu g\u00eanero e clicar em \"Start Chatting\" para <strong>ser colocado em contato aleat\u00f3rio com um usu\u00e1rio de qualquer lugar do mundo<\/strong>. Essa facilidade de uso significa que voc\u00ea pode <strong>iniciar uma conversa por v\u00eddeo em menos de 10 segundos<\/strong>\u00c9 ideal para aqueles que querem evitar a burocracia. No entanto, ainda h\u00e1 uma op\u00e7\u00e3o de registro dispon\u00edvel para personalizar suas prefer\u00eancias (idioma, \u00e1reas de interesse) e acessar recursos avan\u00e7ados.<\/p>\n\n\n\n<h3 class=\"wp-block-heading\">Como a Instacams garante a seguran\u00e7a do usu\u00e1rio?<\/h3>\n\n\n\n<p>A Instacams coloca o <strong>seguran\u00e7a e confidencialidade no centro de suas opera\u00e7\u00f5es<\/strong>. As chamadas e mensagens s\u00e3o protegidas por criptografia de ponta a ponta, garantindo que <strong>somente os participantes podem acessar o conte\u00fado<\/strong> trocas. Ferramentas para <strong>modera\u00e7\u00e3o combinando equipes humanas e de IA<\/strong> monitoram as intera\u00e7\u00f5es em tempo real, enquanto os usu\u00e1rios podem bloquear ou denunciar qualquer comportamento inadequado. As configura\u00e7\u00f5es avan\u00e7adas (autentica\u00e7\u00e3o de dois fatores, visibilidade do perfil) tamb\u00e9m aumentam a prote\u00e7\u00e3o dos dados pessoais.<\/p>\n\n\n\n<h3 class=\"wp-block-heading\">As Instacams podem ser usadas em um telefone ou tablet?<\/h3>\n\n\n\n<p>Com certeza! A Instacams foi projetada para uso em <strong>todas as m\u00eddias<\/strong> computadores, smartphones e tablets. <strong>N\u00e3o \u00e9 necess\u00e1rio fazer download ou instala\u00e7\u00e3o<\/strong>A interface se adapta automaticamente \u00e0 tela, com navega\u00e7\u00e3o intuitiva e recursos como temas claros\/escuros para facilitar ao m\u00e1ximo o uso, esteja voc\u00ea em casa ou em tr\u00e2nsito. A interface se adapta automaticamente \u00e0 tela, com navega\u00e7\u00e3o intuitiva e recursos como temas claros\/escuros para facilitar ao m\u00e1ximo o uso, esteja voc\u00ea em casa ou em tr\u00e2nsito.<\/p>\n\n\n\n<h3 class=\"wp-block-heading\">O sistema de correspond\u00eancia aleat\u00f3ria pode ser personalizado?<\/h3>\n\n\n\n<p>A correspond\u00eancia aleat\u00f3ria, uma assinatura da Instacams, \u00e9 <strong>projetado para surpreender e, ao mesmo tempo, permanecer fluido<\/strong>. Um algoritmo inteligente conecta os usu\u00e1rios instantaneamente, com a op\u00e7\u00e3o de definir prefer\u00eancias, como idioma ou interesses, para refinar os resultados. Se uma discuss\u00e3o n\u00e3o for de seu agrado, basta clicar em \"Next\". <strong>redireciona voc\u00ea para um novo parceiro<\/strong>. Essa abordagem combina espontaneidade e controle, incentivando trocas variadas e envolventes.<\/p>\n\n\n\n<h3 class=\"wp-block-heading\">Como funcionam as chamadas de v\u00eddeo em grupo na Instacams?<\/h3>\n\n\n\n<p>As Instacams permitem <strong>discuss\u00f5es em grupo com at\u00e9 100 participantes<\/strong>ideal para eventos como webinars, noites com amigos ou reuni\u00f5es de neg\u00f3cios. As ferramentas de gerenciamento (fun\u00e7\u00f5es atribu\u00eddas, salas dedicadas) ajudam a <strong>estrutura\u00e7\u00e3o de intera\u00e7\u00f5es<\/strong>. A qualidade HD (at\u00e9 1080p) e o \u00e1udio de alta fidelidade garantem <strong>uma experi\u00eancia imersiva<\/strong>O site tamb\u00e9m oferece uma s\u00e9rie de outros recursos, como compartilhamento de tela e enquetes ao vivo, para aprimorar os interc\u00e2mbios. A modera\u00e7\u00e3o autom\u00e1tica e humana evita abusos, garantindo <strong>um ambiente colaborativo e respeitoso<\/strong>.<\/p>\n\n\n\n<a href=\"https:\/\/insta-cams.de\/\" target=\"_blank\" rel=\"noopener\">Instacams Deutsch<\/a> | \n<a href=\"https:\/\/instacams.at\/\" target=\"_blank\" rel=\"noopener\">Instacams Deutsch (AT)<\/a> | \n<a href=\"https:\/\/insta-cams.uk\/\" target=\"_blank\" rel=\"noopener\">Instacams English<\/a> | \n<a href=\"https:\/\/instacams.es\/\" target=\"_blank\" rel=\"noopener\">Instacams Espa\u00f1ol<\/a> |  \n<a href=\"https:\/\/instacams.it\/\" target=\"_blank\" rel=\"noopener\">Instacams Italiano<\/a> | \n<a href=\"https:\/\/insta-cams.nl\/\" instacams target=\"_blank\" rel=\"noopener\">Nederlands<\/a> | \n<a href=\"https:\/\/instacams.pt\/\" target=\"_blank\" rel=\"noopener\">Instacams Portugu\u00eas<\/a> | \n<a href=\"https:\/\/insta-cams.pl\/\" target=\"_blank\" rel=\"noopener\">Instacams Polski<\/a> | \n<a href=\"https:\/\/insta-cams.cz\/\" target=\"_blank\" rel=\"noopener\">Instacams \u010ce\u0161tina<\/a> | \n<a href=\"https:\/\/insta-cams.dk\/\" target=\"_blank\" rel=\"noopener\">Instacams Dansk<\/a>\n<\/div>\n\n\n\n<p><\/p>","protected":false},"excerpt":{"rendered":"<p>INSTACAMS OFFICIEL : CHAT DE RENCONTRE ALEATOIRE Inscrivez-vous maintenant sur INSTA CAMS et profitez de 50 cr\u00e9dits OFFERTS \u00e0 votre inscription. S&rsquo;INSCRIRE HOMME S&rsquo;INSCRIRE FEMME Instacams : rejoignez la communaut\u00e9 mondiale d&rsquo;un clic Vous en avez assez des messageries rigides o\u00f9 chaque interaction semble pr\u00e9visible ? Instacams bouscule les codes avec son chat vid\u00e9o al\u00e9atoire &#8230; <a title=\"home1\" class=\"read-more\" href=\"https:\/\/insta-cams.eu\/pt_br\/\" aria-label=\"Read more about home1\">Leia mais<\/a><\/p>","protected":false},"author":1,"featured_media":0,"parent":0,"menu_order":0,"comment_status":"closed","ping_status":"closed","template":"","meta":{"footnotes":""},"class_list":["post-58","page","type-page","status-publish"],"_links":{"self":[{"href":"https:\/\/insta-cams.eu\/pt_br\/wp-json\/wp\/v2\/pages\/58","targetHints":{"allow":["GET"]}}],"collection":[{"href":"https:\/\/insta-cams.eu\/pt_br\/wp-json\/wp\/v2\/pages"}],"about":[{"href":"https:\/\/insta-cams.eu\/pt_br\/wp-json\/wp\/v2\/types\/page"}],"author":[{"embeddable":true,"href":"https:\/\/insta-cams.eu\/pt_br\/wp-json\/wp\/v2\/users\/1"}],"replies":[{"embeddable":true,"href":"https:\/\/insta-cams.eu\/pt_br\/wp-json\/wp\/v2\/comments?post=58"}],"version-history":[{"count":55,"href":"https:\/\/insta-cams.eu\/pt_br\/wp-json\/wp\/v2\/pages\/58\/revisions"}],"predecessor-version":[{"id":255,"href":"https:\/\/insta-cams.eu\/pt_br\/wp-json\/wp\/v2\/pages\/58\/revisions\/255"}],"wp:attachment":[{"href":"https:\/\/insta-cams.eu\/pt_br\/wp-json\/wp\/v2\/media?parent=58"}],"curies":[{"name":"wp","href":"https:\/\/api.w.org\/{rel}","templated":true}]}}