{"id":58,"date":"2025-10-28T04:39:00","date_gmt":"2025-10-28T04:39:00","guid":{"rendered":"https:\/\/insta-cams.eu\/?page_id=58"},"modified":"2025-12-29T16:38:44","modified_gmt":"2025-12-29T16:38:44","slug":"home1","status":"publish","type":"page","link":"https:\/\/insta-cams.eu\/ro\/","title":{"rendered":"home1"},"content":{"rendered":"<section class=\"gb-element-c0819d6c banner\">\n<div class=\"gb-element-0659d418\">\n<div class=\"wp-block-columns is-layout-flex wp-container-core-columns-is-layout-9d6595d7 wp-block-columns-is-layout-flex\">\n<div class=\"wp-block-column is-layout-flow wp-block-column-is-layout-flow\">\n<h2 class=\"gb-text gb-text-155ce4c1\">INSTACAMS OFICIALE : CHAT DATING ALEATORIU<\/h2>\n\n\n\n<p class=\"has-text-align-center has-base-3-color has-text-color has-link-color wp-elements-c76d1f6cc9fa53b162a03c9e8863f2b2\"><strong>\u00cenregistra\u021bi-v\u0103 acum cu INSTA CAMS \u0219i beneficia\u021bi de 50 de credite GRATUITE la \u00eenregistrare.<\/strong><\/p>\n\n\n\n<div class=\"wp-block-columns is-layout-flex wp-container-core-columns-is-layout-9d6595d7 wp-block-columns-is-layout-flex\">\n<div class=\"wp-block-column is-layout-flow wp-block-column-is-layout-flow\" style=\"flex-basis:20px\"><\/div>\n\n\n\n<div class=\"wp-block-column is-layout-flow wp-block-column-is-layout-flow\">\n<a class=\"gb-text gb-text-50c1af7c\" href=\"\/connexion\/\">\u00ceNREGISTRA\u021aI-V\u0102 CA B\u0102RBAT<\/a>\n<\/div>\n\n\n\n<div class=\"wp-block-column is-layout-flow wp-block-column-is-layout-flow\">\n<a class=\"gb-text gb-text-6d7e1e7e\" href=\"\/connexion\/\">\u00ceNREGISTRA\u021aI FEMEIA<\/a>\n<\/div>\n\n\n\n<div class=\"wp-block-column is-layout-flow wp-block-column-is-layout-flow\" style=\"flex-basis:20px\"><\/div>\n<\/div>\n<\/div>\n<\/div>\n<\/div>\n<\/section>\n\n\n\n<div class=\"gb-element-c35e94aa\">\n<h2 class=\"wp-block-heading\">Instacams: al\u0103tura\u021bi-v\u0103 comunit\u0103\u021bii globale cu un singur clic<\/h2>\n\n\n\n<p>Vous en avez assez des messageries rigides o\u00f9 chaque interaction semble pr\u00e9visible ? <a href=\"https:\/\/instacams.fr\" data-type=\"link\" data-id=\"https:\/\/instacams.fr\" target=\"_blank\" rel=\"noopener\">Instacams<\/a> bouscule les codes avec son chat vid\u00e9o al\u00e9atoire qui vous connecte en un clic \u00e0 des inconnus du globe, sans inscription ni contrainte. Imaginez un espace o\u00f9 la traduction en temps r\u00e9el dissout les barri\u00e8res linguistiques, o\u00f9 un algorithme de jumelage affine vos rencontres selon vos centres d\u2019int\u00e9r\u00eat, ou o\u00f9 un chat de groupe lie jusqu\u2019\u00e0 100 participants pour des \u00e9v\u00e9nements virtuels ou des \u00e9changes collectifs. Plus qu\u2019une plateforme, <strong>o poart\u0103 c\u0103tre schimburi autentice<\/strong>Totul \u00een format video HD, accesibil pe computer, tablet\u0103 sau smartphone.<\/p>\n\n\n\n<ol class=\"wp-block-list\">\n<li><a href=\"#Instacams-connectez-vous-au-monde-entier-en-un-clic\">Instacams: conecta\u021bi-v\u0103 cu \u00eentreaga lume cu un singur clic<\/a><\/li>\n\n\n\n<li><a href=\"#des-fonctionnalites-con\u00e7ues-pour-des-conversations-sans-frontieres\">Caracteristici concepute pentru conversa\u021bii f\u0103r\u0103 frontiere<\/a><\/li>\n\n\n\n<li><a href=\"#une-experience-utilisateur-fluide-et-de-haute-qualite\">O experien\u021b\u0103 de utilizare fluid\u0103 \u0219i de \u00eenalt\u0103 calitate<\/a><\/li>\n\n\n\n<li><a href=\"#environnement-s\u00fbr-communaut\u00e9-respectueuse\">Un mediu sigur \u0219i o comunitate respectuoas\u0103<\/a><\/li>\n\n\n\n<li><a href=\"#comment-demarrer-votre-premiere-conversation-sur-instacams\">Cum \u00eencepi prima conversa\u021bie pe InstaCams?<\/a><\/li>\n<\/ol>\n\n\n\n<h2 class=\"wp-block-heading\" id=\"Instacams-connectez-vous-au-monde-entier-en-un-clic\">Instacams: conecta\u021bi-v\u0103 cu \u00eentreaga lume cu un singur clic<\/h2>\n\n\n\n<p>C\u0103uta\u021bi s\u0103 explora\u021bi culturi diferite f\u0103r\u0103 s\u0103 p\u0103r\u0103si\u021bi ecranul? InstaCams v\u0103 deschide por\u021bile c\u0103tre o lume nou\u0103. <strong>o re\u021bea global\u0103 \u00een care fiecare conexiune este o descoperire<\/strong>. Imagineaz\u0103-\u021bi c\u0103 vorbe\u0219ti cu cineva din Tokyo \u00een timp ce tu stai confortabil acas\u0103, \u00een Paris...<\/p>\n\n\n\n<h3 class=\"wp-block-heading\" id=\"Qu-est-ce-que-la-plateforme-instacams\">Care este platforma instacams?<\/h3>\n\n\n\n<p>InstaCams este o platform\u0103 pentru <strong>instant video dating<\/strong> care v\u0103 transform\u0103 ecranul \u00eentr-un hub interna\u021bional. Datorit\u0103 unui algoritm de potrivire rapid\u0103, pute\u021bi intra \u00een contact cu persoane din peste 100 de \u021b\u0103ri diferite. Nu este nevoie de formulare interminabile, doar un clic pentru a \u00eencepe aventura.<\/p>\n\n\n\n<p>Conceptul se bazeaz\u0103 pe spontaneitate: printre milioane de utilizatori, <strong>fiecare conexiune este o surpriz\u0103<\/strong>. Fie c\u0103 dori\u021bi s\u0103 v\u0103 extinde\u021bi cuno\u0219tin\u021bele culturale sau pur \u0219i simplu s\u0103 schimba\u021bi z\u00e2mbete, comunitatea InstaCams v\u0103 \u00eent\u00e2mpin\u0103 \u00eentr-un mediu sigur \u0219i respectuos.<\/p>\n\n\n\n<h3 class=\"wp-block-heading\" id=\"Une-connexion-imm-iate-et-sans-contraintes\">Conexiune imediat\u0103 f\u0103r\u0103 constr\u00e2ngeri<\/h3>\n\n\n\n<p>Vrei s\u0103 vorbe\u0219ti f\u0103r\u0103 s\u0103 a\u0219tep\u021bi? Nu este nevoie s\u0103 v\u0103 \u00eenregistra\u021bi, nu este nevoie de o configurare complicat\u0103: pur \u0219i simplu lansa\u021bi camera dvs. web \u0219i g\u0103si\u021bi pe cineva cu care s\u0103 vorbi\u021bi \u00een mai pu\u021bin de 10 secunde. Aceast\u0103 fluiditate <strong>atrage milioane de utilizatori \u00een fiecare lun\u0103<\/strong>\u00eentotdeauna \u00een c\u0103utare de noi conexiuni.<\/p>\n\n\n\n<p>Dac\u0103 conversa\u021bia nu v\u0103 convine, un simplu clic v\u0103 duce la o nou\u0103 fa\u021b\u0103, o nou\u0103 poveste. Aceast\u0103 libertate de schimb, combinat\u0103 cu o interfa\u021b\u0103 intuitiv\u0103, \u00eenseamn\u0103 c\u0103 <strong>instrumentul ideal pentru \u00eent\u00e2lniri f\u0103r\u0103 bariere<\/strong>. \u00cencerca\u021bi \u0219i s-ar putea s\u0103 v\u0103 \u00eent\u00e2lni\u021bi cu un viitor prieten... sau chiar cu un coleg de munc\u0103 de pe cealalt\u0103 parte a lumii!<\/p>\n\n\n\n<figure class=\"wp-block-table\"><table class=\"has-fixed-layout\"><thead><tr><th>Func\u021bionalitate<\/th><th>Descriere<\/th><\/tr><\/thead><tbody><tr><td>Conexiune<\/td><td>Instant, f\u0103r\u0103 \u00eenregistrare necesar\u0103 pentru acces rapid.<\/td><\/tr><tr><td>\u00cengem\u0103nare<\/td><td>Algoritm de tip \"Rulet\u0103\" cu filtru de gen disponibil.<\/td><\/tr><tr><td>Comunicare<\/td><td>Traducere \u00een timp real integrat\u0103 \u00een chat-ul text.<\/td><\/tr><tr><td>Chat de grup<\/td><td>Capacitate pentru p\u00e2n\u0103 la 100 de participan\u021bi.<\/td><\/tr><tr><td>Calitate<\/td><td>Transmisiuni video HD \u0219i audio de \u00eenalt\u0103 fidelitate.<\/td><\/tr><tr><td>Accesibilitate<\/td><td>Compatibil cu computere, tablete \u0219i smartphone-uri f\u0103r\u0103 instalare.<\/td><\/tr><\/tbody><\/table><\/figure>\n\n\n\n<h2 class=\"wp-block-heading\" id=\"des-fonctionnalites-con\u00e7ues-pour-des-conversations-sans-frontieres\">Caracteristici concepute pentru conversa\u021bii f\u0103r\u0103 frontiere<\/h2>\n\n\n\n<h3 class=\"wp-block-heading\" id=\"un-algorithme-de-jumelage-pour-des-rencontres-surprenantes\">Un algoritm de potrivire pentru \u00eent\u00e2lniri surprinz\u0103toare<\/h3>\n\n\n\n<p>InstaCams revolu\u021bioneaz\u0103 interac\u021biunea uman\u0103 cu algoritmul s\u0103u de potrivire instantanee. Cu un singur clic, aplica\u021bia <strong>conecteaz\u0103 automat utilizatorii la persoane din \u00eentreaga lume<\/strong>. Acest sistem de tip \"rulet\u0103\" introduce un element de surpriz\u0103 la fiecare conexiune, f\u0103c\u00e2nd fiecare sesiune unic\u0103 \u0219i interesant\u0103.<\/p>\n\n\n\n<p>Platforma ofer\u0103 un chat video aleatoriu cu femei, o caracteristic\u0103 exclusiv\u0103 care v\u0103 permite s\u0103 \u00eent\u00e2lni\u021bi utilizatori din medii diferite. Preferin\u021bele (\u021bara, limba, interesele) influen\u021beaz\u0103 \u00een mod subtil procesul de potrivire, p\u0103str\u00e2nd \u00een acela\u0219i timp esen\u021bialul: <strong>aventura uman\u0103 a unei \u00eent\u00e2lniri nea\u0219teptate<\/strong>.<\/p>\n\n\n\n<h3 class=\"wp-block-heading\" id=\"brisez-la-barriere-de-la-langue-avec-la-traduction-en-temps-reel\">Rupe\u021bi bariera lingvistic\u0103 cu ajutorul traducerii \u00een timp real<\/h3>\n\n\n\n<p>Imagina\u021bi-v\u0103 c\u0103 discuta\u021bi cu un locuitor din Tokyo \u00een timp ce vorbi\u021bi franceza. Datorit\u0103 traducerii lingvistice integrate, <strong>InstaCams face aceast\u0103 realitate accesibil\u0103 tuturor<\/strong>. Aceast\u0103 func\u021bie descifreaz\u0103 instantaneu mesajele text, permi\u021b\u00e2nd schimburi fluente \u00eentre persoane care vorbesc limbi diferite.<\/p>\n\n\n\n<p>Prin eliminarea barierelor lingvistice, platforma deschide u\u0219a c\u0103tre <strong>o comunitate cu adev\u0103rat global\u0103 pentru \u00eemp\u0103rt\u0103\u0219irea culturii<\/strong>. Acum pute\u021bi discuta cu utilizatori din America de Nord, Asia \u0219i Africa, transform\u00e2nd fiecare conversa\u021bie \u00eentr-o descoperire \u00eembucur\u0103toare.<\/p>\n\n\n\n<h3 class=\"wp-block-heading\" id=\"partagez-des-moments-a-plusieurs-avec-le-chat-de-groupe\">\u00cemp\u0103rt\u0103\u0219i\u021bi momente \u00eempreun\u0103 cu ajutorul chat-ului de grup<\/h3>\n\n\n\n<p>InstaCams merge dincolo de simplele schimburi fa\u021b\u0103 \u00een fa\u021b\u0103. Acesta <strong>chat-ul video de grup pentru p\u00e2n\u0103 la 100 de participan\u021bi reinventeaz\u0103<\/strong> interac\u021biune social\u0103 \u0219i profesional\u0103. Organiza\u021bi seri de jocuri online, \u00eent\u00e2lniri comunitare sau webinarii educa\u021bionale de pe smartphone sau computer.<\/p>\n\n\n\n<p>Aceast\u0103 flexibilitate transform\u0103 platforma \u00eentr-un spa\u021biu versatil \u00een care ideile pot curge liber. Laten\u021ba redus\u0103 \u0219i calitatea HD garanteaz\u0103 un nivel ridicat de <strong>experien\u021b\u0103 imersiv\u0103<\/strong>fie c\u0103 sunte\u021bi spectator sau organizator de evenimente.<\/p>\n\n\n\n<h2 class=\"wp-block-heading\" id=\"une-experience-utilisateur-fluide-et-de-haute-qualite\">O experien\u021b\u0103 de utilizare fluid\u0103 \u0219i de \u00eenalt\u0103 calitate<\/h2>\n\n\n\n<p>InstaCams garanteaz\u0103 <strong>conexiune instantanee, f\u0103r\u0103 fric\u021biune<\/strong>Acest lucru este posibil datorit\u0103 tehnologiilor avansate \u0219i a unei interfe\u021be concepute pentru simplitate. Platforma se adapteaz\u0103 la nevoile utilizatorilor care doresc schimburi clare \u0219i naturale, minimiz\u00e2nd \u00een acela\u0219i timp obstacolele tehnice.<\/p>\n\n\n\n<h3 class=\"wp-block-heading\" id=\"une-qualite-video-et-audio-immersive\">Calitate video \u0219i audio imersiv\u0103<\/h3>\n\n\n\n<p>Conversa\u021biile de pe InstaCams beneficiaz\u0103 de video HD de p\u00e2n\u0103 la 1080p, cu o rat\u0103 de refresh de 60 de cadre pe secund\u0103. Laten\u021ba este redus\u0103, evit\u00e2nd decalajul \u0219i f\u0103c\u00e2nd interac\u021biunile naturale. Sunetul de \u00eenalt\u0103 fidelitate, combinat cu tehnologia de anulare a zgomotului ambiental, asigur\u0103 o comunicare clar\u0103. Aceste tehnologii combinate transform\u0103 fiecare interac\u021biune \u00eentr-o <strong>o experien\u021b\u0103 imersiv\u0103<\/strong>Fiecare cuv\u00e2nt \u0219i gest este surprins cu precizie. Platforma ajusteaz\u0103 automat calitatea video \u00een func\u021bie de l\u0103\u021bimea de band\u0103, garant\u00e2nd un streaming fluent chiar \u0219i \u00een cazul conexiunilor variabile.<\/p>\n\n\n\n<h3 class=\"wp-block-heading\" id=\"une-plateforme-accessible-partout-et-pour-tous\">O platform\u0103 accesibil\u0103 peste tot \u0219i pentru toat\u0103 lumea<\/h3>\n\n\n\n<p>InstaCams este proiectat pentru a fi utilizat pe orice dispozitiv: computer, tablet\u0103 sau smartphone, f\u0103r\u0103 a fi nevoie s\u0103 instala\u021bi niciun software. Interfa\u021ba clar\u0103 \u0219i intuitiv\u0103 \u00eenseamn\u0103 c\u0103 \u0219i \u00eencep\u0103torii se pot familiariza imediat cu aplica\u021bia. Op\u021biuni precum temele deschise\/\u00eenchise \u0219i traducerea integrat\u0103 faciliteaz\u0103 personalizarea \u0219i interac\u021biunea interna\u021bional\u0103. Astfel, fiecare utilizator, indiferent de loca\u021bie sau dispozitiv, beneficiaz\u0103 de o <strong>acces instantaneu, f\u0103r\u0103 complica\u021bii, sporind implicarea social\u0103<\/strong> datorit\u0103 unei comunit\u0103\u021bi diverse.<\/p>\n\n\n\n<ul class=\"wp-block-list\">\n<li>Streaming video fluid \u00een <strong>Calitate HD pentru imagini clare<\/strong>.<\/li>\n\n\n\n<li><strong>Un sunet clar ca cristalul<\/strong> datorit\u0103 sunetului de \u00eenalt\u0103 fidelitate \u0219i reducerii zgomotului ambiental.<\/li>\n\n\n\n<li>O interfa\u021b\u0103 intuitiv\u0103 conceput\u0103 pentru <strong>manevrare imediat\u0103, f\u0103r\u0103 efort<\/strong>.<\/li>\n\n\n\n<li>A <strong>acces direct din browserul dvs. web<\/strong>pe orice dispozitiv.<\/li>\n<\/ul>\n\n\n\n<h2 class=\"wp-block-heading\" id=\"environnement-s\u00fbr-communaut\u00e9-respectueuse\">Un mediu sigur \u0219i o comunitate respectuoas\u0103<\/h2>\n\n\n\n<h3 class=\"wp-block-heading\" id=\"protection-vie-privee\">Protejarea vie\u021bii private este o prioritate<\/h3>\n\n\n\n<p>InstaCams pune <strong>siguran\u021ba \u00een centrul opera\u021biunilor sale<\/strong> datorit\u0103 protocoalelor avansate de criptare. Aceste tehnologii asigur\u0103 confiden\u021bialitatea schimburilor video \u0219i blocheaz\u0103 orice acces neautorizat. Auditurile de securitate periodice contribuie la men\u021binerea acestor standarde ridicate, prin identificarea proactiv\u0103 \u0219i corectarea vulnerabilit\u0103\u021bilor. Utilizatorii beneficiaz\u0103 de op\u021biuni de confiden\u021bialitate personalizabile, cum ar fi gestionarea vizibilit\u0103\u021bii profilului lor \u0219i activarea autentific\u0103rii cu doi factori (prin SMS sau aplica\u021bie dedicat\u0103), consolid\u00e2nd astfel protec\u021bia contului. Anonimatul este \u00eencurajat, cu un proces de \u00eenregistrare minimalist care evit\u0103 colectarea de informa\u021bii sensibile.<\/p>\n\n\n\n<h3 class=\"wp-block-heading\" id=\"outils-moderation\">Instrumente de moderare pentru schimburi prietenoase<\/h3>\n\n\n\n<p>Pentru a p\u0103stra un mediu pozitiv, <strong>InstaCams combin\u0103 filtrarea AI automat\u0103 \u0219i interven\u021bia uman\u0103<\/strong>. Inteligen\u021ba artificial\u0103 analizeaz\u0103 fluxurile video \u0219i con\u021binutul textului \u00een timp real, detect\u00e2nd comportamentele inadecvate cu ajutorul cuvintelor cheie sau al modelelor de raportare. Echipele de moderatori r\u0103spund rapid la rapoarte, asigur\u00e2ndu-se c\u0103 cazurile complexe sunt urm\u0103rite prin interven\u021bie uman\u0103. Utilizatorii au la dispozi\u021bie instrumente intuitive pentru a bloca sau raporta contactele nedorite prin simpla ap\u0103sare a unui buton, oferindu-le un sentiment mai mare de control. Orient\u0103rile clare ale comunit\u0103\u021bii definesc comportamentul acceptabil, promov\u00e2nd respectul \u0219i polite\u021bea \u00een interac\u021biunile globale.<\/p>\n\n\n\n<ul class=\"wp-block-list\">\n<li>Protocoale avansate de criptare pentru <strong>confiden\u021bialitatea maxim\u0103 a conversa\u021biilor<\/strong>.<\/li>\n\n\n\n<li>Un sistem hibrid de moderare (AI + echipe dedicate) care asigur\u0103 <strong>un spa\u021biu sigur<\/strong>.<\/li>\n\n\n\n<li><strong>Blocare imediat\u0103 \u0219i op\u021biuni de raportare<\/strong> pentru gestionarea proactiv\u0103 a interac\u021biunilor.<\/li>\n\n\n\n<li><strong>Set\u0103ri flexibile de confiden\u021bialitate<\/strong>Acest lucru v\u0103 permite s\u0103 adapta\u021bi vizibilitatea profilului dvs. \u0219i a notific\u0103rilor.<\/li>\n<\/ul>\n\n\n\n<h2 class=\"wp-block-heading\" id=\"comment-demarrer-votre-premiere-conversation-sur-instacams\">Cum \u00eencepi prima conversa\u021bie pe InstaCams?<\/h2>\n\n\n\n<h3 class=\"wp-block-heading\" id=\"votre-guide-pas-a-pas-pour-une-connexion-reussie\">Ghidul dvs. pas cu pas pentru o conexiune de succes<\/h3>\n\n\n\n<p>InstaCams v\u0103 conecteaz\u0103 la utilizatori din \u00eentreaga lume \u00eentr-o chestiune de secunde. Cu o interfa\u021b\u0103 simpl\u0103 \u0219i un proces intuitiv, <strong>v\u0103 pute\u021bi angaja \u00een discu\u021bii spontane, autentice<\/strong>unde fiecare clic deschide o u\u0219\u0103 c\u0103tre o nou\u0103 poveste.<\/p>\n\n\n\n<ol class=\"wp-block-list\">\n<li><strong>Preg\u0103ti\u021bi-v\u0103 echipamentul<\/strong> Activa\u021bi camera web \u0219i verifica\u021bi dac\u0103 microfonul func\u021bioneaz\u0103. O conexiune bun\u0103 la internet \u0219i un iluminat adecvat asigur\u0103 o vizibilitate clar\u0103 pentru o prim\u0103 impresie cald\u0103.<\/li>\n\n\n\n<li><strong>\u00cencepe\u021bi conexiunea<\/strong> Accesa\u021bi site-ul \u0219i face\u021bi clic pe \"Start Chatting\". \u00centr-o clip\u0103, algoritmul de potrivire instantanee v\u0103 conecteaz\u0103 la un utilizator aleatoriu, f\u0103r\u0103 a\u0219teptare \u0219i f\u0103r\u0103 complexitate.<\/li>\n\n\n\n<li><strong>Personaliza\u021bi experien\u021ba (op\u021bional)<\/strong> Creeaz\u0103-\u021bi un cont gratuit \u00een doar c\u00e2teva clicuri pentru a-\u021bi defini preferin\u021bele (limb\u0103, interese). Astfel, c\u0103ut\u0103rile sunt rafinate, sporindu-\u021bi \u0219ansele de a \u00eent\u00e2lni profiluri care corespund a\u0219tept\u0103rilor tale.<\/li>\n\n\n\n<li><strong>\u00cencepe\u021bi o conversa\u021bie<\/strong> Fi\u021bi curio\u0219i \u0219i respectuo\u0219i. \u00cencepe\u021bi cu o \u00eentrebare deschis\u0103 de genul \"Care este m\u00e2ncarea dvs. tradi\u021bional\u0103 preferat\u0103?\" pentru a crea un schimb natural \u0219i captivant.<\/li>\n<\/ol>\n\n\n\n<p>Prezent \u00een peste 100 de \u021b\u0103ri, InstaCams combin\u0103 viteza, securitatea (criptare end-to-end) \u0219i accesibilitatea pe toate dispozitivele (smartphone-uri, computere, tablete). Aceast\u0103 platform\u0103 \u00eencurajeaz\u0103 <strong>conexiuni umane pozitive<\/strong>ideal pentru exersarea unei limbi str\u0103ine, descoperirea unor culturi noi sau pur \u0219i simplu pentru o discu\u021bie amical\u0103. Sunte\u021bi gata s\u0103 z\u00e2mbi\u021bi necunoscutului?<\/p>\n\n\n\n<p>InstaCams reinventeaz\u0103 schimburile online cu o platform\u0103 intuitiv\u0103 \u0219i sigur\u0103 pentru <strong>\u00eent\u00e2lniri video aleatorii<\/strong>. Acces f\u0103r\u0103 \u00eenregistrare, traducere \u00een timp real \u0219i instrumente inovatoare <strong>trecerea barierelor culturale \u0219i lingvistice<\/strong>. Ideal pentru schimburi spontane sau structurate, acesta <strong>combin\u0103 simplitatea, calitatea \u0219i siguran\u021ba<\/strong> pentru o experien\u021b\u0103 conectat\u0103.<\/p>\n\n\n\n<h2 class=\"wp-block-heading\">\u00ceNTREB\u0102RI FRECVENTE<\/h2>\n\n\n\n<h3 class=\"wp-block-heading\">Pot utiliza Instacams f\u0103r\u0103 a crea un cont?<\/h3>\n\n\n\n<p>Da, Instacams ofer\u0103 o <strong>acces imediat, f\u0103r\u0103 a fi necesar\u0103 \u00eenregistrarea<\/strong>. Doar selecta\u021bi genul dvs. \u0219i face\u021bi clic pe \"Start Chatting\" pentru <strong>s\u0103 fi\u021bi pus \u00een contact aleatoriu cu un utilizator de oriunde din lume<\/strong>. Aceast\u0103 u\u0219urin\u021b\u0103 de utilizare \u00eenseamn\u0103 c\u0103 pute\u021bi <strong>\u00eencepe\u021bi o conversa\u021bie video \u00een mai pu\u021bin de 10 secunde<\/strong>Este ideal pentru cei care doresc s\u0103 evite birocra\u021bia. Cu toate acestea, este \u00eenc\u0103 disponibil\u0103 op\u021biunea de \u00eenregistrare, pentru a v\u0103 personaliza preferin\u021bele (limb\u0103, domenii de interes) \u0219i pentru a accesa func\u021bii avansate.<\/p>\n\n\n\n<h3 class=\"wp-block-heading\">Cum garanteaz\u0103 Instacams siguran\u021ba utilizatorilor?<\/h3>\n\n\n\n<p>Instacams pune <strong>securitatea \u0219i confiden\u021bialitatea \u00een centrul opera\u021biunilor sale<\/strong>. Apelurile \u0219i mesajele sunt protejate prin criptare end-to-end, asigur\u00e2nd c\u0103 <strong>numai participan\u021bii pot accesa con\u021binutul<\/strong> schimburi. Instrumente pentru <strong>moderare care combin\u0103 inteligen\u021ba artificial\u0103 \u0219i echipele umane<\/strong> monitorizeaz\u0103 interac\u021biunile \u00een timp real, \u00een timp ce utilizatorii pot bloca sau raporta orice comportament inadecvat. Set\u0103rile avansate (autentificarea cu doi factori, vizibilitatea profilului) sporesc, de asemenea, protec\u021bia datelor personale.<\/p>\n\n\n\n<h3 class=\"wp-block-heading\">Instacams poate fi folosit pe un telefon sau o tablet\u0103?<\/h3>\n\n\n\n<p>Categoric! Instacams este conceput pentru a fi utilizat pe <strong>toate media<\/strong> computere, smartphone-uri \u0219i tablete. <strong>Nu necesit\u0103 desc\u0103rcare sau instalare<\/strong>Interfa\u021ba se adapteaz\u0103 automat la ecran, cu navigare intuitiv\u0103 \u0219i caracteristici precum teme luminoase\/\u00eenchise pentru o u\u0219urin\u021b\u0103 optim\u0103 de utilizare, indiferent dac\u0103 sunte\u021bi acas\u0103 sau \u00een mi\u0219care. Interfa\u021ba se adapteaz\u0103 automat la ecran, cu navigare intuitiv\u0103 \u0219i caracteristici precum teme luminoase\/\u00eenchise pentru o u\u0219urin\u021b\u0103 optim\u0103 de utilizare, indiferent dac\u0103 sunte\u021bi acas\u0103 sau \u00een mi\u0219care.<\/p>\n\n\n\n<h3 class=\"wp-block-heading\">Sistemul de potrivire aleatorie poate fi personalizat?<\/h3>\n\n\n\n<p>Potrivirea aleatorie, o semn\u0103tur\u0103 a Instacams, este <strong>conceput pentru a surprinde \u00een timp ce r\u0103m\u00e2ne fluid<\/strong>. Un algoritm inteligent conecteaz\u0103 instantaneu utilizatorii, cu op\u021biunea de a seta preferin\u021be precum limba sau interesele pentru a rafina rezultatele. Dac\u0103 o discu\u021bie nu este pe placul dvs., face\u021bi clic pe \"Urm\u0103torul\". <strong>v\u0103 redirec\u021bioneaz\u0103 c\u0103tre un nou partener<\/strong>. Aceast\u0103 abordare \u00eembin\u0103 spontaneitatea \u0219i controlul, \u00eencuraj\u00e2nd schimburile variate \u0219i captivante.<\/p>\n\n\n\n<h3 class=\"wp-block-heading\">Cum func\u021bioneaz\u0103 apelurile video de grup pe Instacams?<\/h3>\n\n\n\n<p>Instacams permite <strong>discu\u021bii de grup cu p\u00e2n\u0103 la 100 de participan\u021bi<\/strong>ideal pentru evenimente precum webinarii, seri cu prietenii sau \u00eent\u00e2lniri de afaceri. Instrumentele de gestionare (roluri atribuite, s\u0103li dedicate) ajut\u0103 la <strong>structurarea interac\u021biunilor<\/strong>. Calitatea HD (p\u00e2n\u0103 la 1080p) \u0219i sunetul de \u00eenalt\u0103 fidelitate asigur\u0103 <strong>o experien\u021b\u0103 imersiv\u0103<\/strong>Site-ul ofer\u0103, de asemenea, o serie de alte caracteristici, cum ar fi partajarea ecranului \u0219i sondaje live, pentru a \u00eembun\u0103t\u0103\u021bi schimburile. Moderarea automat\u0103 \u0219i uman\u0103 previne abuzurile, garant\u00e2nd <strong>un mediu colaborativ \u0219i respectuos<\/strong>.<\/p>\n\n\n\n<a href=\"https:\/\/insta-cams.de\/\" target=\"_blank\" rel=\"noopener\">Instacams Deutsch<\/a> | \n<a href=\"https:\/\/instacams.at\/\" target=\"_blank\" rel=\"noopener\">Instacams Deutsch (AT)<\/a> | \n<a href=\"https:\/\/insta-cams.uk\/\" target=\"_blank\" rel=\"noopener\">Instacams English<\/a> | \n<a href=\"https:\/\/instacams.es\/\" target=\"_blank\" rel=\"noopener\">Instacams Espa\u00f1ol<\/a> |  \n<a href=\"https:\/\/instacams.it\/\" target=\"_blank\" rel=\"noopener\">Instacams Italiano<\/a> | \n<a href=\"https:\/\/insta-cams.nl\/\" instacams target=\"_blank\" rel=\"noopener\">Nederlands<\/a> | \n<a href=\"https:\/\/instacams.pt\/\" target=\"_blank\" rel=\"noopener\">Instacams Portugu\u00eas<\/a> | \n<a href=\"https:\/\/insta-cams.pl\/\" target=\"_blank\" rel=\"noopener\">Instacams Polski<\/a> | \n<a href=\"https:\/\/insta-cams.cz\/\" target=\"_blank\" rel=\"noopener\">Instacams \u010ce\u0161tina<\/a> | \n<a href=\"https:\/\/insta-cams.dk\/\" target=\"_blank\" rel=\"noopener\">Instacams Dansk<\/a>\n<\/div>\n\n\n\n<p><\/p>","protected":false},"excerpt":{"rendered":"<p>INSTACAMS OFFICIEL : CHAT DE RENCONTRE ALEATOIRE Inscrivez-vous maintenant sur INSTA CAMS et profitez de 50 cr\u00e9dits OFFERTS \u00e0 votre inscription. S&rsquo;INSCRIRE HOMME S&rsquo;INSCRIRE FEMME Instacams : rejoignez la communaut\u00e9 mondiale d&rsquo;un clic Vous en avez assez des messageries rigides o\u00f9 chaque interaction semble pr\u00e9visible ? Instacams bouscule les codes avec son chat vid\u00e9o al\u00e9atoire &#8230; <a title=\"home1\" class=\"read-more\" href=\"https:\/\/insta-cams.eu\/ro\/\" aria-label=\"Cite\u0219te mai multe despre home1\">Read more<\/a><\/p>","protected":false},"author":1,"featured_media":0,"parent":0,"menu_order":0,"comment_status":"closed","ping_status":"closed","template":"","meta":{"footnotes":""},"class_list":["post-58","page","type-page","status-publish"],"_links":{"self":[{"href":"https:\/\/insta-cams.eu\/ro\/wp-json\/wp\/v2\/pages\/58","targetHints":{"allow":["GET"]}}],"collection":[{"href":"https:\/\/insta-cams.eu\/ro\/wp-json\/wp\/v2\/pages"}],"about":[{"href":"https:\/\/insta-cams.eu\/ro\/wp-json\/wp\/v2\/types\/page"}],"author":[{"embeddable":true,"href":"https:\/\/insta-cams.eu\/ro\/wp-json\/wp\/v2\/users\/1"}],"replies":[{"embeddable":true,"href":"https:\/\/insta-cams.eu\/ro\/wp-json\/wp\/v2\/comments?post=58"}],"version-history":[{"count":55,"href":"https:\/\/insta-cams.eu\/ro\/wp-json\/wp\/v2\/pages\/58\/revisions"}],"predecessor-version":[{"id":255,"href":"https:\/\/insta-cams.eu\/ro\/wp-json\/wp\/v2\/pages\/58\/revisions\/255"}],"wp:attachment":[{"href":"https:\/\/insta-cams.eu\/ro\/wp-json\/wp\/v2\/media?parent=58"}],"curies":[{"name":"wp","href":"https:\/\/api.w.org\/{rel}","templated":true}]}}