{"id":58,"date":"2025-10-28T04:39:00","date_gmt":"2025-10-28T04:39:00","guid":{"rendered":"https:\/\/insta-cams.eu\/?page_id=58"},"modified":"2025-12-29T16:38:44","modified_gmt":"2025-12-29T16:38:44","slug":"home1","status":"publish","type":"page","link":"https:\/\/insta-cams.eu\/sk\/","title":{"rendered":"home1"},"content":{"rendered":"<section class=\"gb-element-c0819d6c banner\">\n<div class=\"gb-element-0659d418\">\n<div class=\"wp-block-columns is-layout-flex wp-container-core-columns-is-layout-9d6595d7 wp-block-columns-is-layout-flex\">\n<div class=\"wp-block-column is-layout-flow wp-block-column-is-layout-flow\">\n<h2 class=\"gb-text gb-text-155ce4c1\">OFICI\u00c1LNE INSTACAMS : N\u00c1HODN\u00dd ZOZNAMOVAC\u00cd CHAT<\/h2>\n\n\n\n<p class=\"has-text-align-center has-base-3-color has-text-color has-link-color wp-elements-c76d1f6cc9fa53b162a03c9e8863f2b2\"><strong>Zaregistrujte sa teraz na INSTA CAMS a vyu\u017eite 50 kreditov ZDARMA pri registr\u00e1cii.<\/strong><\/p>\n\n\n\n<div class=\"wp-block-columns is-layout-flex wp-container-core-columns-is-layout-9d6595d7 wp-block-columns-is-layout-flex\">\n<div class=\"wp-block-column is-layout-flow wp-block-column-is-layout-flow\" style=\"flex-basis:20px\"><\/div>\n\n\n\n<div class=\"wp-block-column is-layout-flow wp-block-column-is-layout-flow\">\n<a class=\"gb-text gb-text-50c1af7c\" href=\"\/connexion\/\">ZAREGISTROVA\u0164 SA AKO MU\u017d<\/a>\n<\/div>\n\n\n\n<div class=\"wp-block-column is-layout-flow wp-block-column-is-layout-flow\">\n<a class=\"gb-text gb-text-6d7e1e7e\" href=\"\/connexion\/\">REGISTROVA\u0164 \u017dENU<\/a>\n<\/div>\n\n\n\n<div class=\"wp-block-column is-layout-flow wp-block-column-is-layout-flow\" style=\"flex-basis:20px\"><\/div>\n<\/div>\n<\/div>\n<\/div>\n<\/div>\n<\/section>\n\n\n\n<div class=\"gb-element-c35e94aa\">\n<h2 class=\"wp-block-heading\">Instacams: pripojte sa ku glob\u00e1lnej komunite jedn\u00fdm kliknut\u00edm<\/h2>\n\n\n\n<p>Vous en avez assez des messageries rigides o\u00f9 chaque interaction semble pr\u00e9visible ? <a href=\"https:\/\/instacams.fr\" data-type=\"link\" data-id=\"https:\/\/instacams.fr\" target=\"_blank\" rel=\"noopener\">Instacams<\/a> bouscule les codes avec son chat vid\u00e9o al\u00e9atoire qui vous connecte en un clic \u00e0 des inconnus du globe, sans inscription ni contrainte. Imaginez un espace o\u00f9 la traduction en temps r\u00e9el dissout les barri\u00e8res linguistiques, o\u00f9 un algorithme de jumelage affine vos rencontres selon vos centres d\u2019int\u00e9r\u00eat, ou o\u00f9 un chat de groupe lie jusqu\u2019\u00e0 100 participants pour des \u00e9v\u00e9nements virtuels ou des \u00e9changes collectifs. Plus qu\u2019une plateforme, <strong>br\u00e1na k autentick\u00fdm v\u00fdmen\u00e1m<\/strong>V\u0161etko v HD videu, ktor\u00e9 je dostupn\u00e9 na po\u010d\u00edta\u010di, tablete alebo smartf\u00f3ne.<\/p>\n\n\n\n<ol class=\"wp-block-list\">\n<li><a href=\"#Instacams-connectez-vous-au-monde-entier-en-un-clic\">Instacams: spojte sa s cel\u00fdm svetom jedn\u00fdm kliknut\u00edm<\/a><\/li>\n\n\n\n<li><a href=\"#des-fonctionnalites-con\u00e7ues-pour-des-conversations-sans-frontieres\">Funkcie ur\u010den\u00e9 na konverz\u00e1cie bez hran\u00edc<\/a><\/li>\n\n\n\n<li><a href=\"#une-experience-utilisateur-fluide-et-de-haute-qualite\">Plynul\u00e9 a vysokokvalitn\u00e9 pou\u017e\u00edvate\u013esk\u00e9 prostredie<\/a><\/li>\n\n\n\n<li><a href=\"#environnement-s\u00fbr-communaut\u00e9-respectueuse\">Bezpe\u010dn\u00e9 prostredie a re\u0161pektuj\u00faca komunita<\/a><\/li>\n\n\n\n<li><a href=\"#comment-demarrer-votre-premiere-conversation-sur-instacams\">Ako za\u010da\u0165 prv\u00fa konverz\u00e1ciu na InstaCams?<\/a><\/li>\n<\/ol>\n\n\n\n<h2 class=\"wp-block-heading\" id=\"Instacams-connectez-vous-au-monde-entier-en-un-clic\">Instacams: spojte sa s cel\u00fdm svetom jedn\u00fdm kliknut\u00edm<\/h2>\n\n\n\n<p>Chcete spozn\u00e1va\u0165 r\u00f4zne kult\u00fary bez toho, aby ste opustili obrazovku? InstaCams v\u00e1m otvor\u00ed dvere do nov\u00e9ho sveta. <strong>glob\u00e1lna sie\u0165, v ktorej je ka\u017ed\u00e9 spojenie objavom.<\/strong>. Predstavte si, \u017ee sa rozpr\u00e1vate s niek\u00fdm v Tokiu, zatia\u013e \u010do vy sed\u00edte pohodlne doma v Par\u00ed\u017ei...<\/p>\n\n\n\n<h3 class=\"wp-block-heading\" id=\"Qu-est-ce-que-la-plateforme-instacams\">\u010co je platforma instacams?<\/h3>\n\n\n\n<p>InstaCams je platforma pre <strong>okam\u017eit\u00e9 video zoznamka<\/strong> ktor\u00e1 premen\u00ed va\u0161u obrazovku na medzin\u00e1rodn\u00e9 centrum. V\u010faka r\u00fdchlemu algoritmu na vyh\u013ead\u00e1vanie m\u00f4\u017eete nadviaza\u0165 kontakt s \u013eu\u010fmi z viac ako 100 r\u00f4znych kraj\u00edn. Nepotrebujete \u017eiadne nekone\u010dn\u00e9 formul\u00e1re, sta\u010d\u00ed jedno kliknutie a dobrodru\u017estvo sa m\u00f4\u017ee za\u010da\u0165.<\/p>\n\n\n\n<p>Koncept je zalo\u017een\u00fd na spont\u00e1nnosti: medzi mili\u00f3nmi pou\u017e\u00edvate\u013eov, <strong>ka\u017ed\u00e9 spojenie je prekvapen\u00edm<\/strong>. \u010ci u\u017e si chcete roz\u0161\u00edri\u0165 svoje kult\u00farne poznatky alebo si len vymie\u0148a\u0165 \u00fasmevy, komunita InstaCams v\u00e1s v\u00edta v bezpe\u010dnom a re\u0161pektuj\u00facom prostred\u00ed.<\/p>\n\n\n\n<h3 class=\"wp-block-heading\" id=\"Une-connexion-imm-iate-et-sans-contraintes\">Okam\u017eit\u00e9 pripojenie bez obmedzen\u00ed<\/h3>\n\n\n\n<p>Chcete chatova\u0165 bez \u010dakania? Nemus\u00edte sa registrova\u0165, nemus\u00edte sa zlo\u017eito konfigurova\u0165: sta\u010d\u00ed spusti\u0165 webov\u00fa kameru a n\u00e1js\u0165 niekoho, s k\u00fdm m\u00f4\u017eete hovori\u0165 za menej ako 10 sek\u00fand. T\u00e1to plynulos\u0165 <strong>pri\u0165ahuje mili\u00f3ny pou\u017e\u00edvate\u013eov ka\u017ed\u00fd mesiac<\/strong>v\u017edy h\u013ead\u00e1te nov\u00e9 spojenia.<\/p>\n\n\n\n<p>Ak v\u00e1m konverz\u00e1cia nevyhovuje, jednoduch\u00fdm kliknut\u00edm sa dostanete k novej tv\u00e1ri, nov\u00e9mu pr\u00edbehu. T\u00e1to sloboda v\u00fdmeny v kombin\u00e1cii s intuit\u00edvnym rozhran\u00edm znamen\u00e1, \u017ee <strong>ide\u00e1lny n\u00e1stroj na bezbari\u00e9rov\u00e9 stretnutia<\/strong>. Vysk\u00fa\u0161ajte to a mo\u017eno naraz\u00edte na bud\u00faceho priate\u013ea... alebo dokonca kolegu z pr\u00e1ce na druhom konci sveta!<\/p>\n\n\n\n<figure class=\"wp-block-table\"><table class=\"has-fixed-layout\"><thead><tr><th>Funk\u010dnos\u0165<\/th><th>Popis<\/th><\/tr><\/thead><tbody><tr><td>Pripojenie<\/td><td>Okam\u017eit\u00fd, bez nutnosti registr\u00e1cie pre r\u00fdchly pr\u00edstup.<\/td><\/tr><tr><td>Twinning<\/td><td>Algoritmus typu \"ruleta\" s dostupn\u00fdm filtrom pohlav\u00ed.<\/td><\/tr><tr><td>Komunik\u00e1cia<\/td><td>Preklad v re\u00e1lnom \u010dase integrovan\u00fd do textov\u00e9ho chatu.<\/td><\/tr><tr><td>Skupinov\u00fd chat<\/td><td>Kapacita a\u017e 100 \u00fa\u010dastn\u00edkov.<\/td><\/tr><tr><td>Kvalita<\/td><td>Vysielanie HD videa a vysokokvalitn\u00e9ho zvuku.<\/td><\/tr><tr><td>Pr\u00edstupnos\u0165<\/td><td>Kompatibiln\u00e9 s po\u010d\u00edta\u010dmi, tabletmi a smartf\u00f3nmi bez nutnosti in\u0161tal\u00e1cie.<\/td><\/tr><\/tbody><\/table><\/figure>\n\n\n\n<h2 class=\"wp-block-heading\" id=\"des-fonctionnalites-con\u00e7ues-pour-des-conversations-sans-frontieres\">Funkcie ur\u010den\u00e9 na konverz\u00e1cie bez hran\u00edc<\/h2>\n\n\n\n<h3 class=\"wp-block-heading\" id=\"un-algorithme-de-jumelage-pour-des-rencontres-surprenantes\">Algoritmus na porovn\u00e1vanie prekvapiv\u00fdch stretnut\u00ed<\/h3>\n\n\n\n<p>InstaCams prin\u00e1\u0161a revol\u00faciu v interakcii medzi \u013eu\u010fmi v\u010faka svojmu algoritmu okam\u017eit\u00e9ho porovn\u00e1vania. Sta\u010d\u00ed jedno kliknutie a aplik\u00e1cia <strong>automaticky sp\u00e1ja pou\u017e\u00edvate\u013eov s \u013eu\u010fmi na celom svete.<\/strong>. Tento syst\u00e9m typu rulety prin\u00e1\u0161a pri ka\u017edom spojen\u00ed prvok prekvapenia, v\u010faka \u010domu je ka\u017ed\u00e1 rel\u00e1cia jedine\u010dn\u00e1 a vzru\u0161uj\u00faca.<\/p>\n\n\n\n<p>Platforma pon\u00faka n\u00e1hodn\u00fd videochat so \u017eenami, \u010do je exkluz\u00edvna funkcia, ktor\u00e1 v\u00e1m umo\u017en\u00ed spozna\u0165 pou\u017e\u00edvate\u013eov z r\u00f4znych prostred\u00ed. Preferencie (krajina, jazyk, z\u00e1ujmy) jemne ovplyv\u0148uj\u00fa proces zoznamovania, pri\u010dom sa zachov\u00e1va to podstatn\u00e9: <strong>\u013eudsk\u00e9 dobrodru\u017estvo neo\u010dak\u00e1van\u00e9ho stretnutia<\/strong>.<\/p>\n\n\n\n<h3 class=\"wp-block-heading\" id=\"brisez-la-barriere-de-la-langue-avec-la-traduction-en-temps-reel\">Prelomte jazykov\u00fa bari\u00e9ru pomocou prekladu v re\u00e1lnom \u010dase<\/h3>\n\n\n\n<p>Predstavte si, \u017ee sa rozpr\u00e1vate s obyvate\u013eom Tokia po franc\u00fazsky. V\u010faka integrovan\u00e9mu jazykov\u00e9mu prekladu, <strong>InstaCams spr\u00edstup\u0148uje t\u00fato realitu ka\u017ed\u00e9mu<\/strong>. T\u00e1to funkcia okam\u017eite de\u0161ifruje textov\u00e9 spr\u00e1vy a umo\u017e\u0148uje bezprobl\u00e9mov\u00fa v\u00fdmenu medzi \u013eu\u010fmi hovoriacimi r\u00f4znymi jazykmi.<\/p>\n\n\n\n<p>Odstr\u00e1nen\u00edm jazykov\u00fdch bari\u00e9r platforma otv\u00e1ra dvere <strong>skuto\u010dne glob\u00e1lna komunita na zdie\u013eanie kult\u00fary<\/strong>. Teraz m\u00f4\u017eete chatova\u0165 s pou\u017e\u00edvate\u013emi zo Severnej Ameriky, \u00c1zie a Afriky a ka\u017ed\u00fa konverz\u00e1ciu premeni\u0165 na obohacuj\u00faci objav.<\/p>\n\n\n\n<h3 class=\"wp-block-heading\" id=\"partagez-des-moments-a-plusieurs-avec-le-chat-de-groupe\">Zdie\u013eajte spolo\u010dn\u00e9 chv\u00edle pomocou skupinov\u00e9ho chatu<\/h3>\n\n\n\n<p>InstaCams presahuje r\u00e1mec jednoduch\u00fdch osobn\u00fdch v\u00fdmen. Jeho <strong>skupinov\u00fd video chat a\u017e pre 100 \u00fa\u010dastn\u00edkov<\/strong> soci\u00e1lna a profesion\u00e1lna interakcia. Organizujte online hern\u00e9 ve\u010dery, komunitn\u00e9 stretnutia alebo vzdel\u00e1vacie webov\u00e9 semin\u00e1re zo svojho smartf\u00f3nu alebo po\u010d\u00edta\u010da.<\/p>\n\n\n\n<p>V\u010faka tejto flexibilite sa platforma men\u00ed na univerz\u00e1lny priestor, v ktorom m\u00f4\u017eu vo\u013ene pr\u00fadi\u0165 n\u00e1pady. N\u00edzka latencia a HD kvalita zaru\u010duj\u00fa vysok\u00fa \u00farove\u0148 <strong>pohlcuj\u00faci z\u00e1\u017eitok<\/strong>\u010di u\u017e ste div\u00e1k alebo organiz\u00e1tor podujatia.<\/p>\n\n\n\n<h2 class=\"wp-block-heading\" id=\"une-experience-utilisateur-fluide-et-de-haute-qualite\">Plynul\u00e9 a vysokokvalitn\u00e9 pou\u017e\u00edvate\u013esk\u00e9 prostredie<\/h2>\n\n\n\n<p>Z\u00e1ruky InstaCams <strong>okam\u017eit\u00e9 pripojenie bez trenia<\/strong>Umo\u017e\u0148uj\u00fa to pokro\u010dil\u00e9 technol\u00f3gie a rozhranie navrhnut\u00e9 pre jednoduchos\u0165. Platforma sa prisp\u00f4sobuje potreb\u00e1m pou\u017e\u00edvate\u013eov, ktor\u00ed chc\u00fa jasn\u00fa a prirodzen\u00fa v\u00fdmenu, pri\u010dom minimalizuje technick\u00e9 prek\u00e1\u017eky.<\/p>\n\n\n\n<h3 class=\"wp-block-heading\" id=\"une-qualite-video-et-audio-immersive\">Strhuj\u00faca kvalita obrazu a zvuku<\/h3>\n\n\n\n<p>Konverz\u00e1cie na InstaCams vyu\u017e\u00edvaj\u00fa video v rozl\u00ed\u0161en\u00ed HD a\u017e do 1080p s obnovovacou frekvenciou 60 sn\u00edmok za sekundu. Zni\u017euje sa oneskorenie, \u010d\u00edm sa predch\u00e1dza oneskoreniu a interakcia je prirodzen\u00e1. Vysokokvalitn\u00fd zvuk v kombin\u00e1cii s technol\u00f3giou potla\u010denia okolit\u00e9ho hluku zabezpe\u010duje kri\u0161t\u00e1\u013eovo \u010dist\u00fa komunik\u00e1ciu. Tieto kombinovan\u00e9 technol\u00f3gie premenia ka\u017ed\u00fa interakciu na <strong>pohlcuj\u00faci z\u00e1\u017eitok<\/strong>Ka\u017ed\u00e9 slovo a gesto je presne zachyten\u00e9. Platforma automaticky upravuje kvalitu videa pod\u013ea \u0161\u00edrky p\u00e1sma, \u010d\u00edm zaru\u010duje plynul\u00e9 streamovanie aj pri premenlivom pripojen\u00ed.<\/p>\n\n\n\n<h3 class=\"wp-block-heading\" id=\"une-plateforme-accessible-partout-et-pour-tous\">Platforma dostupn\u00e1 v\u0161ade a pre ka\u017ed\u00e9ho<\/h3>\n\n\n\n<p>InstaCams je navrhnut\u00e1 tak, aby sa dala pou\u017e\u00edva\u0165 na akomko\u013evek zariaden\u00ed: po\u010d\u00edta\u010di, tablete alebo smartf\u00f3ne bez potreby in\u0161tal\u00e1cie ak\u00e9hoko\u013evek softv\u00e9ru. V\u010faka preh\u013eadn\u00e9mu a intuit\u00edvnemu rozhraniu sa s n\u00edm hne\u010f zozn\u00e1mia aj za\u010diato\u010dn\u00edci. Mo\u017enosti, ako s\u00fa svetl\u00e9\/tmav\u00e9 t\u00e9my a integrovan\u00fd preklad, u\u013eah\u010duj\u00fa prisp\u00f4sobenie a medzin\u00e1rodn\u00fa interakciu. Tak\u017ee ka\u017ed\u00fd pou\u017e\u00edvate\u013e, nech je kdeko\u013evek a nech m\u00e1 ak\u00e9ko\u013evek zariadenie, m\u00f4\u017ee vyu\u017e\u00edva\u0165 v\u00fdhody <strong>okam\u017eit\u00fd, nekomplikovan\u00fd pr\u00edstup, ktor\u00fd zvy\u0161uje soci\u00e1lnu anga\u017eovanos\u0165<\/strong> v\u010faka r\u00f4znorodej komunite.<\/p>\n\n\n\n<ul class=\"wp-block-list\">\n<li>Plynul\u00e9 streamovanie videa v <strong>Kvalita HD pre ostr\u00fd obraz<\/strong>.<\/li>\n\n\n\n<li><strong>Kri\u0161t\u00e1\u013eovo \u010dist\u00fd zvuk<\/strong> v\u010faka vysokej vernosti zvuku a redukcii okolit\u00e9ho hluku.<\/li>\n\n\n\n<li>Intuit\u00edvne rozhranie ur\u010den\u00e9 pre <strong>okam\u017eit\u00e1 manipul\u00e1cia bez n\u00e1mahy<\/strong>.<\/li>\n\n\n\n<li>A <strong>priamy pr\u00edstup z webov\u00e9ho prehliada\u010da<\/strong>na akomko\u013evek zariaden\u00ed.<\/li>\n<\/ul>\n\n\n\n<h2 class=\"wp-block-heading\" id=\"environnement-s\u00fbr-communaut\u00e9-respectueuse\">Bezpe\u010dn\u00e9 prostredie a re\u0161pektuj\u00faca komunita<\/h2>\n\n\n\n<h3 class=\"wp-block-heading\" id=\"protection-vie-privee\">Ochrana v\u00e1\u0161ho s\u00fakromia je prioritou<\/h3>\n\n\n\n<p>InstaCams umiest\u0148uje <strong>bezpe\u010dnos\u0165 v centre jej \u010dinnosti<\/strong> v\u010faka pokro\u010dil\u00fdm \u0161ifrovac\u00edm protokolom. Tieto technol\u00f3gie zabezpe\u010duj\u00fa d\u00f4vernos\u0165 v\u00fdmeny vide\u00ed a blokuj\u00fa ak\u00fdko\u013evek neopr\u00e1vnen\u00fd pr\u00edstup. Pravideln\u00e9 bezpe\u010dnostn\u00e9 audity pom\u00e1haj\u00fa udr\u017eiava\u0165 tieto vysok\u00e9 \u0161tandardy t\u00fdm, \u017ee akt\u00edvne identifikuj\u00fa a odstra\u0148uj\u00fa zranite\u013enosti. Pou\u017e\u00edvatelia m\u00f4\u017eu vyu\u017e\u00edva\u0165 prisp\u00f4sobite\u013en\u00e9 mo\u017enosti d\u00f4vernosti, ako je spr\u00e1va vidite\u013enosti ich profilu a aktiv\u00e1cia dvojfaktorov\u00e9ho overovania (prostredn\u00edctvom SMS alebo \u0161pecializovanej aplik\u00e1cie), \u010d\u00edm sa posil\u0148uje ochrana \u00fa\u010dtu. Podporuje sa anonymita v\u010faka minimalistick\u00e9mu procesu registr\u00e1cie, ktor\u00fd zabra\u0148uje zhroma\u017e\u010fovaniu citliv\u00fdch inform\u00e1ci\u00ed.<\/p>\n\n\n\n<h3 class=\"wp-block-heading\" id=\"outils-moderation\">Moder\u00e1torsk\u00e9 n\u00e1stroje na priate\u013esk\u00e9 v\u00fdmeny<\/h3>\n\n\n\n<p>Zachova\u0165 pozit\u00edvne prostredie, <strong>InstaCams kombinuje automatick\u00e9 filtrovanie AI a \u013eudsk\u00fd z\u00e1sah<\/strong>. Umel\u00e1 inteligencia analyzuje toky vide\u00ed a textov\u00fd obsah v re\u00e1lnom \u010dase a pomocou k\u013e\u00fa\u010dov\u00fdch slov alebo \u0161abl\u00f3n hl\u00e1sen\u00ed zis\u0165uje nevhodn\u00e9 spr\u00e1vanie. T\u00edmy moder\u00e1torov r\u00fdchlo reaguj\u00fa na hl\u00e1senia a zabezpe\u010duj\u00fa, aby v zlo\u017eit\u00fdch pr\u00edpadoch zasahoval \u010dlovek. Pou\u017e\u00edvatelia maj\u00fa k dispoz\u00edcii intuit\u00edvne n\u00e1stroje na blokovanie alebo nahlasovanie ne\u017eiaducich kontaktov jedin\u00fdm kliknut\u00edm, \u010do im d\u00e1va v\u00e4\u010d\u0161\u00ed pocit kontroly. Jasn\u00e9 pravidl\u00e1 komunity definuj\u00fa prijate\u013en\u00e9 spr\u00e1vanie a podporuj\u00fa re\u0161pekt a zdvorilos\u0165 v glob\u00e1lnych interakci\u00e1ch.<\/p>\n\n\n\n<ul class=\"wp-block-list\">\n<li>Pokro\u010dil\u00e9 \u0161ifrovacie protokoly pre <strong>maxim\u00e1lna d\u00f4vernos\u0165 rozhovorov<\/strong>.<\/li>\n\n\n\n<li>hybridn\u00fd syst\u00e9m moderovania (AI + \u0161pecializovan\u00e9 t\u00edmy), ktor\u00fd zabezpe\u010duje <strong>bezpe\u010dn\u00fd priestor<\/strong>.<\/li>\n\n\n\n<li><strong>Mo\u017enosti okam\u017eit\u00e9ho blokovania a nahlasovania<\/strong> na proakt\u00edvne riadenie interakci\u00ed.<\/li>\n\n\n\n<li><strong>Flexibiln\u00e9 nastavenia ochrany osobn\u00fdch \u00fadajov<\/strong>To v\u00e1m umo\u017en\u00ed prisp\u00f4sobi\u0165 vidite\u013enos\u0165 v\u00e1\u0161ho profilu a ozn\u00e1men\u00ed.<\/li>\n<\/ul>\n\n\n\n<h2 class=\"wp-block-heading\" id=\"comment-demarrer-votre-premiere-conversation-sur-instacams\">Ako za\u010da\u0165 prv\u00fa konverz\u00e1ciu na InstaCams?<\/h2>\n\n\n\n<h3 class=\"wp-block-heading\" id=\"votre-guide-pas-a-pas-pour-une-connexion-reussie\">V\u00e1\u0161 sprievodca krok za krokom k \u00faspe\u0161n\u00e9mu pripojeniu<\/h3>\n\n\n\n<p>InstaCams v\u00e1s v priebehu nieko\u013ek\u00fdch sek\u00fand spoj\u00ed s pou\u017e\u00edvate\u013emi na celom svete. V\u010faka jednoduch\u00e9mu rozhraniu a intuit\u00edvnemu postupu, <strong>m\u00f4\u017eete sa zapoji\u0165 do spont\u00e1nnych, autentick\u00fdch diskusi\u00ed.<\/strong>kde ka\u017ed\u00e9 kliknutie otv\u00e1ra dvere k nov\u00e9mu pr\u00edbehu.<\/p>\n\n\n\n<ol class=\"wp-block-list\">\n<li><strong>Pripravte si vybavenie<\/strong> Aktivujte webov\u00fa kameru a skontrolujte, \u010di funguje mikrof\u00f3n. Bezprobl\u00e9mov\u00e9 pripojenie k internetu a spr\u00e1vne osvetlenie zabezpe\u010dia dobr\u00fa vidite\u013enos\u0165, aby ste urobili dobr\u00fd prv\u00fd dojem.<\/li>\n\n\n\n<li><strong>Spustenie pripojenia<\/strong> Prejdite na str\u00e1nku a kliknite na \"Za\u010da\u0165 chatova\u0165\". Algoritmus okam\u017eit\u00e9ho p\u00e1rovania v\u00e1s v okamihu spoj\u00ed s n\u00e1hodn\u00fdm pou\u017e\u00edvate\u013eom, bez \u010dakania a zlo\u017eit\u00e9ho vybavovania.<\/li>\n\n\n\n<li><strong>Prisp\u00f4sobenie z\u00e1\u017eitku (volite\u013en\u00e9)<\/strong> Vytvorte si bezplatn\u00e9 konto nieko\u013ek\u00fdmi kliknutiami a definujte svoje preferencie (jazyk, z\u00e1ujmy). T\u00fdm sa spresnia porovnania, \u010d\u00edm sa zv\u00fd\u0161ia va\u0161e \u0161ance na stretnutie s profilmi, ktor\u00e9 zodpovedaj\u00fa va\u0161im o\u010dak\u00e1vaniam.<\/li>\n\n\n\n<li><strong>Za\u010dnite konverz\u00e1ciu<\/strong> Bu\u010fte zvedav\u00ed a \u00factiv\u00ed. Za\u010dnite otvorenou ot\u00e1zkou, napr\u00edklad \"Ak\u00e9 je va\u0161e ob\u013e\u00faben\u00e9 tradi\u010dn\u00e9 jedlo?\", aby ste vytvorili prirodzen\u00fa a p\u00fatav\u00fa v\u00fdmenu n\u00e1zorov.<\/li>\n<\/ol>\n\n\n\n<p>InstaCams, ktor\u00e1 je pr\u00edtomn\u00e1 vo viac ako 100 krajin\u00e1ch, sp\u00e1ja r\u00fdchlos\u0165, bezpe\u010dnos\u0165 (end-to-end \u0161ifrovanie) a dostupnos\u0165 na v\u0161etk\u00fdch zariadeniach (smartf\u00f3ny, po\u010d\u00edta\u010de, tablety). T\u00e1to platforma podporuje <strong>pozit\u00edvne medzi\u013eudsk\u00e9 vz\u0165ahy<\/strong>ide\u00e1lne na precvi\u010dovanie jazyka, spozn\u00e1vanie nov\u00fdch kult\u00far alebo len na priate\u013esk\u00fd rozhovor. Ste pripraven\u00ed usmieva\u0165 sa na nezn\u00e1me?<\/p>\n\n\n\n<p>InstaCams predstavuje nov\u00fa podobu online v\u00fdmeny s intuit\u00edvnou a bezpe\u010dnou platformou pre <strong>n\u00e1hodn\u00e9 video stretnutia<\/strong>. Pr\u00edstup bez registr\u00e1cie, preklad v re\u00e1lnom \u010dase a inovat\u00edvne n\u00e1stroje <strong>prekra\u010dovanie kult\u00farnych a jazykov\u00fdch bari\u00e9r.<\/strong>. Je ide\u00e1lny na spont\u00e1nne alebo \u0161trukt\u00farovan\u00e9 v\u00fdmeny. <strong>sp\u00e1ja jednoduchos\u0165, kvalitu a bezpe\u010dnos\u0165<\/strong> pre prepojen\u00fd z\u00e1\u017eitok.<\/p>\n\n\n\n<h2 class=\"wp-block-heading\">\u010cASTO KLADEN\u00c9 OT\u00c1ZKY<\/h2>\n\n\n\n<h3 class=\"wp-block-heading\">M\u00f4\u017eem pou\u017e\u00edva\u0165 Instacams bez vytvorenia \u00fa\u010dtu?<\/h3>\n\n\n\n<p>\u00c1no, Instacams pon\u00faka <strong>okam\u017eit\u00fd pr\u00edstup bez potreby registr\u00e1cie<\/strong>. Jednoducho si vyberte \u017e\u00e1ner a kliknite na \"Za\u010da\u0165 chatova\u0165\". <strong>n\u00e1hodn\u00fd kontakt s pou\u017e\u00edvate\u013eom z ktor\u00e9hoko\u013evek miesta na svete.<\/strong>. Toto jednoduch\u00e9 pou\u017e\u00edvanie znamen\u00e1, \u017ee m\u00f4\u017eete <strong>za\u010da\u0165 videokonverz\u00e1ciu za menej ako 10 sek\u00fand<\/strong>Je ide\u00e1lny pre t\u00fdch, ktor\u00ed sa chc\u00fa vyhn\u00fa\u0165 byrokracii. St\u00e1le je v\u0161ak k dispoz\u00edcii mo\u017enos\u0165 registr\u00e1cie, ktor\u00e1 v\u00e1m umo\u017en\u00ed prisp\u00f4sobi\u0165 si preferencie (jazyk, oblasti z\u00e1ujmu) a z\u00edska\u0165 pr\u00edstup k pokro\u010dil\u00fdm funkci\u00e1m.<\/p>\n\n\n\n<h3 class=\"wp-block-heading\">Ako Instacams zaru\u010duje bezpe\u010dnos\u0165 pou\u017e\u00edvate\u013eov?<\/h3>\n\n\n\n<p>Instacams d\u00e1va <strong>bezpe\u010dnos\u0165 a d\u00f4vernos\u0165 v centre jej \u010dinnosti<\/strong>. Hovory a spr\u00e1vy s\u00fa chr\u00e1nen\u00e9 koncov\u00fdm \u0161ifrovan\u00edm, ktor\u00e9 zabezpe\u010duje, \u017ee <strong>pr\u00edstup k obsahu maj\u00fa len \u00fa\u010dastn\u00edci<\/strong> v\u00fdmeny. N\u00e1stroje pre <strong>moderovanie kombinuj\u00face t\u00edmy AI a \u013eud\u00ed<\/strong> monitorova\u0165 interakcie v re\u00e1lnom \u010dase, pri\u010dom pou\u017e\u00edvatelia m\u00f4\u017eu zablokova\u0165 alebo nahl\u00e1si\u0165 ak\u00e9ko\u013evek nevhodn\u00e9 spr\u00e1vanie. Ochranu osobn\u00fdch \u00fadajov zvy\u0161uj\u00fa aj pokro\u010dil\u00e9 nastavenia (dvojfaktorov\u00e9 overovanie, vidite\u013enos\u0165 profilu).<\/p>\n\n\n\n<h3 class=\"wp-block-heading\">Daj\u00fa sa kamery Instacam pou\u017e\u00edva\u0165 v telef\u00f3ne alebo tablete?<\/h3>\n\n\n\n<p>Rozhodne! Instacams je ur\u010den\u00fd na pou\u017e\u00edvanie na <strong>v\u0161etky m\u00e9di\u00e1<\/strong> po\u010d\u00edta\u010de, smartf\u00f3ny a tablety. <strong>Nevy\u017eaduje sa \u017eiadne s\u0165ahovanie ani in\u0161tal\u00e1cia<\/strong>Rozhranie sa automaticky prisp\u00f4sobuje obrazovke, m\u00e1 intuit\u00edvnu navig\u00e1ciu a funkcie, ako s\u00fa svetl\u00e9\/tmav\u00e9 mot\u00edvy, ktor\u00e9 optim\u00e1lne u\u013eah\u010duj\u00fa pou\u017e\u00edvanie, \u010di u\u017e ste doma alebo na cest\u00e1ch. Rozhranie sa automaticky prisp\u00f4sobuje obrazovke, m\u00e1 intuit\u00edvnu navig\u00e1ciu a funkcie, ako s\u00fa svetl\u00e9\/tmav\u00e9 mot\u00edvy, pre optim\u00e1lne jednoduch\u00e9 pou\u017e\u00edvanie, \u010di u\u017e ste doma alebo na cest\u00e1ch.<\/p>\n\n\n\n<h3 class=\"wp-block-heading\">D\u00e1 sa syst\u00e9m n\u00e1hodn\u00e9ho v\u00fdberu prisp\u00f4sobi\u0165?<\/h3>\n\n\n\n<p>N\u00e1hodn\u00e9 porovn\u00e1vanie, ktor\u00e9 je charakteristick\u00fdm znakom fotoapar\u00e1tov Instacams, je <strong>navrhnut\u00e9 tak, aby prekvapili a z\u00e1rove\u0148 zostali plynul\u00e9.<\/strong>. Inteligentn\u00fd algoritmus okam\u017eite sp\u00e1ja pou\u017e\u00edvate\u013eov s mo\u017enos\u0165ou nastavenia preferenci\u00ed, napr\u00edklad jazyka alebo z\u00e1ujmov, na spresnenie v\u00fdsledkov. Ak v\u00e1m niektor\u00e1 diskusia nevyhovuje, jednoducho kliknite na tla\u010didlo \"\u010ealej\". <strong>presmeruje v\u00e1s na nov\u00e9ho partnera.<\/strong>. Tento pr\u00edstup sp\u00e1ja spont\u00e1nnos\u0165 a kontrolu, \u010d\u00edm podporuje rozmanit\u00e9 a p\u00fatav\u00e9 v\u00fdmeny n\u00e1zorov.<\/p>\n\n\n\n<h3 class=\"wp-block-heading\">Ako funguj\u00fa skupinov\u00e9 videohovory na Instacame?<\/h3>\n\n\n\n<p>Instacams umo\u017e\u0148uje <strong>skupinov\u00e9 diskusie a\u017e so 100 \u00fa\u010dastn\u00edkmi<\/strong>ide\u00e1lne na podujatia, ako s\u00fa webov\u00e9 semin\u00e1re, ve\u010dery s priate\u013emi alebo obchodn\u00e9 stretnutia. N\u00e1stroje na spr\u00e1vu (pridelen\u00e9 \u00falohy, vyhraden\u00e9 miestnosti) pom\u00e1haj\u00fa <strong>\u0161trukt\u00farovanie interakci\u00ed<\/strong>. Kvalita HD (a\u017e do 1080p) a zvuk s vysokou vernos\u0165ou <strong>pohlcuj\u00faci z\u00e1\u017eitok<\/strong>Str\u00e1nka pon\u00faka aj cel\u00fd rad \u010fal\u0161\u00edch funkci\u00ed, ako je zdie\u013eanie obrazovky a ankety na\u017eivo, ktor\u00e9 zlep\u0161uj\u00fa v\u00fdmeny. Automatick\u00e9 a \u013eudsk\u00e9 moderovanie zabra\u0148uje zneu\u017e\u00edvaniu a zaru\u010duje <strong>prostredie zalo\u017een\u00e9 na spolupr\u00e1ci a re\u0161pekte<\/strong>.<\/p>\n\n\n\n<a href=\"https:\/\/insta-cams.de\/\" target=\"_blank\" rel=\"noopener\">Instacams Deutsch<\/a> | \n<a href=\"https:\/\/instacams.at\/\" target=\"_blank\" rel=\"noopener\">Instacams Deutsch (AT)<\/a> | \n<a href=\"https:\/\/insta-cams.uk\/\" target=\"_blank\" rel=\"noopener\">Instacams English<\/a> | \n<a href=\"https:\/\/instacams.es\/\" target=\"_blank\" rel=\"noopener\">Instacams Espa\u00f1ol<\/a> |  \n<a href=\"https:\/\/instacams.it\/\" target=\"_blank\" rel=\"noopener\">Instacams Italiano<\/a> | \n<a href=\"https:\/\/insta-cams.nl\/\" instacams target=\"_blank\" rel=\"noopener\">Nederlands<\/a> | \n<a href=\"https:\/\/instacams.pt\/\" target=\"_blank\" rel=\"noopener\">Instacams Portugu\u00eas<\/a> | \n<a href=\"https:\/\/insta-cams.pl\/\" target=\"_blank\" rel=\"noopener\">Instacams Polski<\/a> | \n<a href=\"https:\/\/insta-cams.cz\/\" target=\"_blank\" rel=\"noopener\">Instacams \u010ce\u0161tina<\/a> | \n<a href=\"https:\/\/insta-cams.dk\/\" target=\"_blank\" rel=\"noopener\">Instacams Dansk<\/a>\n<\/div>\n\n\n\n<p><\/p>","protected":false},"excerpt":{"rendered":"<p>INSTACAMS OFFICIEL : CHAT DE RENCONTRE ALEATOIRE Inscrivez-vous maintenant sur INSTA CAMS et profitez de 50 cr\u00e9dits OFFERTS \u00e0 votre inscription. S&rsquo;INSCRIRE HOMME S&rsquo;INSCRIRE FEMME Instacams : rejoignez la communaut\u00e9 mondiale d&rsquo;un clic Vous en avez assez des messageries rigides o\u00f9 chaque interaction semble pr\u00e9visible ? Instacams bouscule les codes avec son chat vid\u00e9o al\u00e9atoire &#8230; <a title=\"home1\" class=\"read-more\" href=\"https:\/\/insta-cams.eu\/sk\/\" aria-label=\"Pre\u010d\u00edtajte si viac o home1\">Read more<\/a><\/p>","protected":false},"author":1,"featured_media":0,"parent":0,"menu_order":0,"comment_status":"closed","ping_status":"closed","template":"","meta":{"footnotes":""},"class_list":["post-58","page","type-page","status-publish"],"_links":{"self":[{"href":"https:\/\/insta-cams.eu\/sk\/wp-json\/wp\/v2\/pages\/58","targetHints":{"allow":["GET"]}}],"collection":[{"href":"https:\/\/insta-cams.eu\/sk\/wp-json\/wp\/v2\/pages"}],"about":[{"href":"https:\/\/insta-cams.eu\/sk\/wp-json\/wp\/v2\/types\/page"}],"author":[{"embeddable":true,"href":"https:\/\/insta-cams.eu\/sk\/wp-json\/wp\/v2\/users\/1"}],"replies":[{"embeddable":true,"href":"https:\/\/insta-cams.eu\/sk\/wp-json\/wp\/v2\/comments?post=58"}],"version-history":[{"count":55,"href":"https:\/\/insta-cams.eu\/sk\/wp-json\/wp\/v2\/pages\/58\/revisions"}],"predecessor-version":[{"id":255,"href":"https:\/\/insta-cams.eu\/sk\/wp-json\/wp\/v2\/pages\/58\/revisions\/255"}],"wp:attachment":[{"href":"https:\/\/insta-cams.eu\/sk\/wp-json\/wp\/v2\/media?parent=58"}],"curies":[{"name":"wp","href":"https:\/\/api.w.org\/{rel}","templated":true}]}}