{"id":58,"date":"2025-10-28T04:39:00","date_gmt":"2025-10-28T04:39:00","guid":{"rendered":"https:\/\/insta-cams.eu\/?page_id=58"},"modified":"2025-12-29T16:38:44","modified_gmt":"2025-12-29T16:38:44","slug":"home1","status":"publish","type":"page","link":"https:\/\/insta-cams.eu\/sl\/","title":{"rendered":"home1"},"content":{"rendered":"<section class=\"gb-element-c0819d6c banner\">\n<div class=\"gb-element-0659d418\">\n<div class=\"wp-block-columns is-layout-flex wp-container-core-columns-is-layout-9d6595d7 wp-block-columns-is-layout-flex\">\n<div class=\"wp-block-column is-layout-flow wp-block-column-is-layout-flow\">\n<h2 class=\"gb-text gb-text-155ce4c1\">URADNE INSTACAMS : NAKLJU\u010cNO DATING KLEPET<\/h2>\n\n\n\n<p class=\"has-text-align-center has-base-3-color has-text-color has-link-color wp-elements-c76d1f6cc9fa53b162a03c9e8863f2b2\"><strong>Registrirajte se zdaj pri INSTA CAMS in ob registraciji izkoristite 50 brezpla\u010dnih kreditov.<\/strong><\/p>\n\n\n\n<div class=\"wp-block-columns is-layout-flex wp-container-core-columns-is-layout-9d6595d7 wp-block-columns-is-layout-flex\">\n<div class=\"wp-block-column is-layout-flow wp-block-column-is-layout-flow\" style=\"flex-basis:20px\"><\/div>\n\n\n\n<div class=\"wp-block-column is-layout-flow wp-block-column-is-layout-flow\">\n<a class=\"gb-text gb-text-50c1af7c\" href=\"\/connexion\/\">REGISTRIRAJTE SE KOT MO\u0160KI<\/a>\n<\/div>\n\n\n\n<div class=\"wp-block-column is-layout-flow wp-block-column-is-layout-flow\">\n<a class=\"gb-text gb-text-6d7e1e7e\" href=\"\/connexion\/\">REGISTER \u017dENSKA<\/a>\n<\/div>\n\n\n\n<div class=\"wp-block-column is-layout-flow wp-block-column-is-layout-flow\" style=\"flex-basis:20px\"><\/div>\n<\/div>\n<\/div>\n<\/div>\n<\/div>\n<\/section>\n\n\n\n<div class=\"gb-element-c35e94aa\">\n<h2 class=\"wp-block-heading\">Instacams: pridru\u017eite se globalni skupnosti z enim klikom<\/h2>\n\n\n\n<p>Vous en avez assez des messageries rigides o\u00f9 chaque interaction semble pr\u00e9visible ? <a href=\"https:\/\/instacams.fr\" data-type=\"link\" data-id=\"https:\/\/instacams.fr\" target=\"_blank\" rel=\"noopener\">Instacams<\/a> bouscule les codes avec son chat vid\u00e9o al\u00e9atoire qui vous connecte en un clic \u00e0 des inconnus du globe, sans inscription ni contrainte. Imaginez un espace o\u00f9 la traduction en temps r\u00e9el dissout les barri\u00e8res linguistiques, o\u00f9 un algorithme de jumelage affine vos rencontres selon vos centres d\u2019int\u00e9r\u00eat, ou o\u00f9 un chat de groupe lie jusqu\u2019\u00e0 100 participants pour des \u00e9v\u00e9nements virtuels ou des \u00e9changes collectifs. Plus qu\u2019une plateforme, <strong>vrata za avtenti\u010dne izmenjave<\/strong>Vse v videoposnetkih HD, dostopnih na ra\u010dunalniku, tabli\u010dnem ra\u010dunalniku ali pametnem telefonu.<\/p>\n\n\n\n<ol class=\"wp-block-list\">\n<li><a href=\"#Instacams-connectez-vous-au-monde-entier-en-un-clic\">Instacams: z enim klikom se pove\u017eite s celim svetom<\/a><\/li>\n\n\n\n<li><a href=\"#des-fonctionnalites-con\u00e7ues-pour-des-conversations-sans-frontieres\">Funkcije, namenjene pogovorom brez meja<\/a><\/li>\n\n\n\n<li><a href=\"#une-experience-utilisateur-fluide-et-de-haute-qualite\">teko\u010da, visokokakovostna uporabni\u0161ka izku\u0161nja<\/a><\/li>\n\n\n\n<li><a href=\"#environnement-s\u00fbr-communaut\u00e9-respectueuse\">Varno okolje in spo\u0161tljiva skupnost<\/a><\/li>\n\n\n\n<li><a href=\"#comment-demarrer-votre-premiere-conversation-sur-instacams\">Kako za\u010deti prvi pogovor na InstaCams?<\/a><\/li>\n<\/ol>\n\n\n\n<h2 class=\"wp-block-heading\" id=\"Instacams-connectez-vous-au-monde-entier-en-un-clic\">Instacams: z enim klikom se pove\u017eite s celim svetom<\/h2>\n\n\n\n<p>\u017delite raziskovati razli\u010dne kulture, ne da bi zapustili zaslon? InstaCams odpira vrata v nov svet. <strong>globalno omre\u017eje, v katerem je vsaka povezava odkritje.<\/strong>. Predstavljajte si, da klepetate z nekom v Tokiu, medtem ko udobno sedite doma v Parizu...<\/p>\n\n\n\n<h3 class=\"wp-block-heading\" id=\"Qu-est-ce-que-la-plateforme-instacams\">Kaj je platforma instacams?<\/h3>\n\n\n\n<p>InstaCams je platforma za <strong>takoj\u0161nje video zmenkarije<\/strong> ki va\u0161 zaslon spremeni v mednarodno vozli\u0161\u010de. Zaradi hitrega algoritma za ujemanje lahko stopite v stik z ljudmi iz ve\u010d kot 100 razli\u010dnih dr\u017eav. Ne potrebujete neskon\u010dnih obrazcev, samo z enim klikom lahko za\u010dnete pustolov\u0161\u010dino.<\/p>\n\n\n\n<p>Koncept temelji na spontanosti: med milijoni uporabnikov, <strong>vsaka povezava je presene\u010denje<\/strong>. Ne glede na to, ali \u017eelite raz\u0161iriti svoje kulturno znanje ali preprosto izmenjati nasmehe, vas skupnost InstaCams pozdravlja v varnem in spo\u0161tljivem okolju.<\/p>\n\n\n\n<h3 class=\"wp-block-heading\" id=\"Une-connexion-imm-iate-et-sans-contraintes\">Takoj\u0161nja povezava brez omejitev<\/h3>\n\n\n\n<p>\u017delite klepetati brez \u010dakanja? Ni se vam treba registrirati, ni zapletenih nastavitev: preprosto za\u017eenite spletno kamero in v manj kot 10 sekundah poi\u0161\u010dite nekoga, s katerim se lahko pogovarjate. Ta teko\u010dnost <strong>vsak mesec pritegne na milijone uporabnikov.<\/strong>vedno i\u0161\u010dete nove povezave.<\/p>\n\n\n\n<p>\u010ce vam pogovor ne ustreza, s preprostim klikom najdete nov obraz, novo zgodbo. Ta svoboda izmenjave v kombinaciji z intuitivnim vmesnikom pomeni, da <strong>idealno orodje za sestanke brez ovir<\/strong>. Poskusite in morda boste naleteli na bodo\u010dega prijatelja... ali celo sodelavca na drugem koncu sveta!<\/p>\n\n\n\n<figure class=\"wp-block-table\"><table class=\"has-fixed-layout\"><thead><tr><th>Funkcionalnost<\/th><th>Opis<\/th><\/tr><\/thead><tbody><tr><td>Povezava<\/td><td>Takoj, brez registracije za hiter dostop.<\/td><\/tr><tr><td>Pobratenje<\/td><td>Algoritem tipa \"ruleta\" z mo\u017enostjo filtriranja po spolu.<\/td><\/tr><tr><td>Komunikacija<\/td><td>Prevajanje v realnem \u010dasu, vklju\u010deno v besedilni klepet.<\/td><\/tr><tr><td>Skupinski klepet<\/td><td>Zmogljivost do 100 udele\u017eencev.<\/td><\/tr><tr><td>Kakovost<\/td><td>oddajanje videoposnetkov HD in zvoka visoke lo\u010dljivosti.<\/td><\/tr><tr><td>Dostopnost<\/td><td>Zdru\u017eljiv z ra\u010dunalniki, tablicami in pametnimi telefoni brez namestitve.<\/td><\/tr><\/tbody><\/table><\/figure>\n\n\n\n<h2 class=\"wp-block-heading\" id=\"des-fonctionnalites-con\u00e7ues-pour-des-conversations-sans-frontieres\">Funkcije, namenjene pogovorom brez meja<\/h2>\n\n\n\n<h3 class=\"wp-block-heading\" id=\"un-algorithme-de-jumelage-pour-des-rencontres-surprenantes\">Algoritem za iskanje partnerjev za presenetljiva sre\u010danja<\/h3>\n\n\n\n<p>InstaCams s svojim algoritmom za takoj\u0161nje ujemanje revolucionarno spreminja interakcijo med ljudmi. Z enim samim klikom aplikacija <strong>samodejno povezuje uporabnike z ljudmi po vsem svetu.<\/strong>. Ta sistem tipa ruleta prina\u0161a element presene\u010denja ob vsakem stiku, zato je vsaka seansa edinstvena in razburljiva.<\/p>\n\n\n\n<p>Platforma ponuja naklju\u010dni videoklepet z \u017eenskami, ekskluzivno funkcijo, ki vam omogo\u010da spoznavanje uporabnikov iz razli\u010dnih okolij. Nastavitve (dr\u017eava, jezik, interesi) subtilno vplivajo na postopek ujemanja, pri \u010demer ohranijo bistvene elemente: <strong>\u010dlove\u0161ka pustolov\u0161\u010dina nepri\u010dakovanega sre\u010danja<\/strong>.<\/p>\n\n\n\n<h3 class=\"wp-block-heading\" id=\"brisez-la-barriere-de-la-langue-avec-la-traduction-en-temps-reel\">Premostite jezikovno oviro s prevajanjem v realnem \u010dasu<\/h3>\n\n\n\n<p>Predstavljajte si, da se pogovarjate s prebivalcem Tokia v franco\u0161\u010dini. Zahvaljujo\u010d integriranemu jezikovnemu prevajanju, <strong>InstaCams omogo\u010da, da je ta resni\u010dnost dostopna vsakomur<\/strong>. Ta funkcija takoj de\u0161ifrira besedilna sporo\u010dila in omogo\u010da nemoteno izmenjavo med ljudmi, ki govorijo razli\u010dne jezike.<\/p>\n\n\n\n<p>Z odpravo jezikovnih ovir platforma odpira vrata <strong>resni\u010dno globalna skupnost za izmenjavo kulture<\/strong>. Zdaj lahko klepetate z uporabniki iz Severne Amerike, Azije in Afrike ter vsak pogovor spremenite v obogateno odkritje.<\/p>\n\n\n\n<h3 class=\"wp-block-heading\" id=\"partagez-des-moments-a-plusieurs-avec-le-chat-de-groupe\">Delite skupne trenutke s skupinskim klepetom<\/h3>\n\n\n\n<p>InstaCams presega preproste izmenjave iz o\u010di v o\u010di. Njena spletna stran <strong>skupinski videoklepet za do 100 udele\u017eencev na novo odkriva<\/strong> socialne in poklicne interakcije. S pametnim telefonom ali ra\u010dunalnikom lahko organizirate ve\u010dere spletnih iger, sre\u010danja skupnosti ali izobra\u017eevalne spletne seminarje.<\/p>\n\n\n\n<p>Zaradi te prilagodljivosti se platforma spremeni v vsestranski prostor, v katerem se lahko ideje svobodno pretakajo. Nizka latenca in kakovost HD zagotavljata visoko raven <strong>potopitvena izku\u0161nja<\/strong>Ne glede na to, ali ste gledalec ali organizator dogodka.<\/p>\n\n\n\n<h2 class=\"wp-block-heading\" id=\"une-experience-utilisateur-fluide-et-de-haute-qualite\">teko\u010da, visokokakovostna uporabni\u0161ka izku\u0161nja<\/h2>\n\n\n\n<p>Jamstva InstaCams <strong>takoj\u0161nja povezava brez trenja<\/strong>To omogo\u010dajo napredne tehnologije in preprost vmesnik. Platforma se prilagaja potrebam uporabnikov, ki \u017eelijo jasne in naravne izmenjave, hkrati pa zmanj\u0161uje tehni\u010dne ovire.<\/p>\n\n\n\n<h3 class=\"wp-block-heading\" id=\"une-qualite-video-et-audio-immersive\">O\u010darljiva kakovost videoposnetkov in zvoka<\/h3>\n\n\n\n<p>Pogovori na kameri InstaCams so podprti z videoposnetki HD do 1080p s hitrostjo osve\u017eevanja 60 sli\u010dic na sekundo. Zakasnitev je manj\u0161a, kar prepre\u010duje zamik in omogo\u010da naravno interakcijo. Visokokakovostni zvok v kombinaciji s tehnologijo za odpravljanje okoli\u0161kega hrupa zagotavlja kristalno \u010disto komunikacijo. Te zdru\u017eene tehnologije spremenijo vsako interakcijo v <strong>poglobljena izku\u0161nja<\/strong>Vsaka beseda in gesta sta natan\u010dno ujeti. Platforma samodejno prilagaja kakovost videa glede na pasovno \u0161irino, kar zagotavlja nemoteno pretakanje tudi pri spremenljivih povezavah.<\/p>\n\n\n\n<h3 class=\"wp-block-heading\" id=\"une-plateforme-accessible-partout-et-pour-tous\">Platforma, ki je dostopna povsod in za vsakogar<\/h3>\n\n\n\n<p>InstaCams je zasnovan tako, da ga lahko uporabljate v kateri koli napravi: ra\u010dunalniku, tabli\u010dnem ra\u010dunalniku ali pametnem telefonu, ne da bi bilo treba namestiti kakr\u0161no koli programsko opremo. Jasen in intuitiven vmesnik pomeni, da ga lahko takoj za\u010dnejo uporabljati tudi za\u010detniki. Mo\u017enosti, kot so svetle\/temne teme in integrirano prevajanje, olaj\u0161ajo prilagajanje in mednarodno interakcijo. Tako lahko vsak uporabnik, ne glede na to, kje se nahaja in kak\u0161na je njegova naprava, izkoristi prednosti <strong>takoj\u0161en in enostaven dostop, ki pove\u010duje dru\u017ebeno anga\u017eiranost.<\/strong> zahvaljujo\u010d raznoliki skupnosti.<\/p>\n\n\n\n<ul class=\"wp-block-list\">\n<li>Gladko pretakanje videoposnetkov v <strong>Kakovost HD za ostre slike<\/strong>.<\/li>\n\n\n\n<li><strong>Kristalno \u010dist zvok<\/strong> z visokokakovostnim zvokom in zmanj\u0161anjem hrupa iz okolice.<\/li>\n\n\n\n<li>Intuitiven vmesnik, zasnovan za <strong>takoj\u0161nje in lahkotno upravljanje<\/strong>.<\/li>\n\n\n\n<li>A <strong>neposreden dostop iz spletnega brskalnika<\/strong>v kateri koli napravi.<\/li>\n<\/ul>\n\n\n\n<h2 class=\"wp-block-heading\" id=\"environnement-s\u00fbr-communaut\u00e9-respectueuse\">Varno okolje in spo\u0161tljiva skupnost<\/h2>\n\n\n\n<h3 class=\"wp-block-heading\" id=\"protection-vie-privee\">Varovanje va\u0161e zasebnosti je prednostna naloga<\/h3>\n\n\n\n<p>InstaCams postavlja <strong>varnost v sredi\u0161\u010du svojega delovanja<\/strong> zaradi naprednih protokolov \u0161ifriranja. Te tehnologije zagotavljajo zaupnost izmenjave videoposnetkov in prepre\u010dujejo nepoobla\u0161\u010den dostop. Redne varnostne revizije pomagajo ohranjati te visoke standarde, saj proaktivno odkrivajo in odpravljajo ranljivosti. Uporabniki imajo na voljo prilagodljive mo\u017enosti zaupnosti, kot sta upravljanje vidnosti njihovega profila in aktiviranje dvostopenjskega preverjanja pristnosti (prek sporo\u010dila SMS ali namenske aplikacije), s \u010dimer se okrepi za\u0161\u010dita ra\u010duna. Spodbuja se anonimnost z minimalisti\u010dnim postopkom registracije, ki prepre\u010duje zbiranje ob\u010dutljivih podatkov.<\/p>\n\n\n\n<h3 class=\"wp-block-heading\" id=\"outils-moderation\">Orodja za moderiranje prijateljskih izmenjav<\/h3>\n\n\n\n<p>Ohranjanje pozitivnega okolja, <strong>InstaCams zdru\u017euje samodejno filtriranje z umetno inteligenco in \u010dlove\u0161ko posredovanje<\/strong>. Umetna inteligenca v realnem \u010dasu analizira video tokove in besedilno vsebino ter s pomo\u010djo klju\u010dnih besed ali predlog za poro\u010danje zazna neprimerno vedenje. Ekipe moderatorjev se hitro odzovejo na prijave in zagotovijo, da zapletene primere spremlja \u010dlove\u0161ko posredovanje. Uporabniki imajo na voljo intuitivna orodja, s katerimi lahko s klikom na gumb blokirajo ne\u017eelene stike ali jih prijavijo, kar jim daje ve\u010dji ob\u010dutek nadzora. Jasne smernice skupnosti opredeljujejo sprejemljivo vedenje ter spodbujajo spo\u0161tovanje in vljudnost v globalnih interakcijah.<\/p>\n\n\n\n<ul class=\"wp-block-list\">\n<li>Napredni protokoli \u0161ifriranja za <strong>najve\u010dja zaupnost pogovorov<\/strong>.<\/li>\n\n\n\n<li>hibridni sistem moderiranja (umetna inteligenca + posebne ekipe), ki zagotavlja <strong>varen prostor.<\/strong>.<\/li>\n\n\n\n<li><strong>Mo\u017enosti takoj\u0161njega blokiranja in poro\u010danja<\/strong> za proaktivno upravljanje interakcij.<\/li>\n\n\n\n<li><strong>Prilagodljive nastavitve zasebnosti<\/strong>Tako lahko prilagodite vidnost svojega profila in obvestil.<\/li>\n<\/ul>\n\n\n\n<h2 class=\"wp-block-heading\" id=\"comment-demarrer-votre-premiere-conversation-sur-instacams\">Kako za\u010deti prvi pogovor na InstaCams?<\/h2>\n\n\n\n<h3 class=\"wp-block-heading\" id=\"votre-guide-pas-a-pas-pour-une-connexion-reussie\">Vodnik po korakih do uspe\u0161ne povezave<\/h3>\n\n\n\n<p>InstaCams vas v nekaj sekundah pove\u017ee z uporabniki po vsem svetu. S preprostim vmesnikom in intuitivnim postopkom, <strong>lahko sodelujete v spontanih in pristnih razpravah.<\/strong>kjer vsak klik odpre vrata v novo zgodbo.<\/p>\n\n\n\n<ol class=\"wp-block-list\">\n<li><strong>Pripravite opremo<\/strong> Vklju\u010dite spletno kamero in preverite, ali mikrofon deluje. Nemotena internetna povezava in ustrezna osvetlitev zagotavljata dobro vidljivost za topel prvi vtis.<\/li>\n\n\n\n<li><strong>Za\u010detek povezave<\/strong> Pojdite na spletno mesto in kliknite \"Za\u010dni klepetati\". Algoritem za takoj\u0161nje ujemanje vas v trenutku pove\u017ee z naklju\u010dnim uporabnikom, brez \u010dakanja in zapletov.<\/li>\n\n\n\n<li><strong>Prilagodite izku\u0161njo (neobvezno)<\/strong> Z nekaj kliki ustvarite brezpla\u010den ra\u010dun in dolo\u010dite svoje nastavitve (jezik, interesi). S tem boste izbolj\u0161ali zadetke in pove\u010dali mo\u017enosti za sre\u010danje s profili, ki ustrezajo va\u0161im pri\u010dakovanjem.<\/li>\n\n\n\n<li><strong>Za\u010dnite pogovor<\/strong> Bodite radovedni in spo\u0161tljivi. Za\u010dnite z odprtim vpra\u0161anjem, kot je \"Katera je va\u0161a najljub\u0161a tradicionalna jed?\", da ustvarite naravno in zanimivo izmenjavo mnenj.<\/li>\n<\/ol>\n\n\n\n<p>InstaCams, ki je prisoten v ve\u010d kot 100 dr\u017eavah, zdru\u017euje hitrost, varnost (\u0161ifriranje od konca do konca) in dostopnost na vseh napravah (pametni telefoni, ra\u010dunalniki, tabli\u010dni ra\u010dunalniki). Ta platforma spodbuja <strong>pozitivne med\u010dlove\u0161ke povezave.<\/strong>idealno za vadbo jezika, odkrivanje novih kultur ali preprosto prijateljski klepet. Ste se pripravljeni nasmehniti neznanemu?<\/p>\n\n\n\n<p>InstaCams na novo ustvarja spletne izmenjave z intuitivno in varno platformo za <strong>naklju\u010dna video sre\u010danja<\/strong>. Dostop brez registracije, prevajanje v realnem \u010dasu in inovativna orodja <strong>prestopanje kulturnih in jezikovnih ovir.<\/strong>. Idealen je za spontane ali strukturirane izmenjave. <strong>zdru\u017euje enostavnost, kakovost in varnost<\/strong> za povezano izku\u0161njo.<\/p>\n\n\n\n<h2 class=\"wp-block-heading\">POGOSTA VPRA\u0160ANJA<\/h2>\n\n\n\n<h3 class=\"wp-block-heading\">Ali lahko uporabljam kamere Instacams, ne da bi si ustvaril ra\u010dun?<\/h3>\n\n\n\n<p>Da, Instacams ponuja <strong>takoj\u0161en dostop brez potrebe po registraciji<\/strong>. Izberite \u017eanr in kliknite \"Za\u010dni klepetati\", da <strong>naklju\u010dno vzpostaviti stik z uporabnikom s katerega koli kraja na svetu.<\/strong>. Ta enostavnost uporabe pomeni, da lahko <strong>za\u010deti video pogovor v manj kot 10 sekundah<\/strong>Idealen je za tiste, ki se \u017eelijo izogniti birokraciji. \u0160e vedno pa je na voljo mo\u017enost registracije, s katero lahko prilagodite svoje nastavitve (jezik, interesna podro\u010dja) in dostopate do naprednih funkcij.<\/p>\n\n\n\n<h3 class=\"wp-block-heading\">Kako Instacams zagotavlja varnost uporabnikov?<\/h3>\n\n\n\n<p>Instacams postavlja <strong>varnost in zaupnost v sredi\u0161\u010du svojega delovanja.<\/strong>. Klici in sporo\u010dila so za\u0161\u010diteni s \u0161ifriranjem od konca do konca, kar zagotavlja, da <strong>do vsebine lahko dostopajo samo udele\u017eenci.<\/strong> izmenjave. Orodja za <strong>moderiranje, ki zdru\u017euje ekipe umetne inteligence in ljudi.<\/strong> spremljajo interakcije v realnem \u010dasu, uporabniki pa lahko blokirajo ali prijavijo neprimerno vedenje. Za\u0161\u010dito osebnih podatkov izbolj\u0161ujejo tudi napredne nastavitve (dvostopenjsko preverjanje pristnosti, vidnost profila).<\/p>\n\n\n\n<h3 class=\"wp-block-heading\">Ali lahko kamere Instacam uporabljate v telefonu ali tabli\u010dnem ra\u010dunalniku?<\/h3>\n\n\n\n<p>Absolutno! Instacams je zasnovan za uporabo na <strong>vsi mediji<\/strong> ra\u010dunalniki, pametni telefoni in tabli\u010dni ra\u010dunalniki. <strong>Prenos ali namestitev ni potrebna<\/strong>Vmesnik se samodejno prilagaja zaslonu z intuitivno navigacijo in funkcijami, kot so svetle in temne teme, za \u010dim bolj preprosto uporabo, ne glede na to, ali ste doma ali na poti. Vmesnik se samodejno prilagaja zaslonu z intuitivno navigacijo in funkcijami, kot so svetle\/temne teme za optimalno enostavnost uporabe, ne glede na to, ali ste doma ali na poti.<\/p>\n\n\n\n<h3 class=\"wp-block-heading\">Ali je mogo\u010de sistem naklju\u010dnega ujemanja prilagoditi?<\/h3>\n\n\n\n<p>Naklju\u010dno ujemanje, podpis Instacams, je <strong>zasnovan tako, da preseneti in hkrati ostane teko\u010d.<\/strong>. Inteligentni algoritem takoj pove\u017ee uporabnike, pri \u010demer lahko nastavite nastavitve, kot so jezik ali interesi, in tako izbolj\u0161ate rezultate. \u010ce vam razprava ni v\u0161e\u010d, preprosto kliknite \"Naprej\". <strong>vas preusmeri k novemu partnerju.<\/strong>. Ta pristop zdru\u017euje spontanost in nadzor ter spodbuja raznolike in zanimive izmenjave.<\/p>\n\n\n\n<h3 class=\"wp-block-heading\">Kako delujejo skupinski video klici v kameri Instacams?<\/h3>\n\n\n\n<p>Instacams omogo\u010da <strong>skupinske razprave z do 100 udele\u017eenci.<\/strong>idealen za dogodke, kot so spletni seminarji, ve\u010deri s prijatelji ali poslovni sestanki. Orodja za upravljanje (dodeljene vloge, namenski prostori) pomagajo <strong>strukturiranje interakcij<\/strong>. Kakovost HD (do 1080p) in zvok visoke lo\u010dljivosti zagotavljata <strong>poglobljena izku\u0161nja<\/strong>Spletno mesto ponuja tudi vrsto drugih funkcij, kot so souporaba zaslona in ankete v \u017eivo, s katerimi lahko izbolj\u0161ate izmenjave. Samodejno in \u010dlove\u0161ko moderiranje prepre\u010duje zlorabe in zagotavlja <strong>sodelovalno in spo\u0161tljivo okolje.<\/strong>.<\/p>\n\n\n\n<a href=\"https:\/\/insta-cams.de\/\" target=\"_blank\" rel=\"noopener\">Instacams Deutsch<\/a> | \n<a href=\"https:\/\/instacams.at\/\" target=\"_blank\" rel=\"noopener\">Instacams Deutsch (AT)<\/a> | \n<a href=\"https:\/\/insta-cams.uk\/\" target=\"_blank\" rel=\"noopener\">Instacams English<\/a> | \n<a href=\"https:\/\/instacams.es\/\" target=\"_blank\" rel=\"noopener\">Instacams Espa\u00f1ol<\/a> |  \n<a href=\"https:\/\/instacams.it\/\" target=\"_blank\" rel=\"noopener\">Instacams Italiano<\/a> | \n<a href=\"https:\/\/insta-cams.nl\/\" instacams target=\"_blank\" rel=\"noopener\">Nederlands<\/a> | \n<a href=\"https:\/\/instacams.pt\/\" target=\"_blank\" rel=\"noopener\">Instacams Portugu\u00eas<\/a> | \n<a href=\"https:\/\/insta-cams.pl\/\" target=\"_blank\" rel=\"noopener\">Instacams Polski<\/a> | \n<a href=\"https:\/\/insta-cams.cz\/\" target=\"_blank\" rel=\"noopener\">Instacams \u010ce\u0161tina<\/a> | \n<a href=\"https:\/\/insta-cams.dk\/\" target=\"_blank\" rel=\"noopener\">Instacams Dansk<\/a>\n<\/div>\n\n\n\n<p><\/p>","protected":false},"excerpt":{"rendered":"<p>INSTACAMS OFFICIEL : CHAT DE RENCONTRE ALEATOIRE Inscrivez-vous maintenant sur INSTA CAMS et profitez de 50 cr\u00e9dits OFFERTS \u00e0 votre inscription. S&rsquo;INSCRIRE HOMME S&rsquo;INSCRIRE FEMME Instacams : rejoignez la communaut\u00e9 mondiale d&rsquo;un clic Vous en avez assez des messageries rigides o\u00f9 chaque interaction semble pr\u00e9visible ? Instacams bouscule les codes avec son chat vid\u00e9o al\u00e9atoire &#8230; <a title=\"home1\" class=\"read-more\" href=\"https:\/\/insta-cams.eu\/sl\/\" aria-label=\"Read more about home1\">Read more<\/a><\/p>","protected":false},"author":1,"featured_media":0,"parent":0,"menu_order":0,"comment_status":"closed","ping_status":"closed","template":"","meta":{"footnotes":""},"class_list":["post-58","page","type-page","status-publish"],"_links":{"self":[{"href":"https:\/\/insta-cams.eu\/sl\/wp-json\/wp\/v2\/pages\/58","targetHints":{"allow":["GET"]}}],"collection":[{"href":"https:\/\/insta-cams.eu\/sl\/wp-json\/wp\/v2\/pages"}],"about":[{"href":"https:\/\/insta-cams.eu\/sl\/wp-json\/wp\/v2\/types\/page"}],"author":[{"embeddable":true,"href":"https:\/\/insta-cams.eu\/sl\/wp-json\/wp\/v2\/users\/1"}],"replies":[{"embeddable":true,"href":"https:\/\/insta-cams.eu\/sl\/wp-json\/wp\/v2\/comments?post=58"}],"version-history":[{"count":55,"href":"https:\/\/insta-cams.eu\/sl\/wp-json\/wp\/v2\/pages\/58\/revisions"}],"predecessor-version":[{"id":255,"href":"https:\/\/insta-cams.eu\/sl\/wp-json\/wp\/v2\/pages\/58\/revisions\/255"}],"wp:attachment":[{"href":"https:\/\/insta-cams.eu\/sl\/wp-json\/wp\/v2\/media?parent=58"}],"curies":[{"name":"wp","href":"https:\/\/api.w.org\/{rel}","templated":true}]}}