{"id":58,"date":"2025-10-28T04:39:00","date_gmt":"2025-10-28T04:39:00","guid":{"rendered":"https:\/\/insta-cams.eu\/?page_id=58"},"modified":"2025-12-29T16:38:44","modified_gmt":"2025-12-29T16:38:44","slug":"home1","status":"publish","type":"page","link":"https:\/\/insta-cams.eu\/sv\/","title":{"rendered":"home1"},"content":{"rendered":"<section class=\"gb-element-c0819d6c banner\">\n<div class=\"gb-element-0659d418\">\n<div class=\"wp-block-columns is-layout-flex wp-container-core-columns-is-layout-9d6595d7 wp-block-columns-is-layout-flex\">\n<div class=\"wp-block-column is-layout-flow wp-block-column-is-layout-flow\">\n<h2 class=\"gb-text gb-text-155ce4c1\">OFFICIELLA INSTACAMS : SLUMPM\u00c4SSIG DEJTINGCHATT<\/h2>\n\n\n\n<p class=\"has-text-align-center has-base-3-color has-text-color has-link-color wp-elements-c76d1f6cc9fa53b162a03c9e8863f2b2\"><strong>Registrera dig nu med INSTA CAMS och dra nytta av 50 GRATIS krediter n\u00e4r du registrerar dig.<\/strong><\/p>\n\n\n\n<div class=\"wp-block-columns is-layout-flex wp-container-core-columns-is-layout-9d6595d7 wp-block-columns-is-layout-flex\">\n<div class=\"wp-block-column is-layout-flow wp-block-column-is-layout-flow\" style=\"flex-basis:20px\"><\/div>\n\n\n\n<div class=\"wp-block-column is-layout-flow wp-block-column-is-layout-flow\">\n<a class=\"gb-text gb-text-50c1af7c\" href=\"\/connexion\/\">REGISTRERA DIG SOM MAN<\/a>\n<\/div>\n\n\n\n<div class=\"wp-block-column is-layout-flow wp-block-column-is-layout-flow\">\n<a class=\"gb-text gb-text-6d7e1e7e\" href=\"\/connexion\/\">REGISTRERA KVINNA<\/a>\n<\/div>\n\n\n\n<div class=\"wp-block-column is-layout-flow wp-block-column-is-layout-flow\" style=\"flex-basis:20px\"><\/div>\n<\/div>\n<\/div>\n<\/div>\n<\/div>\n<\/section>\n\n\n\n<div class=\"gb-element-c35e94aa\">\n<h2 class=\"wp-block-heading\">Instacams: bli en del av den globala gemenskapen med ett klick<\/h2>\n\n\n\n<p>Vous en avez assez des messageries rigides o\u00f9 chaque interaction semble pr\u00e9visible ? <a href=\"https:\/\/instacams.fr\" data-type=\"link\" data-id=\"https:\/\/instacams.fr\" target=\"_blank\" rel=\"noopener\">Instacams<\/a> bouscule les codes avec son chat vid\u00e9o al\u00e9atoire qui vous connecte en un clic \u00e0 des inconnus du globe, sans inscription ni contrainte. Imaginez un espace o\u00f9 la traduction en temps r\u00e9el dissout les barri\u00e8res linguistiques, o\u00f9 un algorithme de jumelage affine vos rencontres selon vos centres d\u2019int\u00e9r\u00eat, ou o\u00f9 un chat de groupe lie jusqu\u2019\u00e0 100 participants pour des \u00e9v\u00e9nements virtuels ou des \u00e9changes collectifs. Plus qu\u2019une plateforme, <strong>en ink\u00f6rsport till autentiska utbyten<\/strong>Allt i HD-video, tillg\u00e4ngligt p\u00e5 dator, surfplatta eller smartphone.<\/p>\n\n\n\n<ol class=\"wp-block-list\">\n<li><a href=\"#Instacams-connectez-vous-au-monde-entier-en-un-clic\">Instacams: f\u00e5 kontakt med hela v\u00e4rlden med ett klick<\/a><\/li>\n\n\n\n<li><a href=\"#des-fonctionnalites-con\u00e7ues-pour-des-conversations-sans-frontieres\">Funktioner utformade f\u00f6r gr\u00e4nsl\u00f6sa konversationer<\/a><\/li>\n\n\n\n<li><a href=\"#une-experience-utilisateur-fluide-et-de-haute-qualite\">En smidig anv\u00e4ndarupplevelse av h\u00f6g kvalitet<\/a><\/li>\n\n\n\n<li><a href=\"#environnement-s\u00fbr-communaut\u00e9-respectueuse\">En s\u00e4ker milj\u00f6 och en respektfull gemenskap<\/a><\/li>\n\n\n\n<li><a href=\"#comment-demarrer-votre-premiere-conversation-sur-instacams\">Hur startar du din f\u00f6rsta konversation p\u00e5 InstaCams?<\/a><\/li>\n<\/ol>\n\n\n\n<h2 class=\"wp-block-heading\" id=\"Instacams-connectez-vous-au-monde-entier-en-un-clic\">Instacams: f\u00e5 kontakt med hela v\u00e4rlden med ett klick<\/h2>\n\n\n\n<p>Vill du utforska olika kulturer utan att l\u00e4mna din sk\u00e4rm? InstaCams \u00f6ppnar d\u00f6rrarna till en ny v\u00e4rld. <strong>ett globalt n\u00e4tverk d\u00e4r varje uppkoppling \u00e4r en uppt\u00e4ckt<\/strong>. T\u00e4nk dig att chatta med n\u00e5gon i Tokyo medan du sitter bekv\u00e4mt hemma i Paris...<\/p>\n\n\n\n<h3 class=\"wp-block-heading\" id=\"Qu-est-ce-que-la-plateforme-instacams\">Vad \u00e4r instacams plattform?<\/h3>\n\n\n\n<p>InstaCams \u00e4r en plattform f\u00f6r <strong>omedelbar videodejting<\/strong> som f\u00f6rvandlar din sk\u00e4rm till en internationell hubb. Tack vare en snabb matchningsalgoritm kan du komma i kontakt med m\u00e4nniskor fr\u00e5n \u00f6ver 100 olika l\u00e4nder. Det beh\u00f6vs inga o\u00e4ndliga formul\u00e4r, bara ett klick f\u00f6r att starta \u00e4ventyret.<\/p>\n\n\n\n<p>Konceptet bygger p\u00e5 spontanitet: bland miljontals anv\u00e4ndare, <strong>varje kontakt \u00e4r en \u00f6verraskning<\/strong>. Oavsett om du vill ut\u00f6ka din kulturella kunskap eller bara utbyta leenden, v\u00e4lkomnar InstaCams-communityn dig i en s\u00e4ker och respektfull milj\u00f6.<\/p>\n\n\n\n<h3 class=\"wp-block-heading\" id=\"Une-connexion-imm-iate-et-sans-contraintes\">Omedelbar anslutning utan begr\u00e4nsningar<\/h3>\n\n\n\n<p>Vill du chatta utan att v\u00e4nta? Du beh\u00f6ver inte registrera dig, ingen komplicerad konfiguration: starta bara din webbkamera och hitta n\u00e5gon att prata med p\u00e5 mindre \u00e4n 10 sekunder. Denna smidighet <strong>lockar miljontals anv\u00e4ndare varje m\u00e5nad<\/strong>alltid p\u00e5 jakt efter nya kontakter.<\/p>\n\n\n\n<p>Om konversationen inte passar dig, tar ett enkelt klick dig till ett nytt ansikte, en ny ber\u00e4ttelse. Denna frihet att utbyta information, i kombination med ett intuitivt gr\u00e4nssnitt, inneb\u00e4r att <strong>det perfekta verktyget f\u00f6r barri\u00e4rfria m\u00f6ten<\/strong>. G\u00f6r ett f\u00f6rs\u00f6k och du kan st\u00f6ta p\u00e5 en framtida v\u00e4n ... eller till och med en arbetskamrat p\u00e5 andra sidan jorden!<\/p>\n\n\n\n<figure class=\"wp-block-table\"><table class=\"has-fixed-layout\"><thead><tr><th>Funktionalitet<\/th><th>Beskrivning<\/th><\/tr><\/thead><tbody><tr><td>Anslutning<\/td><td>Direkt, ingen registrering kr\u00e4vs f\u00f6r snabb \u00e5tkomst.<\/td><\/tr><tr><td>Twinning<\/td><td>Algoritm av typen \"Roulette\" med k\u00f6nsfilter tillg\u00e4ngligt.<\/td><\/tr><tr><td>Kommunikation<\/td><td>Realtids\u00f6vers\u00e4ttning integrerad i textchatt.<\/td><\/tr><tr><td>Gruppchatt<\/td><td>Kapacitet f\u00f6r upp till 100 deltagare.<\/td><\/tr><tr><td>Kvalitet<\/td><td>S\u00e4ndning av HD-video och ljud med h\u00f6g kvalitet.<\/td><\/tr><tr><td>Tillg\u00e4nglighet<\/td><td>Kompatibel med datorer, surfplattor och smartphones utan installation.<\/td><\/tr><\/tbody><\/table><\/figure>\n\n\n\n<h2 class=\"wp-block-heading\" id=\"des-fonctionnalites-con\u00e7ues-pour-des-conversations-sans-frontieres\">Funktioner utformade f\u00f6r gr\u00e4nsl\u00f6sa konversationer<\/h2>\n\n\n\n<h3 class=\"wp-block-heading\" id=\"un-algorithme-de-jumelage-pour-des-rencontres-surprenantes\">En matchningsalgoritm f\u00f6r \u00f6verraskande m\u00f6ten<\/h3>\n\n\n\n<p>InstaCams revolutionerar m\u00e4nsklig interaktion med sin algoritm f\u00f6r omedelbar matchning. Med bara ett klick kan applikationen <strong>automatiskt kopplar samman anv\u00e4ndare med m\u00e4nniskor \u00f6ver hela v\u00e4rlden<\/strong>. Detta \"roulette\"-liknande system ger ett \u00f6verraskningsmoment vid varje anslutning, vilket g\u00f6r varje session unik och sp\u00e4nnande.<\/p>\n\n\n\n<p>Plattformen erbjuder en slumpm\u00e4ssig videochatt med kvinnor, en exklusiv funktion som l\u00e5ter dig tr\u00e4ffa anv\u00e4ndare fr\u00e5n olika bakgrunder. Preferenser (land, spr\u00e5k, intressen) p\u00e5verkar subtilt matchningsprocessen, samtidigt som de beh\u00e5ller det v\u00e4sentliga: <strong>det m\u00e4nskliga \u00e4ventyret i ett ov\u00e4ntat m\u00f6te<\/strong>.<\/p>\n\n\n\n<h3 class=\"wp-block-heading\" id=\"brisez-la-barriere-de-la-langue-avec-la-traduction-en-temps-reel\">Bryt spr\u00e5kbarri\u00e4ren med \u00f6vers\u00e4ttning i realtid<\/h3>\n\n\n\n<p>T\u00e4nk dig att chatta med en Tokyobo och samtidigt tala franska. Tack vare integrerad spr\u00e5k\u00f6vers\u00e4ttning, <strong>InstaCams g\u00f6r denna verklighet tillg\u00e4nglig f\u00f6r alla<\/strong>. Denna funktion avkodar textmeddelanden direkt, vilket m\u00f6jligg\u00f6r smidiga utbyten mellan personer som talar olika spr\u00e5k.<\/p>\n\n\n\n<p>Genom att ta bort spr\u00e5kbarri\u00e4rer \u00f6ppnar plattformen d\u00f6rren till <strong>en verkligt global gemenskap f\u00f6r att dela kultur<\/strong>. Nu kan du chatta med anv\u00e4ndare fr\u00e5n Nordamerika, Asien och Afrika och g\u00f6ra varje konversation till en berikande uppt\u00e4ckt.<\/p>\n\n\n\n<h3 class=\"wp-block-heading\" id=\"partagez-des-moments-a-plusieurs-avec-le-chat-de-groupe\">Dela stunder tillsammans med gruppchatt<\/h3>\n\n\n\n<p>InstaCams g\u00e5r ut\u00f6ver enkla utbyten ansikte mot ansikte. Dess <strong>gruppvideochatt f\u00f6r upp till 100 deltagare \u00e5teruppfinner<\/strong> social och professionell interaktion. Organisera spelkv\u00e4llar, m\u00f6ten eller webbseminarier online fr\u00e5n din smartphone eller dator.<\/p>\n\n\n\n<p>Denna flexibilitet f\u00f6rvandlar plattformen till ett m\u00e5ngsidigt utrymme d\u00e4r id\u00e9er kan fl\u00f6da fritt. L\u00e5g latens och HD-kvalitet garanterar en h\u00f6g niv\u00e5 av <strong>uppslukande upplevelse<\/strong>Oavsett om du \u00e4r \u00e5sk\u00e5dare eller eventarrang\u00f6r.<\/p>\n\n\n\n<h2 class=\"wp-block-heading\" id=\"une-experience-utilisateur-fluide-et-de-haute-qualite\">En smidig anv\u00e4ndarupplevelse av h\u00f6g kvalitet<\/h2>\n\n\n\n<p>InstaCams garantier <strong>omedelbar, friktionsfri anslutning<\/strong>Detta m\u00f6jligg\u00f6rs genom avancerad teknik och ett gr\u00e4nssnitt som \u00e4r utformat f\u00f6r enkelhet. Plattformen anpassar sig till behoven hos anv\u00e4ndare som vill ha tydliga och naturliga utbyten, samtidigt som de tekniska hindren minimeras.<\/p>\n\n\n\n<h3 class=\"wp-block-heading\" id=\"une-qualite-video-et-audio-immersive\">Uppslukande video- och ljudkvalitet<\/h3>\n\n\n\n<p>Konversationer p\u00e5 InstaCams drar nytta av HD-video i upp till 1080p, med en uppdateringsfrekvens p\u00e5 60 bilder per sekund. Latensen minskas, vilket undviker f\u00f6rdr\u00f6jning och g\u00f6r interaktioner naturliga. H\u00f6gkvalitativt ljud, kombinerat med teknik f\u00f6r brusreducering, s\u00e4kerst\u00e4ller kristallklar kommunikation. Dessa kombinerade tekniker g\u00f6r varje interaktion till en <strong>en uppslukande upplevelse<\/strong>Varje ord och gest f\u00e5ngas med precision. Plattformen anpassar automatiskt videokvaliteten efter bandbredden, vilket garanterar smidig streaming \u00e4ven med varierande anslutningar.<\/p>\n\n\n\n<h3 class=\"wp-block-heading\" id=\"une-plateforme-accessible-partout-et-pour-tous\">En plattform som \u00e4r tillg\u00e4nglig \u00f6verallt och f\u00f6r alla<\/h3>\n\n\n\n<p>InstaCams \u00e4r utformat f\u00f6r att anv\u00e4ndas p\u00e5 alla enheter: dator, surfplatta eller smartphone, utan att beh\u00f6va installera n\u00e5gon programvara. Det tydliga, intuitiva gr\u00e4nssnittet inneb\u00e4r att \u00e4ven nyb\u00f6rjare kan ta tag i det direkt. Alternativ som ljusa\/m\u00f6rka teman och integrerad \u00f6vers\u00e4ttning g\u00f6r anpassningen och den internationella interaktionen enkel. Alla anv\u00e4ndare, var de \u00e4n befinner sig och oavsett vilken enhet de anv\u00e4nder, kan dra nytta av en <strong>omedelbar, okomplicerad \u00e5tkomst, vilket \u00f6kar det sociala engagemanget<\/strong> tack vare ett m\u00e5ngsidigt samh\u00e4lle.<\/p>\n\n\n\n<ul class=\"wp-block-list\">\n<li>Smidig videostreaming i <strong>HD-kvalitet f\u00f6r skarpa bilder<\/strong>.<\/li>\n\n\n\n<li><strong>Ett kristallklart ljud<\/strong> tack vare ljud med h\u00f6g kvalitet och reducering av omgivningsljud.<\/li>\n\n\n\n<li>Ett intuitivt gr\u00e4nssnitt utformat f\u00f6r <strong>omedelbar, enkel hantering<\/strong>.<\/li>\n\n\n\n<li>A <strong>direkt\u00e5tkomst fr\u00e5n din webbl\u00e4sare<\/strong>p\u00e5 vilken enhet som helst.<\/li>\n<\/ul>\n\n\n\n<h2 class=\"wp-block-heading\" id=\"environnement-s\u00fbr-communaut\u00e9-respectueuse\">En s\u00e4ker milj\u00f6 och en respektfull gemenskap<\/h2>\n\n\n\n<h3 class=\"wp-block-heading\" id=\"protection-vie-privee\">Att skydda din integritet \u00e4r en prioritet<\/h3>\n\n\n\n<p>InstaCams s\u00e4tter <strong>s\u00e4kerhet i centrum f\u00f6r verksamheten<\/strong> tack vare avancerade krypteringsprotokoll. Dessa tekniker s\u00e4kerst\u00e4ller sekretessen f\u00f6r videoutbyten och blockerar all obeh\u00f6rig \u00e5tkomst. Regelbundna s\u00e4kerhetsrevisioner bidrar till att uppr\u00e4tth\u00e5lla dessa h\u00f6ga standarder genom att proaktivt identifiera och korrigera s\u00e5rbarheter. Anv\u00e4ndarna har tillg\u00e5ng till anpassningsbara sekretessalternativ, som att hantera synligheten f\u00f6r sin profil och aktivera tv\u00e5faktorsautentisering (via SMS eller en s\u00e4rskild applikation), vilket st\u00e4rker kontots skydd. Anonymitet uppmuntras, med en minimalistisk registreringsprocess som undviker insamling av k\u00e4nslig information.<\/p>\n\n\n\n<h3 class=\"wp-block-heading\" id=\"outils-moderation\">Modereringsverktyg f\u00f6r v\u00e4nskapliga utbyten<\/h3>\n\n\n\n<p>Att bevara en positiv milj\u00f6, <strong>InstaCams kombinerar automatiserad AI-filtrering och m\u00e4nsklig intervention<\/strong>. Artificiell intelligens analyserar videostr\u00f6mmar och textinneh\u00e5ll i realtid och uppt\u00e4cker ol\u00e4mpligt beteende med hj\u00e4lp av nyckelord eller rapporteringsmallar. Team av moderatorer svarar snabbt p\u00e5 rapporter och ser till att komplexa fall f\u00f6ljs upp av m\u00e4nsklig inblandning. Anv\u00e4ndarna har intuitiva verktyg f\u00f6r att blockera eller rapportera o\u00f6nskad kontakt med en enkel knapptryckning, vilket ger dem en st\u00f6rre k\u00e4nsla av kontroll. Tydliga riktlinjer f\u00f6r communityt definierar acceptabelt beteende och fr\u00e4mjar respekt och artighet i globala interaktioner.<\/p>\n\n\n\n<ul class=\"wp-block-list\">\n<li>Avancerade krypteringsprotokoll f\u00f6r <strong>maximal sekretess f\u00f6r samtal<\/strong>.<\/li>\n\n\n\n<li>Ett hybridmodereringssystem (AI + dedikerade team) som s\u00e4kerst\u00e4ller <strong>ett s\u00e4kert utrymme<\/strong>.<\/li>\n\n\n\n<li><strong>Omedelbara blockerings- och rapporteringsalternativ<\/strong> f\u00f6r proaktiv interaktionshantering.<\/li>\n\n\n\n<li><strong>Flexibla sekretessinst\u00e4llningar<\/strong>Detta g\u00f6r att du kan anpassa synligheten f\u00f6r din profil och dina meddelanden.<\/li>\n<\/ul>\n\n\n\n<h2 class=\"wp-block-heading\" id=\"comment-demarrer-votre-premiere-conversation-sur-instacams\">Hur startar du din f\u00f6rsta konversation p\u00e5 InstaCams?<\/h2>\n\n\n\n<h3 class=\"wp-block-heading\" id=\"votre-guide-pas-a-pas-pour-une-connexion-reussie\">Din steg-f\u00f6r-steg-guide till en framg\u00e5ngsrik anslutning<\/h3>\n\n\n\n<p>InstaCams kopplar dig till anv\u00e4ndare \u00f6ver hela v\u00e4rlden p\u00e5 n\u00e5gra sekunder. Med ett enkelt gr\u00e4nssnitt och en intuitiv process, <strong>du kan delta i spontana, autentiska diskussioner<\/strong>d\u00e4r varje klick \u00f6ppnar en d\u00f6rr till en ny ber\u00e4ttelse.<\/p>\n\n\n\n<ol class=\"wp-block-list\">\n<li><strong>F\u00f6rbered din utrustning<\/strong> Aktivera din webbkamera och kontrollera att din mikrofon fungerar. En smidig internetuppkoppling och r\u00e4tt belysning ger tydlig synlighet och ett varmt f\u00f6rsta intryck.<\/li>\n\n\n\n<li><strong>Starta anslutningen<\/strong> G\u00e5 till webbplatsen och klicka p\u00e5 \"B\u00f6rja chatta\". P\u00e5 ett \u00f6gonblick kopplar den omedelbara matchningsalgoritmen dig till en slumpm\u00e4ssig anv\u00e4ndare, utan v\u00e4ntan och utan komplexitet.<\/li>\n\n\n\n<li><strong>Anpassa upplevelsen (valfritt)<\/strong> Skapa ett gratis konto med bara n\u00e5gra klick f\u00f6r att definiera dina preferenser (spr\u00e5k, intressen). Detta f\u00f6rfinar matchningarna, vilket \u00f6kar dina chanser att tr\u00e4ffa profiler som matchar dina f\u00f6rv\u00e4ntningar.<\/li>\n\n\n\n<li><strong>Starta en konversation<\/strong> Var nyfiken och respektfull. B\u00f6rja med en \u00f6ppen fr\u00e5ga som \"Vilken \u00e4r din traditionella favoritr\u00e4tt?\" f\u00f6r att skapa en naturlig och engagerande dialog.<\/li>\n<\/ol>\n\n\n\n<p>InstaCams finns i \u00f6ver 100 l\u00e4nder och kombinerar hastighet, s\u00e4kerhet (end-to-end-kryptering) och tillg\u00e4nglighet p\u00e5 alla enheter (smartphones, datorer, surfplattor). Denna plattform uppmuntrar <strong>positiva m\u00e4nskliga kontakter<\/strong>perfekt f\u00f6r att \u00f6va p\u00e5 ett spr\u00e5k, uppt\u00e4cka nya kulturer eller bara ha en v\u00e4nlig pratstund. \u00c4r du redo att le mot det ok\u00e4nda?<\/p>\n\n\n\n<p>InstaCams \u00e5teruppfinner onlineutbyten med en intuitiv och s\u00e4ker plattform f\u00f6r <strong>slumpm\u00e4ssiga videom\u00f6ten<\/strong>. Tillg\u00e5ng utan registrering, \u00f6vers\u00e4ttning i realtid och innovativa verktyg <strong>\u00f6verbrygga kulturella och spr\u00e5kliga hinder<\/strong>. Idealisk f\u00f6r spontana eller strukturerade utbyten, den <strong>f\u00f6renar enkelhet, kvalitet och s\u00e4kerhet<\/strong> f\u00f6r en uppkopplad upplevelse.<\/p>\n\n\n\n<h2 class=\"wp-block-heading\">VANLIGA FR\u00c5GOR<\/h2>\n\n\n\n<h3 class=\"wp-block-heading\">Kan jag anv\u00e4nda Instacams utan att skapa ett konto?<\/h3>\n\n\n\n<p>Ja, Instacams erbjuder en <strong>omedelbar tillg\u00e5ng utan behov av registrering<\/strong>. V\u00e4lj bara din genre och klicka p\u00e5 \"B\u00f6rja chatta\" f\u00f6r att <strong>s\u00e4ttas i slumpm\u00e4ssig kontakt med en anv\u00e4ndare var som helst i v\u00e4rlden<\/strong>. Denna anv\u00e4ndarv\u00e4nlighet inneb\u00e4r att du kan <strong>starta ett videosamtal p\u00e5 mindre \u00e4n 10 sekunder<\/strong>Det \u00e4r perfekt f\u00f6r dem som vill undvika byr\u00e5kratin. Ett registreringsalternativ \u00e4r dock fortfarande tillg\u00e4ngligt f\u00f6r att anpassa dina preferenser (spr\u00e5k, intresseomr\u00e5den) och f\u00e5 tillg\u00e5ng till avancerade funktioner.<\/p>\n\n\n\n<h3 class=\"wp-block-heading\">Hur garanterar Instacams anv\u00e4ndars\u00e4kerhet?<\/h3>\n\n\n\n<p>Instacams s\u00e4tter <strong>s\u00e4kerhet och sekretess i centrum f\u00f6r verksamheten<\/strong>. Samtal och meddelanden skyddas av end-to-end-kryptering, vilket s\u00e4kerst\u00e4ller att <strong>endast deltagare har tillg\u00e5ng till inneh\u00e5llet<\/strong> utbyten. Verktyg f\u00f6r <strong>moderering som kombinerar AI och m\u00e4nskliga team<\/strong> \u00f6vervaka interaktioner i realtid, medan anv\u00e4ndare kan blockera eller rapportera ol\u00e4mpligt beteende. Avancerade inst\u00e4llningar (tv\u00e5faktorsautentisering, profilsynlighet) f\u00f6rb\u00e4ttrar ocks\u00e5 skyddet av personuppgifter.<\/p>\n\n\n\n<h3 class=\"wp-block-heading\">Kan Instacams anv\u00e4ndas p\u00e5 en telefon eller surfplatta?<\/h3>\n\n\n\n<p>Ja, absolut! Instacams \u00e4r utformad f\u00f6r anv\u00e4ndning p\u00e5 <strong>alla medier<\/strong> datorer, smartphones och surfplattor. <strong>Ingen nedladdning eller installation kr\u00e4vs<\/strong>Gr\u00e4nssnittet anpassar sig automatiskt till sk\u00e4rmen, med intuitiv navigering och funktioner som ljusa\/m\u00f6rka teman f\u00f6r optimal anv\u00e4ndarv\u00e4nlighet, oavsett om du \u00e4r hemma eller p\u00e5 resande fot. Gr\u00e4nssnittet anpassar sig automatiskt till sk\u00e4rmen, med intuitiv navigering och funktioner som ljusa\/m\u00f6rka teman f\u00f6r optimal anv\u00e4ndarv\u00e4nlighet, oavsett om du \u00e4r hemma eller p\u00e5 resande fot.<\/p>\n\n\n\n<h3 class=\"wp-block-heading\">Kan systemet f\u00f6r slumpm\u00e4ssig matchning skr\u00e4ddarsys?<\/h3>\n\n\n\n<p>Slumpm\u00e4ssig matchning, ett k\u00e4nnetecken f\u00f6r Instacams, \u00e4r <strong>utformad f\u00f6r att \u00f6verraska samtidigt som den f\u00f6rblir flytande<\/strong>. En intelligent algoritm kopplar samman anv\u00e4ndare direkt, med m\u00f6jlighet att st\u00e4lla in preferenser som spr\u00e5k eller intressen f\u00f6r att f\u00f6rfina resultaten. Om en diskussion inte faller dig i smaken klickar du bara p\u00e5 \"N\u00e4sta\". <strong>omdirigerar dig till en ny partner<\/strong>. Detta tillv\u00e4gag\u00e5ngss\u00e4tt blandar spontanitet och kontroll, vilket uppmuntrar till varierade och engagerande diskussioner.<\/p>\n\n\n\n<h3 class=\"wp-block-heading\">Hur fungerar gruppvideosamtal p\u00e5 Instacams?<\/h3>\n\n\n\n<p>Instacams m\u00f6jligg\u00f6r <strong>gruppdiskussioner med upp till 100 deltagare<\/strong>perfekt f\u00f6r evenemang som webbseminarier, utekv\u00e4llar med v\u00e4nner eller aff\u00e4rsm\u00f6ten. Hanteringsverktyg (tilldelade roller, dedikerade rum) hj\u00e4lper till att <strong>strukturera interaktioner<\/strong>. HD-kvalitet (upp till 1080p) och ljud med h\u00f6g kvalitet s\u00e4kerst\u00e4ller <strong>en uppslukande upplevelse<\/strong>Webbplatsen erbjuder ocks\u00e5 en rad andra funktioner, till exempel sk\u00e4rmdelning och liveomr\u00f6stningar, f\u00f6r att f\u00f6rb\u00e4ttra utbytet. Automatisk och m\u00e4nsklig moderering f\u00f6rhindrar missbruk och garanterar <strong>en samarbetsinriktad och respektfull milj\u00f6<\/strong>.<\/p>\n\n\n\n<a href=\"https:\/\/insta-cams.de\/\" target=\"_blank\" rel=\"noopener\">Instacams Deutsch<\/a> | \n<a href=\"https:\/\/instacams.at\/\" target=\"_blank\" rel=\"noopener\">Instacams Deutsch (AT)<\/a> | \n<a href=\"https:\/\/insta-cams.uk\/\" target=\"_blank\" rel=\"noopener\">Instacams English<\/a> | \n<a href=\"https:\/\/instacams.es\/\" target=\"_blank\" rel=\"noopener\">Instacams Espa\u00f1ol<\/a> |  \n<a href=\"https:\/\/instacams.it\/\" target=\"_blank\" rel=\"noopener\">Instacams Italiano<\/a> | \n<a href=\"https:\/\/insta-cams.nl\/\" instacams target=\"_blank\" rel=\"noopener\">Nederlands<\/a> | \n<a href=\"https:\/\/instacams.pt\/\" target=\"_blank\" rel=\"noopener\">Instacams Portugu\u00eas<\/a> | \n<a href=\"https:\/\/insta-cams.pl\/\" target=\"_blank\" rel=\"noopener\">Instacams Polski<\/a> | \n<a href=\"https:\/\/insta-cams.cz\/\" target=\"_blank\" rel=\"noopener\">Instacams \u010ce\u0161tina<\/a> | \n<a href=\"https:\/\/insta-cams.dk\/\" target=\"_blank\" rel=\"noopener\">Instacams Dansk<\/a>\n<\/div>\n\n\n\n<p><\/p>","protected":false},"excerpt":{"rendered":"<p>INSTACAMS OFFICIEL : CHAT DE RENCONTRE ALEATOIRE Inscrivez-vous maintenant sur INSTA CAMS et profitez de 50 cr\u00e9dits OFFERTS \u00e0 votre inscription. S&rsquo;INSCRIRE HOMME S&rsquo;INSCRIRE FEMME Instacams : rejoignez la communaut\u00e9 mondiale d&rsquo;un clic Vous en avez assez des messageries rigides o\u00f9 chaque interaction semble pr\u00e9visible ? Instacams bouscule les codes avec son chat vid\u00e9o al\u00e9atoire &#8230; <a title=\"home1\" class=\"read-more\" href=\"https:\/\/insta-cams.eu\/sv\/\" aria-label=\"L\u00e4s mer om home1\">L\u00e4s mer<\/a><\/p>","protected":false},"author":1,"featured_media":0,"parent":0,"menu_order":0,"comment_status":"closed","ping_status":"closed","template":"","meta":{"footnotes":""},"class_list":["post-58","page","type-page","status-publish"],"_links":{"self":[{"href":"https:\/\/insta-cams.eu\/sv\/wp-json\/wp\/v2\/pages\/58","targetHints":{"allow":["GET"]}}],"collection":[{"href":"https:\/\/insta-cams.eu\/sv\/wp-json\/wp\/v2\/pages"}],"about":[{"href":"https:\/\/insta-cams.eu\/sv\/wp-json\/wp\/v2\/types\/page"}],"author":[{"embeddable":true,"href":"https:\/\/insta-cams.eu\/sv\/wp-json\/wp\/v2\/users\/1"}],"replies":[{"embeddable":true,"href":"https:\/\/insta-cams.eu\/sv\/wp-json\/wp\/v2\/comments?post=58"}],"version-history":[{"count":55,"href":"https:\/\/insta-cams.eu\/sv\/wp-json\/wp\/v2\/pages\/58\/revisions"}],"predecessor-version":[{"id":255,"href":"https:\/\/insta-cams.eu\/sv\/wp-json\/wp\/v2\/pages\/58\/revisions\/255"}],"wp:attachment":[{"href":"https:\/\/insta-cams.eu\/sv\/wp-json\/wp\/v2\/media?parent=58"}],"curies":[{"name":"wp","href":"https:\/\/api.w.org\/{rel}","templated":true}]}}