{"id":58,"date":"2025-10-28T04:39:00","date_gmt":"2025-10-28T04:39:00","guid":{"rendered":"https:\/\/insta-cams.eu\/?page_id=58"},"modified":"2025-12-29T16:38:44","modified_gmt":"2025-12-29T16:38:44","slug":"home1","status":"publish","type":"page","link":"https:\/\/insta-cams.eu\/tr\/","title":{"rendered":"home1"},"content":{"rendered":"<section class=\"gb-element-c0819d6c banner\">\n<div class=\"gb-element-0659d418\">\n<div class=\"wp-block-columns is-layout-flex wp-container-core-columns-is-layout-9d6595d7 wp-block-columns-is-layout-flex\">\n<div class=\"wp-block-column is-layout-flow wp-block-column-is-layout-flow\">\n<h2 class=\"gb-text gb-text-155ce4c1\">RESMI INSTACAMS : RASTGELE TANI\u015eMA SOHBETI<\/h2>\n\n\n\n<p class=\"has-text-align-center has-base-3-color has-text-color has-link-color wp-elements-c76d1f6cc9fa53b162a03c9e8863f2b2\"><strong>INSTA CAMS ile \u015fimdi kaydolun ve kaydoldu\u011funuzda 50 \u00dcCRETS\u0130Z krediden yararlan\u0131n.<\/strong><\/p>\n\n\n\n<div class=\"wp-block-columns is-layout-flex wp-container-core-columns-is-layout-9d6595d7 wp-block-columns-is-layout-flex\">\n<div class=\"wp-block-column is-layout-flow wp-block-column-is-layout-flow\" style=\"flex-basis:20px\"><\/div>\n\n\n\n<div class=\"wp-block-column is-layout-flow wp-block-column-is-layout-flow\">\n<a class=\"gb-text gb-text-50c1af7c\" href=\"\/connexion\/\">ERKEK OLARAK KAYDOLUN<\/a>\n<\/div>\n\n\n\n<div class=\"wp-block-column is-layout-flow wp-block-column-is-layout-flow\">\n<a class=\"gb-text gb-text-6d7e1e7e\" href=\"\/connexion\/\">KAYITLI KADIN<\/a>\n<\/div>\n\n\n\n<div class=\"wp-block-column is-layout-flow wp-block-column-is-layout-flow\" style=\"flex-basis:20px\"><\/div>\n<\/div>\n<\/div>\n<\/div>\n<\/div>\n<\/section>\n\n\n\n<div class=\"gb-element-c35e94aa\">\n<h2 class=\"wp-block-heading\">Instacam'ler: tek t\u0131kla k\u00fcresel toplulu\u011fa kat\u0131l\u0131n<\/h2>\n\n\n\n<p>Vous en avez assez des messageries rigides o\u00f9 chaque interaction semble pr\u00e9visible ? <a href=\"https:\/\/instacams.fr\" data-type=\"link\" data-id=\"https:\/\/instacams.fr\" target=\"_blank\" rel=\"noopener\">Instacams<\/a> bouscule les codes avec son chat vid\u00e9o al\u00e9atoire qui vous connecte en un clic \u00e0 des inconnus du globe, sans inscription ni contrainte. Imaginez un espace o\u00f9 la traduction en temps r\u00e9el dissout les barri\u00e8res linguistiques, o\u00f9 un algorithme de jumelage affine vos rencontres selon vos centres d\u2019int\u00e9r\u00eat, ou o\u00f9 un chat de groupe lie jusqu\u2019\u00e0 100 participants pour des \u00e9v\u00e9nements virtuels ou des \u00e9changes collectifs. Plus qu\u2019une plateforme, <strong>otantik al\u0131\u015fveri\u015flere a\u00e7\u0131lan bir kap\u0131<\/strong>Hepsi HD videoda, bilgisayar, tablet veya ak\u0131ll\u0131 telefondan eri\u015filebilir.<\/p>\n\n\n\n<ol class=\"wp-block-list\">\n<li><a href=\"#Instacams-connectez-vous-au-monde-entier-en-un-clic\">Instacam'ler: tek bir t\u0131klamayla t\u00fcm d\u00fcnyayla ba\u011flant\u0131 kurun<\/a><\/li>\n\n\n\n<li><a href=\"#des-fonctionnalites-con\u00e7ues-pour-des-conversations-sans-frontieres\">S\u0131n\u0131rs\u0131z konu\u015fmalar i\u00e7in tasarlanm\u0131\u015f \u00f6zellikler<\/a><\/li>\n\n\n\n<li><a href=\"#une-experience-utilisateur-fluide-et-de-haute-qualite\">Ak\u0131c\u0131, y\u00fcksek kaliteli bir kullan\u0131c\u0131 deneyimi<\/a><\/li>\n\n\n\n<li><a href=\"#environnement-s\u00fbr-communaut\u00e9-respectueuse\">G\u00fcvenli bir ortam ve sayg\u0131l\u0131 bir topluluk<\/a><\/li>\n\n\n\n<li><a href=\"#comment-demarrer-votre-premiere-conversation-sur-instacams\">InstaCams'de ilk sohbetinize nas\u0131l ba\u015flars\u0131n\u0131z?<\/a><\/li>\n<\/ol>\n\n\n\n<h2 class=\"wp-block-heading\" id=\"Instacams-connectez-vous-au-monde-entier-en-un-clic\">Instacam'ler: tek bir t\u0131klamayla t\u00fcm d\u00fcnyayla ba\u011flant\u0131 kurun<\/h2>\n\n\n\n<p>Ekran\u0131n\u0131zdan ayr\u0131lmadan farkl\u0131 k\u00fclt\u00fcrleri ke\u015ffetmek mi istiyorsunuz? InstaCams yeni bir d\u00fcnyan\u0131n kap\u0131lar\u0131n\u0131 a\u00e7\u0131yor. <strong>her ba\u011flant\u0131n\u0131n bir ke\u015fif oldu\u011fu k\u00fcresel bir a\u011f<\/strong>. Paris'te evinizde rahat\u00e7a otururken Tokyo'da biriyle sohbet etti\u011finizi hayal edin...<\/p>\n\n\n\n<h3 class=\"wp-block-heading\" id=\"Qu-est-ce-que-la-plateforme-instacams\">Instacams platformu nedir?<\/h3>\n\n\n\n<p>InstaCams a\u015fa\u011f\u0131dakiler i\u00e7in bir platformdur <strong>an\u0131nda g\u00f6r\u00fcnt\u00fcl\u00fc bulu\u015fma<\/strong> ekran\u0131n\u0131z\u0131 uluslararas\u0131 bir merkeze d\u00f6n\u00fc\u015ft\u00fcr\u00fcr. H\u0131zl\u0131 e\u015fle\u015ftirme algoritmas\u0131 sayesinde 100'den fazla farkl\u0131 \u00fclkeden insanla ileti\u015fime ge\u00e7ebilirsiniz. Sonsuz formlara gerek yok, maceraya ba\u015flamak i\u00e7in tek bir t\u0131klama yeterli.<\/p>\n\n\n\n<p>Konsept kendili\u011findenli\u011fe dayan\u0131yor: milyonlarca kullan\u0131c\u0131 aras\u0131nda, <strong>her ba\u011flant\u0131 bir s\u00fcrprizdir<\/strong>. \u0130ster k\u00fclt\u00fcrel bilginizi geni\u015fletmek ister sadece g\u00fcl\u00fcmseme al\u0131\u015fveri\u015finde bulunmak isteyin, InstaCams toplulu\u011fu sizi g\u00fcvenli ve sayg\u0131l\u0131 bir ortamda a\u011f\u0131rl\u0131yor.<\/p>\n\n\n\n<h3 class=\"wp-block-heading\" id=\"Une-connexion-imm-iate-et-sans-contraintes\">K\u0131s\u0131tlama olmadan an\u0131nda ba\u011flant\u0131<\/h3>\n\n\n\n<p>Beklemeden sohbet etmek ister misiniz? Kay\u0131t olman\u0131za gerek yok, karma\u015f\u0131k yap\u0131land\u0131rma yok: web kameran\u0131z\u0131 ba\u015flat\u0131n ve 10 saniyeden daha k\u0131sa s\u00fcrede konu\u015facak birini bulun. Bu ak\u0131\u015fkanl\u0131k <strong>her ay milyonlarca kullan\u0131c\u0131 \u00e7ekiyor<\/strong>Her zaman yeni ba\u011flant\u0131lar aray\u0131\u015f\u0131nday\u0131m.<\/p>\n\n\n\n<p>Konu\u015fma size uygun de\u011filse, basit bir t\u0131klama sizi yeni bir y\u00fcze, yeni bir hikayeye g\u00f6t\u00fcr\u00fcr. Bu de\u011fi\u015fim \u00f6zg\u00fcrl\u00fc\u011f\u00fc, sezgisel bir aray\u00fczle birle\u015fti\u011finde \u015fu anlama gelir <strong>engelsiz toplant\u0131lar i\u00e7in ideal ara\u00e7<\/strong>. Bir deneyin ve gelecekteki bir arkada\u015f\u0131n\u0131zla kar\u015f\u0131la\u015fabilirsiniz... hatta d\u00fcnyan\u0131n \u00f6b\u00fcr ucundaki bir i\u015f arkada\u015f\u0131n\u0131zla!<\/p>\n\n\n\n<figure class=\"wp-block-table\"><table class=\"has-fixed-layout\"><thead><tr><th>\u0130\u015flevsellik<\/th><th>A\u00e7\u0131klama<\/th><\/tr><\/thead><tbody><tr><td>Ba\u011flant\u0131<\/td><td>An\u0131nda, h\u0131zl\u0131 eri\u015fim i\u00e7in kay\u0131t gerekmez.<\/td><\/tr><tr><td>E\u015fle\u015ftirme<\/td><td>Rulet\" tipi algoritma ile cinsiyet filtresi mevcuttur.<\/td><\/tr><tr><td>\u0130leti\u015fim<\/td><td>Metin sohbetine entegre ger\u00e7ek zamanl\u0131 \u00e7eviri.<\/td><\/tr><tr><td>Grup sohbeti<\/td><td>100 kat\u0131l\u0131mc\u0131ya kadar kapasite.<\/td><\/tr><tr><td>Kalite<\/td><td>HD video ve y\u00fcksek kaliteli ses yay\u0131n\u0131.<\/td><\/tr><tr><td>Eri\u015filebilirlik<\/td><td>Kurulum gerektirmeden bilgisayarlar, tabletler ve ak\u0131ll\u0131 telefonlarla uyumludur.<\/td><\/tr><\/tbody><\/table><\/figure>\n\n\n\n<h2 class=\"wp-block-heading\" id=\"des-fonctionnalites-con\u00e7ues-pour-des-conversations-sans-frontieres\">S\u0131n\u0131rs\u0131z konu\u015fmalar i\u00e7in tasarlanm\u0131\u015f \u00f6zellikler<\/h2>\n\n\n\n<h3 class=\"wp-block-heading\" id=\"un-algorithme-de-jumelage-pour-des-rencontres-surprenantes\">\u015ea\u015f\u0131rt\u0131c\u0131 kar\u015f\u0131la\u015fmalar i\u00e7in bir e\u015fle\u015ftirme algoritmas\u0131<\/h3>\n\n\n\n<p>InstaCams, anl\u0131k e\u015fle\u015ftirme algoritmas\u0131 ile insan etkile\u015fiminde devrim yarat\u0131yor. Sadece tek bir t\u0131klama ile uygulama <strong>kullan\u0131c\u0131lar\u0131 otomatik olarak d\u00fcnyan\u0131n her yerindeki insanlara ba\u011flar<\/strong>. Bu 'rulet' tipi sistem, her ba\u011flant\u0131da bir s\u00fcrpriz unsuru sunarak her oturumu benzersiz ve heyecan verici hale getirir.<\/p>\n\n\n\n<p>Platform, farkl\u0131 ge\u00e7mi\u015flere sahip kullan\u0131c\u0131larla tan\u0131\u015fman\u0131z\u0131 sa\u011flayan \u00f6zel bir \u00f6zellik olan kad\u0131nlarla rastgele g\u00f6r\u00fcnt\u00fcl\u00fc sohbet sunar. Tercihler (\u00fclke, dil, ilgi alanlar\u0131), temel unsurlar\u0131 korurken e\u015fle\u015ftirme s\u00fcrecini ince bir \u015fekilde etkiler: <strong>beklenmedik bir kar\u015f\u0131la\u015fman\u0131n insani maceras\u0131<\/strong>.<\/p>\n\n\n\n<h3 class=\"wp-block-heading\" id=\"brisez-la-barriere-de-la-langue-avec-la-traduction-en-temps-reel\">Ger\u00e7ek zamanl\u0131 \u00e7eviri ile dil engelini a\u015f\u0131n<\/h3>\n\n\n\n<p>Frans\u0131zca konu\u015furken bir Tokyo sakiniyle sohbet etti\u011finizi hayal edin. Entegre dil \u00e7evirisi sayesinde, <strong>InstaCams bu ger\u00e7ekli\u011fi herkes i\u00e7in eri\u015filebilir k\u0131l\u0131yor<\/strong>. Bu \u00f6zellik metin mesajlar\u0131n\u0131 an\u0131nda de\u015fifre ederek farkl\u0131 dilleri konu\u015fan ki\u015filer aras\u0131nda sorunsuz yaz\u0131\u015fmalar yap\u0131lmas\u0131n\u0131 sa\u011flar.<\/p>\n\n\n\n<p>Platform, dil engellerini ortadan kald\u0131rarak a\u015fa\u011f\u0131dakilere kap\u0131 a\u00e7\u0131yor <strong>k\u00fclt\u00fcr payla\u015f\u0131m\u0131 i\u00e7in ger\u00e7ek anlamda k\u00fcresel bir topluluk<\/strong>. Art\u0131k Kuzey Amerika, Asya ve Afrika'dan kullan\u0131c\u0131larla sohbet edebilir, her sohbeti zenginle\u015ftirici bir ke\u015ffe d\u00f6n\u00fc\u015ft\u00fcrebilirsiniz.<\/p>\n\n\n\n<h3 class=\"wp-block-heading\" id=\"partagez-des-moments-a-plusieurs-avec-le-chat-de-groupe\">Grup sohbeti ile anlar\u0131 birlikte payla\u015f\u0131n<\/h3>\n\n\n\n<p>InstaCams basit y\u00fcz y\u00fcze al\u0131\u015fveri\u015flerin \u00f6tesine ge\u00e7er. Onun <strong>100'e kadar kat\u0131l\u0131mc\u0131 i\u00e7in grup g\u00f6r\u00fcnt\u00fcl\u00fc sohbeti yeniden ke\u015ffediyor<\/strong> sosyal ve profesyonel etkile\u015fim. Ak\u0131ll\u0131 telefonunuzdan veya bilgisayar\u0131n\u0131zdan \u00e7evrimi\u00e7i oyun geceleri, topluluk toplant\u0131lar\u0131 veya e\u011fitim web seminerleri d\u00fczenleyin.<\/p>\n\n\n\n<p>Bu esneklik, platformu fikirlerin \u00f6zg\u00fcrce akabilece\u011fi \u00e7ok y\u00f6nl\u00fc bir alana d\u00f6n\u00fc\u015ft\u00fcr\u00fcr. D\u00fc\u015f\u00fck gecikme s\u00fcresi ve HD kalitesi, y\u00fcksek d\u00fczeyde <strong>s\u00fcr\u00fckleyi\u0307ci\u0307 deneyi\u0307m<\/strong>\u0130ster izleyici ister etkinlik organizat\u00f6r\u00fc olun.<\/p>\n\n\n\n<h2 class=\"wp-block-heading\" id=\"une-experience-utilisateur-fluide-et-de-haute-qualite\">Ak\u0131c\u0131, y\u00fcksek kaliteli bir kullan\u0131c\u0131 deneyimi<\/h2>\n\n\n\n<p>InstaCams garantileri <strong>an\u0131nda, s\u00fcrt\u00fcnmesiz ba\u011flant\u0131<\/strong>Bu, geli\u015fmi\u015f teknolojiler ve basitlik i\u00e7in tasarlanm\u0131\u015f bir aray\u00fcz ile m\u00fcmk\u00fcn k\u0131l\u0131nm\u0131\u015ft\u0131r. Platform, teknik engelleri en aza indirirken net, do\u011fal al\u0131\u015fveri\u015fler isteyen kullan\u0131c\u0131lar\u0131n ihtiya\u00e7lar\u0131na uyum sa\u011flar.<\/p>\n\n\n\n<h3 class=\"wp-block-heading\" id=\"une-qualite-video-et-audio-immersive\">S\u00fcr\u00fckleyici video ve ses kalitesi<\/h3>\n\n\n\n<p>InstaCam'lerdeki konu\u015fmalar, saniyede 60 kare yenileme h\u0131z\u0131yla 1080p'ye kadar HD videodan yararlan\u0131r. Gecikme azalt\u0131larak gecikme \u00f6nlenir ve etkile\u015fimler do\u011fal hale getirilir. Y\u00fcksek kaliteli ses, ortam g\u00fcr\u00fclt\u00fcs\u00fc engelleme teknolojisi ile birle\u015ferek kristal netli\u011finde ileti\u015fim sa\u011flar. Bu birle\u015fik teknolojiler her etkile\u015fimi bir e\u011flenceye d\u00f6n\u00fc\u015ft\u00fcr\u00fcr. <strong>s\u00fcr\u00fckleyici bir deneyim<\/strong>Her kelime ve jest hassasiyetle yakalan\u0131r. Platform, video kalitesini bant geni\u015fli\u011fine g\u00f6re otomatik olarak ayarlayarak de\u011fi\u015fken ba\u011flant\u0131larda bile sorunsuz ak\u0131\u015f\u0131 garanti eder.<\/p>\n\n\n\n<h3 class=\"wp-block-heading\" id=\"une-plateforme-accessible-partout-et-pour-tous\">Her yerde ve herkes i\u00e7in eri\u015filebilir bir platform<\/h3>\n\n\n\n<p>InstaCams, herhangi bir yaz\u0131l\u0131m y\u00fcklemeye gerek kalmadan bilgisayar, tablet veya ak\u0131ll\u0131 telefon gibi herhangi bir cihazda kullan\u0131lmak \u00fczere tasarlanm\u0131\u015ft\u0131r. A\u00e7\u0131k, sezgisel aray\u00fcz, acemilerin bile hemen kullanabilece\u011fi anlam\u0131na gelir. A\u00e7\u0131k\/koyu temalar ve entegre \u00e7eviri gibi se\u00e7enekler ki\u015fiselle\u015ftirmeyi ve uluslararas\u0131 etkile\u015fimi kolayla\u015ft\u0131r\u0131r. B\u00f6ylece nerede olurlarsa olsunlar ve cihazlar\u0131 ne olursa olsun her kullan\u0131c\u0131 <strong>an\u0131nda, karma\u015f\u0131k olmayan eri\u015fim, sosyal kat\u0131l\u0131m\u0131 art\u0131rma<\/strong> \u00e7e\u015fitlili\u011fe sahip bir topluluk sayesinde.<\/p>\n\n\n\n<ul class=\"wp-block-list\">\n<li>Ak\u0131c\u0131 video ak\u0131\u015f\u0131 <strong>Keskin g\u00f6r\u00fcnt\u00fcler i\u00e7in HD kalitesi<\/strong>.<\/li>\n\n\n\n<li><strong>Kristal berrakl\u0131\u011f\u0131nda bir ses<\/strong> y\u00fcksek kaliteli ses ve ortam g\u00fcr\u00fclt\u00fcs\u00fc azaltma \u00f6zelli\u011fi sayesinde.<\/li>\n\n\n\n<li>A\u015fa\u011f\u0131dakiler i\u00e7in tasarlanm\u0131\u015f sezgisel bir aray\u00fcz <strong>an\u0131nda, zahmetsiz kullan\u0131m<\/strong>.<\/li>\n\n\n\n<li>A <strong>web taray\u0131c\u0131n\u0131zdan do\u011frudan eri\u015fim<\/strong>herhangi bir cihazda.<\/li>\n<\/ul>\n\n\n\n<h2 class=\"wp-block-heading\" id=\"environnement-s\u00fbr-communaut\u00e9-respectueuse\">G\u00fcvenli bir ortam ve sayg\u0131l\u0131 bir topluluk<\/h2>\n\n\n\n<h3 class=\"wp-block-heading\" id=\"protection-vie-privee\">Gizlili\u011finizi korumak bir \u00f6nceliktir<\/h3>\n\n\n\n<p>InstaCam'ler <strong>operasyonlarinin merkezi\u0307nde g\u00fcvenli\u0307k<\/strong> geli\u015fmi\u015f \u015fifreleme protokolleri sayesinde. Bu teknolojiler video al\u0131\u015fveri\u015flerinin gizlili\u011fini sa\u011flar ve yetkisiz eri\u015fimi engeller. D\u00fczenli g\u00fcvenlik denetimleri, g\u00fcvenlik a\u00e7\u0131klar\u0131n\u0131 proaktif olarak belirleyip d\u00fczelterek bu y\u00fcksek standartlar\u0131n korunmas\u0131na yard\u0131mc\u0131 olur. Kullan\u0131c\u0131lar, profillerinin g\u00f6r\u00fcn\u00fcrl\u00fc\u011f\u00fcn\u00fc y\u00f6netmek ve iki fakt\u00f6rl\u00fc kimlik do\u011frulamay\u0131 (SMS veya \u00f6zel uygulama ile) etkinle\u015ftirmek gibi \u00f6zelle\u015ftirilebilir gizlilik se\u00e7eneklerinden yararlanarak hesap korumas\u0131n\u0131 g\u00fc\u00e7lendirir. Hassas bilgilerin toplanmas\u0131n\u0131 \u00f6nleyen minimalist bir kay\u0131t s\u00fcreci ile anonimlik te\u015fvik edilmektedir.<\/p>\n\n\n\n<h3 class=\"wp-block-heading\" id=\"outils-moderation\">Dost\u00e7a payla\u015f\u0131mlar i\u00e7in moderasyon ara\u00e7lar\u0131<\/h3>\n\n\n\n<p>Olumlu bir ortam\u0131 korumak, <strong>InstaCams otomatik yapay zeka filtrelemesi ile insan m\u00fcdahalesini birle\u015ftiriyor<\/strong>. Yapay zeka, video ak\u0131\u015flar\u0131n\u0131 ve metin i\u00e7eri\u011fini ger\u00e7ek zamanl\u0131 olarak analiz eder, anahtar kelimeler veya raporlama \u015fablonlar\u0131 kullanarak uygunsuz davran\u0131\u015flar\u0131 tespit eder. Moderat\u00f6rlerden olu\u015fan ekipler raporlara h\u0131zla yan\u0131t vererek karma\u015f\u0131k vakalar\u0131n insan m\u00fcdahalesi ile takip edilmesini sa\u011flar. Kullan\u0131c\u0131lar, tek bir d\u00fc\u011fmeye t\u0131klayarak istenmeyen ki\u015fileri engellemek veya bildirmek i\u00e7in sezgisel ara\u00e7lara sahiptir ve bu da onlara daha fazla kontrol hissi verir. A\u00e7\u0131k topluluk kurallar\u0131 kabul edilebilir davran\u0131\u015flar\u0131 tan\u0131mlayarak k\u00fcresel etkile\u015fimlerde sayg\u0131 ve nezaketi te\u015fvik eder.<\/p>\n\n\n\n<ul class=\"wp-block-list\">\n<li>A\u015fa\u011f\u0131dakiler i\u00e7in geli\u015fmi\u015f \u015fifreleme protokolleri <strong>g\u00f6r\u00fc\u015fmelerin maksimum gizlili\u011fi<\/strong>.<\/li>\n\n\n\n<li>Hibrit bir moderasyon sistemi (AI + \u00f6zel ekipler) sa\u011flanmas\u0131 <strong>g\u00fcvenli bir alan<\/strong>.<\/li>\n\n\n\n<li><strong>An\u0131nda engelleme ve raporlama se\u00e7enekleri<\/strong> proaktif etkile\u015fim y\u00f6netimi i\u00e7in.<\/li>\n\n\n\n<li><strong>Esnek gizlilik ayarlar\u0131<\/strong>Bu, profilinizin ve bildirimlerinizin g\u00f6r\u00fcn\u00fcrl\u00fc\u011f\u00fcn\u00fc uyarlaman\u0131za olanak tan\u0131r.<\/li>\n<\/ul>\n\n\n\n<h2 class=\"wp-block-heading\" id=\"comment-demarrer-votre-premiere-conversation-sur-instacams\">InstaCams'de ilk sohbetinize nas\u0131l ba\u015flars\u0131n\u0131z?<\/h2>\n\n\n\n<h3 class=\"wp-block-heading\" id=\"votre-guide-pas-a-pas-pour-une-connexion-reussie\">Ba\u015far\u0131l\u0131 bir ba\u011flant\u0131 i\u00e7in ad\u0131m ad\u0131m rehberiniz<\/h3>\n\n\n\n<p>InstaCams sizi saniyeler i\u00e7inde d\u00fcnyan\u0131n her yerindeki kullan\u0131c\u0131lara ba\u011flar. Basit bir aray\u00fcz ve sezgisel bir s\u00fcre\u00e7 ile, <strong>spontane, \u00f6zg\u00fcn tart\u0131\u015fmalara kat\u0131labilirsiniz<\/strong>Her t\u0131klama yeni bir hikayeye kap\u0131 a\u00e7\u0131yor.<\/p>\n\n\n\n<ol class=\"wp-block-list\">\n<li><strong>Ekipman\u0131n\u0131z\u0131 haz\u0131rlay\u0131n<\/strong> Web kameran\u0131z\u0131 etkinle\u015ftirin ve mikrofonunuzun \u00e7al\u0131\u015f\u0131p \u00e7al\u0131\u015fmad\u0131\u011f\u0131n\u0131 kontrol edin. Sorunsuz bir internet ba\u011flant\u0131s\u0131 ve do\u011fru ayd\u0131nlatma, s\u0131cak bir ilk izlenim i\u00e7in net bir g\u00f6r\u00fcn\u00fcrl\u00fck sa\u011flar.<\/li>\n\n\n\n<li><strong>Ba\u011flant\u0131y\u0131 ba\u015flat\u0131n<\/strong> Siteye gidin ve \"Sohbete Ba\u015fla \"ya t\u0131klay\u0131n. An\u0131nda, an\u0131nda e\u015fle\u015ftirme algoritmas\u0131 sizi bekleme ve karma\u015f\u0131kl\u0131k olmadan rastgele bir kullan\u0131c\u0131ya ba\u011flar.<\/li>\n\n\n\n<li><strong>Deneyimi ki\u015fiselle\u015ftirin (iste\u011fe ba\u011fl\u0131)<\/strong> Tercihlerinizi (dil, ilgi alanlar\u0131) tan\u0131mlamak i\u00e7in sadece birka\u00e7 t\u0131klamayla \u00fccretsiz bir hesap olu\u015fturun. Bu, e\u015fle\u015fmeleri rafine ederek beklentilerinize uygun profillerle tan\u0131\u015fma \u015fans\u0131n\u0131z\u0131 art\u0131r\u0131r.<\/li>\n\n\n\n<li><strong>Bir konu\u015fma ba\u015flat\u0131n<\/strong> Merakl\u0131 ve sayg\u0131l\u0131 olun. Do\u011fal ve ilgi \u00e7ekici bir fikir al\u0131\u015fveri\u015fi yaratmak i\u00e7in \"En sevdi\u011finiz geleneksel yemek nedir?\" gibi a\u00e7\u0131k bir soruyla ba\u015flay\u0131n.<\/li>\n<\/ol>\n\n\n\n<p>100'den fazla \u00fclkede mevcut olan InstaCams h\u0131z, g\u00fcvenlik (u\u00e7tan uca \u015fifreleme) ve t\u00fcm cihazlarda (ak\u0131ll\u0131 telefonlar, bilgisayarlar, tabletler) eri\u015filebilirli\u011fi bir araya getiriyor. Bu platform \u015funlar\u0131 te\u015fvik eder <strong>olumlu insan ba\u011flant\u0131lar\u0131<\/strong>Dil prati\u011fi yapmak, yeni k\u00fclt\u00fcrler ke\u015ffetmek ya da sadece dost\u00e7a sohbet etmek i\u00e7in ideal. Bilinmeyene g\u00fcl\u00fcmsemeye haz\u0131r m\u0131s\u0131n\u0131z?<\/p>\n\n\n\n<p>InstaCams, sezgisel ve g\u00fcvenli bir platform ile \u00e7evrimi\u00e7i al\u0131\u015fveri\u015fi yeniden ke\u015ffediyor <strong>rastgele video kar\u015f\u0131la\u015fmalar\u0131<\/strong>. Kay\u0131t gerektirmeyen eri\u015fim, ger\u00e7ek zamanl\u0131 \u00e7eviri ve yenilik\u00e7i ara\u00e7lar <strong>k\u00fclt\u00fcrel ve dilsel engelleri a\u015fmak<\/strong>. Spontane veya yap\u0131land\u0131r\u0131lm\u0131\u015f de\u011fi\u015fimler i\u00e7in idealdir. <strong>basitlik, kalite ve g\u00fcvenli\u011fi birle\u015ftirir<\/strong> ba\u011flant\u0131l\u0131 bir deneyim i\u00e7in.<\/p>\n\n\n\n<h2 class=\"wp-block-heading\">SSS<\/h2>\n\n\n\n<h3 class=\"wp-block-heading\">Instacam'leri hesap olu\u015fturmadan kullanabilir miyim?<\/h3>\n\n\n\n<p>Evet, Instacams bir <strong>kay\u0131t olmaya gerek kalmadan an\u0131nda eri\u015fim<\/strong>. Sadece t\u00fcr\u00fcn\u00fcz\u00fc se\u00e7in ve \"Sohbete Ba\u015fla \"ya t\u0131klay\u0131n. <strong>d\u00fcnyan\u0131n herhangi bir yerinden bir kullan\u0131c\u0131yla rastgele ileti\u015fime ge\u00e7me<\/strong>. Bu kullan\u0131m kolayl\u0131\u011f\u0131, \u015funlar\u0131 yapabilece\u011finiz anlam\u0131na gelir <strong>g\u00f6r\u00fcnt\u00fcl\u00fc konu\u015fmay\u0131 10 saniyeden k\u0131sa s\u00fcrede ba\u015flat\u0131n<\/strong>B\u00fcrokrasiden ka\u00e7\u0131nmak isteyenler i\u00e7in idealdir. Bununla birlikte, tercihlerinizi (dil, ilgi alanlar\u0131) ki\u015fiselle\u015ftirmek ve geli\u015fmi\u015f \u00f6zelliklere eri\u015fmek i\u00e7in bir kay\u0131t se\u00e7ene\u011fi hala mevcuttur.<\/p>\n\n\n\n<h3 class=\"wp-block-heading\">Instacams kullan\u0131c\u0131 g\u00fcvenli\u011fini nas\u0131l garanti ediyor?<\/h3>\n\n\n\n<p>Instacam'ler <strong>g\u00fcvenlik ve gizlilik faaliyetlerinin merkezinde yer al\u0131r<\/strong>. Aramalar ve mesajlar u\u00e7tan uca \u015fifreleme ile korunur, b\u00f6ylece <strong>i\u00e7eri\u011fe yaln\u0131zca kat\u0131l\u0131mc\u0131lar eri\u015febilir<\/strong> de\u011fi\u015fimler. Ara\u00e7lar i\u00e7in <strong>yapay zeka ve insan ekiplerini birle\u015ftiren moderasyon<\/strong> etkile\u015fimleri ger\u00e7ek zamanl\u0131 olarak izlerken, kullan\u0131c\u0131lar uygunsuz davran\u0131\u015flar\u0131 engelleyebilir veya bildirebilir. Geli\u015fmi\u015f ayarlar (iki fakt\u00f6rl\u00fc kimlik do\u011frulama, profil g\u00f6r\u00fcn\u00fcrl\u00fc\u011f\u00fc) ki\u015fisel verilerin korunmas\u0131n\u0131 da geli\u015ftirir.<\/p>\n\n\n\n<h3 class=\"wp-block-heading\">Instacam'ler telefon veya tablette kullan\u0131labilir mi?<\/h3>\n\n\n\n<p>Kesinlikle! Instacams \u015fu cihazlarda kullan\u0131lmak \u00fczere tasarlanm\u0131\u015ft\u0131r <strong>t\u00fcm medya<\/strong> bilgisayarlar, ak\u0131ll\u0131 telefonlar ve tabletler. <strong>\u0130ndirme veya kurulum gerekmez<\/strong>Aray\u00fcz, ister evde ister hareket halinde olun, optimum kullan\u0131m kolayl\u0131\u011f\u0131 i\u00e7in sezgisel gezinme ve a\u00e7\u0131k\/koyu temalar gibi \u00f6zelliklerle ekrana otomatik olarak uyum sa\u011flar. Aray\u00fcz, ister evde ister hareket halinde olun, optimum kullan\u0131m kolayl\u0131\u011f\u0131 i\u00e7in sezgisel gezinme ve a\u00e7\u0131k\/koyu temalar gibi \u00f6zelliklerle ekrana otomatik olarak uyum sa\u011flar.<\/p>\n\n\n\n<h3 class=\"wp-block-heading\">Rastgele e\u015fle\u015ftirme sistemi \u00f6zelle\u015ftirilebilir mi?<\/h3>\n\n\n\n<p>Instacam'lerin imzas\u0131 olan rastgele e\u015fle\u015ftirme <strong>ak\u0131c\u0131 kal\u0131rken \u015fa\u015f\u0131rtmak i\u00e7in tasarlanm\u0131\u015ft\u0131r<\/strong>. Ak\u0131ll\u0131 bir algoritma, sonu\u00e7lar\u0131 hassasla\u015ft\u0131rmak i\u00e7in dil veya ilgi alanlar\u0131 gibi tercihleri ayarlama se\u00e7ene\u011fiyle kullan\u0131c\u0131lar\u0131 an\u0131nda birbirine ba\u011flar. Bir tart\u0131\u015fma ho\u015funuza gitmezse, sadece \"\u0130leri\" ye t\u0131klay\u0131n. <strong>sizi yeni bir orta\u011fa y\u00f6nlendirir<\/strong>. Bu yakla\u015f\u0131m, spontanl\u0131\u011f\u0131 ve kontrol\u00fc harmanlayarak \u00e7e\u015fitli ve ilgi \u00e7ekici al\u0131\u015fveri\u015fleri te\u015fvik eder.<\/p>\n\n\n\n<h3 class=\"wp-block-heading\">Instacam'lerde grup video g\u00f6r\u00fc\u015fmeleri nas\u0131l \u00e7al\u0131\u015f\u0131r?<\/h3>\n\n\n\n<p>Instacams \u015funlar\u0131 sa\u011flar <strong>100'e kadar kat\u0131l\u0131mc\u0131 ile grup tart\u0131\u015fmalar\u0131<\/strong>Web seminerleri, arkada\u015flarla d\u0131\u015far\u0131da ge\u00e7irilen ak\u015famlar veya i\u015f toplant\u0131lar\u0131 gibi etkinlikler i\u00e7in idealdir. Y\u00f6netim ara\u00e7lar\u0131 (atanm\u0131\u015f roller, \u00f6zel odalar) a\u015fa\u011f\u0131dakilere yard\u0131mc\u0131 olur <strong>etkile\u015fimlerin yap\u0131land\u0131r\u0131lmas\u0131<\/strong>. HD kalitesi (1080p'ye kadar) ve y\u00fcksek kaliteli ses <strong>s\u00fcr\u00fckleyici bir deneyim<\/strong>Site ayr\u0131ca payla\u015f\u0131mlar\u0131 geli\u015ftirmek i\u00e7in ekran payla\u015f\u0131m\u0131 ve canl\u0131 anketler gibi bir dizi ba\u015fka \u00f6zellik de sunuyor. Otomatik ve insan moderasyonu suiistimalleri \u00f6nleyerek \u015funlar\u0131 garanti eder <strong>i\u015fbirlik\u00e7i ve sayg\u0131l\u0131 bir ortam<\/strong>.<\/p>\n\n\n\n<a href=\"https:\/\/insta-cams.de\/\" target=\"_blank\" rel=\"noopener\">Instacams Deutsch<\/a> | \n<a href=\"https:\/\/instacams.at\/\" target=\"_blank\" rel=\"noopener\">Instacams Deutsch (AT)<\/a> | \n<a href=\"https:\/\/insta-cams.uk\/\" target=\"_blank\" rel=\"noopener\">Instacams English<\/a> | \n<a href=\"https:\/\/instacams.es\/\" target=\"_blank\" rel=\"noopener\">Instacams Espa\u00f1ol<\/a> |  \n<a href=\"https:\/\/instacams.it\/\" target=\"_blank\" rel=\"noopener\">Instacams Italiano<\/a> | \n<a href=\"https:\/\/insta-cams.nl\/\" instacams target=\"_blank\" rel=\"noopener\">Nederlands<\/a> | \n<a href=\"https:\/\/instacams.pt\/\" target=\"_blank\" rel=\"noopener\">Instacams Portugu\u00eas<\/a> | \n<a href=\"https:\/\/insta-cams.pl\/\" target=\"_blank\" rel=\"noopener\">Instacams Polski<\/a> | \n<a href=\"https:\/\/insta-cams.cz\/\" target=\"_blank\" rel=\"noopener\">Instacams \u010ce\u0161tina<\/a> | \n<a href=\"https:\/\/insta-cams.dk\/\" target=\"_blank\" rel=\"noopener\">Instacams Dansk<\/a>\n<\/div>\n\n\n\n<p><\/p>","protected":false},"excerpt":{"rendered":"<p>INSTACAMS OFFICIEL : CHAT DE RENCONTRE ALEATOIRE Inscrivez-vous maintenant sur INSTA CAMS et profitez de 50 cr\u00e9dits OFFERTS \u00e0 votre inscription. S&rsquo;INSCRIRE HOMME S&rsquo;INSCRIRE FEMME Instacams : rejoignez la communaut\u00e9 mondiale d&rsquo;un clic Vous en avez assez des messageries rigides o\u00f9 chaque interaction semble pr\u00e9visible ? Instacams bouscule les codes avec son chat vid\u00e9o al\u00e9atoire &#8230; <a title=\"home1\" class=\"read-more\" href=\"https:\/\/insta-cams.eu\/tr\/\" aria-label=\"Read more about home1\">Read more<\/a><\/p>","protected":false},"author":1,"featured_media":0,"parent":0,"menu_order":0,"comment_status":"closed","ping_status":"closed","template":"","meta":{"footnotes":""},"class_list":["post-58","page","type-page","status-publish"],"_links":{"self":[{"href":"https:\/\/insta-cams.eu\/tr\/wp-json\/wp\/v2\/pages\/58","targetHints":{"allow":["GET"]}}],"collection":[{"href":"https:\/\/insta-cams.eu\/tr\/wp-json\/wp\/v2\/pages"}],"about":[{"href":"https:\/\/insta-cams.eu\/tr\/wp-json\/wp\/v2\/types\/page"}],"author":[{"embeddable":true,"href":"https:\/\/insta-cams.eu\/tr\/wp-json\/wp\/v2\/users\/1"}],"replies":[{"embeddable":true,"href":"https:\/\/insta-cams.eu\/tr\/wp-json\/wp\/v2\/comments?post=58"}],"version-history":[{"count":55,"href":"https:\/\/insta-cams.eu\/tr\/wp-json\/wp\/v2\/pages\/58\/revisions"}],"predecessor-version":[{"id":255,"href":"https:\/\/insta-cams.eu\/tr\/wp-json\/wp\/v2\/pages\/58\/revisions\/255"}],"wp:attachment":[{"href":"https:\/\/insta-cams.eu\/tr\/wp-json\/wp\/v2\/media?parent=58"}],"curies":[{"name":"wp","href":"https:\/\/api.w.org\/{rel}","templated":true}]}}